{"id":10382,"date":"2024-05-30T01:00:26","date_gmt":"2024-05-29T23:00:26","guid":{"rendered":"https:\/\/zodr.pl\/zinet\/?page_id=10382"},"modified":"2026-03-13T11:31:58","modified_gmt":"2026-03-13T10:31:58","slug":"interwencje-ps-wpr","status":"publish","type":"page","link":"https:\/\/zodr.pl\/zinet\/interwencje-ps-wpr\/","title":{"rendered":"interwencje ps wpr"},"content":{"rendered":"\n<div class=\"inherit-container-width wp-block-group is-layout-constrained wp-block-group-is-layout-constrained\">\n<p>W zwi\u0105zku z rozpocz\u0119ciem realizacji <strong>2 dniowych szkole\u0144 w zakresie \u201eZr\u00f3wnowa\u017conego gospodarowania zasobami naturalnymi takimi jak: woda, gleba, powietrze, klimat w kontek\u015bcie wdra\u017cania interwencji PS WPR na lata 2023-2027 \u201eInwestycje przyczyniaj\u0105ce si\u0119 do ochrony \u015brodowiska i klimatu\u201d (Interwencja: I.10.4)<\/strong> informuje, \u017ce w dniach:<br><\/p>\n\n\n\n<p><mark style=\"background-color:rgba(0, 0, 0, 0);color:#cf2e2e\" class=\"has-inline-color\"><strong>Wa\u017cne:<\/strong> zapisy na demonstracje powinny mie\u0107 miejsce poprzez kontakt z opiekunem grupy. Opiekun tworzy <strong>15 osobowe grupy uczestnik\u00f3w,<\/strong> dla kt\u00f3rych przewidziany jest posi\u0142ek obiadowy. Demonstracje w gospodarstwach rozpoczynaj\u0105 si\u0119 <strong>od godz. 9:00.<\/strong><\/mark><\/p>\n\n\n\n<p><strong><mark style=\"background-color:rgba(0, 0, 0, 0);color:#cf2e2e\" class=\"has-inline-color\">Uczestnicy nie ponosz\u0105 \u017cadnych op\u0142at z tytu\u0142u uczestnictwa w szkoleniu.<\/mark><\/strong><\/p>\n\n\n\n<div class=\"wp-block-uagb-container uagb-block-28691cb1 alignfull uagb-is-root-container\"><div class=\"uagb-container-inner-blocks-wrap\">\n<style>\n.wpdemo-tabela {\nwidth: 100%;\nfont-family: Arial, sans-serif;\nmargin-top: 20px;\nborder-collapse: collapse;\n}\n.wpdemo-tabela th, .wpdemo-tabela td {\npadding: 12px 8px;\ntext-align: left;\nvertical-align: top;\n}\n.wpdemo-tabela th {\nbackground: linear-gradient(135deg, #f8f9fa 0%, #e9ecef 100%);\nfont-weight: 600;\ncolor: #333;\nposition: sticky;\ntop: 0;\nz-index: 10;\n}\n.wpdemo-tabela tbody tr {\ntransition: background-color 0.2s ease;\n}\n.wpdemo-tabela tbody tr:hover {\nbackground: #f8f9ff !important;\ntransform: scale(1.01);\n}\n.wpdemo-tabela tbody tr:nth-child(even) {\nbackground: #fafbfc;\n}\n.wpdemo-zaglowek {\nbackground: linear-gradient(135deg, #667eea 0%, #764ba2 100%);\ncolor: white;\npadding: 20px;\nborder-radius: 12px 12px 0 0;\nmargin-bottom: 0;\ntext-align: center;\nfont-size: 1.4em;\nfont-weight: 700;\nbox-shadow: 0 4px 15px rgba(0,0,0,0.1);\n}\n@media (max-width: 768px) {\n.wpdemo-tabela {\nfont-size: 14px;\n}\n.wpdemo-tabela th, .wpdemo-tabela td {\npadding: 8px 4px;\n}\n}\n<\/style>\n\n<div class=\"wpdemo-zaglowek\">\n\ud83d\udccd Lokalizacje gospodarstw demonstracyjnych \u2022 Terminy \u2022 Opiekunowie grup\n<\/div>\n\n<table class=\"wpdemo-tabela\">\n<thead>\n<tr>\n<th>Lp<\/th>\n<th>Adres gospodarstwa<\/th>\n<th>Beneficjenci z poszczeg\u00f3lnych powiat\u00f3w<\/th>\n<th>Terminy demonstracji<\/th>\n<th>Opiekun grupy<\/th>\n<th>Telefon do opiekuna grupy<\/th>\n<\/tr>\n<\/thead>\n<tbody>\n<tr>\n<td rowspan=\"4\">1<\/td>\n<td rowspan=\"4\"><strong>J\u00f3zef i Krystyna Grega<\/strong><br>ul. Wojska Polskiego 38<br>78-122 Charzyno<\/td>\n<td>bia\u0142ogardzki<\/td>\n<td>16 marca 2026<\/td>\n<td>Dorota B\u0142a\u017cewicz<\/td>\n<td><a href=\"tel:453670756\">453 670 756<\/a><\/td>\n<\/tr>\n<tr>\n<td>ko\u0142obrzeski<\/td>\n<td>17 marca 2026<\/td>\n<td>Dorota B\u0142a\u017cewicz<\/td>\n<td><\/td>\n<\/tr>\n<tr>\n<td>ko\u0142obrzeski<\/td>\n<td>18 marca 2026<\/td>\n<td>Dorota B\u0142a\u017cewicz<\/td>\n<td>&nbsp;<\/td>\n<\/tr>\n<tr>\n<td>kamie\u0144ski<\/td>\n<td>19 marca 2026<\/td>\n<td>Dorota B\u0142a\u017cewicz<\/td>\n<td>&nbsp;<\/td>\n<\/tr>\n<tr>\n<td rowspan=\"3\">2<\/td>\n<td rowspan=\"3\"><strong>Jaros\u0142aw i Katarzyna Kurzydlak<\/strong><br>ul. Ko\u015bcielna 11<br>Chwarstnica, 74-100 Gryfino<\/td>\n<td>gryfi\u0144ski<\/td>\n<td>16 marca 2026<\/td>\n<td>Katarzyna Kurzydlak<\/td>\n<td><a href=\"tel:510945610\">510 945 610<\/a><\/td>\n<\/tr>\n<tr>\n<td>my\u015bliborski<\/td>\n<td>17 marca 2026<\/td>\n<td>Katarzyna Kurzydlak<\/td>\n<td>&nbsp;<\/td>\n<\/tr>\n<tr>\n<td>gryfi\u0144ski<\/td>\n<td>18 marca 2026<\/td>\n<td>Katarzyna Kurzydlak<\/td>\n<td>&nbsp;<\/td>\n<\/tr>\n<tr>\n<td rowspan=\"2\">3<\/td>\n<td rowspan=\"2\"><strong>Stanis\u0142aw Barna<\/strong><br>\u017beliszewo 30<br>73-210 Recz<\/td>\n<td>choszcze\u0144ski<\/td>\n<td>16 marca 2026<\/td>\n<td>Monika Orzeszko<\/td>\n<td><a href=\"tel:510945544\">510 945 544<\/a><\/td>\n<\/tr>\n<tr>\n<td>wa\u0142ecki<\/td>\n<td>17 marca 2026<\/td>\n<td>Monika Orzeszko<\/td>\n<td>&nbsp;<\/td>\n<\/tr>\n<tr>\n<td rowspan=\"3\">4<\/td>\n<td rowspan=\"3\"><strong>\u0141ukasz Krefft<\/strong><br>\u017b\u00f3\u0142cin 14<br>78-500 Drawsko Pomorskie<\/td>\n<td>goleniowski<\/td>\n<td>19 marca 2026<\/td>\n<td>Agnieszka Przeorska<\/td>\n<td><a href=\"tel:511691213\">511 691 213<\/a><\/td>\n<\/tr>\n<tr>\n<td>drawski<\/td>\n<td>20 marca 2026<\/td>\n<td>Agnieszka Przeorska<\/td>\n<td>&nbsp;<\/td>\n<\/tr>\n<tr>\n<td>szczecinecki<\/td>\n<td>23 marca 2026<\/td>\n<td>Agnieszka Przeorska<\/td>\n<td>&nbsp;<\/td>\n<\/tr>\n<tr>\n<td rowspan=\"3\">5<\/td>\n<td rowspan=\"3\"><strong>Bartosz Pol<\/strong><br>ul. \u0141obeska 1<br>72-310 P\u0142oty<\/td>\n<td>\u0142obeski<\/td>\n<td>16 marca 2026<\/td>\n<td>Katarzyna Micha\u0142owska<\/td>\n<td><a href=\"tel:453670781\">453 670 781<\/a><\/td>\n<\/tr>\n<tr>\n<td>\u0142obeski<\/td>\n<td>17 marca 2026<\/td>\n<td>Katarzyna Micha\u0142owska<\/td>\n<td>&nbsp;<\/td>\n<\/tr>\n<tr>\n<td>\u0142obeski<\/td>\n<td>18 marca 2026<\/td>\n<td>Katarzyna Micha\u0142owska<\/td>\n<td><\/td>\n<\/tr>\n<tr>\n<td rowspan=\"2\">6<\/td>\n<td rowspan=\"2\"><strong>Folwark Biern\u00f3w &#8211; Park<\/strong><br>Krystyna i Andrzej Hapka<br>Ostre Bardo 29, 78-320 Po\u0142czyn Zdr\u00f3j<\/td>\n<td>\u015bwidwi\u0144ski<\/td>\n<td>19 marca 2026<\/td>\n<td>Helena Lech<\/td>\n<td><a href=\"tel:453670777\">453 670 777<\/a><\/td>\n<\/tr>\n<tr>\n<td>\u015bwidwi\u0144ski<\/td>\n<td>20 marca 2026<\/td>\n<td>Helena Lech<\/td>\n<td>&nbsp;<\/td>\n<\/tr>\n<tr>\n<td rowspan=\"3\">7<\/td>\n<td rowspan=\"3\"><strong>Dyniowe Pole<\/strong><br>Joanna Kaciupa<br>P\u0119zino 36, 73-131 P\u0119zino<\/td>\n<td>goleniowski<\/td>\n<td>25 marca 2026<\/td>\n<td>Agata Kardasiewicz<\/td>\n<td><a href=\"tel:508283629\">508 283 629<\/a><\/td>\n<\/tr>\n<tr>\n<td>goleniowski<\/td>\n<td>26 marca 2026<\/td>\n<td>Agata Kardasiewicz<\/td>\n<td>&nbsp;<\/td>\n<\/tr>\n<tr>\n<td>goleniowski<\/td>\n<td>27 marca 2026<\/td>\n<td>Agata Kardasiewicz<\/td>\n<td>&nbsp;<\/td>\n<\/tr>\n<tr>\n<td rowspan=\"2\">8<\/td>\n<td rowspan=\"2\"><strong>Andrzej Krzymi\u0144ski<\/strong><br>Chom\u0119towo 26<br>72-320 Trzebiat\u00f3w<\/td>\n<td>gryficki<\/td>\n<td>30 marca 2026<\/td>\n<td>Dariusz Wo\u0142czak<\/td>\n<td><a href=\"tel:453670752\">453 670 752<\/a><\/td>\n<\/tr>\n<tr>\n<td>gryficki<\/td>\n<td>31 marca 2026<\/td>\n<td>Dariusz Wo\u0142czak<\/td>\n<td>&nbsp;<\/td>\n<\/tr>\n\n<!-- NOWY PUNKT 9 -->\n<tr>\n<td rowspan=\"2\">9<\/td>\n<td rowspan=\"2\"><strong>Pawe\u0142 J\u0119drzejewski<\/strong><br>ul. Rolnik\u00f3w 6<br>Rusinowo, 76-107 Jaros\u0142awiec<\/td>\n<td>s\u0142awie\u0144ski<\/td>\n<td>23 marca 2026<\/td>\n<td>Jagoda Bielecka<\/td>\n<td><a href=\"tel:453670758\">453 670 758<\/a><\/td>\n<\/tr>\n<tr>\n<td>s\u0142awie\u0144ski<\/td>\n<td>24 marca 2026<\/td>\n<td>Jagoda Bielecka<\/td>\n<td><a ><\/a<\/td>\n<\/tr>\n\n<tr>\n<td rowspan=\"3\">10<\/td>\n<td rowspan=\"3\"><strong>Kazimierz Kuligowski<\/strong><br>Kleszcze 2<br>76-003 Sucha Koszali\u0144ska<\/td>\n<td>koszali\u0144ski<\/td>\n<td>23 marca 2026<\/td>\n<td>Gra\u017cyna Nurkiewicz<\/td>\n<td><a href=\"tel:510945568\">510 945 568<\/a><\/td>\n<\/tr>\n<tr>\n<td>koszali\u0144ski<\/td>\n<td>24 marca 2026<\/td>\n<td>Gra\u017cyna Nurkiewicz<\/td>\n<td>&nbsp;<\/td>\n<\/tr>\n<tr>\n<td>koszali\u0144ski<\/td>\n<td>25 marca 2026<\/td>\n<td>Gra\u017cyna Nurkiewicz<\/td>\n<td>&nbsp;<\/td>\n<\/tr>\n<tr>\n<td rowspan=\"2\">11<\/td>\n<td rowspan=\"2\"><strong>Patrycja i \u0141ukasz Le\u015bniewscy<\/strong><br>Trzeb\u00f3rz 1<br>74-205 Tety\u0144<\/td>\n<td>stargardzki<\/td>\n<td>30 marca 2026<\/td>\n<td>Ma\u0142gorzata J\u0119drzejek<\/td>\n<td><a href=\"tel:510945597\">510 945 597<\/a><\/td>\n<\/tr>\n<tr>\n<td>stargardzki<\/td>\n<td>31 marca 2026<\/td>\n<td>Ma\u0142gorzata J\u0119drzejek<\/td>\n<td>&nbsp;<\/td>\n<\/tr>\n<tr>\n<td rowspan=\"3\">12<\/td>\n<td rowspan=\"3\"><strong>Iwona i Pawe\u0142 Kirczy\u0144scy<\/strong><br>Mielno Pyrzyckie 1a<br>74-204 Kozielice<\/td>\n<td>pyrzycki<\/td>\n<td>19 marca 2026<\/td>\n<td>Ma\u0142gorzata J\u0119drzejek<\/td>\n<td><a href=\"tel:510945597\">510 945 597<\/a><\/td>\n<\/tr>\n<tr>\n<td>szczeci\u0144ski<\/td>\n<td>20 marca 2026<\/td>\n<td>Ma\u0142gorzata J\u0119drzejek<\/td>\n<td>&nbsp;<\/td>\n<\/tr>\n<tr>\n<td>policki<\/td>\n<td>&nbsp;<\/td>\n<td>Ma\u0142gorzata J\u0119drzejek<\/td>\n<td>&nbsp;<\/td>\n<\/tr>\n<\/tbody>\n<\/table>\n\n\n\n<p class=\"has-text-align-center\"><strong>Szczeg\u00f3\u0142owych informacji udziela koordynator projektu Pani Joanna Fink<br>pod numerami telefon\u00f3w: 091 479 40 27 oraz 510 945 446.<\/strong><\/p>\n\n\n\n<div class=\"wp-block-columns is-layout-flex wp-container-core-columns-is-layout-28f84493 wp-block-columns-is-layout-flex\">\n<div class=\"wp-block-column is-layout-flow wp-block-column-is-layout-flow\">\n<div class=\"wp-block-uagb-container _zoom uagb-block-ed10807f\">\n<div class=\"wp-block-cover alignfull is-light has-ast-global-color-6-color has-text-color\"><span aria-hidden=\"true\" class=\"wp-block-cover__background has-background-dim has-background-gradient has-electric-grass-gradient-background\" style=\"background-color:#FFF\"><\/span><div class=\"wp-block-cover__inner-container is-layout-flow wp-block-cover-is-layout-flow\">\n<div class=\"wp-block-columns is-layout-flex wp-container-core-columns-is-layout-28f84493 wp-block-columns-is-layout-flex\">\n<div class=\"wp-block-column is-layout-flow wp-block-column-is-layout-flow\">\n<figure class=\"wp-block-image size-full is-resized\"><img loading=\"lazy\" decoding=\"async\" width=\"292\" height=\"161\" src=\"https:\/\/zodr.pl\/zinet\/wp-content\/uploads\/2024\/05\/logotyp_PS_WPR.jpg\" alt=\"\" class=\"wp-image-10374\" style=\"width:184px;height:auto\"\/><\/figure>\n<\/div>\n\n\n\n<div class=\"wp-block-column is-layout-flow wp-block-column-is-layout-flow\">\n<figure class=\"wp-block-image alignright size-full is-resized\"><img loading=\"lazy\" decoding=\"async\" width=\"551\" height=\"212\" src=\"https:\/\/zodr.pl\/zinet\/wp-content\/uploads\/2024\/05\/Znak-Unii-Europejskiej.jpg\" alt=\"\" class=\"wp-image-10373\" style=\"width:261px;height:auto\" srcset=\"https:\/\/zodr.pl\/zinet\/wp-content\/uploads\/2024\/05\/Znak-Unii-Europejskiej.jpg 551w, https:\/\/zodr.pl\/zinet\/wp-content\/uploads\/2024\/05\/Znak-Unii-Europejskiej-300x115.jpg 300w\" sizes=\"auto, (max-width: 551px) 100vw, 551px\" \/><\/figure>\n<\/div>\n<\/div>\n\n\n\n<p class=\"has-text-align-center has-ast-global-color-6-color has-text-color has-large-font-size\" style=\"line-height:1.9\"><strong><mark style=\"background-color:rgba(0, 0, 0, 0)\" class=\"has-inline-color has-ast-global-color-1-color\">Interwencje realizowane w ramach <br>PS WPR na lata 2023-2027<\/mark><\/strong><\/p>\n\n\n\n<p class=\"has-text-align-center has-ast-global-color-6-color has-text-color has-medium-font-size\" style=\"line-height:1.9\">I.14.1.Doskonalenie zawodowe rolnik\u00f3w &#8211; modu\u0142 I <br>&#8211; szkolenie podstawowe, obj\u0119te Planem Strategicznym WPR na lata 2023-2027<\/p>\n<\/div><\/div>\n\n\n\n<p class=\"has-text-align-center\"><strong><a href=\"https:\/\/zodr.pl\/zinet\/interwencje-szkolenia\/\">TEMATY<\/a><\/strong><\/p>\n<a class=\"spectra-container-link-overlay\" rel=\"noopener\" href=\"https:\/\/zodr.pl\/zinet\/interwencje-szkolenia\/\"> <\/a><\/div>\n<\/div>\n<\/div>\n<\/div><\/div>\n\n\n\n<figure class=\"wp-block-image aligncenter size-full\"><img loading=\"lazy\" decoding=\"async\" width=\"995\" height=\"166\" src=\"https:\/\/zodr.pl\/zinet\/wp-content\/uploads\/2025\/02\/image-1.png\" alt=\"\" class=\"wp-image-15007\" srcset=\"https:\/\/zodr.pl\/zinet\/wp-content\/uploads\/2025\/02\/image-1.png 995w, https:\/\/zodr.pl\/zinet\/wp-content\/uploads\/2025\/02\/image-1-300x50.png 300w, https:\/\/zodr.pl\/zinet\/wp-content\/uploads\/2025\/02\/image-1-768x128.png 768w\" sizes=\"auto, (max-width: 995px) 100vw, 995px\" \/><\/figure>\n<\/div>\n","protected":false},"excerpt":{"rendered":"<p>W zwi\u0105zku z rozpocz\u0119ciem realizacji 2 dniowych szkole\u0144 w zakresie \u201eZr\u00f3wnowa\u017conego gospodarowania zasobami naturalnymi takimi jak: woda, gleba, powietrze, klimat w kontek\u015bcie wdra\u017cania interwencji PS WPR na lata 2023-2027 \u201eInwestycje przyczyniaj\u0105ce si\u0119 do ochrony \u015brodowiska i klimatu\u201d (Interwencja: I.10.4) informuje, \u017ce w dniach: Wa\u017cne: zapisy na demonstracje powinny mie\u0107 miejsce poprzez kontakt z opiekunem grupy. &hellip;<\/p>\n<p class=\"read-more\"> <a class=\"\" href=\"https:\/\/zodr.pl\/zinet\/interwencje-ps-wpr\/\"> <span class=\"screen-reader-text\">interwencje ps wpr<\/span> Czytaj wi\u0119cej &raquo;<\/a><\/p>\n","protected":false},"author":23,"featured_media":0,"parent":0,"menu_order":0,"comment_status":"closed","ping_status":"closed","template":"","meta":{"_eb_attr":"","_uag_custom_page_level_css":"","site-sidebar-layout":"default","site-content-layout":"","ast-site-content-layout":"default","site-content-style":"default","site-sidebar-style":"default","ast-global-header-display":"","ast-banner-title-visibility":"","ast-main-header-display":"","ast-hfb-above-header-display":"","ast-hfb-below-header-display":"","ast-hfb-mobile-header-display":"","site-post-title":"","ast-breadcrumbs-content":"","ast-featured-img":"","footer-sml-layout":"","theme-transparent-header-meta":"","adv-header-id-meta":"","stick-header-meta":"","header-above-stick-meta":"","header-main-stick-meta":"","header-below-stick-meta":"","astra-migrate-meta-layouts":"set","_mc_calendar":[],"footnotes":""},"class_list":["post-10382","page","type-page","status-publish","hentry"],"yoast_head":"<!-- This site is optimized with the Yoast SEO plugin v25.7 - https:\/\/yoast.com\/wordpress\/plugins\/seo\/ -->\n<title>interwencje ps wpr - Zachodniopomorski O\u015brodek Doradztwa Rolniczego w Barzkowicach<\/title>\n<meta name=\"robots\" content=\"index, follow, max-snippet:-1, max-image-preview:large, max-video-preview:-1\" \/>\n<link rel=\"canonical\" href=\"https:\/\/zodr.pl\/zinet\/interwencje-ps-wpr\/\" \/>\n<meta property=\"og:locale\" content=\"pl_PL\" \/>\n<meta property=\"og:type\" content=\"article\" \/>\n<meta property=\"og:title\" content=\"interwencje ps wpr - Zachodniopomorski O\u015brodek Doradztwa Rolniczego w Barzkowicach\" \/>\n<meta property=\"og:description\" content=\"W zwi\u0105zku z rozpocz\u0119ciem realizacji 2 dniowych szkole\u0144 w zakresie \u201eZr\u00f3wnowa\u017conego gospodarowania zasobami naturalnymi takimi jak: woda, gleba, powietrze, klimat w kontek\u015bcie wdra\u017cania interwencji PS WPR na lata 2023-2027 \u201eInwestycje przyczyniaj\u0105ce si\u0119 do ochrony \u015brodowiska i klimatu\u201d (Interwencja: I.10.4) informuje, \u017ce w dniach: Wa\u017cne: zapisy na demonstracje powinny mie\u0107 miejsce poprzez kontakt z opiekunem grupy. &hellip; interwencje ps wpr Czytaj wi\u0119cej &raquo;\" \/>\n<meta property=\"og:url\" content=\"https:\/\/zodr.pl\/zinet\/interwencje-ps-wpr\/\" \/>\n<meta property=\"og:site_name\" content=\"Zachodniopomorski O\u015brodek Doradztwa Rolniczego w Barzkowicach\" \/>\n<meta property=\"article:publisher\" content=\"https:\/\/facebook.com\/zodr.barzkowice\/\" \/>\n<meta property=\"article:modified_time\" content=\"2026-03-13T10:31:58+00:00\" \/>\n<meta property=\"og:image\" content=\"https:\/\/zodr.pl\/zinet\/wp-content\/uploads\/2024\/05\/logotyp_PS_WPR.jpg\" \/>\n\t<meta property=\"og:image:width\" content=\"292\" \/>\n\t<meta property=\"og:image:height\" content=\"161\" \/>\n\t<meta property=\"og:image:type\" content=\"image\/jpeg\" \/>\n<meta name=\"twitter:card\" content=\"summary_large_image\" \/>\n<meta name=\"twitter:label1\" content=\"Est. reading time\" \/>\n\t<meta name=\"twitter:data1\" content=\"4 minuty\" \/>\n<script type=\"application\/ld+json\" class=\"yoast-schema-graph\">{\"@context\":\"https:\/\/schema.org\",\"@graph\":[{\"@type\":\"WebPage\",\"@id\":\"https:\/\/zodr.pl\/zinet\/interwencje-ps-wpr\/\",\"url\":\"https:\/\/zodr.pl\/zinet\/interwencje-ps-wpr\/\",\"name\":\"interwencje ps wpr - Zachodniopomorski O\u015brodek Doradztwa Rolniczego w Barzkowicach\",\"isPartOf\":{\"@id\":\"https:\/\/zodr.pl\/zinet\/#website\"},\"primaryImageOfPage\":{\"@id\":\"https:\/\/zodr.pl\/zinet\/interwencje-ps-wpr\/#primaryimage\"},\"image\":{\"@id\":\"https:\/\/zodr.pl\/zinet\/interwencje-ps-wpr\/#primaryimage\"},\"thumbnailUrl\":\"https:\/\/zodr.pl\/zinet\/wp-content\/uploads\/2024\/05\/logotyp_PS_WPR.jpg\",\"datePublished\":\"2024-05-29T23:00:26+00:00\",\"dateModified\":\"2026-03-13T10:31:58+00:00\",\"breadcrumb\":{\"@id\":\"https:\/\/zodr.pl\/zinet\/interwencje-ps-wpr\/#breadcrumb\"},\"inLanguage\":\"pl-PL\",\"potentialAction\":[{\"@type\":\"ReadAction\",\"target\":[\"https:\/\/zodr.pl\/zinet\/interwencje-ps-wpr\/\"]}]},{\"@type\":\"ImageObject\",\"inLanguage\":\"pl-PL\",\"@id\":\"https:\/\/zodr.pl\/zinet\/interwencje-ps-wpr\/#primaryimage\",\"url\":\"https:\/\/zodr.pl\/zinet\/wp-content\/uploads\/2024\/05\/logotyp_PS_WPR.jpg\",\"contentUrl\":\"https:\/\/zodr.pl\/zinet\/wp-content\/uploads\/2024\/05\/logotyp_PS_WPR.jpg\",\"width\":292,\"height\":161},{\"@type\":\"BreadcrumbList\",\"@id\":\"https:\/\/zodr.pl\/zinet\/interwencje-ps-wpr\/#breadcrumb\",\"itemListElement\":[{\"@type\":\"ListItem\",\"position\":1,\"name\":\"Home\",\"item\":\"https:\/\/zodr.pl\/zinet\/\"},{\"@type\":\"ListItem\",\"position\":2,\"name\":\"interwencje ps wpr\"}]},{\"@type\":\"WebSite\",\"@id\":\"https:\/\/zodr.pl\/zinet\/#website\",\"url\":\"https:\/\/zodr.pl\/zinet\/\",\"name\":\"Zachodniopomorski O\u015brodek Doradztwa Rolniczego w Barzkowicach\",\"description\":\"Nowoczesne sale na ka\u017cde wydarzenie - konferencje, szkolenia, warsztaty i uroczysto\u015bci\",\"publisher\":{\"@id\":\"https:\/\/zodr.pl\/zinet\/#organization\"},\"potentialAction\":[{\"@type\":\"SearchAction\",\"target\":{\"@type\":\"EntryPoint\",\"urlTemplate\":\"https:\/\/zodr.pl\/zinet\/?s={search_term_string}\"},\"query-input\":{\"@type\":\"PropertyValueSpecification\",\"valueRequired\":true,\"valueName\":\"search_term_string\"}}],\"inLanguage\":\"pl-PL\"},{\"@type\":\"Organization\",\"@id\":\"https:\/\/zodr.pl\/zinet\/#organization\",\"name\":\"Zachodniopomorski O\u015brodek Doradztwa Rolniczego w Barzkowicach\",\"url\":\"https:\/\/zodr.pl\/zinet\/\",\"logo\":{\"@type\":\"ImageObject\",\"inLanguage\":\"pl-PL\",\"@id\":\"https:\/\/zodr.pl\/zinet\/#\/schema\/logo\/image\/\",\"url\":\"https:\/\/zodr.pl\/zinet\/wp-content\/uploads\/2024\/07\/cropped-logo_zodr.png\",\"contentUrl\":\"https:\/\/zodr.pl\/zinet\/wp-content\/uploads\/2024\/07\/cropped-logo_zodr.png\",\"width\":125,\"height\":115,\"caption\":\"Zachodniopomorski O\u015brodek Doradztwa Rolniczego w Barzkowicach\"},\"image\":{\"@id\":\"https:\/\/zodr.pl\/zinet\/#\/schema\/logo\/image\/\"},\"sameAs\":[\"https:\/\/facebook.com\/zodr.barzkowice\/\"]}]}<\/script>\n<!-- \/ Yoast SEO plugin. -->","yoast_head_json":{"title":"interwencje ps wpr - Zachodniopomorski O\u015brodek Doradztwa Rolniczego w Barzkowicach","robots":{"index":"index","follow":"follow","max-snippet":"max-snippet:-1","max-image-preview":"max-image-preview:large","max-video-preview":"max-video-preview:-1"},"canonical":"https:\/\/zodr.pl\/zinet\/interwencje-ps-wpr\/","og_locale":"pl_PL","og_type":"article","og_title":"interwencje ps wpr - Zachodniopomorski O\u015brodek Doradztwa Rolniczego w Barzkowicach","og_description":"W zwi\u0105zku z rozpocz\u0119ciem realizacji 2 dniowych szkole\u0144 w zakresie \u201eZr\u00f3wnowa\u017conego gospodarowania zasobami naturalnymi takimi jak: woda, gleba, powietrze, klimat w kontek\u015bcie wdra\u017cania interwencji PS WPR na lata 2023-2027 \u201eInwestycje przyczyniaj\u0105ce si\u0119 do ochrony \u015brodowiska i klimatu\u201d (Interwencja: I.10.4) informuje, \u017ce w dniach: Wa\u017cne: zapisy na demonstracje powinny mie\u0107 miejsce poprzez kontakt z opiekunem grupy. &hellip; interwencje ps wpr Czytaj wi\u0119cej &raquo;","og_url":"https:\/\/zodr.pl\/zinet\/interwencje-ps-wpr\/","og_site_name":"Zachodniopomorski O\u015brodek Doradztwa Rolniczego w Barzkowicach","article_publisher":"https:\/\/facebook.com\/zodr.barzkowice\/","article_modified_time":"2026-03-13T10:31:58+00:00","og_image":[{"width":292,"height":161,"url":"https:\/\/zodr.pl\/zinet\/wp-content\/uploads\/2024\/05\/logotyp_PS_WPR.jpg","type":"image\/jpeg"}],"twitter_card":"summary_large_image","twitter_misc":{"Est. reading time":"4 minuty"},"schema":{"@context":"https:\/\/schema.org","@graph":[{"@type":"WebPage","@id":"https:\/\/zodr.pl\/zinet\/interwencje-ps-wpr\/","url":"https:\/\/zodr.pl\/zinet\/interwencje-ps-wpr\/","name":"interwencje ps wpr - Zachodniopomorski O\u015brodek Doradztwa Rolniczego w Barzkowicach","isPartOf":{"@id":"https:\/\/zodr.pl\/zinet\/#website"},"primaryImageOfPage":{"@id":"https:\/\/zodr.pl\/zinet\/interwencje-ps-wpr\/#primaryimage"},"image":{"@id":"https:\/\/zodr.pl\/zinet\/interwencje-ps-wpr\/#primaryimage"},"thumbnailUrl":"https:\/\/zodr.pl\/zinet\/wp-content\/uploads\/2024\/05\/logotyp_PS_WPR.jpg","datePublished":"2024-05-29T23:00:26+00:00","dateModified":"2026-03-13T10:31:58+00:00","breadcrumb":{"@id":"https:\/\/zodr.pl\/zinet\/interwencje-ps-wpr\/#breadcrumb"},"inLanguage":"pl-PL","potentialAction":[{"@type":"ReadAction","target":["https:\/\/zodr.pl\/zinet\/interwencje-ps-wpr\/"]}]},{"@type":"ImageObject","inLanguage":"pl-PL","@id":"https:\/\/zodr.pl\/zinet\/interwencje-ps-wpr\/#primaryimage","url":"https:\/\/zodr.pl\/zinet\/wp-content\/uploads\/2024\/05\/logotyp_PS_WPR.jpg","contentUrl":"https:\/\/zodr.pl\/zinet\/wp-content\/uploads\/2024\/05\/logotyp_PS_WPR.jpg","width":292,"height":161},{"@type":"BreadcrumbList","@id":"https:\/\/zodr.pl\/zinet\/interwencje-ps-wpr\/#breadcrumb","itemListElement":[{"@type":"ListItem","position":1,"name":"Home","item":"https:\/\/zodr.pl\/zinet\/"},{"@type":"ListItem","position":2,"name":"interwencje ps wpr"}]},{"@type":"WebSite","@id":"https:\/\/zodr.pl\/zinet\/#website","url":"https:\/\/zodr.pl\/zinet\/","name":"Zachodniopomorski O\u015brodek Doradztwa Rolniczego w Barzkowicach","description":"Nowoczesne sale na ka\u017cde wydarzenie - konferencje, szkolenia, warsztaty i uroczysto\u015bci","publisher":{"@id":"https:\/\/zodr.pl\/zinet\/#organization"},"potentialAction":[{"@type":"SearchAction","target":{"@type":"EntryPoint","urlTemplate":"https:\/\/zodr.pl\/zinet\/?s={search_term_string}"},"query-input":{"@type":"PropertyValueSpecification","valueRequired":true,"valueName":"search_term_string"}}],"inLanguage":"pl-PL"},{"@type":"Organization","@id":"https:\/\/zodr.pl\/zinet\/#organization","name":"Zachodniopomorski O\u015brodek Doradztwa Rolniczego w Barzkowicach","url":"https:\/\/zodr.pl\/zinet\/","logo":{"@type":"ImageObject","inLanguage":"pl-PL","@id":"https:\/\/zodr.pl\/zinet\/#\/schema\/logo\/image\/","url":"https:\/\/zodr.pl\/zinet\/wp-content\/uploads\/2024\/07\/cropped-logo_zodr.png","contentUrl":"https:\/\/zodr.pl\/zinet\/wp-content\/uploads\/2024\/07\/cropped-logo_zodr.png","width":125,"height":115,"caption":"Zachodniopomorski O\u015brodek Doradztwa Rolniczego w Barzkowicach"},"image":{"@id":"https:\/\/zodr.pl\/zinet\/#\/schema\/logo\/image\/"},"sameAs":["https:\/\/facebook.com\/zodr.barzkowice\/"]}]}},"uagb_featured_image_src":{"full":false,"thumbnail":false,"medium":false,"medium_large":false,"large":false,"1536x1536":false,"2048x2048":false},"uagb_author_info":{"display_name":"r.ruducha","author_link":"https:\/\/zodr.pl\/zinet\/author\/r-ruducha\/"},"uagb_comment_info":0,"uagb_excerpt":"W zwi\u0105zku z rozpocz\u0119ciem realizacji 2 dniowych szkole\u0144 w zakresie \u201eZr\u00f3wnowa\u017conego gospodarowania zasobami naturalnymi takimi jak: woda, gleba, powietrze, klimat w kontek\u015bcie wdra\u017cania interwencji PS WPR na lata 2023-2027 \u201eInwestycje przyczyniaj\u0105ce si\u0119 do ochrony \u015brodowiska i klimatu\u201d (Interwencja: I.10.4) informuje, \u017ce w dniach: Wa\u017cne: zapisy na demonstracje powinny mie\u0107 miejsce poprzez kontakt z opiekunem grupy.&hellip;","_links":{"self":[{"href":"https:\/\/zodr.pl\/zinet\/wp-json\/wp\/v2\/pages\/10382","targetHints":{"allow":["GET"]}}],"collection":[{"href":"https:\/\/zodr.pl\/zinet\/wp-json\/wp\/v2\/pages"}],"about":[{"href":"https:\/\/zodr.pl\/zinet\/wp-json\/wp\/v2\/types\/page"}],"author":[{"embeddable":true,"href":"https:\/\/zodr.pl\/zinet\/wp-json\/wp\/v2\/users\/23"}],"replies":[{"embeddable":true,"href":"https:\/\/zodr.pl\/zinet\/wp-json\/wp\/v2\/comments?post=10382"}],"version-history":[{"count":98,"href":"https:\/\/zodr.pl\/zinet\/wp-json\/wp\/v2\/pages\/10382\/revisions"}],"predecessor-version":[{"id":25316,"href":"https:\/\/zodr.pl\/zinet\/wp-json\/wp\/v2\/pages\/10382\/revisions\/25316"}],"wp:attachment":[{"href":"https:\/\/zodr.pl\/zinet\/wp-json\/wp\/v2\/media?parent=10382"}],"curies":[{"name":"wp","href":"https:\/\/api.w.org\/{rel}","templated":true}]}}