{"id":10391,"date":"2024-05-30T23:46:32","date_gmt":"2024-05-30T21:46:32","guid":{"rendered":"https:\/\/zodr.pl\/zinet\/?page_id=10391"},"modified":"2026-02-09T11:46:26","modified_gmt":"2026-02-09T10:46:26","slug":"interwencje-szkolenia","status":"publish","type":"page","link":"https:\/\/zodr.pl\/zinet\/interwencje-szkolenia\/","title":{"rendered":"Interwencje &#8211; szkolenia"},"content":{"rendered":"\n<div class=\"wp-block-columns is-layout-flex wp-container-core-columns-is-layout-28f84493 wp-block-columns-is-layout-flex\">\n<div class=\"wp-block-column is-layout-flow wp-block-column-is-layout-flow\">\n<div class=\"wp-block-uagb-container _zoom uagb-block-28691cb1 alignfull uagb-is-root-container\"><div class=\"uagb-container-inner-blocks-wrap\">\n<div class=\"wp-block-columns is-layout-flex wp-container-core-columns-is-layout-28f84493 wp-block-columns-is-layout-flex\">\n<div class=\"wp-block-column is-layout-flow wp-block-column-is-layout-flow\">\n<div class=\"wp-block-uagb-container _zoom uagb-block-ed10807f\">\n<div class=\"wp-block-cover alignfull is-light has-ast-global-color-6-color has-text-color\"><span aria-hidden=\"true\" class=\"wp-block-cover__background has-background-dim has-background-gradient has-electric-grass-gradient-background\" style=\"background-color:#FFF\"><\/span><div class=\"wp-block-cover__inner-container is-layout-flow wp-block-cover-is-layout-flow\">\n<figure class=\"wp-block-image size-large _zoom\"><img loading=\"lazy\" decoding=\"async\" width=\"1024\" height=\"774\" src=\"https:\/\/zodr.pl\/zinet\/wp-content\/uploads\/2024\/05\/ekoschematy-1024x774.png\" alt=\"\" class=\"wp-image-10392\" style=\"object-fit:cover\" srcset=\"https:\/\/zodr.pl\/zinet\/wp-content\/uploads\/2024\/05\/ekoschematy-1024x774.png 1024w, https:\/\/zodr.pl\/zinet\/wp-content\/uploads\/2024\/05\/ekoschematy-300x227.png 300w, https:\/\/zodr.pl\/zinet\/wp-content\/uploads\/2024\/05\/ekoschematy-768x580.png 768w, https:\/\/zodr.pl\/zinet\/wp-content\/uploads\/2024\/05\/ekoschematy.png 1497w\" sizes=\"auto, (max-width: 1024px) 100vw, 1024px\" \/><\/figure>\n<\/div><\/div>\n<a class=\"spectra-container-link-overlay\" rel=\"noopener\" href=\"https:\/\/zodr.pl\/zinet\/wsparcie-dla-projektow-demonstracyjnych-i-dzialan-informacyjnych-w-zakresie-produkcji-i-wykorzystania-krajowych-zrodel-bialka-na-cel-paszowe\/\"> <\/a><\/div>\n<\/div>\n<\/div>\n<\/div><a class=\"spectra-container-link-overlay\" rel=\"noopener\" href=\"https:\/\/zodr.pl\/zinet\/ekoschematy-wymogi\/\"> <\/a><\/div>\n\n\n\n<div class=\"wp-block-uagb-container _zoom uagb-block-6e23dc96 alignfull uagb-is-root-container\"><div class=\"uagb-container-inner-blocks-wrap\">\n<div class=\"wp-block-cover alignfull is-light has-ast-global-color-6-color has-text-color\"><span aria-hidden=\"true\" class=\"wp-block-cover__background has-background-dim has-background-gradient has-electric-grass-gradient-background\" style=\"background-color:#FFF\"><\/span><div class=\"wp-block-cover__inner-container is-layout-flow wp-block-cover-is-layout-flow\">\n<figure class=\"wp-block-image size-large _zoom\"><img loading=\"lazy\" decoding=\"async\" width=\"1024\" height=\"683\" src=\"https:\/\/zodr.pl\/zinet\/wp-content\/uploads\/2024\/10\/wapnowanie-1024x683.png\" alt=\"\" class=\"wp-image-12703\" style=\"object-fit:cover\" srcset=\"https:\/\/zodr.pl\/zinet\/wp-content\/uploads\/2024\/10\/wapnowanie-1024x683.png 1024w, https:\/\/zodr.pl\/zinet\/wp-content\/uploads\/2024\/10\/wapnowanie-300x200.png 300w, https:\/\/zodr.pl\/zinet\/wp-content\/uploads\/2024\/10\/wapnowanie-768x512.png 768w, https:\/\/zodr.pl\/zinet\/wp-content\/uploads\/2024\/10\/wapnowanie.png 1280w\" sizes=\"auto, (max-width: 1024px) 100vw, 1024px\" \/><\/figure>\n<\/div><\/div>\n<\/div><a class=\"spectra-container-link-overlay\" rel=\"noopener\" href=\"https:\/\/zodr.pl\/zinet\/zakwaszenie-i-wapnowanie-gleb\/\"> <\/a><\/div>\n<\/div>\n\n\n\n<div class=\"wp-block-column is-layout-flow wp-block-column-is-layout-flow\">\n<div class=\"wp-block-uagb-container _zoom uagb-block-8e3986ef alignfull uagb-is-root-container\"><div class=\"uagb-container-inner-blocks-wrap\">\n<div class=\"wp-block-columns is-layout-flex wp-container-core-columns-is-layout-28f84493 wp-block-columns-is-layout-flex\">\n<div class=\"wp-block-column is-layout-flow wp-block-column-is-layout-flow\">\n<div class=\"wp-block-uagb-container _zoom uagb-block-d97818cb\">\n<div class=\"wp-block-cover alignfull is-light has-ast-global-color-6-color has-text-color\"><span aria-hidden=\"true\" class=\"wp-block-cover__background has-background-dim has-background-gradient has-electric-grass-gradient-background\" style=\"background-color:#FFF\"><\/span><div class=\"wp-block-cover__inner-container is-layout-flow wp-block-cover-is-layout-flow\">\n<figure class=\"wp-block-image size-large _zoom\"><img loading=\"lazy\" decoding=\"async\" width=\"1024\" height=\"770\" src=\"https:\/\/zodr.pl\/zinet\/wp-content\/uploads\/2024\/05\/warunkowosc-1024x770.png\" alt=\"\" class=\"wp-image-10393\" srcset=\"https:\/\/zodr.pl\/zinet\/wp-content\/uploads\/2024\/05\/warunkowosc-1024x770.png 1024w, https:\/\/zodr.pl\/zinet\/wp-content\/uploads\/2024\/05\/warunkowosc-300x226.png 300w, https:\/\/zodr.pl\/zinet\/wp-content\/uploads\/2024\/05\/warunkowosc-768x577.png 768w, https:\/\/zodr.pl\/zinet\/wp-content\/uploads\/2024\/05\/warunkowosc.png 1494w\" sizes=\"auto, (max-width: 1024px) 100vw, 1024px\" \/><\/figure>\n<\/div><\/div>\n<a class=\"spectra-container-link-overlay\" rel=\"noopener\" href=\"https:\/\/zodr.pl\/zinet\/wsparcie-dla-projektow-demonstracyjnych-i-dzialan-informacyjnych-w-zakresie-produkcji-i-wykorzystania-krajowych-zrodel-bialka-na-cel-paszowe\/\"> <\/a><\/div>\n<\/div>\n<\/div>\n<\/div><a class=\"spectra-container-link-overlay\" rel=\"noopener\" href=\"https:\/\/zodr.pl\/zinet\/warunkowosc-wymogi\/\"> <\/a><\/div>\n<\/div>\n<\/div>\n","protected":false},"excerpt":{"rendered":"","protected":false},"author":23,"featured_media":0,"parent":0,"menu_order":0,"comment_status":"closed","ping_status":"closed","template":"","meta":{"_eb_attr":"","_uag_custom_page_level_css":"","site-sidebar-layout":"default","site-content-layout":"","ast-site-content-layout":"default","site-content-style":"default","site-sidebar-style":"default","ast-global-header-display":"","ast-banner-title-visibility":"","ast-main-header-display":"","ast-hfb-above-header-display":"","ast-hfb-below-header-display":"","ast-hfb-mobile-header-display":"","site-post-title":"","ast-breadcrumbs-content":"","ast-featured-img":"","footer-sml-layout":"","theme-transparent-header-meta":"","adv-header-id-meta":"","stick-header-meta":"","header-above-stick-meta":"","header-main-stick-meta":"","header-below-stick-meta":"","astra-migrate-meta-layouts":"set","_mc_calendar":[],"footnotes":""},"class_list":["post-10391","page","type-page","status-publish","hentry"],"yoast_head":"<!-- This site is optimized with the Yoast SEO plugin v25.7 - https:\/\/yoast.com\/wordpress\/plugins\/seo\/ -->\n<title>Interwencje - szkolenia - Zachodniopomorski O\u015brodek Doradztwa Rolniczego w Barzkowicach<\/title>\n<meta name=\"robots\" content=\"index, follow, max-snippet:-1, max-image-preview:large, max-video-preview:-1\" \/>\n<link rel=\"canonical\" href=\"https:\/\/zodr.pl\/zinet\/interwencje-szkolenia\/\" \/>\n<meta property=\"og:locale\" content=\"pl_PL\" \/>\n<meta property=\"og:type\" content=\"article\" \/>\n<meta property=\"og:title\" content=\"Interwencje - szkolenia - Zachodniopomorski O\u015brodek Doradztwa Rolniczego w Barzkowicach\" \/>\n<meta property=\"og:url\" content=\"https:\/\/zodr.pl\/zinet\/interwencje-szkolenia\/\" \/>\n<meta property=\"og:site_name\" content=\"Zachodniopomorski O\u015brodek Doradztwa Rolniczego w Barzkowicach\" \/>\n<meta property=\"article:publisher\" content=\"https:\/\/facebook.com\/zodr.barzkowice\/\" \/>\n<meta property=\"article:modified_time\" content=\"2026-02-09T10:46:26+00:00\" \/>\n<meta property=\"og:image\" content=\"https:\/\/zodr.pl\/zinet\/wp-content\/uploads\/2024\/05\/ekoschematy-1024x774.png\" \/>\n\t<meta property=\"og:image:width\" content=\"1024\" \/>\n\t<meta property=\"og:image:height\" content=\"774\" \/>\n\t<meta property=\"og:image:type\" content=\"image\/png\" \/>\n<meta name=\"twitter:card\" content=\"summary_large_image\" \/>\n<script type=\"application\/ld+json\" class=\"yoast-schema-graph\">{\"@context\":\"https:\/\/schema.org\",\"@graph\":[{\"@type\":\"WebPage\",\"@id\":\"https:\/\/zodr.pl\/zinet\/interwencje-szkolenia\/\",\"url\":\"https:\/\/zodr.pl\/zinet\/interwencje-szkolenia\/\",\"name\":\"Interwencje - szkolenia - Zachodniopomorski O\u015brodek Doradztwa Rolniczego w Barzkowicach\",\"isPartOf\":{\"@id\":\"https:\/\/zodr.pl\/zinet\/#website\"},\"primaryImageOfPage\":{\"@id\":\"https:\/\/zodr.pl\/zinet\/interwencje-szkolenia\/#primaryimage\"},\"image\":{\"@id\":\"https:\/\/zodr.pl\/zinet\/interwencje-szkolenia\/#primaryimage\"},\"thumbnailUrl\":\"https:\/\/zodr.pl\/zinet\/wp-content\/uploads\/2024\/05\/ekoschematy-1024x774.png\",\"datePublished\":\"2024-05-30T21:46:32+00:00\",\"dateModified\":\"2026-02-09T10:46:26+00:00\",\"breadcrumb\":{\"@id\":\"https:\/\/zodr.pl\/zinet\/interwencje-szkolenia\/#breadcrumb\"},\"inLanguage\":\"pl-PL\",\"potentialAction\":[{\"@type\":\"ReadAction\",\"target\":[\"https:\/\/zodr.pl\/zinet\/interwencje-szkolenia\/\"]}]},{\"@type\":\"ImageObject\",\"inLanguage\":\"pl-PL\",\"@id\":\"https:\/\/zodr.pl\/zinet\/interwencje-szkolenia\/#primaryimage\",\"url\":\"https:\/\/zodr.pl\/zinet\/wp-content\/uploads\/2024\/05\/ekoschematy.png\",\"contentUrl\":\"https:\/\/zodr.pl\/zinet\/wp-content\/uploads\/2024\/05\/ekoschematy.png\",\"width\":1497,\"height\":1131},{\"@type\":\"BreadcrumbList\",\"@id\":\"https:\/\/zodr.pl\/zinet\/interwencje-szkolenia\/#breadcrumb\",\"itemListElement\":[{\"@type\":\"ListItem\",\"position\":1,\"name\":\"Home\",\"item\":\"https:\/\/zodr.pl\/zinet\/\"},{\"@type\":\"ListItem\",\"position\":2,\"name\":\"Interwencje &#8211; szkolenia\"}]},{\"@type\":\"WebSite\",\"@id\":\"https:\/\/zodr.pl\/zinet\/#website\",\"url\":\"https:\/\/zodr.pl\/zinet\/\",\"name\":\"Zachodniopomorski O\u015brodek Doradztwa Rolniczego w Barzkowicach\",\"description\":\"Nowoczesne sale na ka\u017cde wydarzenie - konferencje, szkolenia, warsztaty i uroczysto\u015bci\",\"publisher\":{\"@id\":\"https:\/\/zodr.pl\/zinet\/#organization\"},\"potentialAction\":[{\"@type\":\"SearchAction\",\"target\":{\"@type\":\"EntryPoint\",\"urlTemplate\":\"https:\/\/zodr.pl\/zinet\/?s={search_term_string}\"},\"query-input\":{\"@type\":\"PropertyValueSpecification\",\"valueRequired\":true,\"valueName\":\"search_term_string\"}}],\"inLanguage\":\"pl-PL\"},{\"@type\":\"Organization\",\"@id\":\"https:\/\/zodr.pl\/zinet\/#organization\",\"name\":\"Zachodniopomorski O\u015brodek Doradztwa Rolniczego w Barzkowicach\",\"url\":\"https:\/\/zodr.pl\/zinet\/\",\"logo\":{\"@type\":\"ImageObject\",\"inLanguage\":\"pl-PL\",\"@id\":\"https:\/\/zodr.pl\/zinet\/#\/schema\/logo\/image\/\",\"url\":\"https:\/\/zodr.pl\/zinet\/wp-content\/uploads\/2024\/07\/cropped-logo_zodr.png\",\"contentUrl\":\"https:\/\/zodr.pl\/zinet\/wp-content\/uploads\/2024\/07\/cropped-logo_zodr.png\",\"width\":125,\"height\":115,\"caption\":\"Zachodniopomorski O\u015brodek Doradztwa Rolniczego w Barzkowicach\"},\"image\":{\"@id\":\"https:\/\/zodr.pl\/zinet\/#\/schema\/logo\/image\/\"},\"sameAs\":[\"https:\/\/facebook.com\/zodr.barzkowice\/\"]}]}<\/script>\n<!-- \/ Yoast SEO plugin. -->","yoast_head_json":{"title":"Interwencje - szkolenia - Zachodniopomorski O\u015brodek Doradztwa Rolniczego w Barzkowicach","robots":{"index":"index","follow":"follow","max-snippet":"max-snippet:-1","max-image-preview":"max-image-preview:large","max-video-preview":"max-video-preview:-1"},"canonical":"https:\/\/zodr.pl\/zinet\/interwencje-szkolenia\/","og_locale":"pl_PL","og_type":"article","og_title":"Interwencje - szkolenia - Zachodniopomorski O\u015brodek Doradztwa Rolniczego w Barzkowicach","og_url":"https:\/\/zodr.pl\/zinet\/interwencje-szkolenia\/","og_site_name":"Zachodniopomorski O\u015brodek Doradztwa Rolniczego w Barzkowicach","article_publisher":"https:\/\/facebook.com\/zodr.barzkowice\/","article_modified_time":"2026-02-09T10:46:26+00:00","og_image":[{"width":1024,"height":774,"url":"https:\/\/zodr.pl\/zinet\/wp-content\/uploads\/2024\/05\/ekoschematy-1024x774.png","type":"image\/png"}],"twitter_card":"summary_large_image","schema":{"@context":"https:\/\/schema.org","@graph":[{"@type":"WebPage","@id":"https:\/\/zodr.pl\/zinet\/interwencje-szkolenia\/","url":"https:\/\/zodr.pl\/zinet\/interwencje-szkolenia\/","name":"Interwencje - szkolenia - Zachodniopomorski O\u015brodek Doradztwa Rolniczego w Barzkowicach","isPartOf":{"@id":"https:\/\/zodr.pl\/zinet\/#website"},"primaryImageOfPage":{"@id":"https:\/\/zodr.pl\/zinet\/interwencje-szkolenia\/#primaryimage"},"image":{"@id":"https:\/\/zodr.pl\/zinet\/interwencje-szkolenia\/#primaryimage"},"thumbnailUrl":"https:\/\/zodr.pl\/zinet\/wp-content\/uploads\/2024\/05\/ekoschematy-1024x774.png","datePublished":"2024-05-30T21:46:32+00:00","dateModified":"2026-02-09T10:46:26+00:00","breadcrumb":{"@id":"https:\/\/zodr.pl\/zinet\/interwencje-szkolenia\/#breadcrumb"},"inLanguage":"pl-PL","potentialAction":[{"@type":"ReadAction","target":["https:\/\/zodr.pl\/zinet\/interwencje-szkolenia\/"]}]},{"@type":"ImageObject","inLanguage":"pl-PL","@id":"https:\/\/zodr.pl\/zinet\/interwencje-szkolenia\/#primaryimage","url":"https:\/\/zodr.pl\/zinet\/wp-content\/uploads\/2024\/05\/ekoschematy.png","contentUrl":"https:\/\/zodr.pl\/zinet\/wp-content\/uploads\/2024\/05\/ekoschematy.png","width":1497,"height":1131},{"@type":"BreadcrumbList","@id":"https:\/\/zodr.pl\/zinet\/interwencje-szkolenia\/#breadcrumb","itemListElement":[{"@type":"ListItem","position":1,"name":"Home","item":"https:\/\/zodr.pl\/zinet\/"},{"@type":"ListItem","position":2,"name":"Interwencje &#8211; szkolenia"}]},{"@type":"WebSite","@id":"https:\/\/zodr.pl\/zinet\/#website","url":"https:\/\/zodr.pl\/zinet\/","name":"Zachodniopomorski O\u015brodek Doradztwa Rolniczego w Barzkowicach","description":"Nowoczesne sale na ka\u017cde wydarzenie - konferencje, szkolenia, warsztaty i uroczysto\u015bci","publisher":{"@id":"https:\/\/zodr.pl\/zinet\/#organization"},"potentialAction":[{"@type":"SearchAction","target":{"@type":"EntryPoint","urlTemplate":"https:\/\/zodr.pl\/zinet\/?s={search_term_string}"},"query-input":{"@type":"PropertyValueSpecification","valueRequired":true,"valueName":"search_term_string"}}],"inLanguage":"pl-PL"},{"@type":"Organization","@id":"https:\/\/zodr.pl\/zinet\/#organization","name":"Zachodniopomorski O\u015brodek Doradztwa Rolniczego w Barzkowicach","url":"https:\/\/zodr.pl\/zinet\/","logo":{"@type":"ImageObject","inLanguage":"pl-PL","@id":"https:\/\/zodr.pl\/zinet\/#\/schema\/logo\/image\/","url":"https:\/\/zodr.pl\/zinet\/wp-content\/uploads\/2024\/07\/cropped-logo_zodr.png","contentUrl":"https:\/\/zodr.pl\/zinet\/wp-content\/uploads\/2024\/07\/cropped-logo_zodr.png","width":125,"height":115,"caption":"Zachodniopomorski O\u015brodek Doradztwa Rolniczego w Barzkowicach"},"image":{"@id":"https:\/\/zodr.pl\/zinet\/#\/schema\/logo\/image\/"},"sameAs":["https:\/\/facebook.com\/zodr.barzkowice\/"]}]}},"uagb_featured_image_src":{"full":false,"thumbnail":false,"medium":false,"medium_large":false,"large":false,"1536x1536":false,"2048x2048":false},"uagb_author_info":{"display_name":"r.ruducha","author_link":"https:\/\/zodr.pl\/zinet\/author\/r-ruducha\/"},"uagb_comment_info":0,"uagb_excerpt":null,"_links":{"self":[{"href":"https:\/\/zodr.pl\/zinet\/wp-json\/wp\/v2\/pages\/10391","targetHints":{"allow":["GET"]}}],"collection":[{"href":"https:\/\/zodr.pl\/zinet\/wp-json\/wp\/v2\/pages"}],"about":[{"href":"https:\/\/zodr.pl\/zinet\/wp-json\/wp\/v2\/types\/page"}],"author":[{"embeddable":true,"href":"https:\/\/zodr.pl\/zinet\/wp-json\/wp\/v2\/users\/23"}],"replies":[{"embeddable":true,"href":"https:\/\/zodr.pl\/zinet\/wp-json\/wp\/v2\/comments?post=10391"}],"version-history":[{"count":9,"href":"https:\/\/zodr.pl\/zinet\/wp-json\/wp\/v2\/pages\/10391\/revisions"}],"predecessor-version":[{"id":24102,"href":"https:\/\/zodr.pl\/zinet\/wp-json\/wp\/v2\/pages\/10391\/revisions\/24102"}],"wp:attachment":[{"href":"https:\/\/zodr.pl\/zinet\/wp-json\/wp\/v2\/media?parent=10391"}],"curies":[{"name":"wp","href":"https:\/\/api.w.org\/{rel}","templated":true}]}}