{"id":10433,"date":"2024-05-31T11:13:42","date_gmt":"2024-05-31T09:13:42","guid":{"rendered":"https:\/\/zodr.pl\/zinet\/?page_id=10433"},"modified":"2025-12-02T13:03:13","modified_gmt":"2025-12-02T12:03:13","slug":"warunkowosc-wymogi","status":"publish","type":"page","link":"https:\/\/zodr.pl\/zinet\/warunkowosc-wymogi\/","title":{"rendered":"warunkowosc-wymogi"},"content":{"rendered":"\n<figure class=\"wp-block-image aligncenter size-large is-resized\"><img loading=\"lazy\" decoding=\"async\" width=\"1024\" height=\"122\" src=\"https:\/\/zodr.pl\/zinet\/wp-content\/uploads\/2024\/05\/logotyp_ekoschematy-1024x122.jpg\" alt=\"\" class=\"wp-image-10420\" style=\"width:808px;height:auto\" srcset=\"https:\/\/zodr.pl\/zinet\/wp-content\/uploads\/2024\/05\/logotyp_ekoschematy-1024x122.jpg 1024w, https:\/\/zodr.pl\/zinet\/wp-content\/uploads\/2024\/05\/logotyp_ekoschematy-300x36.jpg 300w, https:\/\/zodr.pl\/zinet\/wp-content\/uploads\/2024\/05\/logotyp_ekoschematy-768x92.jpg 768w, https:\/\/zodr.pl\/zinet\/wp-content\/uploads\/2024\/05\/logotyp_ekoschematy.jpg 1451w\" sizes=\"auto, (max-width: 1024px) 100vw, 1024px\" \/><\/figure>\n\n\n\n<p class=\"has-text-align-center\"><strong><mark style=\"background-color:rgba(0, 0, 0, 0)\" class=\"has-inline-color has-ast-global-color-1-color\">SZKOLENIA<\/mark><\/strong><\/p>\n\n\n\n<p class=\"has-text-align-center\"><strong><mark style=\"background-color:rgba(0, 0, 0, 0)\" class=\"has-inline-color has-ast-global-color-1-color\">PODSTAWOWE DLA ROLNIK\u00d3W<\/mark><\/strong><\/p>\n\n\n\n<p>Zachodniopomorski&nbsp; O\u015brodek Doradztwa Rolniczego w Barzkowicach podj\u0105\u0142 realizacj\u0119 operacji w ramach interwencji I.14.1.1 Doskonalenie zawodowe rolnik\u00f3w modu\u0142 1:&nbsp;<strong>Szkolenia podstawowe dla rolnik\u00f3w<\/strong>&nbsp;obj\u0119tej Planem Strategicznym na lata 2023-2027.<\/p>\n\n\n\n<p>W ramach operacji b\u0119d\u0105 realizowane bezp\u0142atne szkolenia, kt\u00f3rych celem jest &nbsp;zapewnienie przep\u0142ywu wiedzy i informacji w zakresie rozwoju gospodarstw rolnych, co przyczyni si\u0119 do realizacji celu przekrojowego, polegaj\u0105cego na modernizacji sektora przez sprzyjanie dzieleniu si\u0119 wiedz\u0105, innowacji i cyfryzacji w rolnictwie i na obszarach wiejskich.<\/p>\n\n\n\n<p>Szkolenia realizowane b\u0119d\u0105 w latach 2024-2029.<\/p>\n\n\n\n<p><strong><u>Temat szkolenia:<\/u><\/strong><\/p>\n\n\n\n<p>Normy i wymogi warunkowo\u015bci<\/p>\n\n\n\n<p><strong><u>Program szkolenia:<\/u><\/strong><\/p>\n\n\n\n<p class=\"has-ast-global-color-2-color has-electric-grass-gradient-background has-text-color has-background has-link-color wp-elements-3cd7d8d9c22c3a07ab3fe624c19f07e5\"><strong><a href=\"https:\/\/zodr.pl\/zinet\/wp-content\/uploads\/2025\/06\/Program-szkolenia-normy-i-wymogi.pdf\">POBIERZ PROGRAM SZKOLENIA<\/a><\/strong><\/p>\n\n\n\n<figure class=\"wp-block-table\"><table><thead><tr><th>Data szkolenia<\/th><th>Godzina szkolenia<\/th><th>Powiat<\/th><th>Lokalizacja szkolenia<\/th><\/tr><\/thead><tbody><tr><td><strong>3 lipca 2025 r.<\/strong><\/td><td><strong>9:00<\/strong><\/td><td>bia\u0142ogardzki<\/td><td>M\u0142odzie\u017cowy Dom Kultury<br>im. Henryka Jordana<br>Ul. Grunwaldzka 49, Bia\u0142ogard<\/td><\/tr><tr><td><strong>4 lipca 2025 r.<\/strong><\/td><td><strong>9:00<\/strong><\/td><td>ko\u0142obrzeski<\/td><td>Baltic Plaza Hotel Medi SPA &amp; Fit<br>ul. Pla\u017cowa 1, Ko\u0142obrzeg<\/td><\/tr><tr><td><strong>3 wrze\u015bnia 2025 r.<\/strong><\/td><td><strong>9:00<\/strong><\/td><td>goleniowski<\/td><td>&#8222;Hotel Przysta\u0144&#8221;<br>ul. Zielona 1, 72-200 Nowogard<\/td><\/tr><tr><td><strong>5 wrze\u015bnia 2025 r.<\/strong><\/td><td><strong>9:00<\/strong><\/td><td>choszcze\u0144ski<\/td><td>&nbsp;Choszcze\u0144ski Dom Kultury<br>ul. Boh. Warszawy 17, Choszczno<\/td><\/tr><tr><td><strong>9 wrze\u015bnia 2025 r.<\/strong><\/td><td><strong>9:00<\/strong><\/td><td>kamie\u0144ski<\/td><td>Hotel Wolin<br>ul. Nowomy\u015bliwska 76, Mi\u0119dzyzdroje<\/td><\/tr><tr><td><strong>11 wrze\u015bnia 2025 r.<\/strong><\/td><td><strong>9:00<\/strong><\/td><td>drawski<\/td><td>Lubi\u0119 Resort Hotel<br>Gudowo 64, Gudowo<\/td><\/tr><tr><td><strong>19 wrze\u015bnia 2025 r.<\/strong><\/td><td><strong>9:00<\/strong><\/td><td>policki<\/td><td>Hotel Dobosz<br>ul. Wr\u00f3blewskiego 1, Police<\/td><\/tr><tr><td><strong>26 wrze\u015bnia 2025 r.<\/strong><\/td><td><strong>9:00<\/strong><\/td><td>wa\u0142ecki<\/td><td>MOSiR Wa\u0142cz<br>ul. Ch\u0142odna 12, Wa\u0142cz<\/td><\/tr><tr><td><strong>2 pa\u017adziernika 2025 r.<\/strong><\/td><td><strong>9:00<\/strong><\/td><td>gryfi\u0144ski<\/td><td>Hotel Wodnik Gryfino<br>ul. 1 Maja 5, Gryfino<\/td><\/tr><tr><td><strong>3 pa\u017adziernika 2025 r.<\/strong><\/td><td><strong>9:00<\/strong><\/td><td>s\u0142owie\u0144ski<\/td><td>Hotel Jan Dar\u0142owo<br>ul. S\u0142owia\u0144ska 24, Dar\u0142owo<\/td><\/tr><\/tbody><\/table><\/figure>\n\n\n\n<p><strong><u>Kontakt w sprawie szkole\u0144 ZODR w Barzkowicach:<\/u><\/strong><\/p>\n\n\n\n<p>Joanna Fink tel. 91&nbsp;479 40 27<\/p>\n","protected":false},"excerpt":{"rendered":"<p>SZKOLENIA PODSTAWOWE DLA ROLNIK\u00d3W Zachodniopomorski&nbsp; O\u015brodek Doradztwa Rolniczego w Barzkowicach podj\u0105\u0142 realizacj\u0119 operacji w ramach interwencji I.14.1.1 Doskonalenie zawodowe rolnik\u00f3w modu\u0142 1:&nbsp;Szkolenia podstawowe dla rolnik\u00f3w&nbsp;obj\u0119tej Planem Strategicznym na lata 2023-2027. W ramach operacji b\u0119d\u0105 realizowane bezp\u0142atne szkolenia, kt\u00f3rych celem jest &nbsp;zapewnienie przep\u0142ywu wiedzy i informacji w zakresie rozwoju gospodarstw rolnych, co przyczyni si\u0119 do realizacji &hellip;<\/p>\n<p class=\"read-more\"> <a class=\"\" href=\"https:\/\/zodr.pl\/zinet\/warunkowosc-wymogi\/\"> <span class=\"screen-reader-text\">warunkowosc-wymogi<\/span> Czytaj wi\u0119cej &raquo;<\/a><\/p>\n","protected":false},"author":23,"featured_media":0,"parent":0,"menu_order":0,"comment_status":"closed","ping_status":"closed","template":"","meta":{"_eb_attr":"","_uag_custom_page_level_css":"","site-sidebar-layout":"default","site-content-layout":"","ast-site-content-layout":"default","site-content-style":"default","site-sidebar-style":"default","ast-global-header-display":"","ast-banner-title-visibility":"","ast-main-header-display":"","ast-hfb-above-header-display":"","ast-hfb-below-header-display":"","ast-hfb-mobile-header-display":"","site-post-title":"","ast-breadcrumbs-content":"","ast-featured-img":"","footer-sml-layout":"","theme-transparent-header-meta":"","adv-header-id-meta":"","stick-header-meta":"","header-above-stick-meta":"","header-main-stick-meta":"","header-below-stick-meta":"","astra-migrate-meta-layouts":"set","_mc_calendar":[],"footnotes":""},"class_list":["post-10433","page","type-page","status-publish","hentry"],"yoast_head":"<!-- This site is optimized with the Yoast SEO plugin v25.7 - https:\/\/yoast.com\/wordpress\/plugins\/seo\/ -->\n<title>warunkowosc-wymogi - Zachodniopomorski O\u015brodek Doradztwa Rolniczego w Barzkowicach<\/title>\n<meta name=\"robots\" content=\"index, follow, max-snippet:-1, max-image-preview:large, max-video-preview:-1\" \/>\n<link rel=\"canonical\" href=\"https:\/\/zodr.pl\/zinet\/warunkowosc-wymogi\/\" \/>\n<meta property=\"og:locale\" content=\"pl_PL\" \/>\n<meta property=\"og:type\" content=\"article\" \/>\n<meta property=\"og:title\" content=\"warunkowosc-wymogi - Zachodniopomorski O\u015brodek Doradztwa Rolniczego w Barzkowicach\" \/>\n<meta property=\"og:description\" content=\"SZKOLENIA PODSTAWOWE DLA ROLNIK\u00d3W Zachodniopomorski&nbsp; O\u015brodek Doradztwa Rolniczego w Barzkowicach podj\u0105\u0142 realizacj\u0119 operacji w ramach interwencji I.14.1.1 Doskonalenie zawodowe rolnik\u00f3w modu\u0142 1:&nbsp;Szkolenia podstawowe dla rolnik\u00f3w&nbsp;obj\u0119tej Planem Strategicznym na lata 2023-2027. W ramach operacji b\u0119d\u0105 realizowane bezp\u0142atne szkolenia, kt\u00f3rych celem jest &nbsp;zapewnienie przep\u0142ywu wiedzy i informacji w zakresie rozwoju gospodarstw rolnych, co przyczyni si\u0119 do realizacji &hellip; warunkowosc-wymogi Czytaj wi\u0119cej &raquo;\" \/>\n<meta property=\"og:url\" content=\"https:\/\/zodr.pl\/zinet\/warunkowosc-wymogi\/\" \/>\n<meta property=\"og:site_name\" content=\"Zachodniopomorski O\u015brodek Doradztwa Rolniczego w Barzkowicach\" \/>\n<meta property=\"article:publisher\" content=\"https:\/\/facebook.com\/zodr.barzkowice\/\" \/>\n<meta property=\"article:modified_time\" content=\"2025-12-02T12:03:13+00:00\" \/>\n<meta property=\"og:image\" content=\"https:\/\/zodr.pl\/zinet\/wp-content\/uploads\/2024\/05\/logotyp_ekoschematy.jpg\" \/>\n\t<meta property=\"og:image:width\" content=\"1451\" \/>\n\t<meta property=\"og:image:height\" content=\"173\" \/>\n\t<meta property=\"og:image:type\" content=\"image\/jpeg\" \/>\n<meta name=\"twitter:card\" content=\"summary_large_image\" \/>\n<script type=\"application\/ld+json\" class=\"yoast-schema-graph\">{\"@context\":\"https:\/\/schema.org\",\"@graph\":[{\"@type\":\"WebPage\",\"@id\":\"https:\/\/zodr.pl\/zinet\/warunkowosc-wymogi\/\",\"url\":\"https:\/\/zodr.pl\/zinet\/warunkowosc-wymogi\/\",\"name\":\"warunkowosc-wymogi - Zachodniopomorski O\u015brodek Doradztwa Rolniczego w Barzkowicach\",\"isPartOf\":{\"@id\":\"https:\/\/zodr.pl\/zinet\/#website\"},\"primaryImageOfPage\":{\"@id\":\"https:\/\/zodr.pl\/zinet\/warunkowosc-wymogi\/#primaryimage\"},\"image\":{\"@id\":\"https:\/\/zodr.pl\/zinet\/warunkowosc-wymogi\/#primaryimage\"},\"thumbnailUrl\":\"https:\/\/zodr.pl\/zinet\/wp-content\/uploads\/2024\/05\/logotyp_ekoschematy-1024x122.jpg\",\"datePublished\":\"2024-05-31T09:13:42+00:00\",\"dateModified\":\"2025-12-02T12:03:13+00:00\",\"breadcrumb\":{\"@id\":\"https:\/\/zodr.pl\/zinet\/warunkowosc-wymogi\/#breadcrumb\"},\"inLanguage\":\"pl-PL\",\"potentialAction\":[{\"@type\":\"ReadAction\",\"target\":[\"https:\/\/zodr.pl\/zinet\/warunkowosc-wymogi\/\"]}]},{\"@type\":\"ImageObject\",\"inLanguage\":\"pl-PL\",\"@id\":\"https:\/\/zodr.pl\/zinet\/warunkowosc-wymogi\/#primaryimage\",\"url\":\"https:\/\/zodr.pl\/zinet\/wp-content\/uploads\/2024\/05\/logotyp_ekoschematy.jpg\",\"contentUrl\":\"https:\/\/zodr.pl\/zinet\/wp-content\/uploads\/2024\/05\/logotyp_ekoschematy.jpg\",\"width\":1451,\"height\":173},{\"@type\":\"BreadcrumbList\",\"@id\":\"https:\/\/zodr.pl\/zinet\/warunkowosc-wymogi\/#breadcrumb\",\"itemListElement\":[{\"@type\":\"ListItem\",\"position\":1,\"name\":\"Home\",\"item\":\"https:\/\/zodr.pl\/zinet\/\"},{\"@type\":\"ListItem\",\"position\":2,\"name\":\"warunkowosc-wymogi\"}]},{\"@type\":\"WebSite\",\"@id\":\"https:\/\/zodr.pl\/zinet\/#website\",\"url\":\"https:\/\/zodr.pl\/zinet\/\",\"name\":\"Zachodniopomorski O\u015brodek Doradztwa Rolniczego w Barzkowicach\",\"description\":\"Nowoczesne sale na ka\u017cde wydarzenie - konferencje, szkolenia, warsztaty i uroczysto\u015bci\",\"publisher\":{\"@id\":\"https:\/\/zodr.pl\/zinet\/#organization\"},\"potentialAction\":[{\"@type\":\"SearchAction\",\"target\":{\"@type\":\"EntryPoint\",\"urlTemplate\":\"https:\/\/zodr.pl\/zinet\/?s={search_term_string}\"},\"query-input\":{\"@type\":\"PropertyValueSpecification\",\"valueRequired\":true,\"valueName\":\"search_term_string\"}}],\"inLanguage\":\"pl-PL\"},{\"@type\":\"Organization\",\"@id\":\"https:\/\/zodr.pl\/zinet\/#organization\",\"name\":\"Zachodniopomorski O\u015brodek Doradztwa Rolniczego w Barzkowicach\",\"url\":\"https:\/\/zodr.pl\/zinet\/\",\"logo\":{\"@type\":\"ImageObject\",\"inLanguage\":\"pl-PL\",\"@id\":\"https:\/\/zodr.pl\/zinet\/#\/schema\/logo\/image\/\",\"url\":\"https:\/\/zodr.pl\/zinet\/wp-content\/uploads\/2024\/07\/cropped-logo_zodr.png\",\"contentUrl\":\"https:\/\/zodr.pl\/zinet\/wp-content\/uploads\/2024\/07\/cropped-logo_zodr.png\",\"width\":125,\"height\":115,\"caption\":\"Zachodniopomorski O\u015brodek Doradztwa Rolniczego w Barzkowicach\"},\"image\":{\"@id\":\"https:\/\/zodr.pl\/zinet\/#\/schema\/logo\/image\/\"},\"sameAs\":[\"https:\/\/facebook.com\/zodr.barzkowice\/\"]}]}<\/script>\n<!-- \/ Yoast SEO plugin. -->","yoast_head_json":{"title":"warunkowosc-wymogi - Zachodniopomorski O\u015brodek Doradztwa Rolniczego w Barzkowicach","robots":{"index":"index","follow":"follow","max-snippet":"max-snippet:-1","max-image-preview":"max-image-preview:large","max-video-preview":"max-video-preview:-1"},"canonical":"https:\/\/zodr.pl\/zinet\/warunkowosc-wymogi\/","og_locale":"pl_PL","og_type":"article","og_title":"warunkowosc-wymogi - Zachodniopomorski O\u015brodek Doradztwa Rolniczego w Barzkowicach","og_description":"SZKOLENIA PODSTAWOWE DLA ROLNIK\u00d3W Zachodniopomorski&nbsp; O\u015brodek Doradztwa Rolniczego w Barzkowicach podj\u0105\u0142 realizacj\u0119 operacji w ramach interwencji I.14.1.1 Doskonalenie zawodowe rolnik\u00f3w modu\u0142 1:&nbsp;Szkolenia podstawowe dla rolnik\u00f3w&nbsp;obj\u0119tej Planem Strategicznym na lata 2023-2027. W ramach operacji b\u0119d\u0105 realizowane bezp\u0142atne szkolenia, kt\u00f3rych celem jest &nbsp;zapewnienie przep\u0142ywu wiedzy i informacji w zakresie rozwoju gospodarstw rolnych, co przyczyni si\u0119 do realizacji &hellip; warunkowosc-wymogi Czytaj wi\u0119cej &raquo;","og_url":"https:\/\/zodr.pl\/zinet\/warunkowosc-wymogi\/","og_site_name":"Zachodniopomorski O\u015brodek Doradztwa Rolniczego w Barzkowicach","article_publisher":"https:\/\/facebook.com\/zodr.barzkowice\/","article_modified_time":"2025-12-02T12:03:13+00:00","og_image":[{"width":1451,"height":173,"url":"https:\/\/zodr.pl\/zinet\/wp-content\/uploads\/2024\/05\/logotyp_ekoschematy.jpg","type":"image\/jpeg"}],"twitter_card":"summary_large_image","schema":{"@context":"https:\/\/schema.org","@graph":[{"@type":"WebPage","@id":"https:\/\/zodr.pl\/zinet\/warunkowosc-wymogi\/","url":"https:\/\/zodr.pl\/zinet\/warunkowosc-wymogi\/","name":"warunkowosc-wymogi - Zachodniopomorski O\u015brodek Doradztwa Rolniczego w Barzkowicach","isPartOf":{"@id":"https:\/\/zodr.pl\/zinet\/#website"},"primaryImageOfPage":{"@id":"https:\/\/zodr.pl\/zinet\/warunkowosc-wymogi\/#primaryimage"},"image":{"@id":"https:\/\/zodr.pl\/zinet\/warunkowosc-wymogi\/#primaryimage"},"thumbnailUrl":"https:\/\/zodr.pl\/zinet\/wp-content\/uploads\/2024\/05\/logotyp_ekoschematy-1024x122.jpg","datePublished":"2024-05-31T09:13:42+00:00","dateModified":"2025-12-02T12:03:13+00:00","breadcrumb":{"@id":"https:\/\/zodr.pl\/zinet\/warunkowosc-wymogi\/#breadcrumb"},"inLanguage":"pl-PL","potentialAction":[{"@type":"ReadAction","target":["https:\/\/zodr.pl\/zinet\/warunkowosc-wymogi\/"]}]},{"@type":"ImageObject","inLanguage":"pl-PL","@id":"https:\/\/zodr.pl\/zinet\/warunkowosc-wymogi\/#primaryimage","url":"https:\/\/zodr.pl\/zinet\/wp-content\/uploads\/2024\/05\/logotyp_ekoschematy.jpg","contentUrl":"https:\/\/zodr.pl\/zinet\/wp-content\/uploads\/2024\/05\/logotyp_ekoschematy.jpg","width":1451,"height":173},{"@type":"BreadcrumbList","@id":"https:\/\/zodr.pl\/zinet\/warunkowosc-wymogi\/#breadcrumb","itemListElement":[{"@type":"ListItem","position":1,"name":"Home","item":"https:\/\/zodr.pl\/zinet\/"},{"@type":"ListItem","position":2,"name":"warunkowosc-wymogi"}]},{"@type":"WebSite","@id":"https:\/\/zodr.pl\/zinet\/#website","url":"https:\/\/zodr.pl\/zinet\/","name":"Zachodniopomorski O\u015brodek Doradztwa Rolniczego w Barzkowicach","description":"Nowoczesne sale na ka\u017cde wydarzenie - konferencje, szkolenia, warsztaty i uroczysto\u015bci","publisher":{"@id":"https:\/\/zodr.pl\/zinet\/#organization"},"potentialAction":[{"@type":"SearchAction","target":{"@type":"EntryPoint","urlTemplate":"https:\/\/zodr.pl\/zinet\/?s={search_term_string}"},"query-input":{"@type":"PropertyValueSpecification","valueRequired":true,"valueName":"search_term_string"}}],"inLanguage":"pl-PL"},{"@type":"Organization","@id":"https:\/\/zodr.pl\/zinet\/#organization","name":"Zachodniopomorski O\u015brodek Doradztwa Rolniczego w Barzkowicach","url":"https:\/\/zodr.pl\/zinet\/","logo":{"@type":"ImageObject","inLanguage":"pl-PL","@id":"https:\/\/zodr.pl\/zinet\/#\/schema\/logo\/image\/","url":"https:\/\/zodr.pl\/zinet\/wp-content\/uploads\/2024\/07\/cropped-logo_zodr.png","contentUrl":"https:\/\/zodr.pl\/zinet\/wp-content\/uploads\/2024\/07\/cropped-logo_zodr.png","width":125,"height":115,"caption":"Zachodniopomorski O\u015brodek Doradztwa Rolniczego w Barzkowicach"},"image":{"@id":"https:\/\/zodr.pl\/zinet\/#\/schema\/logo\/image\/"},"sameAs":["https:\/\/facebook.com\/zodr.barzkowice\/"]}]}},"uagb_featured_image_src":{"full":false,"thumbnail":false,"medium":false,"medium_large":false,"large":false,"1536x1536":false,"2048x2048":false},"uagb_author_info":{"display_name":"r.ruducha","author_link":"https:\/\/zodr.pl\/zinet\/author\/r-ruducha\/"},"uagb_comment_info":0,"uagb_excerpt":"SZKOLENIA PODSTAWOWE DLA ROLNIK\u00d3W Zachodniopomorski&nbsp; O\u015brodek Doradztwa Rolniczego w Barzkowicach podj\u0105\u0142 realizacj\u0119 operacji w ramach interwencji I.14.1.1 Doskonalenie zawodowe rolnik\u00f3w modu\u0142 1:&nbsp;Szkolenia podstawowe dla rolnik\u00f3w&nbsp;obj\u0119tej Planem Strategicznym na lata 2023-2027. W ramach operacji b\u0119d\u0105 realizowane bezp\u0142atne szkolenia, kt\u00f3rych celem jest &nbsp;zapewnienie przep\u0142ywu wiedzy i informacji w zakresie rozwoju gospodarstw rolnych, co przyczyni si\u0119 do realizacji&hellip;","_links":{"self":[{"href":"https:\/\/zodr.pl\/zinet\/wp-json\/wp\/v2\/pages\/10433","targetHints":{"allow":["GET"]}}],"collection":[{"href":"https:\/\/zodr.pl\/zinet\/wp-json\/wp\/v2\/pages"}],"about":[{"href":"https:\/\/zodr.pl\/zinet\/wp-json\/wp\/v2\/types\/page"}],"author":[{"embeddable":true,"href":"https:\/\/zodr.pl\/zinet\/wp-json\/wp\/v2\/users\/23"}],"replies":[{"embeddable":true,"href":"https:\/\/zodr.pl\/zinet\/wp-json\/wp\/v2\/comments?post=10433"}],"version-history":[{"count":8,"href":"https:\/\/zodr.pl\/zinet\/wp-json\/wp\/v2\/pages\/10433\/revisions"}],"predecessor-version":[{"id":23186,"href":"https:\/\/zodr.pl\/zinet\/wp-json\/wp\/v2\/pages\/10433\/revisions\/23186"}],"wp:attachment":[{"href":"https:\/\/zodr.pl\/zinet\/wp-json\/wp\/v2\/media?parent=10433"}],"curies":[{"name":"wp","href":"https:\/\/api.w.org\/{rel}","templated":true}]}}