{"id":1107,"date":"2023-07-06T14:16:52","date_gmt":"2023-07-06T12:16:52","guid":{"rendered":"http:\/\/serwer2367797.home.pl\/01072023\/wordpress\/?page_id=1107"},"modified":"2026-02-03T13:59:59","modified_gmt":"2026-02-03T12:59:59","slug":"szkolenia","status":"publish","type":"page","link":"https:\/\/zodr.pl\/zinet\/szkolenia\/","title":{"rendered":"Szkolenia"},"content":{"rendered":"\n<div class=\"wp-block-uagb-container _naglowek uagb-block-253f033e alignwide uagb-is-root-container\">\n<div class=\"wp-block-uagb-advanced-heading uagb-block-de8940c2\"><h1 class=\"uagb-heading-text\">Szkolenia<\/h1><\/div>\n<\/div>\n\n\n\n<div class=\"wp-block-uagb-container uagb-block-1364b8f7 alignwide uagb-is-root-container\">\n<figure class=\"wp-block-image aligncenter size-large is-resized\"><a href=\"https:\/\/zodr.pl\/szkolenia-dla-rolnikow-ps-wpr\/\"><img decoding=\"async\" src=\"https:\/\/zodr.pl\/zinet\/wp-content\/uploads\/2024\/03\/logo.png\" alt=\"\" style=\"width:467px;height:auto\"\/><\/a><\/figure>\n<\/div>\n\n\n\n<div class=\"wp-block-uagb-container uagb-block-0aafd756 alignwide uagb-is-root-container\">\n<div class=\"wp-block-uagb-container uagb-block-6e16c9ff\">\n<div class=\"wp-block-columns is-layout-flex wp-container-core-columns-is-layout-28f84493 wp-block-columns-is-layout-flex\">\n<div class=\"wp-block-column is-layout-flow wp-block-column-is-layout-flow\">\n<div class=\"wp-block-uagb-container _zoom uagb-block-ac5ceb79\">\n<div class=\"wp-block-cover is-light\"><img loading=\"lazy\" decoding=\"async\" width=\"427\" height=\"640\" class=\"wp-block-cover__image-background wp-image-3065\" alt=\"\" src=\"https:\/\/zodr.pl\/zinet\/wp-content\/uploads\/2023\/10\/time-and-attendance-5049294_640.jpg\" data-object-fit=\"cover\" srcset=\"https:\/\/zodr.pl\/zinet\/wp-content\/uploads\/2023\/10\/time-and-attendance-5049294_640.jpg 427w, https:\/\/zodr.pl\/zinet\/wp-content\/uploads\/2023\/10\/time-and-attendance-5049294_640-200x300.jpg 200w\" sizes=\"auto, (max-width: 427px) 100vw, 427px\" \/><span aria-hidden=\"true\" class=\"wp-block-cover__background has-background-dim\"><\/span><div class=\"wp-block-cover__inner-container is-layout-constrained wp-block-cover-is-layout-constrained\">\n<p class=\"has-text-align-center has-large-font-size\" style=\"line-height:1.9\">Szkolenia ZODR<\/p>\n<\/div><\/div>\n<a class=\"spectra-container-link-overlay\" rel=\"noopener\" href=\"https:\/\/zodr.pl\/zinet\/szkolenia-zodr\/\"> <\/a><\/div>\n<\/div>\n\n\n\n<div class=\"wp-block-column is-layout-flow wp-block-column-is-layout-flow\">\n<div class=\"wp-block-uagb-container _zoom uagb-block-392cab91\">\n<div class=\"wp-block-cover is-light\"><img loading=\"lazy\" decoding=\"async\" width=\"612\" height=\"407\" class=\"wp-block-cover__image-background wp-image-3055\" alt=\"\" src=\"https:\/\/zodr.pl\/zinet\/wp-content\/uploads\/2023\/10\/istockphoto-1360520509-612x612-2.webp\" data-object-fit=\"cover\" srcset=\"https:\/\/zodr.pl\/zinet\/wp-content\/uploads\/2023\/10\/istockphoto-1360520509-612x612-2.webp 612w, https:\/\/zodr.pl\/zinet\/wp-content\/uploads\/2023\/10\/istockphoto-1360520509-612x612-2-300x200.webp 300w\" sizes=\"auto, (max-width: 612px) 100vw, 612px\" \/><span aria-hidden=\"true\" class=\"wp-block-cover__background has-background-dim\"><\/span><div class=\"wp-block-cover__inner-container is-layout-constrained wp-block-cover-is-layout-constrained\">\n<p class=\"has-text-align-center has-large-font-size\" style=\"line-height:1.9\">Online<\/p>\n<\/div><\/div>\n<a class=\"spectra-container-link-overlay\" rel=\"noopener\" href=\"https:\/\/zodr.pl\/zinet\/szkolenia-online-2\/\"> <\/a><\/div>\n<\/div>\n\n\n\n<div class=\"wp-block-column is-layout-flow wp-block-column-is-layout-flow\">\n<div class=\"wp-block-uagb-container _zoom uagb-block-e736f954\">\n<div class=\"wp-block-cover\"><img loading=\"lazy\" decoding=\"async\" width=\"640\" height=\"427\" class=\"wp-block-cover__image-background wp-image-3064\" alt=\"\" src=\"https:\/\/zodr.pl\/zinet\/wp-content\/uploads\/2023\/10\/ec-cash-1750490_640.jpg\" data-object-fit=\"cover\" srcset=\"https:\/\/zodr.pl\/zinet\/wp-content\/uploads\/2023\/10\/ec-cash-1750490_640.jpg 640w, https:\/\/zodr.pl\/zinet\/wp-content\/uploads\/2023\/10\/ec-cash-1750490_640-300x200.jpg 300w\" sizes=\"auto, (max-width: 640px) 100vw, 640px\" \/><span aria-hidden=\"true\" class=\"wp-block-cover__background has-background-dim\"><\/span><div class=\"wp-block-cover__inner-container is-layout-constrained wp-block-cover-is-layout-constrained\">\n<p class=\"has-text-align-center has-large-font-size\" style=\"line-height:1.9\">P\u0142atne<\/p>\n<\/div><\/div>\n<a class=\"spectra-container-link-overlay\" rel=\"noopener\" href=\"https:\/\/zodr.pl\/zinet\/szkolenia-platne\/\"> <\/a><\/div>\n<\/div>\n<\/div>\n<\/div>\n<\/div>\n\n\n\n<p><\/p>\n","protected":false},"excerpt":{"rendered":"<p>Szkolenia<\/p>\n","protected":false},"author":23,"featured_media":0,"parent":0,"menu_order":0,"comment_status":"closed","ping_status":"closed","template":"","meta":{"_eb_attr":"","_uag_custom_page_level_css":"","site-sidebar-layout":"no-sidebar","site-content-layout":"page-builder","ast-site-content-layout":"full-width-container","site-content-style":"unboxed","site-sidebar-style":"unboxed","ast-global-header-display":"","ast-banner-title-visibility":"disabled","ast-main-header-display":"","ast-hfb-above-header-display":"","ast-hfb-below-header-display":"","ast-hfb-mobile-header-display":"","site-post-title":"disabled","ast-breadcrumbs-content":"","ast-featured-img":"","footer-sml-layout":"","theme-transparent-header-meta":"","adv-header-id-meta":"","stick-header-meta":"","header-above-stick-meta":"","header-main-stick-meta":"","header-below-stick-meta":"","astra-migrate-meta-layouts":"set","_mc_calendar":[],"footnotes":""},"class_list":["post-1107","page","type-page","status-publish","hentry"],"yoast_head":"<!-- This site is optimized with the Yoast SEO plugin v25.7 - https:\/\/yoast.com\/wordpress\/plugins\/seo\/ -->\n<title>Szkolenia - Zachodniopomorski O\u015brodek Doradztwa Rolniczego w Barzkowicach<\/title>\n<meta name=\"robots\" content=\"index, follow, max-snippet:-1, max-image-preview:large, max-video-preview:-1\" \/>\n<link rel=\"canonical\" href=\"https:\/\/zodr.pl\/zinet\/szkolenia\/\" \/>\n<meta property=\"og:locale\" content=\"pl_PL\" \/>\n<meta property=\"og:type\" content=\"article\" \/>\n<meta property=\"og:title\" content=\"Szkolenia - Zachodniopomorski O\u015brodek Doradztwa Rolniczego w Barzkowicach\" \/>\n<meta property=\"og:description\" content=\"Szkolenia\" \/>\n<meta property=\"og:url\" content=\"https:\/\/zodr.pl\/zinet\/szkolenia\/\" \/>\n<meta property=\"og:site_name\" content=\"Zachodniopomorski O\u015brodek Doradztwa Rolniczego w Barzkowicach\" \/>\n<meta property=\"article:publisher\" content=\"https:\/\/facebook.com\/zodr.barzkowice\/\" \/>\n<meta property=\"article:modified_time\" content=\"2026-02-03T12:59:59+00:00\" \/>\n<meta property=\"og:image\" content=\"https:\/\/zodr.pl\/zinet\/wp-content\/uploads\/2024\/03\/logo.png\" \/>\n<meta name=\"twitter:card\" content=\"summary_large_image\" \/>\n<meta name=\"twitter:label1\" content=\"Est. reading time\" \/>\n\t<meta name=\"twitter:data1\" content=\"1 minuta\" \/>\n<script type=\"application\/ld+json\" class=\"yoast-schema-graph\">{\"@context\":\"https:\/\/schema.org\",\"@graph\":[{\"@type\":\"WebPage\",\"@id\":\"https:\/\/zodr.pl\/zinet\/szkolenia\/\",\"url\":\"https:\/\/zodr.pl\/zinet\/szkolenia\/\",\"name\":\"Szkolenia - Zachodniopomorski O\u015brodek Doradztwa Rolniczego w Barzkowicach\",\"isPartOf\":{\"@id\":\"https:\/\/zodr.pl\/zinet\/#website\"},\"primaryImageOfPage\":{\"@id\":\"https:\/\/zodr.pl\/zinet\/szkolenia\/#primaryimage\"},\"image\":{\"@id\":\"https:\/\/zodr.pl\/zinet\/szkolenia\/#primaryimage\"},\"thumbnailUrl\":\"https:\/\/zodr.pl\/zinet\/wp-content\/uploads\/2024\/03\/logo.png\",\"datePublished\":\"2023-07-06T12:16:52+00:00\",\"dateModified\":\"2026-02-03T12:59:59+00:00\",\"breadcrumb\":{\"@id\":\"https:\/\/zodr.pl\/zinet\/szkolenia\/#breadcrumb\"},\"inLanguage\":\"pl-PL\",\"potentialAction\":[{\"@type\":\"ReadAction\",\"target\":[\"https:\/\/zodr.pl\/zinet\/szkolenia\/\"]}]},{\"@type\":\"ImageObject\",\"inLanguage\":\"pl-PL\",\"@id\":\"https:\/\/zodr.pl\/zinet\/szkolenia\/#primaryimage\",\"url\":\"https:\/\/zodr.pl\/zinet\/wp-content\/uploads\/2024\/03\/logo.png\",\"contentUrl\":\"https:\/\/zodr.pl\/zinet\/wp-content\/uploads\/2024\/03\/logo.png\",\"width\":698,\"height\":254},{\"@type\":\"BreadcrumbList\",\"@id\":\"https:\/\/zodr.pl\/zinet\/szkolenia\/#breadcrumb\",\"itemListElement\":[{\"@type\":\"ListItem\",\"position\":1,\"name\":\"Home\",\"item\":\"https:\/\/zodr.pl\/zinet\/\"},{\"@type\":\"ListItem\",\"position\":2,\"name\":\"Szkolenia\"}]},{\"@type\":\"WebSite\",\"@id\":\"https:\/\/zodr.pl\/zinet\/#website\",\"url\":\"https:\/\/zodr.pl\/zinet\/\",\"name\":\"Zachodniopomorski O\u015brodek Doradztwa Rolniczego w Barzkowicach\",\"description\":\"Nowoczesne sale na ka\u017cde wydarzenie - konferencje, szkolenia, warsztaty i uroczysto\u015bci\",\"publisher\":{\"@id\":\"https:\/\/zodr.pl\/zinet\/#organization\"},\"potentialAction\":[{\"@type\":\"SearchAction\",\"target\":{\"@type\":\"EntryPoint\",\"urlTemplate\":\"https:\/\/zodr.pl\/zinet\/?s={search_term_string}\"},\"query-input\":{\"@type\":\"PropertyValueSpecification\",\"valueRequired\":true,\"valueName\":\"search_term_string\"}}],\"inLanguage\":\"pl-PL\"},{\"@type\":\"Organization\",\"@id\":\"https:\/\/zodr.pl\/zinet\/#organization\",\"name\":\"Zachodniopomorski O\u015brodek Doradztwa Rolniczego w Barzkowicach\",\"url\":\"https:\/\/zodr.pl\/zinet\/\",\"logo\":{\"@type\":\"ImageObject\",\"inLanguage\":\"pl-PL\",\"@id\":\"https:\/\/zodr.pl\/zinet\/#\/schema\/logo\/image\/\",\"url\":\"https:\/\/zodr.pl\/zinet\/wp-content\/uploads\/2024\/07\/cropped-logo_zodr.png\",\"contentUrl\":\"https:\/\/zodr.pl\/zinet\/wp-content\/uploads\/2024\/07\/cropped-logo_zodr.png\",\"width\":125,\"height\":115,\"caption\":\"Zachodniopomorski O\u015brodek Doradztwa Rolniczego w Barzkowicach\"},\"image\":{\"@id\":\"https:\/\/zodr.pl\/zinet\/#\/schema\/logo\/image\/\"},\"sameAs\":[\"https:\/\/facebook.com\/zodr.barzkowice\/\"]}]}<\/script>\n<!-- \/ Yoast SEO plugin. -->","yoast_head_json":{"title":"Szkolenia - Zachodniopomorski O\u015brodek Doradztwa Rolniczego w Barzkowicach","robots":{"index":"index","follow":"follow","max-snippet":"max-snippet:-1","max-image-preview":"max-image-preview:large","max-video-preview":"max-video-preview:-1"},"canonical":"https:\/\/zodr.pl\/zinet\/szkolenia\/","og_locale":"pl_PL","og_type":"article","og_title":"Szkolenia - Zachodniopomorski O\u015brodek Doradztwa Rolniczego w Barzkowicach","og_description":"Szkolenia","og_url":"https:\/\/zodr.pl\/zinet\/szkolenia\/","og_site_name":"Zachodniopomorski O\u015brodek Doradztwa Rolniczego w Barzkowicach","article_publisher":"https:\/\/facebook.com\/zodr.barzkowice\/","article_modified_time":"2026-02-03T12:59:59+00:00","og_image":[{"url":"https:\/\/zodr.pl\/zinet\/wp-content\/uploads\/2024\/03\/logo.png","type":"","width":"","height":""}],"twitter_card":"summary_large_image","twitter_misc":{"Est. reading time":"1 minuta"},"schema":{"@context":"https:\/\/schema.org","@graph":[{"@type":"WebPage","@id":"https:\/\/zodr.pl\/zinet\/szkolenia\/","url":"https:\/\/zodr.pl\/zinet\/szkolenia\/","name":"Szkolenia - Zachodniopomorski O\u015brodek Doradztwa Rolniczego w Barzkowicach","isPartOf":{"@id":"https:\/\/zodr.pl\/zinet\/#website"},"primaryImageOfPage":{"@id":"https:\/\/zodr.pl\/zinet\/szkolenia\/#primaryimage"},"image":{"@id":"https:\/\/zodr.pl\/zinet\/szkolenia\/#primaryimage"},"thumbnailUrl":"https:\/\/zodr.pl\/zinet\/wp-content\/uploads\/2024\/03\/logo.png","datePublished":"2023-07-06T12:16:52+00:00","dateModified":"2026-02-03T12:59:59+00:00","breadcrumb":{"@id":"https:\/\/zodr.pl\/zinet\/szkolenia\/#breadcrumb"},"inLanguage":"pl-PL","potentialAction":[{"@type":"ReadAction","target":["https:\/\/zodr.pl\/zinet\/szkolenia\/"]}]},{"@type":"ImageObject","inLanguage":"pl-PL","@id":"https:\/\/zodr.pl\/zinet\/szkolenia\/#primaryimage","url":"https:\/\/zodr.pl\/zinet\/wp-content\/uploads\/2024\/03\/logo.png","contentUrl":"https:\/\/zodr.pl\/zinet\/wp-content\/uploads\/2024\/03\/logo.png","width":698,"height":254},{"@type":"BreadcrumbList","@id":"https:\/\/zodr.pl\/zinet\/szkolenia\/#breadcrumb","itemListElement":[{"@type":"ListItem","position":1,"name":"Home","item":"https:\/\/zodr.pl\/zinet\/"},{"@type":"ListItem","position":2,"name":"Szkolenia"}]},{"@type":"WebSite","@id":"https:\/\/zodr.pl\/zinet\/#website","url":"https:\/\/zodr.pl\/zinet\/","name":"Zachodniopomorski O\u015brodek Doradztwa Rolniczego w Barzkowicach","description":"Nowoczesne sale na ka\u017cde wydarzenie - konferencje, szkolenia, warsztaty i uroczysto\u015bci","publisher":{"@id":"https:\/\/zodr.pl\/zinet\/#organization"},"potentialAction":[{"@type":"SearchAction","target":{"@type":"EntryPoint","urlTemplate":"https:\/\/zodr.pl\/zinet\/?s={search_term_string}"},"query-input":{"@type":"PropertyValueSpecification","valueRequired":true,"valueName":"search_term_string"}}],"inLanguage":"pl-PL"},{"@type":"Organization","@id":"https:\/\/zodr.pl\/zinet\/#organization","name":"Zachodniopomorski O\u015brodek Doradztwa Rolniczego w Barzkowicach","url":"https:\/\/zodr.pl\/zinet\/","logo":{"@type":"ImageObject","inLanguage":"pl-PL","@id":"https:\/\/zodr.pl\/zinet\/#\/schema\/logo\/image\/","url":"https:\/\/zodr.pl\/zinet\/wp-content\/uploads\/2024\/07\/cropped-logo_zodr.png","contentUrl":"https:\/\/zodr.pl\/zinet\/wp-content\/uploads\/2024\/07\/cropped-logo_zodr.png","width":125,"height":115,"caption":"Zachodniopomorski O\u015brodek Doradztwa Rolniczego w Barzkowicach"},"image":{"@id":"https:\/\/zodr.pl\/zinet\/#\/schema\/logo\/image\/"},"sameAs":["https:\/\/facebook.com\/zodr.barzkowice\/"]}]}},"uagb_featured_image_src":{"full":false,"thumbnail":false,"medium":false,"medium_large":false,"large":false,"1536x1536":false,"2048x2048":false},"uagb_author_info":{"display_name":"r.ruducha","author_link":"https:\/\/zodr.pl\/zinet\/author\/r-ruducha\/"},"uagb_comment_info":0,"uagb_excerpt":"Szkolenia","_links":{"self":[{"href":"https:\/\/zodr.pl\/zinet\/wp-json\/wp\/v2\/pages\/1107","targetHints":{"allow":["GET"]}}],"collection":[{"href":"https:\/\/zodr.pl\/zinet\/wp-json\/wp\/v2\/pages"}],"about":[{"href":"https:\/\/zodr.pl\/zinet\/wp-json\/wp\/v2\/types\/page"}],"author":[{"embeddable":true,"href":"https:\/\/zodr.pl\/zinet\/wp-json\/wp\/v2\/users\/23"}],"replies":[{"embeddable":true,"href":"https:\/\/zodr.pl\/zinet\/wp-json\/wp\/v2\/comments?post=1107"}],"version-history":[{"count":65,"href":"https:\/\/zodr.pl\/zinet\/wp-json\/wp\/v2\/pages\/1107\/revisions"}],"predecessor-version":[{"id":24020,"href":"https:\/\/zodr.pl\/zinet\/wp-json\/wp\/v2\/pages\/1107\/revisions\/24020"}],"wp:attachment":[{"href":"https:\/\/zodr.pl\/zinet\/wp-json\/wp\/v2\/media?parent=1107"}],"curies":[{"name":"wp","href":"https:\/\/api.w.org\/{rel}","templated":true}]}}