{"id":1224,"date":"2023-07-24T09:49:32","date_gmt":"2023-07-24T07:49:32","guid":{"rendered":"http:\/\/serwer2367797.home.pl\/01072023\/wordpress\/?page_id=1224"},"modified":"2023-10-04T15:03:16","modified_gmt":"2023-10-04T13:03:16","slug":"historia-zodr-w-barzkowicach","status":"publish","type":"page","link":"https:\/\/zodr.pl\/zinet\/historia-zodr-w-barzkowicach\/","title":{"rendered":"Historia ZODR W Barzkowicach"},"content":{"rendered":"\n<div class=\"wp-block-uagb-container _naglowek uagb-block-9dcef266 alignfull uagb-is-root-container\"><div class=\"uagb-container-inner-blocks-wrap\">\n<div class=\"wp-block-uagb-advanced-heading uagb-block-18475d9f\"><h1 class=\"uagb-heading-text\">Historia ZODR w Barzkowicach<\/h1><\/div>\n<\/div><\/div>\n\n\n\n<div class=\"wp-block-uagb-container uagb-block-fa937578 alignfull uagb-is-root-container\"><div class=\"uagb-container-inner-blocks-wrap\">\n<p><strong>Zachodniopomorski O\u015brodek Doradztwa Rolniczego<\/strong>&nbsp;powsta\u0142 na bazie Regionalnego Centrum Doradztwa Rozwoju Rolnictwa i Obszar\u00f3w Wiejskich w Barzkowicach oraz O\u015brodka Doradztwa Rolniczego w Koszalinie.<\/p>\n\n\n\n<p>Zgodnie z Ustaw\u0105,&nbsp;<strong>Zachodniopomorski O\u015brodek Doradztwa Rolniczego jest pa\u0144stwow\u0105 jednostk\u0105 organizacyjn\u0105 posiadaj\u0105c\u0105 osobowo\u015b\u0107 prawn\u0105<\/strong>, prowadz\u0105c\u0105 doradztwo rolnicze obejmuj\u0105ce dzia\u0142ania w zakresie rolnictwa, rozwoju wsi, rynk\u00f3w rolnych oraz wiejskiego gospodarstwa domowego, maj\u0105ce na celu popraw\u0119 poziomu dochod\u00f3w rolniczych oraz podnoszenie konkurencyjno\u015bci rynkowej gospodarstw rolnych, wspieranie zr\u00f3wnowa\u017conego rozwoju obszar\u00f3w wiejskich, a tak\u017ce podnoszenie kwalifikacji zawodowych rolnik\u00f3w i innych mieszka\u0144c\u00f3w obszar\u00f3w wiejskich.<\/p>\n\n\n\n<p>Wprowadzona ustawa ujednolica i porz\u0105dkuje funkcjonowanie doradztwa jako instytucji, nie wprowadza natomiast zmian w zakresie pracy i funkcjonowania doradc\u00f3w. Doradcy terenowi pracuj\u0105 na dotychczasowych zasadach, siedziby oddzia\u0142\u00f3w w terenie r\u00f3wnie\u017c nie ulegaj\u0105 zmianie.<\/p>\n\n\n\n<h2 class=\"wp-block-heading\">Historia o\u015brodka<\/h2>\n\n\n\n<p><strong>1956 r. \u2013 RRZD (Rolniczy Rejonowy Zak\u0142ad Do\u015bwiadczalny)<\/strong><\/p>\n\n\n\n<p>&nbsp;&nbsp;&nbsp;W dniu 12 maja 1956 r., Prezydium Wojew\u00f3dzkiej Rady Narodowej w Szczecinie podj\u0119\u0142o Uchwa\u0142\u0119 Nr XIX\/157\/56 w sprawie powo\u0142anie&nbsp;<strong>Rolniczego Rejonowego Zak\u0142adu Do\u015bwiadczalnego.<\/strong><\/p>\n\n\n\n<p>&nbsp;&nbsp;&nbsp;By\u0142o to realizacj\u0105 Uchwa\u0142y Prezydium Rz\u0105du z dnia 22 lutego 1956 r., w sprawie powo\u0142ania rolniczych rejonowych zak\u0142ad\u00f3w do\u015bwiadczalnych oraz rolniczych rad naukowo technicznych przy prezydiach wojew\u00f3dzkich rad narodowych, kt\u00f3ra przewidywa\u0142a utworzenie w 1956 r., RRZD w 11 wojew\u00f3dztwach, w\u015br\u00f3d nich w szczeci\u0144skim.<br><br>&nbsp;&nbsp;&nbsp;Jako najwa\u017cniejsze zadania w pierwszych latach uznano zracjonalizowanie produkcji w gospodarstwie oraz poczynienie niezb\u0119dnych inwestycji budowlanych z przeznaczeniem dla potrzeb gospodarstwa rolnego. Prowadzone by\u0142y kompleksowe prace naukowo-badawcze w zakresie agrotechniki, zootechniki, mechanizacji rolnictwa, u\u017cytk\u00f3w zielonych, ekonomiki i organizacji gospodarstw.<br><br>&nbsp;&nbsp;&nbsp;Zak\u0142ad by\u0142 przede wszystkim nastawiony na prowadzenie do\u015bwiadcze\u0144 naukowych dla rozwi\u0105zania zagadnie\u0144 interesuj\u0105cych teren wojew\u00f3dztwa. Na pion naukowy Zak\u0142adu sk\u0142ada\u0142y si\u0119 cztery dzia\u0142y: dzia\u0142 ro\u015blinny, dzia\u0142 mechanizacji rolnictwa, dzia\u0142 ekonomiki, dzia\u0142 zootechniczny.<br><br>&nbsp;&nbsp;&nbsp;RZZD zmieni\u0142o nazw\u0119 na WOPR i kontynuowa\u0142o swoj\u0105 dzia\u0142alno\u015b\u0107 pod zmienion\u0105 nazw\u0105.<\/p>\n\n\n\n<p><strong>1976 r. \u2013 WOPR (Wojew\u00f3dzki O\u015brodek Post\u0119pu Rolniczego)<\/strong><\/p>\n\n\n\n<p>&nbsp;&nbsp;&nbsp;Rolniczy Rejonowy Zak\u0142ad Do\u015bwiadczalny w Barzkowicach z dniem 1 stycznia 1976 r. zosta\u0142 przemianowany na&nbsp;<strong>Wojew\u00f3dzki O\u015brodek Post\u0119pu Rolniczego<\/strong>, na mocy Uchwa\u0142y Nr 125\/75 Rady Ministr\u00f3w z dnia 10 lipca 1976 r.<br><br>&nbsp;&nbsp;&nbsp;Z dniem 1 stycznia 1976 r. Wojew\u00f3dzki O\u015brodek Post\u0119pu Rolniczego w Barzkowicach przej\u0105\u0142 o\u015brodki szkolenia rolniczego podleg\u0142e dotychczas bezpo\u015brednio w\u0142adzom wojew\u00f3dzkim. W sk\u0142ad WOPR wchodzi\u0142y obecnie: O\u015brodek Szkolenia Rolnictwa w Chojnie, O\u015brodek Szkolenia Kadry In\u017cynieryjno-Technicznej w Pilichowie pod Szczecinem i O\u015brodek Rolniczego Szkolenia Kursowego w Szczecinie.<br><br>&nbsp;&nbsp;&nbsp;Do podstawowych zada\u0144 WOPR nale\u017ca\u0142o: rozwijanie i wdra\u017canie do produkcji rolniczej nowych post\u0119powych metod gospodarowania, upowszechnienie wiedzy rolniczej, szkolenie i doskonalenie kadr zatrudnionych w rolnictwie. Zak\u0142ad upowszechni\u0142 we wszystkich sektorach nowoczesne metody agrotechniczne, wszelkie nowo\u015bci zwi\u0105zane z hodowl\u0105, wprowadzi\u0142 do uprawy nowe odmiany ro\u015blin, patronowa\u0142 nowoczesnemu budownictwu, pomaga\u0142 w organizacji specjalistycznych gospodarstw produkcyjnych.<br><br>&nbsp;&nbsp;&nbsp;Wa\u017cn\u0105 form\u0105 dzia\u0142alno\u015bci WOPR by\u0142a organizacja i nadz\u00f3r nad szkoleniem rolniczym. WOPR Barzkowice opracowywa\u0142 program szkolenia rolniczego w ca\u0142ym wojew\u00f3dztwie i prowadzi\u0142 nadz\u00f3r nad przebiegiem tej wa\u017cnej kampanii o\u015bwiatowej.<\/p>\n\n\n\n<p><strong>1991 r. \u2013 WODR (Wojew\u00f3dzki O\u015brodek Doradztwa Rolniczego)<\/strong><\/p>\n\n\n\n<p>&nbsp;&nbsp;&nbsp;W dniu 18 grudnia 1990 r., Wojewoda Szczeci\u0144ski wyda\u0142 dwa zarz\u0105dzenia. Zarz\u0105dzenie Nr 173\/PG\/90 w sprawie podzia\u0142u WOPR w Barzkowicach i Zarz\u0105dzenie Nr 178\/90 w sprawie powo\u0142ania Wojew\u00f3dzkiego O\u015brodka Doradztwa Rolniczego.<br><br>&nbsp;&nbsp;&nbsp;Zarz\u0105dzenia te stanowi\u0142y, \u017ce z dniem 1 stycznia 1991r., na bazie wy\u0142\u0105czonego Zak\u0142adu Rolnego Barzkowice zosta\u0142o utworzone przedsi\u0119biorstwo pa\u0144stwowe pod nazw\u0105 Pa\u0144stwowe Gospodarstwo Rolne w Barzkowicach, na bazie Zak\u0142adu Rolnego w Sulinie, a na bazie zak\u0142adu Upowszechniania jednostka bud\u017cetowa Wojew\u00f3dzki O\u015brodek Doradztwa Rolniczego w Barzkowicach.<br><br>&nbsp;&nbsp;&nbsp;WODR zajmowa\u0142 si\u0119 prowadzeniem doradztwa w zakresie technologii produkcji ro\u015blinnej i zwierz\u0119cej oraz przechowalnictwa i przetw\u00f3rstwa p\u0142od\u00f3w rolnych, wiejskiego gospodarstwa domowego, obowi\u0105zuj\u0105cych przepis\u00f3w prawnych, dotycz\u0105cych funkcjonowania gospodarstwa rolnego, wdra\u017caniem i upowszechnianiem wynik\u00f3w bada\u0144 naukowych w praktyce rolniczej, prowadzeniem szkole\u0144 rolniczych i doskonaleniem zawodowym kadry in\u017cynieryjno-technicznej, wsp\u00f3\u0142udzia\u0142em w programowaniu i planowaniu rozwoju rolnictwa w gminie, rejonie, wojew\u00f3dztwie.<br><br>&nbsp;&nbsp;&nbsp;WODR posiada\u0142 14 jednostek organizacyjnych, w tym 10 rejonowych zespo\u0142\u00f3w doradztwa rolniczego, sta\u0142 si\u0119 miejscem organizacji wystaw, targ\u00f3w oraz do\u017cynek wojew\u00f3dzkich.<\/p>\n\n\n\n<p><strong>1999 r. \u2013 RCDRRiOW (Regionalne Centrum Doradztwa Rozwoju Rolnictwa i Obszar\u00f3w Wiejskich)<\/strong><\/p>\n\n\n\n<p>&nbsp;&nbsp;&nbsp;Zgodnie z Zarz\u0105dzeniem nr 9 z dnia 18 XII 1998 r., Minister Rolnictwa i Gospodarki \u017bywno\u015bciowej powo\u0142a\u0142 Krajowe Centrum Doradztwa Rozwoju Rolnictwa i Obszar\u00f3w Wiejskich, kt\u00f3re utworzy\u0142o struktury regionalne pod nazw\u0105 Regionalne Centrum Doradztwa Rozwoju Rolnictwa i Obszar\u00f3w Wiejskich.<br><br>&nbsp;&nbsp;&nbsp;W zwi\u0105zku z powy\u017csz\u0105 zmian\u0105 dotychczasowy WODR sta\u0142 si\u0119 od 1 stycznia 1999 r. Regionalnym Centrum Doradztwa Rozwoju Rolnictwa i Obszar\u00f3w Wiejskich w Barzkowicach.<br><br>&nbsp;&nbsp;&nbsp;RCDRRiOW zajmowa\u0142o si\u0119 opracowywaniem analiz i prognoz dotycz\u0105cych doradztwa rolniczego, realizowaniem doskonalenia zawodowego kadr doradczych, ze szczeg\u00f3lnym uwzgl\u0119dnieniem zagadnie\u0144 zwi\u0105zanych z integracj\u0105 z Uni\u0105 Europejsk\u0105 oraz wykorzystaniem pomocy finansowej dla rolnictwa i obszar\u00f3w wiejskich z UE, wsp\u00f3\u0142prac\u0105 z jednostkami badawczo-rozwojowymi i uczelniami rolniczymi, prowadzeniem dzia\u0142alno\u015bci wydawniczej, w tym wydawanie materia\u0142\u00f3w szkoleniowych i czasopism fachowych dla doradztwa; koordynacj\u0105 i realizacj\u0105 program\u00f3w z zakresu doradztwa rolniczego na rzecz rozwoju rolnictwa i obszar\u00f3w wiejskich, wsp\u00f3\u0142prac\u0105 z organizacjami spo\u0142eczno-zawodowymi rolnik\u00f3w, organizacjami pozarz\u0105dowymi w zakresie rolnictwa i rozwoju obszar\u00f3w wiejskich.<\/p>\n\n\n\n<p><strong>2005 r. \u2013 ZODR (Zachodniopomorski O\u015brodek Doradztwa Rolniczego)<\/strong><\/p>\n\n\n\n<p>&nbsp;&nbsp;&nbsp;Zgodnie z Ustaw\u0105 z dnia 22 pa\u017adziernika 2004 r. o jednostkach doradztwa rolniczego opublikowan\u0105 (Dz.U.Nr 251 poz. 2507 z p\u00f3\u017aniejszymi zmianami) oraz Rozporz\u0105dzenia Ministra Rolnictwa i Rozwoju Wsi z dnia 23 grudnia 2004 r. w sprawie nazw i siedzib oraz ramowego statutu wojew\u00f3dzkich o\u015brodk\u00f3w doradztwa rolniczego,(Dz.U.Nr 285 poz. 2866 z p\u00f3\u017aniejszymi zmianami) z dniem 1 stycznia 2005 roku utworzono&nbsp;<strong>Zachodniopomorski O\u015brodek Doradztwa Rolniczego w Barzkowicach.<\/strong><\/p>\n<\/div><\/div>\n","protected":false},"excerpt":{"rendered":"<p>Historia ZODR w Barzkowicach Zachodniopomorski O\u015brodek Doradztwa Rolniczego&nbsp;powsta\u0142 na bazie Regionalnego Centrum Doradztwa Rozwoju Rolnictwa i Obszar\u00f3w Wiejskich w Barzkowicach oraz O\u015brodka Doradztwa Rolniczego w Koszalinie. Zgodnie z Ustaw\u0105,&nbsp;Zachodniopomorski O\u015brodek Doradztwa Rolniczego jest pa\u0144stwow\u0105 jednostk\u0105 organizacyjn\u0105 posiadaj\u0105c\u0105 osobowo\u015b\u0107 prawn\u0105, prowadz\u0105c\u0105 doradztwo rolnicze obejmuj\u0105ce dzia\u0142ania w zakresie rolnictwa, rozwoju wsi, rynk\u00f3w rolnych oraz wiejskiego gospodarstwa domowego, &hellip;<\/p>\n<p class=\"read-more\"> <a class=\"\" href=\"https:\/\/zodr.pl\/zinet\/historia-zodr-w-barzkowicach\/\"> <span class=\"screen-reader-text\">Historia ZODR W Barzkowicach<\/span> Czytaj wi\u0119cej &raquo;<\/a><\/p>\n","protected":false},"author":23,"featured_media":0,"parent":0,"menu_order":0,"comment_status":"closed","ping_status":"closed","template":"","meta":{"_eb_attr":"","_uag_custom_page_level_css":"","site-sidebar-layout":"default","site-content-layout":"page-builder","ast-site-content-layout":"full-width-container","site-content-style":"unboxed","site-sidebar-style":"unboxed","ast-global-header-display":"","ast-banner-title-visibility":"","ast-main-header-display":"","ast-hfb-above-header-display":"","ast-hfb-below-header-display":"","ast-hfb-mobile-header-display":"","site-post-title":"disabled","ast-breadcrumbs-content":"","ast-featured-img":"","footer-sml-layout":"","theme-transparent-header-meta":"","adv-header-id-meta":"","stick-header-meta":"","header-above-stick-meta":"","header-main-stick-meta":"","header-below-stick-meta":"","astra-migrate-meta-layouts":"set","_mc_calendar":[],"footnotes":""},"class_list":["post-1224","page","type-page","status-publish","hentry"],"yoast_head":"<!-- This site is optimized with the Yoast SEO plugin v25.7 - https:\/\/yoast.com\/wordpress\/plugins\/seo\/ -->\n<title>Historia ZODR W Barzkowicach - Zachodniopomorski O\u015brodek Doradztwa Rolniczego w Barzkowicach<\/title>\n<meta name=\"robots\" content=\"index, follow, max-snippet:-1, max-image-preview:large, max-video-preview:-1\" \/>\n<link rel=\"canonical\" href=\"https:\/\/zodr.pl\/zinet\/historia-zodr-w-barzkowicach\/\" \/>\n<meta property=\"og:locale\" content=\"pl_PL\" \/>\n<meta property=\"og:type\" content=\"article\" \/>\n<meta property=\"og:title\" content=\"Historia ZODR W Barzkowicach - Zachodniopomorski O\u015brodek Doradztwa Rolniczego w Barzkowicach\" \/>\n<meta property=\"og:description\" content=\"Historia ZODR w Barzkowicach Zachodniopomorski O\u015brodek Doradztwa Rolniczego&nbsp;powsta\u0142 na bazie Regionalnego Centrum Doradztwa Rozwoju Rolnictwa i Obszar\u00f3w Wiejskich w Barzkowicach oraz O\u015brodka Doradztwa Rolniczego w Koszalinie. Zgodnie z Ustaw\u0105,&nbsp;Zachodniopomorski O\u015brodek Doradztwa Rolniczego jest pa\u0144stwow\u0105 jednostk\u0105 organizacyjn\u0105 posiadaj\u0105c\u0105 osobowo\u015b\u0107 prawn\u0105, prowadz\u0105c\u0105 doradztwo rolnicze obejmuj\u0105ce dzia\u0142ania w zakresie rolnictwa, rozwoju wsi, rynk\u00f3w rolnych oraz wiejskiego gospodarstwa domowego, &hellip; Historia ZODR W Barzkowicach Czytaj wi\u0119cej &raquo;\" \/>\n<meta property=\"og:url\" content=\"https:\/\/zodr.pl\/zinet\/historia-zodr-w-barzkowicach\/\" \/>\n<meta property=\"og:site_name\" content=\"Zachodniopomorski O\u015brodek Doradztwa Rolniczego w Barzkowicach\" \/>\n<meta property=\"article:publisher\" content=\"https:\/\/facebook.com\/zodr.barzkowice\/\" \/>\n<meta property=\"article:modified_time\" content=\"2023-10-04T13:03:16+00:00\" \/>\n<meta name=\"twitter:card\" content=\"summary_large_image\" \/>\n<meta name=\"twitter:label1\" content=\"Est. reading time\" \/>\n\t<meta name=\"twitter:data1\" content=\"5 minut\" \/>\n<script type=\"application\/ld+json\" class=\"yoast-schema-graph\">{\"@context\":\"https:\/\/schema.org\",\"@graph\":[{\"@type\":\"WebPage\",\"@id\":\"https:\/\/zodr.pl\/zinet\/historia-zodr-w-barzkowicach\/\",\"url\":\"https:\/\/zodr.pl\/zinet\/historia-zodr-w-barzkowicach\/\",\"name\":\"Historia ZODR W Barzkowicach - Zachodniopomorski O\u015brodek Doradztwa Rolniczego w Barzkowicach\",\"isPartOf\":{\"@id\":\"https:\/\/zodr.pl\/zinet\/#website\"},\"datePublished\":\"2023-07-24T07:49:32+00:00\",\"dateModified\":\"2023-10-04T13:03:16+00:00\",\"breadcrumb\":{\"@id\":\"https:\/\/zodr.pl\/zinet\/historia-zodr-w-barzkowicach\/#breadcrumb\"},\"inLanguage\":\"pl-PL\",\"potentialAction\":[{\"@type\":\"ReadAction\",\"target\":[\"https:\/\/zodr.pl\/zinet\/historia-zodr-w-barzkowicach\/\"]}]},{\"@type\":\"BreadcrumbList\",\"@id\":\"https:\/\/zodr.pl\/zinet\/historia-zodr-w-barzkowicach\/#breadcrumb\",\"itemListElement\":[{\"@type\":\"ListItem\",\"position\":1,\"name\":\"Home\",\"item\":\"https:\/\/zodr.pl\/zinet\/\"},{\"@type\":\"ListItem\",\"position\":2,\"name\":\"Historia ZODR W Barzkowicach\"}]},{\"@type\":\"WebSite\",\"@id\":\"https:\/\/zodr.pl\/zinet\/#website\",\"url\":\"https:\/\/zodr.pl\/zinet\/\",\"name\":\"Zachodniopomorski O\u015brodek Doradztwa Rolniczego w Barzkowicach\",\"description\":\"Nowoczesne sale na ka\u017cde wydarzenie - konferencje, szkolenia, warsztaty i uroczysto\u015bci\",\"publisher\":{\"@id\":\"https:\/\/zodr.pl\/zinet\/#organization\"},\"potentialAction\":[{\"@type\":\"SearchAction\",\"target\":{\"@type\":\"EntryPoint\",\"urlTemplate\":\"https:\/\/zodr.pl\/zinet\/?s={search_term_string}\"},\"query-input\":{\"@type\":\"PropertyValueSpecification\",\"valueRequired\":true,\"valueName\":\"search_term_string\"}}],\"inLanguage\":\"pl-PL\"},{\"@type\":\"Organization\",\"@id\":\"https:\/\/zodr.pl\/zinet\/#organization\",\"name\":\"Zachodniopomorski O\u015brodek Doradztwa Rolniczego w Barzkowicach\",\"url\":\"https:\/\/zodr.pl\/zinet\/\",\"logo\":{\"@type\":\"ImageObject\",\"inLanguage\":\"pl-PL\",\"@id\":\"https:\/\/zodr.pl\/zinet\/#\/schema\/logo\/image\/\",\"url\":\"https:\/\/zodr.pl\/zinet\/wp-content\/uploads\/2024\/07\/cropped-logo_zodr.png\",\"contentUrl\":\"https:\/\/zodr.pl\/zinet\/wp-content\/uploads\/2024\/07\/cropped-logo_zodr.png\",\"width\":125,\"height\":115,\"caption\":\"Zachodniopomorski O\u015brodek Doradztwa Rolniczego w Barzkowicach\"},\"image\":{\"@id\":\"https:\/\/zodr.pl\/zinet\/#\/schema\/logo\/image\/\"},\"sameAs\":[\"https:\/\/facebook.com\/zodr.barzkowice\/\"]}]}<\/script>\n<!-- \/ Yoast SEO plugin. -->","yoast_head_json":{"title":"Historia ZODR W Barzkowicach - Zachodniopomorski O\u015brodek Doradztwa Rolniczego w Barzkowicach","robots":{"index":"index","follow":"follow","max-snippet":"max-snippet:-1","max-image-preview":"max-image-preview:large","max-video-preview":"max-video-preview:-1"},"canonical":"https:\/\/zodr.pl\/zinet\/historia-zodr-w-barzkowicach\/","og_locale":"pl_PL","og_type":"article","og_title":"Historia ZODR W Barzkowicach - Zachodniopomorski O\u015brodek Doradztwa Rolniczego w Barzkowicach","og_description":"Historia ZODR w Barzkowicach Zachodniopomorski O\u015brodek Doradztwa Rolniczego&nbsp;powsta\u0142 na bazie Regionalnego Centrum Doradztwa Rozwoju Rolnictwa i Obszar\u00f3w Wiejskich w Barzkowicach oraz O\u015brodka Doradztwa Rolniczego w Koszalinie. Zgodnie z Ustaw\u0105,&nbsp;Zachodniopomorski O\u015brodek Doradztwa Rolniczego jest pa\u0144stwow\u0105 jednostk\u0105 organizacyjn\u0105 posiadaj\u0105c\u0105 osobowo\u015b\u0107 prawn\u0105, prowadz\u0105c\u0105 doradztwo rolnicze obejmuj\u0105ce dzia\u0142ania w zakresie rolnictwa, rozwoju wsi, rynk\u00f3w rolnych oraz wiejskiego gospodarstwa domowego, &hellip; Historia ZODR W Barzkowicach Czytaj wi\u0119cej &raquo;","og_url":"https:\/\/zodr.pl\/zinet\/historia-zodr-w-barzkowicach\/","og_site_name":"Zachodniopomorski O\u015brodek Doradztwa Rolniczego w Barzkowicach","article_publisher":"https:\/\/facebook.com\/zodr.barzkowice\/","article_modified_time":"2023-10-04T13:03:16+00:00","twitter_card":"summary_large_image","twitter_misc":{"Est. reading time":"5 minut"},"schema":{"@context":"https:\/\/schema.org","@graph":[{"@type":"WebPage","@id":"https:\/\/zodr.pl\/zinet\/historia-zodr-w-barzkowicach\/","url":"https:\/\/zodr.pl\/zinet\/historia-zodr-w-barzkowicach\/","name":"Historia ZODR W Barzkowicach - Zachodniopomorski O\u015brodek Doradztwa Rolniczego w Barzkowicach","isPartOf":{"@id":"https:\/\/zodr.pl\/zinet\/#website"},"datePublished":"2023-07-24T07:49:32+00:00","dateModified":"2023-10-04T13:03:16+00:00","breadcrumb":{"@id":"https:\/\/zodr.pl\/zinet\/historia-zodr-w-barzkowicach\/#breadcrumb"},"inLanguage":"pl-PL","potentialAction":[{"@type":"ReadAction","target":["https:\/\/zodr.pl\/zinet\/historia-zodr-w-barzkowicach\/"]}]},{"@type":"BreadcrumbList","@id":"https:\/\/zodr.pl\/zinet\/historia-zodr-w-barzkowicach\/#breadcrumb","itemListElement":[{"@type":"ListItem","position":1,"name":"Home","item":"https:\/\/zodr.pl\/zinet\/"},{"@type":"ListItem","position":2,"name":"Historia ZODR W Barzkowicach"}]},{"@type":"WebSite","@id":"https:\/\/zodr.pl\/zinet\/#website","url":"https:\/\/zodr.pl\/zinet\/","name":"Zachodniopomorski O\u015brodek Doradztwa Rolniczego w Barzkowicach","description":"Nowoczesne sale na ka\u017cde wydarzenie - konferencje, szkolenia, warsztaty i uroczysto\u015bci","publisher":{"@id":"https:\/\/zodr.pl\/zinet\/#organization"},"potentialAction":[{"@type":"SearchAction","target":{"@type":"EntryPoint","urlTemplate":"https:\/\/zodr.pl\/zinet\/?s={search_term_string}"},"query-input":{"@type":"PropertyValueSpecification","valueRequired":true,"valueName":"search_term_string"}}],"inLanguage":"pl-PL"},{"@type":"Organization","@id":"https:\/\/zodr.pl\/zinet\/#organization","name":"Zachodniopomorski O\u015brodek Doradztwa Rolniczego w Barzkowicach","url":"https:\/\/zodr.pl\/zinet\/","logo":{"@type":"ImageObject","inLanguage":"pl-PL","@id":"https:\/\/zodr.pl\/zinet\/#\/schema\/logo\/image\/","url":"https:\/\/zodr.pl\/zinet\/wp-content\/uploads\/2024\/07\/cropped-logo_zodr.png","contentUrl":"https:\/\/zodr.pl\/zinet\/wp-content\/uploads\/2024\/07\/cropped-logo_zodr.png","width":125,"height":115,"caption":"Zachodniopomorski O\u015brodek Doradztwa Rolniczego w Barzkowicach"},"image":{"@id":"https:\/\/zodr.pl\/zinet\/#\/schema\/logo\/image\/"},"sameAs":["https:\/\/facebook.com\/zodr.barzkowice\/"]}]}},"uagb_featured_image_src":{"full":false,"thumbnail":false,"medium":false,"medium_large":false,"large":false,"1536x1536":false,"2048x2048":false},"uagb_author_info":{"display_name":"r.ruducha","author_link":"https:\/\/zodr.pl\/zinet\/author\/r-ruducha\/"},"uagb_comment_info":0,"uagb_excerpt":"Historia ZODR w Barzkowicach Zachodniopomorski O\u015brodek Doradztwa Rolniczego&nbsp;powsta\u0142 na bazie Regionalnego Centrum Doradztwa Rozwoju Rolnictwa i Obszar\u00f3w Wiejskich w Barzkowicach oraz O\u015brodka Doradztwa Rolniczego w Koszalinie. Zgodnie z Ustaw\u0105,&nbsp;Zachodniopomorski O\u015brodek Doradztwa Rolniczego jest pa\u0144stwow\u0105 jednostk\u0105 organizacyjn\u0105 posiadaj\u0105c\u0105 osobowo\u015b\u0107 prawn\u0105, prowadz\u0105c\u0105 doradztwo rolnicze obejmuj\u0105ce dzia\u0142ania w zakresie rolnictwa, rozwoju wsi, rynk\u00f3w rolnych oraz wiejskiego gospodarstwa domowego,&hellip;","_links":{"self":[{"href":"https:\/\/zodr.pl\/zinet\/wp-json\/wp\/v2\/pages\/1224","targetHints":{"allow":["GET"]}}],"collection":[{"href":"https:\/\/zodr.pl\/zinet\/wp-json\/wp\/v2\/pages"}],"about":[{"href":"https:\/\/zodr.pl\/zinet\/wp-json\/wp\/v2\/types\/page"}],"author":[{"embeddable":true,"href":"https:\/\/zodr.pl\/zinet\/wp-json\/wp\/v2\/users\/23"}],"replies":[{"embeddable":true,"href":"https:\/\/zodr.pl\/zinet\/wp-json\/wp\/v2\/comments?post=1224"}],"version-history":[{"count":2,"href":"https:\/\/zodr.pl\/zinet\/wp-json\/wp\/v2\/pages\/1224\/revisions"}],"predecessor-version":[{"id":3170,"href":"https:\/\/zodr.pl\/zinet\/wp-json\/wp\/v2\/pages\/1224\/revisions\/3170"}],"wp:attachment":[{"href":"https:\/\/zodr.pl\/zinet\/wp-json\/wp\/v2\/media?parent=1224"}],"curies":[{"name":"wp","href":"https:\/\/api.w.org\/{rel}","templated":true}]}}