{"id":1234,"date":"2023-07-25T12:15:13","date_gmt":"2023-07-25T10:15:13","guid":{"rendered":"http:\/\/serwer2367797.home.pl\/01072023\/wordpress\/?page_id=1234"},"modified":"2025-08-19T14:49:08","modified_gmt":"2025-08-19T12:49:08","slug":"dyrekcja","status":"publish","type":"page","link":"https:\/\/zodr.pl\/zinet\/dyrekcja\/","title":{"rendered":"Dyrekcja"},"content":{"rendered":"\n<div class=\"wp-block-uagb-container _naglowek uagb-block-2e4ee188 alignfull uagb-is-root-container\"><div class=\"uagb-container-inner-blocks-wrap\">\n<div class=\"wp-block-uagb-advanced-heading uagb-block-e8169884\"><h1 class=\"uagb-heading-text\">Dyrekcja<\/h1><\/div>\n<\/div><\/div>\n\n\n\n<div class=\"wp-block-uagb-container uagb-block-45fa62e7 alignfull uagb-is-root-container\"><div class=\"uagb-container-inner-blocks-wrap\">\n<div class=\"wp-block-uagb-container uagb-block-08b3e30e\">\n<div class=\"wp-block-uagb-container uagb-block-38280d21\">\n<div class=\"wp-block-columns is-layout-flex wp-container-core-columns-is-layout-28f84493 wp-block-columns-is-layout-flex\">\n<div class=\"wp-block-column is-layout-flow wp-block-column-is-layout-flow\">\n<figure class=\"wp-block-image size-large is-resized\"><img loading=\"lazy\" decoding=\"async\" width=\"841\" height=\"1024\" src=\"https:\/\/zodr.pl\/zinet\/wp-content\/uploads\/2024\/03\/Zdjecie-od-Soul-841x1024.jpg\" alt=\"\" class=\"wp-image-8759\" style=\"aspect-ratio:0.8212890625;width:154px;height:auto\" srcset=\"https:\/\/zodr.pl\/zinet\/wp-content\/uploads\/2024\/03\/Zdjecie-od-Soul-841x1024.jpg 841w, https:\/\/zodr.pl\/zinet\/wp-content\/uploads\/2024\/03\/Zdjecie-od-Soul-246x300.jpg 246w, https:\/\/zodr.pl\/zinet\/wp-content\/uploads\/2024\/03\/Zdjecie-od-Soul-768x935.jpg 768w, https:\/\/zodr.pl\/zinet\/wp-content\/uploads\/2024\/03\/Zdjecie-od-Soul.jpg 937w\" sizes=\"auto, (max-width: 841px) 100vw, 841px\" \/><\/figure>\n<\/div>\n\n\n\n<div class=\"wp-block-column is-layout-flow wp-block-column-is-layout-flow\">\n<h2 class=\"wp-block-heading has-vivid-red-color has-text-color has-medium-font-size\"><strong>Dyrektor<\/strong><\/h2>\n\n\n\n<h3 class=\"wp-block-heading has-ast-global-color-1-color has-text-color has-medium-font-size\"><strong>mgr Dawid Adamski<\/strong><\/h3>\n<\/div>\n<\/div>\n<\/div>\n\n\n\n<div class=\"wp-block-uagb-container uagb-block-9bb26337\">\n<div class=\"wp-block-columns is-layout-flex wp-container-core-columns-is-layout-28f84493 wp-block-columns-is-layout-flex\">\n<div class=\"wp-block-column is-layout-flow wp-block-column-is-layout-flow\">\n<figure class=\"wp-block-image size-large is-resized\"><img loading=\"lazy\" decoding=\"async\" width=\"768\" height=\"1024\" src=\"https:\/\/zodr.pl\/zinet\/wp-content\/uploads\/2024\/08\/v-ce_dyr-768x1024.jpg\" alt=\"\" class=\"wp-image-11955\" style=\"width:143px;height:auto\" srcset=\"https:\/\/zodr.pl\/zinet\/wp-content\/uploads\/2024\/08\/v-ce_dyr-768x1024.jpg 768w, https:\/\/zodr.pl\/zinet\/wp-content\/uploads\/2024\/08\/v-ce_dyr-225x300.jpg 225w, https:\/\/zodr.pl\/zinet\/wp-content\/uploads\/2024\/08\/v-ce_dyr-1152x1536.jpg 1152w, https:\/\/zodr.pl\/zinet\/wp-content\/uploads\/2024\/08\/v-ce_dyr.jpg 1200w\" sizes=\"auto, (max-width: 768px) 100vw, 768px\" \/><\/figure>\n<\/div>\n\n\n\n<div class=\"wp-block-column is-layout-flow wp-block-column-is-layout-flow\">\n<h2 class=\"wp-block-heading has-vivid-red-color has-text-color has-medium-font-size\"><strong>I Zast\u0119pca Dyrektora<\/strong><\/h2>\n\n\n\n<h3 class=\"wp-block-heading has-ast-global-color-1-color has-text-color has-medium-font-size\"><strong>mgr in\u017c. Ma\u0142gorzata Piotrowska<\/strong><\/h3>\n<\/div>\n<\/div>\n<\/div>\n<\/div>\n\n\n\n<div class=\"wp-block-uagb-container uagb-block-5c75f65d\">\n<div class=\"wp-block-uagb-container uagb-block-7beb7522\">\n<div class=\"wp-block-columns is-layout-flex wp-container-core-columns-is-layout-28f84493 wp-block-columns-is-layout-flex\">\n<div class=\"wp-block-column is-layout-flow wp-block-column-is-layout-flow\">\n<figure class=\"wp-block-image size-large is-resized\"><img loading=\"lazy\" decoding=\"async\" width=\"938\" height=\"1024\" src=\"https:\/\/zodr.pl\/zinet\/wp-content\/uploads\/2024\/11\/Bez-tytulu-2-938x1024.png\" alt=\"\" class=\"wp-image-13008\" style=\"width:157px;height:auto\" srcset=\"https:\/\/zodr.pl\/zinet\/wp-content\/uploads\/2024\/11\/Bez-tytulu-2-938x1024.png 938w, https:\/\/zodr.pl\/zinet\/wp-content\/uploads\/2024\/11\/Bez-tytulu-2-275x300.png 275w, https:\/\/zodr.pl\/zinet\/wp-content\/uploads\/2024\/11\/Bez-tytulu-2-768x838.png 768w, https:\/\/zodr.pl\/zinet\/wp-content\/uploads\/2024\/11\/Bez-tytulu-2.png 1079w\" sizes=\"auto, (max-width: 938px) 100vw, 938px\" \/><\/figure>\n<\/div>\n\n\n\n<div class=\"wp-block-column is-layout-flow wp-block-column-is-layout-flow\">\n<h2 class=\"wp-block-heading has-vivid-red-color has-text-color has-medium-font-size\"><strong>II Zast\u0119pca Dyrektora<\/strong><\/h2>\n\n\n\n<h3 class=\"wp-block-heading has-ast-global-color-1-color has-text-color has-medium-font-size\"><strong>mgr Andrzej Le\u015bniewicz<\/strong><\/h3>\n<\/div>\n<\/div>\n<\/div>\n\n\n\n<div class=\"wp-block-uagb-container uagb-block-4e7e0263\"><\/div>\n<\/div>\n<\/div><\/div>\n\n\n\n<p><\/p>\n","protected":false},"excerpt":{"rendered":"<p>Dyrekcja Dyrektor mgr Dawid Adamski I Zast\u0119pca Dyrektora mgr in\u017c. Ma\u0142gorzata Piotrowska II Zast\u0119pca Dyrektora mgr Andrzej Le\u015bniewicz<\/p>\n","protected":false},"author":23,"featured_media":0,"parent":0,"menu_order":0,"comment_status":"closed","ping_status":"closed","template":"","meta":{"_eb_attr":"","_uag_custom_page_level_css":"","site-sidebar-layout":"default","site-content-layout":"page-builder","ast-site-content-layout":"full-width-container","site-content-style":"unboxed","site-sidebar-style":"unboxed","ast-global-header-display":"","ast-banner-title-visibility":"","ast-main-header-display":"","ast-hfb-above-header-display":"","ast-hfb-below-header-display":"","ast-hfb-mobile-header-display":"","site-post-title":"disabled","ast-breadcrumbs-content":"","ast-featured-img":"","footer-sml-layout":"","theme-transparent-header-meta":"","adv-header-id-meta":"","stick-header-meta":"","header-above-stick-meta":"","header-main-stick-meta":"","header-below-stick-meta":"","astra-migrate-meta-layouts":"set","_mc_calendar":[],"footnotes":""},"class_list":["post-1234","page","type-page","status-publish","hentry"],"yoast_head":"<!-- This site is optimized with the Yoast SEO plugin v25.7 - https:\/\/yoast.com\/wordpress\/plugins\/seo\/ -->\n<title>Dyrekcja - Zachodniopomorski O\u015brodek Doradztwa Rolniczego w Barzkowicach<\/title>\n<meta name=\"robots\" content=\"index, follow, max-snippet:-1, max-image-preview:large, max-video-preview:-1\" \/>\n<link rel=\"canonical\" href=\"https:\/\/zodr.pl\/zinet\/dyrekcja\/\" \/>\n<meta property=\"og:locale\" content=\"pl_PL\" \/>\n<meta property=\"og:type\" content=\"article\" \/>\n<meta property=\"og:title\" content=\"Dyrekcja - Zachodniopomorski O\u015brodek Doradztwa Rolniczego w Barzkowicach\" \/>\n<meta property=\"og:description\" content=\"Dyrekcja Dyrektor mgr Dawid Adamski I Zast\u0119pca Dyrektora mgr in\u017c. Ma\u0142gorzata Piotrowska II Zast\u0119pca Dyrektora mgr Andrzej Le\u015bniewicz\" \/>\n<meta property=\"og:url\" content=\"https:\/\/zodr.pl\/zinet\/dyrekcja\/\" \/>\n<meta property=\"og:site_name\" content=\"Zachodniopomorski O\u015brodek Doradztwa Rolniczego w Barzkowicach\" \/>\n<meta property=\"article:publisher\" content=\"https:\/\/facebook.com\/zodr.barzkowice\/\" \/>\n<meta property=\"article:modified_time\" content=\"2025-08-19T12:49:08+00:00\" \/>\n<meta property=\"og:image\" content=\"https:\/\/zodr.pl\/zinet\/wp-content\/uploads\/2024\/03\/Zdjecie-od-Soul.jpg\" \/>\n\t<meta property=\"og:image:width\" content=\"937\" \/>\n\t<meta property=\"og:image:height\" content=\"1141\" \/>\n\t<meta property=\"og:image:type\" content=\"image\/jpeg\" \/>\n<meta name=\"twitter:card\" content=\"summary_large_image\" \/>\n<meta name=\"twitter:label1\" content=\"Est. reading time\" \/>\n\t<meta name=\"twitter:data1\" content=\"1 minuta\" \/>\n<script type=\"application\/ld+json\" class=\"yoast-schema-graph\">{\"@context\":\"https:\/\/schema.org\",\"@graph\":[{\"@type\":\"WebPage\",\"@id\":\"https:\/\/zodr.pl\/zinet\/dyrekcja\/\",\"url\":\"https:\/\/zodr.pl\/zinet\/dyrekcja\/\",\"name\":\"Dyrekcja - Zachodniopomorski O\u015brodek Doradztwa Rolniczego w Barzkowicach\",\"isPartOf\":{\"@id\":\"https:\/\/zodr.pl\/zinet\/#website\"},\"primaryImageOfPage\":{\"@id\":\"https:\/\/zodr.pl\/zinet\/dyrekcja\/#primaryimage\"},\"image\":{\"@id\":\"https:\/\/zodr.pl\/zinet\/dyrekcja\/#primaryimage\"},\"thumbnailUrl\":\"https:\/\/zodr.pl\/zinet\/wp-content\/uploads\/2024\/03\/Zdjecie-od-Soul-841x1024.jpg\",\"datePublished\":\"2023-07-25T10:15:13+00:00\",\"dateModified\":\"2025-08-19T12:49:08+00:00\",\"breadcrumb\":{\"@id\":\"https:\/\/zodr.pl\/zinet\/dyrekcja\/#breadcrumb\"},\"inLanguage\":\"pl-PL\",\"potentialAction\":[{\"@type\":\"ReadAction\",\"target\":[\"https:\/\/zodr.pl\/zinet\/dyrekcja\/\"]}]},{\"@type\":\"ImageObject\",\"inLanguage\":\"pl-PL\",\"@id\":\"https:\/\/zodr.pl\/zinet\/dyrekcja\/#primaryimage\",\"url\":\"https:\/\/zodr.pl\/zinet\/wp-content\/uploads\/2024\/03\/Zdjecie-od-Soul.jpg\",\"contentUrl\":\"https:\/\/zodr.pl\/zinet\/wp-content\/uploads\/2024\/03\/Zdjecie-od-Soul.jpg\",\"width\":937,\"height\":1141},{\"@type\":\"BreadcrumbList\",\"@id\":\"https:\/\/zodr.pl\/zinet\/dyrekcja\/#breadcrumb\",\"itemListElement\":[{\"@type\":\"ListItem\",\"position\":1,\"name\":\"Home\",\"item\":\"https:\/\/zodr.pl\/zinet\/\"},{\"@type\":\"ListItem\",\"position\":2,\"name\":\"Dyrekcja\"}]},{\"@type\":\"WebSite\",\"@id\":\"https:\/\/zodr.pl\/zinet\/#website\",\"url\":\"https:\/\/zodr.pl\/zinet\/\",\"name\":\"Zachodniopomorski O\u015brodek Doradztwa Rolniczego w Barzkowicach\",\"description\":\"Nowoczesne sale na ka\u017cde wydarzenie - konferencje, szkolenia, warsztaty i uroczysto\u015bci\",\"publisher\":{\"@id\":\"https:\/\/zodr.pl\/zinet\/#organization\"},\"potentialAction\":[{\"@type\":\"SearchAction\",\"target\":{\"@type\":\"EntryPoint\",\"urlTemplate\":\"https:\/\/zodr.pl\/zinet\/?s={search_term_string}\"},\"query-input\":{\"@type\":\"PropertyValueSpecification\",\"valueRequired\":true,\"valueName\":\"search_term_string\"}}],\"inLanguage\":\"pl-PL\"},{\"@type\":\"Organization\",\"@id\":\"https:\/\/zodr.pl\/zinet\/#organization\",\"name\":\"Zachodniopomorski O\u015brodek Doradztwa Rolniczego w Barzkowicach\",\"url\":\"https:\/\/zodr.pl\/zinet\/\",\"logo\":{\"@type\":\"ImageObject\",\"inLanguage\":\"pl-PL\",\"@id\":\"https:\/\/zodr.pl\/zinet\/#\/schema\/logo\/image\/\",\"url\":\"https:\/\/zodr.pl\/zinet\/wp-content\/uploads\/2024\/07\/cropped-logo_zodr.png\",\"contentUrl\":\"https:\/\/zodr.pl\/zinet\/wp-content\/uploads\/2024\/07\/cropped-logo_zodr.png\",\"width\":125,\"height\":115,\"caption\":\"Zachodniopomorski O\u015brodek Doradztwa Rolniczego w Barzkowicach\"},\"image\":{\"@id\":\"https:\/\/zodr.pl\/zinet\/#\/schema\/logo\/image\/\"},\"sameAs\":[\"https:\/\/facebook.com\/zodr.barzkowice\/\"]}]}<\/script>\n<!-- \/ Yoast SEO plugin. -->","yoast_head_json":{"title":"Dyrekcja - Zachodniopomorski O\u015brodek Doradztwa Rolniczego w Barzkowicach","robots":{"index":"index","follow":"follow","max-snippet":"max-snippet:-1","max-image-preview":"max-image-preview:large","max-video-preview":"max-video-preview:-1"},"canonical":"https:\/\/zodr.pl\/zinet\/dyrekcja\/","og_locale":"pl_PL","og_type":"article","og_title":"Dyrekcja - Zachodniopomorski O\u015brodek Doradztwa Rolniczego w Barzkowicach","og_description":"Dyrekcja Dyrektor mgr Dawid Adamski I Zast\u0119pca Dyrektora mgr in\u017c. Ma\u0142gorzata Piotrowska II Zast\u0119pca Dyrektora mgr Andrzej Le\u015bniewicz","og_url":"https:\/\/zodr.pl\/zinet\/dyrekcja\/","og_site_name":"Zachodniopomorski O\u015brodek Doradztwa Rolniczego w Barzkowicach","article_publisher":"https:\/\/facebook.com\/zodr.barzkowice\/","article_modified_time":"2025-08-19T12:49:08+00:00","og_image":[{"width":937,"height":1141,"url":"https:\/\/zodr.pl\/zinet\/wp-content\/uploads\/2024\/03\/Zdjecie-od-Soul.jpg","type":"image\/jpeg"}],"twitter_card":"summary_large_image","twitter_misc":{"Est. reading time":"1 minuta"},"schema":{"@context":"https:\/\/schema.org","@graph":[{"@type":"WebPage","@id":"https:\/\/zodr.pl\/zinet\/dyrekcja\/","url":"https:\/\/zodr.pl\/zinet\/dyrekcja\/","name":"Dyrekcja - Zachodniopomorski O\u015brodek Doradztwa Rolniczego w Barzkowicach","isPartOf":{"@id":"https:\/\/zodr.pl\/zinet\/#website"},"primaryImageOfPage":{"@id":"https:\/\/zodr.pl\/zinet\/dyrekcja\/#primaryimage"},"image":{"@id":"https:\/\/zodr.pl\/zinet\/dyrekcja\/#primaryimage"},"thumbnailUrl":"https:\/\/zodr.pl\/zinet\/wp-content\/uploads\/2024\/03\/Zdjecie-od-Soul-841x1024.jpg","datePublished":"2023-07-25T10:15:13+00:00","dateModified":"2025-08-19T12:49:08+00:00","breadcrumb":{"@id":"https:\/\/zodr.pl\/zinet\/dyrekcja\/#breadcrumb"},"inLanguage":"pl-PL","potentialAction":[{"@type":"ReadAction","target":["https:\/\/zodr.pl\/zinet\/dyrekcja\/"]}]},{"@type":"ImageObject","inLanguage":"pl-PL","@id":"https:\/\/zodr.pl\/zinet\/dyrekcja\/#primaryimage","url":"https:\/\/zodr.pl\/zinet\/wp-content\/uploads\/2024\/03\/Zdjecie-od-Soul.jpg","contentUrl":"https:\/\/zodr.pl\/zinet\/wp-content\/uploads\/2024\/03\/Zdjecie-od-Soul.jpg","width":937,"height":1141},{"@type":"BreadcrumbList","@id":"https:\/\/zodr.pl\/zinet\/dyrekcja\/#breadcrumb","itemListElement":[{"@type":"ListItem","position":1,"name":"Home","item":"https:\/\/zodr.pl\/zinet\/"},{"@type":"ListItem","position":2,"name":"Dyrekcja"}]},{"@type":"WebSite","@id":"https:\/\/zodr.pl\/zinet\/#website","url":"https:\/\/zodr.pl\/zinet\/","name":"Zachodniopomorski O\u015brodek Doradztwa Rolniczego w Barzkowicach","description":"Nowoczesne sale na ka\u017cde wydarzenie - konferencje, szkolenia, warsztaty i uroczysto\u015bci","publisher":{"@id":"https:\/\/zodr.pl\/zinet\/#organization"},"potentialAction":[{"@type":"SearchAction","target":{"@type":"EntryPoint","urlTemplate":"https:\/\/zodr.pl\/zinet\/?s={search_term_string}"},"query-input":{"@type":"PropertyValueSpecification","valueRequired":true,"valueName":"search_term_string"}}],"inLanguage":"pl-PL"},{"@type":"Organization","@id":"https:\/\/zodr.pl\/zinet\/#organization","name":"Zachodniopomorski O\u015brodek Doradztwa Rolniczego w Barzkowicach","url":"https:\/\/zodr.pl\/zinet\/","logo":{"@type":"ImageObject","inLanguage":"pl-PL","@id":"https:\/\/zodr.pl\/zinet\/#\/schema\/logo\/image\/","url":"https:\/\/zodr.pl\/zinet\/wp-content\/uploads\/2024\/07\/cropped-logo_zodr.png","contentUrl":"https:\/\/zodr.pl\/zinet\/wp-content\/uploads\/2024\/07\/cropped-logo_zodr.png","width":125,"height":115,"caption":"Zachodniopomorski O\u015brodek Doradztwa Rolniczego w Barzkowicach"},"image":{"@id":"https:\/\/zodr.pl\/zinet\/#\/schema\/logo\/image\/"},"sameAs":["https:\/\/facebook.com\/zodr.barzkowice\/"]}]}},"uagb_featured_image_src":{"full":false,"thumbnail":false,"medium":false,"medium_large":false,"large":false,"1536x1536":false,"2048x2048":false},"uagb_author_info":{"display_name":"r.ruducha","author_link":"https:\/\/zodr.pl\/zinet\/author\/r-ruducha\/"},"uagb_comment_info":0,"uagb_excerpt":"Dyrekcja Dyrektor mgr Dawid Adamski I Zast\u0119pca Dyrektora mgr in\u017c. Ma\u0142gorzata Piotrowska II Zast\u0119pca Dyrektora mgr Andrzej Le\u015bniewicz","_links":{"self":[{"href":"https:\/\/zodr.pl\/zinet\/wp-json\/wp\/v2\/pages\/1234","targetHints":{"allow":["GET"]}}],"collection":[{"href":"https:\/\/zodr.pl\/zinet\/wp-json\/wp\/v2\/pages"}],"about":[{"href":"https:\/\/zodr.pl\/zinet\/wp-json\/wp\/v2\/types\/page"}],"author":[{"embeddable":true,"href":"https:\/\/zodr.pl\/zinet\/wp-json\/wp\/v2\/users\/23"}],"replies":[{"embeddable":true,"href":"https:\/\/zodr.pl\/zinet\/wp-json\/wp\/v2\/comments?post=1234"}],"version-history":[{"count":16,"href":"https:\/\/zodr.pl\/zinet\/wp-json\/wp\/v2\/pages\/1234\/revisions"}],"predecessor-version":[{"id":13009,"href":"https:\/\/zodr.pl\/zinet\/wp-json\/wp\/v2\/pages\/1234\/revisions\/13009"}],"wp:attachment":[{"href":"https:\/\/zodr.pl\/zinet\/wp-json\/wp\/v2\/media?parent=1234"}],"curies":[{"name":"wp","href":"https:\/\/api.w.org\/{rel}","templated":true}]}}