{"id":12705,"date":"2024-10-04T09:29:48","date_gmt":"2024-10-04T07:29:48","guid":{"rendered":"https:\/\/zodr.pl\/zinet\/?page_id=12705"},"modified":"2025-12-02T12:24:05","modified_gmt":"2025-12-02T11:24:05","slug":"zakwaszenie-i-wapnowanie-gleb","status":"publish","type":"page","link":"https:\/\/zodr.pl\/zinet\/zakwaszenie-i-wapnowanie-gleb\/","title":{"rendered":"Zakwaszenie i wapnowanie gleb"},"content":{"rendered":"\n<div class=\"wp-block-file\"><a id=\"wp-block-file--media-22a12398-67e6-426d-b38d-f09db04bd93b\" href=\"https:\/\/zodr.pl\/zinet\/wp-content\/uploads\/2024\/10\/PROGRAM-SZKOLENIA-ZAKWASZENIE-I-WAPNOWANIE-GLEBdocx.pdf\"><strong><mark style=\"background-color:rgba(0, 0, 0, 0)\" class=\"has-inline-color has-ast-global-color-1-color\">PROGRAM SZKOLENIA ZAKWASZENIE I WAPNOWANIE GLEB<\/mark><\/strong><\/a><a href=\"https:\/\/zodr.pl\/zinet\/wp-content\/uploads\/2024\/10\/PROGRAM-SZKOLENIA-ZAKWASZENIE-I-WAPNOWANIE-GLEBdocx.pdf\" class=\"wp-block-file__button wp-element-button\" download aria-describedby=\"wp-block-file--media-22a12398-67e6-426d-b38d-f09db04bd93b\">Pobierz<\/a><\/div>\n\n\n\n<div class=\"wp-block-columns is-layout-flex wp-container-core-columns-is-layout-28f84493 wp-block-columns-is-layout-flex\">\n<div class=\"wp-block-column is-layout-flow wp-block-column-is-layout-flow\">\n<figure class=\"wp-block-image aligncenter size-full is-resized\"><img loading=\"lazy\" decoding=\"async\" width=\"292\" height=\"161\" src=\"https:\/\/zodr.pl\/zinet\/wp-content\/uploads\/2024\/05\/logotyp_PS_WPR.jpg\" alt=\"\" class=\"wp-image-10374\" style=\"width:272px;height:auto\"\/><\/figure>\n<\/div>\n\n\n\n<div class=\"wp-block-column is-layout-flow wp-block-column-is-layout-flow\">\n<figure class=\"wp-block-image alignleft size-full is-resized\"><img loading=\"lazy\" decoding=\"async\" width=\"551\" height=\"212\" src=\"https:\/\/zodr.pl\/zinet\/wp-content\/uploads\/2024\/05\/Znak-Unii-Europejskiej.jpg\" alt=\"\" class=\"wp-image-10373\" style=\"width:376px;height:auto\" srcset=\"https:\/\/zodr.pl\/zinet\/wp-content\/uploads\/2024\/05\/Znak-Unii-Europejskiej.jpg 551w, https:\/\/zodr.pl\/zinet\/wp-content\/uploads\/2024\/05\/Znak-Unii-Europejskiej-300x115.jpg 300w\" sizes=\"auto, (max-width: 551px) 100vw, 551px\" \/><\/figure>\n<\/div>\n<\/div>\n\n\n\n<p class=\"has-text-align-center\"><strong><mark style=\"background-color:rgba(0, 0, 0, 0)\" class=\"has-inline-color has-ast-global-color-1-color\">SZKOLENIA<\/mark><\/strong><br><strong><mark style=\"background-color:rgba(0, 0, 0, 0)\" class=\"has-inline-color has-ast-global-color-1-color\">PODSTAWOWE DLA ROLNIK\u00d3W<\/mark><\/strong><\/p>\n\n\n\n<p>Zachodniopomorski&nbsp; O\u015brodek Doradztwa Rolniczego w Barzkowicach podj\u0105\u0142 realizacj\u0119 operacji w&nbsp;ramach interwencji I.14.1.1 Doskonalenie zawodowe rolnik\u00f3w modu\u0142 1:&nbsp;<strong>Szkolenia podstawowe dla rolnik\u00f3w<\/strong>&nbsp;obj\u0119tej Planem Strategicznym na lata 2023-2027.<\/p>\n\n\n\n<p>W ramach operacji b\u0119d\u0105 realizowane bezp\u0142atne szkolenia, kt\u00f3rych celem jest &nbsp;zapewnienie przep\u0142ywu wiedzy i informacji w zakresie rozwoju gospodarstw rolnych, co przyczyni si\u0119 do realizacji celu przekrojowego, polegaj\u0105cego na modernizacji sektora przez sprzyjanie dzieleniu si\u0119 wiedz\u0105, innowacji i cyfryzacji w rolnictwie i na obszarach wiejskich. Szkolenia realizowane b\u0119d\u0105 w latach 2024-2029.<\/p>\n\n\n\n<p><strong>Temat szkolenia:<\/strong><\/p>\n\n\n\n<p><strong>ZAKWASZENIE I WAPNOWANIE GLEB<\/strong><\/p>\n\n\n\n<p><strong><u>Program szkolenia:<\/u><\/strong><\/p>\n\n\n\n<p class=\"has-ast-global-color-8-color has-midnight-gradient-background has-text-color has-background has-link-color wp-elements-265d3c1af978d6e011235179c7c475e0\"><strong><a href=\"https:\/\/zodr.pl\/zinet\/wp-content\/uploads\/2025\/06\/Program-szkolenia-zakwaszenie-i-wapnowanie-gleb.pdf\">POBIERZ PROGRAM SZKOLENIA<\/a><\/strong><\/p>\n\n\n\n<p><strong>Lokalizacje i terminy szkole\u0144<\/strong><\/p>\n\n\n\n<figure class=\"wp-block-table\"><table><tbody><tr><td><strong>Lp.<\/strong><\/td><td><strong>Powiat<\/strong><\/td><td><strong>Lokalizacja szkole\u0144<\/strong><\/td><td><strong>Terminy szkole\u0144 \/ godzina rozpocz\u0119cia<\/strong><\/td><\/tr><tr><td>1.<\/td><td>ko\u0142obrzeski<\/td><td>Baltic Plaza Hotel Medi SPA &amp; Fit<br>ul. Pla\u017cowa 1, Ko\u0142obrzeg<\/td><td><strong>08 lipca 2025 r.&nbsp; <\/strong><br>Rozpocz\u0119cie godz. 9.00<\/td><\/tr><tr><td>2.<\/td><td>szczecinecki<\/td><td>Le\u015bny Dw\u00f3r<br>ul. Wierzbowa 4, Szczecinek<\/td><td><strong><strong>10 lipca 2025 r.<\/strong><\/strong> &nbsp; <br>Rozpocz\u0119cie godz. 9.00<\/td><\/tr><tr><td>3.<\/td><td>koszali\u0144ski<\/td><td>Hotel Nat Sarbinowo<br>ul. Nadmorska 65, 76-034 Sarbinowo<\/td><td><strong>10 wrze\u015bnia 2025 r.<\/strong><br>Rozpocz\u0119cie godz. 9.00<\/td><\/tr><tr><td>4.<\/td><td>drawski<\/td><td>Lubi\u0119 Resort Hotel<br>Gudowo 64, Gudowo<\/td><td><strong>15 wrze\u015bnia 2025 r.<\/strong><br>Rozpocz\u0119cie godz. 9.00<\/td><\/tr><tr><td>5.<\/td><td>stargardzki<\/td><td>Zachodniopomorski O\u015brodek Doradztwa Rolniczego<br>Barzkowice 2<\/td><td><strong>24 wrze\u015bnia 2025 r.<\/strong><br>Rozpocz\u0119cie godz. 9.00<\/td><\/tr><tr><td>6.<\/td><td>s\u0142awie\u0144ski<\/td><td>Hotel Jan Dar\u0142owo<br>ul. S\u0142owia\u0144ska 24, Dar\u0142owo<\/td><td><strong>04 wrze\u015bnia 2025 r.<\/strong><br>Rozpocz\u0119cie godz. 9.00<\/td><\/tr><\/tbody><\/table><\/figure>\n\n\n\n<p><strong>Kontakt w sprawie szkole\u0144 &nbsp;w ZODR w Barzkowicach:<\/strong><\/p>\n\n\n\n<p>Joanna Fink tel. 91&nbsp;479 40 27<\/p>\n\n\n\n<p><\/p>\n","protected":false},"excerpt":{"rendered":"<p>SZKOLENIAPODSTAWOWE DLA ROLNIK\u00d3W Zachodniopomorski&nbsp; O\u015brodek Doradztwa Rolniczego w Barzkowicach podj\u0105\u0142 realizacj\u0119 operacji w&nbsp;ramach interwencji I.14.1.1 Doskonalenie zawodowe rolnik\u00f3w modu\u0142 1:&nbsp;Szkolenia podstawowe dla rolnik\u00f3w&nbsp;obj\u0119tej Planem Strategicznym na lata 2023-2027. W ramach operacji b\u0119d\u0105 realizowane bezp\u0142atne szkolenia, kt\u00f3rych celem jest &nbsp;zapewnienie przep\u0142ywu wiedzy i informacji w zakresie rozwoju gospodarstw rolnych, co przyczyni si\u0119 do realizacji celu przekrojowego, &hellip;<\/p>\n<p class=\"read-more\"> <a class=\"\" href=\"https:\/\/zodr.pl\/zinet\/zakwaszenie-i-wapnowanie-gleb\/\"> <span class=\"screen-reader-text\">Zakwaszenie i wapnowanie gleb<\/span> Czytaj wi\u0119cej &raquo;<\/a><\/p>\n","protected":false},"author":23,"featured_media":0,"parent":0,"menu_order":0,"comment_status":"closed","ping_status":"closed","template":"","meta":{"_eb_attr":"","_uag_custom_page_level_css":"","site-sidebar-layout":"default","site-content-layout":"","ast-site-content-layout":"default","site-content-style":"default","site-sidebar-style":"default","ast-global-header-display":"","ast-banner-title-visibility":"","ast-main-header-display":"","ast-hfb-above-header-display":"","ast-hfb-below-header-display":"","ast-hfb-mobile-header-display":"","site-post-title":"","ast-breadcrumbs-content":"","ast-featured-img":"","footer-sml-layout":"","theme-transparent-header-meta":"","adv-header-id-meta":"","stick-header-meta":"","header-above-stick-meta":"","header-main-stick-meta":"","header-below-stick-meta":"","astra-migrate-meta-layouts":"set","_mc_calendar":[],"footnotes":""},"class_list":["post-12705","page","type-page","status-publish","hentry"],"yoast_head":"<!-- This site is optimized with the Yoast SEO plugin v25.7 - https:\/\/yoast.com\/wordpress\/plugins\/seo\/ -->\n<title>Zakwaszenie i wapnowanie gleb - Zachodniopomorski O\u015brodek Doradztwa Rolniczego w Barzkowicach<\/title>\n<meta name=\"robots\" content=\"index, follow, max-snippet:-1, max-image-preview:large, max-video-preview:-1\" \/>\n<link rel=\"canonical\" href=\"https:\/\/zodr.pl\/zinet\/zakwaszenie-i-wapnowanie-gleb\/\" \/>\n<meta property=\"og:locale\" content=\"pl_PL\" \/>\n<meta property=\"og:type\" content=\"article\" \/>\n<meta property=\"og:title\" content=\"Zakwaszenie i wapnowanie gleb - Zachodniopomorski O\u015brodek Doradztwa Rolniczego w Barzkowicach\" \/>\n<meta property=\"og:description\" content=\"SZKOLENIAPODSTAWOWE DLA ROLNIK\u00d3W Zachodniopomorski&nbsp; O\u015brodek Doradztwa Rolniczego w Barzkowicach podj\u0105\u0142 realizacj\u0119 operacji w&nbsp;ramach interwencji I.14.1.1 Doskonalenie zawodowe rolnik\u00f3w modu\u0142 1:&nbsp;Szkolenia podstawowe dla rolnik\u00f3w&nbsp;obj\u0119tej Planem Strategicznym na lata 2023-2027. W ramach operacji b\u0119d\u0105 realizowane bezp\u0142atne szkolenia, kt\u00f3rych celem jest &nbsp;zapewnienie przep\u0142ywu wiedzy i informacji w zakresie rozwoju gospodarstw rolnych, co przyczyni si\u0119 do realizacji celu przekrojowego, &hellip; Zakwaszenie i wapnowanie gleb Czytaj wi\u0119cej &raquo;\" \/>\n<meta property=\"og:url\" content=\"https:\/\/zodr.pl\/zinet\/zakwaszenie-i-wapnowanie-gleb\/\" \/>\n<meta property=\"og:site_name\" content=\"Zachodniopomorski O\u015brodek Doradztwa Rolniczego w Barzkowicach\" \/>\n<meta property=\"article:publisher\" content=\"https:\/\/facebook.com\/zodr.barzkowice\/\" \/>\n<meta property=\"article:modified_time\" content=\"2025-12-02T11:24:05+00:00\" \/>\n<meta property=\"og:image\" content=\"https:\/\/zodr.pl\/zinet\/wp-content\/uploads\/2024\/05\/logotyp_PS_WPR.jpg\" \/>\n\t<meta property=\"og:image:width\" content=\"292\" \/>\n\t<meta property=\"og:image:height\" content=\"161\" \/>\n\t<meta property=\"og:image:type\" content=\"image\/jpeg\" \/>\n<meta name=\"twitter:card\" content=\"summary_large_image\" \/>\n<script type=\"application\/ld+json\" class=\"yoast-schema-graph\">{\"@context\":\"https:\/\/schema.org\",\"@graph\":[{\"@type\":\"WebPage\",\"@id\":\"https:\/\/zodr.pl\/zinet\/zakwaszenie-i-wapnowanie-gleb\/\",\"url\":\"https:\/\/zodr.pl\/zinet\/zakwaszenie-i-wapnowanie-gleb\/\",\"name\":\"Zakwaszenie i wapnowanie gleb - Zachodniopomorski O\u015brodek Doradztwa Rolniczego w Barzkowicach\",\"isPartOf\":{\"@id\":\"https:\/\/zodr.pl\/zinet\/#website\"},\"primaryImageOfPage\":{\"@id\":\"https:\/\/zodr.pl\/zinet\/zakwaszenie-i-wapnowanie-gleb\/#primaryimage\"},\"image\":{\"@id\":\"https:\/\/zodr.pl\/zinet\/zakwaszenie-i-wapnowanie-gleb\/#primaryimage\"},\"thumbnailUrl\":\"https:\/\/zodr.pl\/zinet\/wp-content\/uploads\/2024\/05\/logotyp_PS_WPR.jpg\",\"datePublished\":\"2024-10-04T07:29:48+00:00\",\"dateModified\":\"2025-12-02T11:24:05+00:00\",\"breadcrumb\":{\"@id\":\"https:\/\/zodr.pl\/zinet\/zakwaszenie-i-wapnowanie-gleb\/#breadcrumb\"},\"inLanguage\":\"pl-PL\",\"potentialAction\":[{\"@type\":\"ReadAction\",\"target\":[\"https:\/\/zodr.pl\/zinet\/zakwaszenie-i-wapnowanie-gleb\/\"]}]},{\"@type\":\"ImageObject\",\"inLanguage\":\"pl-PL\",\"@id\":\"https:\/\/zodr.pl\/zinet\/zakwaszenie-i-wapnowanie-gleb\/#primaryimage\",\"url\":\"https:\/\/zodr.pl\/zinet\/wp-content\/uploads\/2024\/05\/logotyp_PS_WPR.jpg\",\"contentUrl\":\"https:\/\/zodr.pl\/zinet\/wp-content\/uploads\/2024\/05\/logotyp_PS_WPR.jpg\",\"width\":292,\"height\":161},{\"@type\":\"BreadcrumbList\",\"@id\":\"https:\/\/zodr.pl\/zinet\/zakwaszenie-i-wapnowanie-gleb\/#breadcrumb\",\"itemListElement\":[{\"@type\":\"ListItem\",\"position\":1,\"name\":\"Home\",\"item\":\"https:\/\/zodr.pl\/zinet\/\"},{\"@type\":\"ListItem\",\"position\":2,\"name\":\"Zakwaszenie i wapnowanie gleb\"}]},{\"@type\":\"WebSite\",\"@id\":\"https:\/\/zodr.pl\/zinet\/#website\",\"url\":\"https:\/\/zodr.pl\/zinet\/\",\"name\":\"Zachodniopomorski O\u015brodek Doradztwa Rolniczego w Barzkowicach\",\"description\":\"Nowoczesne sale na ka\u017cde wydarzenie - konferencje, szkolenia, warsztaty i uroczysto\u015bci\",\"publisher\":{\"@id\":\"https:\/\/zodr.pl\/zinet\/#organization\"},\"potentialAction\":[{\"@type\":\"SearchAction\",\"target\":{\"@type\":\"EntryPoint\",\"urlTemplate\":\"https:\/\/zodr.pl\/zinet\/?s={search_term_string}\"},\"query-input\":{\"@type\":\"PropertyValueSpecification\",\"valueRequired\":true,\"valueName\":\"search_term_string\"}}],\"inLanguage\":\"pl-PL\"},{\"@type\":\"Organization\",\"@id\":\"https:\/\/zodr.pl\/zinet\/#organization\",\"name\":\"Zachodniopomorski O\u015brodek Doradztwa Rolniczego w Barzkowicach\",\"url\":\"https:\/\/zodr.pl\/zinet\/\",\"logo\":{\"@type\":\"ImageObject\",\"inLanguage\":\"pl-PL\",\"@id\":\"https:\/\/zodr.pl\/zinet\/#\/schema\/logo\/image\/\",\"url\":\"https:\/\/zodr.pl\/zinet\/wp-content\/uploads\/2024\/07\/cropped-logo_zodr.png\",\"contentUrl\":\"https:\/\/zodr.pl\/zinet\/wp-content\/uploads\/2024\/07\/cropped-logo_zodr.png\",\"width\":125,\"height\":115,\"caption\":\"Zachodniopomorski O\u015brodek Doradztwa Rolniczego w Barzkowicach\"},\"image\":{\"@id\":\"https:\/\/zodr.pl\/zinet\/#\/schema\/logo\/image\/\"},\"sameAs\":[\"https:\/\/facebook.com\/zodr.barzkowice\/\"]}]}<\/script>\n<!-- \/ Yoast SEO plugin. -->","yoast_head_json":{"title":"Zakwaszenie i wapnowanie gleb - Zachodniopomorski O\u015brodek Doradztwa Rolniczego w Barzkowicach","robots":{"index":"index","follow":"follow","max-snippet":"max-snippet:-1","max-image-preview":"max-image-preview:large","max-video-preview":"max-video-preview:-1"},"canonical":"https:\/\/zodr.pl\/zinet\/zakwaszenie-i-wapnowanie-gleb\/","og_locale":"pl_PL","og_type":"article","og_title":"Zakwaszenie i wapnowanie gleb - Zachodniopomorski O\u015brodek Doradztwa Rolniczego w Barzkowicach","og_description":"SZKOLENIAPODSTAWOWE DLA ROLNIK\u00d3W Zachodniopomorski&nbsp; O\u015brodek Doradztwa Rolniczego w Barzkowicach podj\u0105\u0142 realizacj\u0119 operacji w&nbsp;ramach interwencji I.14.1.1 Doskonalenie zawodowe rolnik\u00f3w modu\u0142 1:&nbsp;Szkolenia podstawowe dla rolnik\u00f3w&nbsp;obj\u0119tej Planem Strategicznym na lata 2023-2027. W ramach operacji b\u0119d\u0105 realizowane bezp\u0142atne szkolenia, kt\u00f3rych celem jest &nbsp;zapewnienie przep\u0142ywu wiedzy i informacji w zakresie rozwoju gospodarstw rolnych, co przyczyni si\u0119 do realizacji celu przekrojowego, &hellip; Zakwaszenie i wapnowanie gleb Czytaj wi\u0119cej &raquo;","og_url":"https:\/\/zodr.pl\/zinet\/zakwaszenie-i-wapnowanie-gleb\/","og_site_name":"Zachodniopomorski O\u015brodek Doradztwa Rolniczego w Barzkowicach","article_publisher":"https:\/\/facebook.com\/zodr.barzkowice\/","article_modified_time":"2025-12-02T11:24:05+00:00","og_image":[{"width":292,"height":161,"url":"https:\/\/zodr.pl\/zinet\/wp-content\/uploads\/2024\/05\/logotyp_PS_WPR.jpg","type":"image\/jpeg"}],"twitter_card":"summary_large_image","schema":{"@context":"https:\/\/schema.org","@graph":[{"@type":"WebPage","@id":"https:\/\/zodr.pl\/zinet\/zakwaszenie-i-wapnowanie-gleb\/","url":"https:\/\/zodr.pl\/zinet\/zakwaszenie-i-wapnowanie-gleb\/","name":"Zakwaszenie i wapnowanie gleb - Zachodniopomorski O\u015brodek Doradztwa Rolniczego w Barzkowicach","isPartOf":{"@id":"https:\/\/zodr.pl\/zinet\/#website"},"primaryImageOfPage":{"@id":"https:\/\/zodr.pl\/zinet\/zakwaszenie-i-wapnowanie-gleb\/#primaryimage"},"image":{"@id":"https:\/\/zodr.pl\/zinet\/zakwaszenie-i-wapnowanie-gleb\/#primaryimage"},"thumbnailUrl":"https:\/\/zodr.pl\/zinet\/wp-content\/uploads\/2024\/05\/logotyp_PS_WPR.jpg","datePublished":"2024-10-04T07:29:48+00:00","dateModified":"2025-12-02T11:24:05+00:00","breadcrumb":{"@id":"https:\/\/zodr.pl\/zinet\/zakwaszenie-i-wapnowanie-gleb\/#breadcrumb"},"inLanguage":"pl-PL","potentialAction":[{"@type":"ReadAction","target":["https:\/\/zodr.pl\/zinet\/zakwaszenie-i-wapnowanie-gleb\/"]}]},{"@type":"ImageObject","inLanguage":"pl-PL","@id":"https:\/\/zodr.pl\/zinet\/zakwaszenie-i-wapnowanie-gleb\/#primaryimage","url":"https:\/\/zodr.pl\/zinet\/wp-content\/uploads\/2024\/05\/logotyp_PS_WPR.jpg","contentUrl":"https:\/\/zodr.pl\/zinet\/wp-content\/uploads\/2024\/05\/logotyp_PS_WPR.jpg","width":292,"height":161},{"@type":"BreadcrumbList","@id":"https:\/\/zodr.pl\/zinet\/zakwaszenie-i-wapnowanie-gleb\/#breadcrumb","itemListElement":[{"@type":"ListItem","position":1,"name":"Home","item":"https:\/\/zodr.pl\/zinet\/"},{"@type":"ListItem","position":2,"name":"Zakwaszenie i wapnowanie gleb"}]},{"@type":"WebSite","@id":"https:\/\/zodr.pl\/zinet\/#website","url":"https:\/\/zodr.pl\/zinet\/","name":"Zachodniopomorski O\u015brodek Doradztwa Rolniczego w Barzkowicach","description":"Nowoczesne sale na ka\u017cde wydarzenie - konferencje, szkolenia, warsztaty i uroczysto\u015bci","publisher":{"@id":"https:\/\/zodr.pl\/zinet\/#organization"},"potentialAction":[{"@type":"SearchAction","target":{"@type":"EntryPoint","urlTemplate":"https:\/\/zodr.pl\/zinet\/?s={search_term_string}"},"query-input":{"@type":"PropertyValueSpecification","valueRequired":true,"valueName":"search_term_string"}}],"inLanguage":"pl-PL"},{"@type":"Organization","@id":"https:\/\/zodr.pl\/zinet\/#organization","name":"Zachodniopomorski O\u015brodek Doradztwa Rolniczego w Barzkowicach","url":"https:\/\/zodr.pl\/zinet\/","logo":{"@type":"ImageObject","inLanguage":"pl-PL","@id":"https:\/\/zodr.pl\/zinet\/#\/schema\/logo\/image\/","url":"https:\/\/zodr.pl\/zinet\/wp-content\/uploads\/2024\/07\/cropped-logo_zodr.png","contentUrl":"https:\/\/zodr.pl\/zinet\/wp-content\/uploads\/2024\/07\/cropped-logo_zodr.png","width":125,"height":115,"caption":"Zachodniopomorski O\u015brodek Doradztwa Rolniczego w Barzkowicach"},"image":{"@id":"https:\/\/zodr.pl\/zinet\/#\/schema\/logo\/image\/"},"sameAs":["https:\/\/facebook.com\/zodr.barzkowice\/"]}]}},"uagb_featured_image_src":{"full":false,"thumbnail":false,"medium":false,"medium_large":false,"large":false,"1536x1536":false,"2048x2048":false},"uagb_author_info":{"display_name":"r.ruducha","author_link":"https:\/\/zodr.pl\/zinet\/author\/r-ruducha\/"},"uagb_comment_info":0,"uagb_excerpt":"SZKOLENIAPODSTAWOWE DLA ROLNIK\u00d3W Zachodniopomorski&nbsp; O\u015brodek Doradztwa Rolniczego w Barzkowicach podj\u0105\u0142 realizacj\u0119 operacji w&nbsp;ramach interwencji I.14.1.1 Doskonalenie zawodowe rolnik\u00f3w modu\u0142 1:&nbsp;Szkolenia podstawowe dla rolnik\u00f3w&nbsp;obj\u0119tej Planem Strategicznym na lata 2023-2027. W ramach operacji b\u0119d\u0105 realizowane bezp\u0142atne szkolenia, kt\u00f3rych celem jest &nbsp;zapewnienie przep\u0142ywu wiedzy i informacji w zakresie rozwoju gospodarstw rolnych, co przyczyni si\u0119 do realizacji celu przekrojowego,&hellip;","_links":{"self":[{"href":"https:\/\/zodr.pl\/zinet\/wp-json\/wp\/v2\/pages\/12705","targetHints":{"allow":["GET"]}}],"collection":[{"href":"https:\/\/zodr.pl\/zinet\/wp-json\/wp\/v2\/pages"}],"about":[{"href":"https:\/\/zodr.pl\/zinet\/wp-json\/wp\/v2\/types\/page"}],"author":[{"embeddable":true,"href":"https:\/\/zodr.pl\/zinet\/wp-json\/wp\/v2\/users\/23"}],"replies":[{"embeddable":true,"href":"https:\/\/zodr.pl\/zinet\/wp-json\/wp\/v2\/comments?post=12705"}],"version-history":[{"count":10,"href":"https:\/\/zodr.pl\/zinet\/wp-json\/wp\/v2\/pages\/12705\/revisions"}],"predecessor-version":[{"id":23176,"href":"https:\/\/zodr.pl\/zinet\/wp-json\/wp\/v2\/pages\/12705\/revisions\/23176"}],"wp:attachment":[{"href":"https:\/\/zodr.pl\/zinet\/wp-json\/wp\/v2\/media?parent=12705"}],"curies":[{"name":"wp","href":"https:\/\/api.w.org\/{rel}","templated":true}]}}