{"id":1821,"date":"2023-08-25T14:39:14","date_gmt":"2023-08-25T12:39:14","guid":{"rendered":"http:\/\/serwer2367797.home.pl\/01072023\/wordpress\/?page_id=1821"},"modified":"2023-10-04T15:04:19","modified_gmt":"2023-10-04T13:04:19","slug":"zakres-dzialalnosci","status":"publish","type":"page","link":"https:\/\/zodr.pl\/zinet\/zakres-dzialalnosci\/","title":{"rendered":"Zakres dzia\u0142alno\u015bci"},"content":{"rendered":"\n<div class=\"wp-block-uagb-container _naglowek uagb-block-74a2df39 alignfull uagb-is-root-container\"><div class=\"uagb-container-inner-blocks-wrap\">\n<div class=\"wp-block-uagb-advanced-heading uagb-block-9af4942e\"><h1 class=\"uagb-heading-text\">Zakres dzia\u0142alno\u015bci<\/h1><\/div>\n<\/div><\/div>\n\n\n\n<div class=\"wp-block-uagb-container uagb-block-f950a69a alignfull uagb-is-root-container\"><div class=\"uagb-container-inner-blocks-wrap\">\n<h2 class=\"wp-block-heading\"><strong>Zadania ZODR w Barzkowicach<\/strong><\/h2>\n\n\n\n<p>Zachodniopomorski O\u015brodek Doradztwa Rolniczego w Barzkowicach realizuje na obszarach wiejskich wojew\u00f3dztwa zachodniopomorskiego zadania z zakresu doradztwa rolniczego. Podstawowym zadaniem O\u015brodka jest doradztwo rolnicze, obejmuj\u0105ce dzia\u0142ania w zakresie rolnictwa, rozwoju wsi, rynk\u00f3w rolnych oraz wiejskiego gospodarstwa domowego, maj\u0105cego na celu popraw\u0119 poziomu dochod\u00f3w rolniczych oraz podnoszenie konkurencyjno\u015bci rynkowej gospodarstw rolnych, wspieranie zr\u00f3wnowa\u017conego rozwoju obszar\u00f3w wiejskich, a tak\u017ce podnoszenie poziomu kwalifikacji zawodowych rolnik\u00f3w i innych mieszka\u0144c\u00f3w obszar\u00f3w wiejskich.<\/p>\n\n\n\n<p><strong>Program dzia\u0142alno\u015bci obejmuje w szczeg\u00f3lno\u015bci:<\/strong><\/p>\n\n\n\n<ol class=\"wp-block-list\">\n<li>prowadzenie szkole\u0144 dla rolnik\u00f3w i innych mieszka\u0144c\u00f3w obszar\u00f3w wiejskich,<\/li>\n\n\n\n<li>prowadzenie dzia\u0142alno\u015bci informacyjnej wspieraj\u0105cej rozw\u00f3j produkcji rolniczej,<\/li>\n\n\n\n<li>prowadzenie dzia\u0142alno\u015bci w zakresie podnoszenia kwalifikacji zawodowych rolnik\u00f3w i innych mieszka\u0144c\u00f3w obszar\u00f3w wiejskich,<\/li>\n\n\n\n<li>prowadzenie analizy rynku artyku\u0142\u00f3w rolno-spo\u017cywczych i \u015brodk\u00f3w produkcji oraz gromadzenie i upowszechnianie informacji rynkowych w tym zakresie,<\/li>\n\n\n\n<li>upowszechnianie metod produkcji rolniczej i stylu \u017cycia przyjaznych dla \u015brodowiska,<\/li>\n\n\n\n<li>podejmowanie dzia\u0142a\u0144 na rzecz zachowania dziedzictwa kulturowego i przyrodniczego wsi, ekologicznego i funkcjonalnego urz\u0105dzania gospodarstwa rolnego,<\/li>\n\n\n\n<li>upowszechnianie rozwoju agroturystyki i turystyki wiejskiej oraz prowadzenie promocji wsi jako atrakcyjnego miejsca wypoczynku,<\/li>\n\n\n\n<li>prowadzenie analiz przemian w zakresie poziomu i jako\u015bci produkcji rolniczej i funkcjonowania gospodarstw rolnych oraz upowszechnianie wynik\u00f3w tych analiz w pracy doradczej,<\/li>\n\n\n\n<li>wykonywanie us\u0142ug w zakresie prowadzenia: ksi\u0105g rachunkowych i dokumentacji niezb\u0119dnej w rachunkowo\u015bci w gospodarstwach rolnych, dzia\u0142alno\u015bci promocyjnej gospodarstw rolnych, kurs\u00f3w przygotowuj\u0105cych do uzyskania tytu\u0142\u00f3w kwalifikacyjnych w zawodach przydatnych do prowadzenia dzia\u0142alno\u015bci rolniczej, dzia\u0142alno\u015bci wydawniczej, hotelarskiej i gastronomicznej,<\/li>\n\n\n\n<li>organizowanie targ\u00f3w, wystaw, pokaz\u00f3w, konferencji i innych przedsi\u0119wzi\u0119\u0107 upowszechniaj\u0105cych wiedz\u0119 rolnicz\u0105, nowe technologie produkcji i promuj\u0105ce produkty i wyroby przetw\u00f3rstwa rolno-spo\u017cywczego,<\/li>\n\n\n\n<li>wype\u0142nianie dokument\u00f3w niezb\u0119dnych do ubiegania si\u0119 o przyznanie pomocy finansowanej lub wsp\u00f3\u0142finansowanej ze \u015brodk\u00f3w pochodz\u0105cych z funduszy Unii Europejskiej lub innych instytucji krajowych i zagranicznych.<\/li>\n<\/ol>\n<\/div><\/div>\n\n\n\n<h2 class=\"wp-block-heading\"><\/h2>\n","protected":false},"excerpt":{"rendered":"<p>Zakres dzia\u0142alno\u015bci Zadania ZODR w Barzkowicach Zachodniopomorski O\u015brodek Doradztwa Rolniczego w Barzkowicach realizuje na obszarach wiejskich wojew\u00f3dztwa zachodniopomorskiego zadania z zakresu doradztwa rolniczego. Podstawowym zadaniem O\u015brodka jest doradztwo rolnicze, obejmuj\u0105ce dzia\u0142ania w zakresie rolnictwa, rozwoju wsi, rynk\u00f3w rolnych oraz wiejskiego gospodarstwa domowego, maj\u0105cego na celu popraw\u0119 poziomu dochod\u00f3w rolniczych oraz podnoszenie konkurencyjno\u015bci rynkowej gospodarstw rolnych, &hellip;<\/p>\n<p class=\"read-more\"> <a class=\"\" href=\"https:\/\/zodr.pl\/zinet\/zakres-dzialalnosci\/\"> <span class=\"screen-reader-text\">Zakres dzia\u0142alno\u015bci<\/span> Czytaj wi\u0119cej &raquo;<\/a><\/p>\n","protected":false},"author":23,"featured_media":0,"parent":0,"menu_order":0,"comment_status":"closed","ping_status":"closed","template":"","meta":{"_eb_attr":"","_uag_custom_page_level_css":"","site-sidebar-layout":"default","site-content-layout":"","ast-site-content-layout":"full-width-container","site-content-style":"default","site-sidebar-style":"default","ast-global-header-display":"","ast-banner-title-visibility":"disabled","ast-main-header-display":"","ast-hfb-above-header-display":"","ast-hfb-below-header-display":"","ast-hfb-mobile-header-display":"","site-post-title":"","ast-breadcrumbs-content":"","ast-featured-img":"","footer-sml-layout":"","theme-transparent-header-meta":"","adv-header-id-meta":"","stick-header-meta":"","header-above-stick-meta":"","header-main-stick-meta":"","header-below-stick-meta":"","astra-migrate-meta-layouts":"set","_mc_calendar":[],"footnotes":""},"class_list":["post-1821","page","type-page","status-publish","hentry"],"yoast_head":"<!-- This site is optimized with the Yoast SEO plugin v25.7 - https:\/\/yoast.com\/wordpress\/plugins\/seo\/ -->\n<title>Zakres dzia\u0142alno\u015bci - Zachodniopomorski O\u015brodek Doradztwa Rolniczego w Barzkowicach<\/title>\n<meta name=\"robots\" content=\"index, follow, max-snippet:-1, max-image-preview:large, max-video-preview:-1\" \/>\n<link rel=\"canonical\" href=\"https:\/\/zodr.pl\/zinet\/zakres-dzialalnosci\/\" \/>\n<meta property=\"og:locale\" content=\"pl_PL\" \/>\n<meta property=\"og:type\" content=\"article\" \/>\n<meta property=\"og:title\" content=\"Zakres dzia\u0142alno\u015bci - Zachodniopomorski O\u015brodek Doradztwa Rolniczego w Barzkowicach\" \/>\n<meta property=\"og:description\" content=\"Zakres dzia\u0142alno\u015bci Zadania ZODR w Barzkowicach Zachodniopomorski O\u015brodek Doradztwa Rolniczego w Barzkowicach realizuje na obszarach wiejskich wojew\u00f3dztwa zachodniopomorskiego zadania z zakresu doradztwa rolniczego. Podstawowym zadaniem O\u015brodka jest doradztwo rolnicze, obejmuj\u0105ce dzia\u0142ania w zakresie rolnictwa, rozwoju wsi, rynk\u00f3w rolnych oraz wiejskiego gospodarstwa domowego, maj\u0105cego na celu popraw\u0119 poziomu dochod\u00f3w rolniczych oraz podnoszenie konkurencyjno\u015bci rynkowej gospodarstw rolnych, &hellip; Zakres dzia\u0142alno\u015bci Czytaj wi\u0119cej &raquo;\" \/>\n<meta property=\"og:url\" content=\"https:\/\/zodr.pl\/zinet\/zakres-dzialalnosci\/\" \/>\n<meta property=\"og:site_name\" content=\"Zachodniopomorski O\u015brodek Doradztwa Rolniczego w Barzkowicach\" \/>\n<meta property=\"article:publisher\" content=\"https:\/\/facebook.com\/zodr.barzkowice\/\" \/>\n<meta property=\"article:modified_time\" content=\"2023-10-04T13:04:19+00:00\" \/>\n<meta name=\"twitter:card\" content=\"summary_large_image\" \/>\n<meta name=\"twitter:label1\" content=\"Est. reading time\" \/>\n\t<meta name=\"twitter:data1\" content=\"2 minuty\" \/>\n<script type=\"application\/ld+json\" class=\"yoast-schema-graph\">{\"@context\":\"https:\/\/schema.org\",\"@graph\":[{\"@type\":\"WebPage\",\"@id\":\"https:\/\/zodr.pl\/zinet\/zakres-dzialalnosci\/\",\"url\":\"https:\/\/zodr.pl\/zinet\/zakres-dzialalnosci\/\",\"name\":\"Zakres dzia\u0142alno\u015bci - Zachodniopomorski O\u015brodek Doradztwa Rolniczego w Barzkowicach\",\"isPartOf\":{\"@id\":\"https:\/\/zodr.pl\/zinet\/#website\"},\"datePublished\":\"2023-08-25T12:39:14+00:00\",\"dateModified\":\"2023-10-04T13:04:19+00:00\",\"breadcrumb\":{\"@id\":\"https:\/\/zodr.pl\/zinet\/zakres-dzialalnosci\/#breadcrumb\"},\"inLanguage\":\"pl-PL\",\"potentialAction\":[{\"@type\":\"ReadAction\",\"target\":[\"https:\/\/zodr.pl\/zinet\/zakres-dzialalnosci\/\"]}]},{\"@type\":\"BreadcrumbList\",\"@id\":\"https:\/\/zodr.pl\/zinet\/zakres-dzialalnosci\/#breadcrumb\",\"itemListElement\":[{\"@type\":\"ListItem\",\"position\":1,\"name\":\"Home\",\"item\":\"https:\/\/zodr.pl\/zinet\/\"},{\"@type\":\"ListItem\",\"position\":2,\"name\":\"Zakres dzia\u0142alno\u015bci\"}]},{\"@type\":\"WebSite\",\"@id\":\"https:\/\/zodr.pl\/zinet\/#website\",\"url\":\"https:\/\/zodr.pl\/zinet\/\",\"name\":\"Zachodniopomorski O\u015brodek Doradztwa Rolniczego w Barzkowicach\",\"description\":\"Nowoczesne sale na ka\u017cde wydarzenie - konferencje, szkolenia, warsztaty i uroczysto\u015bci\",\"publisher\":{\"@id\":\"https:\/\/zodr.pl\/zinet\/#organization\"},\"potentialAction\":[{\"@type\":\"SearchAction\",\"target\":{\"@type\":\"EntryPoint\",\"urlTemplate\":\"https:\/\/zodr.pl\/zinet\/?s={search_term_string}\"},\"query-input\":{\"@type\":\"PropertyValueSpecification\",\"valueRequired\":true,\"valueName\":\"search_term_string\"}}],\"inLanguage\":\"pl-PL\"},{\"@type\":\"Organization\",\"@id\":\"https:\/\/zodr.pl\/zinet\/#organization\",\"name\":\"Zachodniopomorski O\u015brodek Doradztwa Rolniczego w Barzkowicach\",\"url\":\"https:\/\/zodr.pl\/zinet\/\",\"logo\":{\"@type\":\"ImageObject\",\"inLanguage\":\"pl-PL\",\"@id\":\"https:\/\/zodr.pl\/zinet\/#\/schema\/logo\/image\/\",\"url\":\"https:\/\/zodr.pl\/zinet\/wp-content\/uploads\/2024\/07\/cropped-logo_zodr.png\",\"contentUrl\":\"https:\/\/zodr.pl\/zinet\/wp-content\/uploads\/2024\/07\/cropped-logo_zodr.png\",\"width\":125,\"height\":115,\"caption\":\"Zachodniopomorski O\u015brodek Doradztwa Rolniczego w Barzkowicach\"},\"image\":{\"@id\":\"https:\/\/zodr.pl\/zinet\/#\/schema\/logo\/image\/\"},\"sameAs\":[\"https:\/\/facebook.com\/zodr.barzkowice\/\"]}]}<\/script>\n<!-- \/ Yoast SEO plugin. -->","yoast_head_json":{"title":"Zakres dzia\u0142alno\u015bci - Zachodniopomorski O\u015brodek Doradztwa Rolniczego w Barzkowicach","robots":{"index":"index","follow":"follow","max-snippet":"max-snippet:-1","max-image-preview":"max-image-preview:large","max-video-preview":"max-video-preview:-1"},"canonical":"https:\/\/zodr.pl\/zinet\/zakres-dzialalnosci\/","og_locale":"pl_PL","og_type":"article","og_title":"Zakres dzia\u0142alno\u015bci - Zachodniopomorski O\u015brodek Doradztwa Rolniczego w Barzkowicach","og_description":"Zakres dzia\u0142alno\u015bci Zadania ZODR w Barzkowicach Zachodniopomorski O\u015brodek Doradztwa Rolniczego w Barzkowicach realizuje na obszarach wiejskich wojew\u00f3dztwa zachodniopomorskiego zadania z zakresu doradztwa rolniczego. Podstawowym zadaniem O\u015brodka jest doradztwo rolnicze, obejmuj\u0105ce dzia\u0142ania w zakresie rolnictwa, rozwoju wsi, rynk\u00f3w rolnych oraz wiejskiego gospodarstwa domowego, maj\u0105cego na celu popraw\u0119 poziomu dochod\u00f3w rolniczych oraz podnoszenie konkurencyjno\u015bci rynkowej gospodarstw rolnych, &hellip; Zakres dzia\u0142alno\u015bci Czytaj wi\u0119cej &raquo;","og_url":"https:\/\/zodr.pl\/zinet\/zakres-dzialalnosci\/","og_site_name":"Zachodniopomorski O\u015brodek Doradztwa Rolniczego w Barzkowicach","article_publisher":"https:\/\/facebook.com\/zodr.barzkowice\/","article_modified_time":"2023-10-04T13:04:19+00:00","twitter_card":"summary_large_image","twitter_misc":{"Est. reading time":"2 minuty"},"schema":{"@context":"https:\/\/schema.org","@graph":[{"@type":"WebPage","@id":"https:\/\/zodr.pl\/zinet\/zakres-dzialalnosci\/","url":"https:\/\/zodr.pl\/zinet\/zakres-dzialalnosci\/","name":"Zakres dzia\u0142alno\u015bci - Zachodniopomorski O\u015brodek Doradztwa Rolniczego w Barzkowicach","isPartOf":{"@id":"https:\/\/zodr.pl\/zinet\/#website"},"datePublished":"2023-08-25T12:39:14+00:00","dateModified":"2023-10-04T13:04:19+00:00","breadcrumb":{"@id":"https:\/\/zodr.pl\/zinet\/zakres-dzialalnosci\/#breadcrumb"},"inLanguage":"pl-PL","potentialAction":[{"@type":"ReadAction","target":["https:\/\/zodr.pl\/zinet\/zakres-dzialalnosci\/"]}]},{"@type":"BreadcrumbList","@id":"https:\/\/zodr.pl\/zinet\/zakres-dzialalnosci\/#breadcrumb","itemListElement":[{"@type":"ListItem","position":1,"name":"Home","item":"https:\/\/zodr.pl\/zinet\/"},{"@type":"ListItem","position":2,"name":"Zakres dzia\u0142alno\u015bci"}]},{"@type":"WebSite","@id":"https:\/\/zodr.pl\/zinet\/#website","url":"https:\/\/zodr.pl\/zinet\/","name":"Zachodniopomorski O\u015brodek Doradztwa Rolniczego w Barzkowicach","description":"Nowoczesne sale na ka\u017cde wydarzenie - konferencje, szkolenia, warsztaty i uroczysto\u015bci","publisher":{"@id":"https:\/\/zodr.pl\/zinet\/#organization"},"potentialAction":[{"@type":"SearchAction","target":{"@type":"EntryPoint","urlTemplate":"https:\/\/zodr.pl\/zinet\/?s={search_term_string}"},"query-input":{"@type":"PropertyValueSpecification","valueRequired":true,"valueName":"search_term_string"}}],"inLanguage":"pl-PL"},{"@type":"Organization","@id":"https:\/\/zodr.pl\/zinet\/#organization","name":"Zachodniopomorski O\u015brodek Doradztwa Rolniczego w Barzkowicach","url":"https:\/\/zodr.pl\/zinet\/","logo":{"@type":"ImageObject","inLanguage":"pl-PL","@id":"https:\/\/zodr.pl\/zinet\/#\/schema\/logo\/image\/","url":"https:\/\/zodr.pl\/zinet\/wp-content\/uploads\/2024\/07\/cropped-logo_zodr.png","contentUrl":"https:\/\/zodr.pl\/zinet\/wp-content\/uploads\/2024\/07\/cropped-logo_zodr.png","width":125,"height":115,"caption":"Zachodniopomorski O\u015brodek Doradztwa Rolniczego w Barzkowicach"},"image":{"@id":"https:\/\/zodr.pl\/zinet\/#\/schema\/logo\/image\/"},"sameAs":["https:\/\/facebook.com\/zodr.barzkowice\/"]}]}},"uagb_featured_image_src":{"full":false,"thumbnail":false,"medium":false,"medium_large":false,"large":false,"1536x1536":false,"2048x2048":false},"uagb_author_info":{"display_name":"r.ruducha","author_link":"https:\/\/zodr.pl\/zinet\/author\/r-ruducha\/"},"uagb_comment_info":0,"uagb_excerpt":"Zakres dzia\u0142alno\u015bci Zadania ZODR w Barzkowicach Zachodniopomorski O\u015brodek Doradztwa Rolniczego w Barzkowicach realizuje na obszarach wiejskich wojew\u00f3dztwa zachodniopomorskiego zadania z zakresu doradztwa rolniczego. Podstawowym zadaniem O\u015brodka jest doradztwo rolnicze, obejmuj\u0105ce dzia\u0142ania w zakresie rolnictwa, rozwoju wsi, rynk\u00f3w rolnych oraz wiejskiego gospodarstwa domowego, maj\u0105cego na celu popraw\u0119 poziomu dochod\u00f3w rolniczych oraz podnoszenie konkurencyjno\u015bci rynkowej gospodarstw rolnych,&hellip;","_links":{"self":[{"href":"https:\/\/zodr.pl\/zinet\/wp-json\/wp\/v2\/pages\/1821","targetHints":{"allow":["GET"]}}],"collection":[{"href":"https:\/\/zodr.pl\/zinet\/wp-json\/wp\/v2\/pages"}],"about":[{"href":"https:\/\/zodr.pl\/zinet\/wp-json\/wp\/v2\/types\/page"}],"author":[{"embeddable":true,"href":"https:\/\/zodr.pl\/zinet\/wp-json\/wp\/v2\/users\/23"}],"replies":[{"embeddable":true,"href":"https:\/\/zodr.pl\/zinet\/wp-json\/wp\/v2\/comments?post=1821"}],"version-history":[{"count":5,"href":"https:\/\/zodr.pl\/zinet\/wp-json\/wp\/v2\/pages\/1821\/revisions"}],"predecessor-version":[{"id":3172,"href":"https:\/\/zodr.pl\/zinet\/wp-json\/wp\/v2\/pages\/1821\/revisions\/3172"}],"wp:attachment":[{"href":"https:\/\/zodr.pl\/zinet\/wp-json\/wp\/v2\/media?parent=1821"}],"curies":[{"name":"wp","href":"https:\/\/api.w.org\/{rel}","templated":true}]}}