{"id":1892,"date":"2023-08-28T11:57:06","date_gmt":"2023-08-28T09:57:06","guid":{"rendered":"http:\/\/serwer2367797.home.pl\/01072023\/wordpress\/?page_id=1892"},"modified":"2023-12-19T12:54:12","modified_gmt":"2023-12-19T11:54:12","slug":"grupy-producenckie","status":"publish","type":"page","link":"https:\/\/zodr.pl\/zinet\/dzial-rozwoju-obszarow-wiejskich\/grupy-producenckie\/","title":{"rendered":"Grupy Producenckie"},"content":{"rendered":"\n<div class=\"wp-block-uagb-container uagb-block-74a2df39 alignfull uagb-is-root-container\"><div class=\"uagb-container-inner-blocks-wrap\">\n<div class=\"wp-block-uagb-advanced-heading uagb-block-9af4942e\"><h1 class=\"uagb-heading-text\">Grupy Producenckie<\/h1><\/div>\n<\/div><\/div>\n\n\n\n<div class=\"wp-block-uagb-container uagb-block-807b166c alignfull uagb-is-root-container\"><div class=\"uagb-container-inner-blocks-wrap\">\n<div class=\"wp-block-uagb-advanced-heading uagb-block-165d1778\"><h2 class=\"uagb-heading-text\">Najnowsze wpisy<\/h2><div class=\"uagb-separator\"><\/div><\/div>\n\n\n\n\t\t\t<div class=\"wp-block-uagb-post-grid uagb-post-grid  uagb-post__image-position-top uagb-post__image-enabled uagb-block-a1a7754c     uagb-post__items uagb-post__columns-3 is-grid uagb-post__columns-tablet-2 uagb-post__columns-mobile-1 uagb-post__equal-height uagb-equal_height_inline-read-more-buttons\" data-total=\"1\" style=\"\">\n\n\t\t\t\t\t\t\t\t\t\t\t\t<article class=\"uagb-post__inner-wrap\">\t\t\t\t\t\t\t\t<div class='uagb-post__image'>\n\t\t\t\t\t\t\t\t\t<a href=\"https:\/\/zodr.pl\/zinet\/do-1-marca-producenci-owocow-i-warzyw-maja-czas-na-poinformowanie-arimr-o-zakresie-dzialalnosci\/\" target=\"_self\" rel=\"bookmark noopener noreferrer\" class='uagb-image-ratio-2-3'><img loading=\"lazy\" decoding=\"async\" width=\"768\" height=\"464\" src=\"https:\/\/zodr.pl\/zinet\/wp-content\/uploads\/2024\/01\/Image-by-congerdesign-on-Pixabay-e1705488785150-768x464.jpg\" class=\"attachment-medium_large size-medium_large\" alt=\"\" srcset=\"https:\/\/zodr.pl\/zinet\/wp-content\/uploads\/2024\/01\/Image-by-congerdesign-on-Pixabay-e1705488785150-768x464.jpg 768w, https:\/\/zodr.pl\/zinet\/wp-content\/uploads\/2024\/01\/Image-by-congerdesign-on-Pixabay-e1705488785150-300x181.jpg 300w, https:\/\/zodr.pl\/zinet\/wp-content\/uploads\/2024\/01\/Image-by-congerdesign-on-Pixabay-e1705488785150-1024x619.jpg 1024w, https:\/\/zodr.pl\/zinet\/wp-content\/uploads\/2024\/01\/Image-by-congerdesign-on-Pixabay-e1705488785150-1536x928.jpg 1536w, https:\/\/zodr.pl\/zinet\/wp-content\/uploads\/2024\/01\/Image-by-congerdesign-on-Pixabay-e1705488785150.jpg 1657w\" sizes=\"auto, (max-width: 768px) 100vw, 768px\" \/>\t\t\t\t\t<\/a>\n\t\t\t\t\t\t\t<\/div>\n\t\t\t\t\t\t<h4 class=\"uagb-post__title uagb-post__text\">\n\t\t\t\t<a href=\"https:\/\/zodr.pl\/zinet\/do-1-marca-producenci-owocow-i-warzyw-maja-czas-na-poinformowanie-arimr-o-zakresie-dzialalnosci\/\" target=\"_self\" rel=\"bookmark noopener noreferrer\">Do 1 marca producenci owoc\u00f3w i warzyw maj\u0105 czas na poinformowanie ARiMR o zakresie dzia\u0142alno\u015bci<\/a>\n\t\t\t<\/h4>\n\t\t\t\t\t\t<div class='uagb-post__text uagb-post-grid-byline'>\n\t\t\t\t\t\t\t\t<span class=\"uagb-post__author\">\n\t\t\t\t\t\t\t\t\t<a href=\"https:\/\/zodr.pl\/zinet\/author\/s-lenard\/\" title=\"Wpisy od s.lenard\" rel=\"author\">s.lenard<\/a>\t\t\t\t<\/span>\n\t\t\t\t\t\t\t<time datetime=\"2024-01-17T11:54:36+01:00\" class=\"uagb-post__date\">\n\t\t\t\t\t\t\t\t\t2024-01-17\t\t\t\t<\/time>\n\t\t\t\t\t\t<\/div>\n\t\t\t\t\t\t\t<div class='uagb-post__text uagb-post__excerpt'>\n\t\t\t\t\t<p>Co roku organizacje producent\u00f3w i zrzeszenia organizacji producent\u00f3w owoc\u00f3w i warzyw musz\u0105 poinformowa\u0107 oddzia\u0142y regionalne&#8230;\t\t\t\t<\/div>\n\t\t\t\t\t\t<div class=\"uagb-post__text uagb-post__cta wp-block-button\">\n\t\t\t\t<a class=\"wp-block-button__link uagb-text-link\" style=\"\" href=\"https:\/\/zodr.pl\/zinet\/do-1-marca-producenci-owocow-i-warzyw-maja-czas-na-poinformowanie-arimr-o-zakresie-dzialalnosci\/\" target=\"_self\" rel=\"bookmark noopener noreferrer\">Czytaj wi\u0119cej<\/a>\n\t\t\t<\/div>\n\t\t\t\n\t\t\t\t\t\t\t\t\t<\/article>\n\t\t\t\t\t\t\t\t\t\t\t\t\t\t\t\t<article class=\"uagb-post__inner-wrap\">\t\t\t\t\t\t\t\t<div class='uagb-post__image'>\n\t\t\t\t\t\t\t\t\t<a href=\"https:\/\/zodr.pl\/zinet\/systemy-jakosci-promowanie-informowanie-i-marketing-zywnosci-nabor-od-19-stycznia\/\" target=\"_self\" rel=\"bookmark noopener noreferrer\" class='uagb-image-ratio-2-3'><img loading=\"lazy\" decoding=\"async\" width=\"768\" height=\"732\" src=\"https:\/\/zodr.pl\/zinet\/wp-content\/uploads\/2024\/01\/sausage-2473928_1920-Maciej-Rudnicki-z-Pixabay-768x732.jpg\" class=\"attachment-medium_large size-medium_large\" alt=\"\" srcset=\"https:\/\/zodr.pl\/zinet\/wp-content\/uploads\/2024\/01\/sausage-2473928_1920-Maciej-Rudnicki-z-Pixabay-768x732.jpg 768w, https:\/\/zodr.pl\/zinet\/wp-content\/uploads\/2024\/01\/sausage-2473928_1920-Maciej-Rudnicki-z-Pixabay-300x286.jpg 300w, https:\/\/zodr.pl\/zinet\/wp-content\/uploads\/2024\/01\/sausage-2473928_1920-Maciej-Rudnicki-z-Pixabay-1024x975.jpg 1024w, https:\/\/zodr.pl\/zinet\/wp-content\/uploads\/2024\/01\/sausage-2473928_1920-Maciej-Rudnicki-z-Pixabay-1536x1463.jpg 1536w, https:\/\/zodr.pl\/zinet\/wp-content\/uploads\/2024\/01\/sausage-2473928_1920-Maciej-Rudnicki-z-Pixabay.jpg 1920w\" sizes=\"auto, (max-width: 768px) 100vw, 768px\" \/>\t\t\t\t\t<\/a>\n\t\t\t\t\t\t\t<\/div>\n\t\t\t\t\t\t<h4 class=\"uagb-post__title uagb-post__text\">\n\t\t\t\t<a href=\"https:\/\/zodr.pl\/zinet\/systemy-jakosci-promowanie-informowanie-i-marketing-zywnosci-nabor-od-19-stycznia\/\" target=\"_self\" rel=\"bookmark noopener noreferrer\">Systemy jako\u015bci &#8211; promowanie, informowanie i marketing \u017cywno\u015bci &#8211; nab\u00f3r od 19 stycznia<\/a>\n\t\t\t<\/h4>\n\t\t\t\t\t\t<div class='uagb-post__text uagb-post-grid-byline'>\n\t\t\t\t\t\t\t\t<span class=\"uagb-post__author\">\n\t\t\t\t\t\t\t\t\t<a href=\"https:\/\/zodr.pl\/zinet\/author\/s-lenard\/\" title=\"Wpisy od s.lenard\" rel=\"author\">s.lenard<\/a>\t\t\t\t<\/span>\n\t\t\t\t\t\t\t<time datetime=\"2024-01-10T07:59:41+01:00\" class=\"uagb-post__date\">\n\t\t\t\t\t\t\t\t\t2024-01-10\t\t\t\t<\/time>\n\t\t\t\t\t\t<\/div>\n\t\t\t\t\t\t\t<div class='uagb-post__text uagb-post__excerpt'>\n\t\t\t\t\tOd 19 stycznia do 18 marca mo\u017cna b\u0119dzie ubiega\u0107 o przyznanie wsparcia na dzia\u0142ania promocyjno-informacyjno-marketingowe&#8230;\t\t\t\t<\/div>\n\t\t\t\t\t\t<div class=\"uagb-post__text uagb-post__cta wp-block-button\">\n\t\t\t\t<a class=\"wp-block-button__link uagb-text-link\" style=\"\" href=\"https:\/\/zodr.pl\/zinet\/systemy-jakosci-promowanie-informowanie-i-marketing-zywnosci-nabor-od-19-stycznia\/\" target=\"_self\" rel=\"bookmark noopener noreferrer\">Czytaj wi\u0119cej<\/a>\n\t\t\t<\/div>\n\t\t\t\n\t\t\t\t\t\t\t\t\t<\/article>\n\t\t\t\t\t\t\t\t\t\t\t\t\t<div class=\"uagb-post-pagination-wrap\">\n\t\t\t\t\t\t\t\t\t\t\t<\/div>\n\t\t\t\t\t\t\t\t<\/div>\n\t\t\t<\/div><\/div>\n","protected":false},"excerpt":{"rendered":"<p>Grupy Producenckie Najnowsze wpisy<\/p>\n","protected":false},"author":23,"featured_media":0,"parent":975,"menu_order":0,"comment_status":"closed","ping_status":"closed","template":"","meta":{"_eb_attr":"","_uag_custom_page_level_css":"","site-sidebar-layout":"default","site-content-layout":"","ast-site-content-layout":"full-width-container","site-content-style":"default","site-sidebar-style":"default","ast-global-header-display":"","ast-banner-title-visibility":"disabled","ast-main-header-display":"","ast-hfb-above-header-display":"","ast-hfb-below-header-display":"","ast-hfb-mobile-header-display":"","site-post-title":"","ast-breadcrumbs-content":"","ast-featured-img":"","footer-sml-layout":"","theme-transparent-header-meta":"","adv-header-id-meta":"","stick-header-meta":"","header-above-stick-meta":"","header-main-stick-meta":"","header-below-stick-meta":"","astra-migrate-meta-layouts":"set","_mc_calendar":[],"footnotes":""},"class_list":["post-1892","page","type-page","status-publish","hentry"],"yoast_head":"<!-- This site is optimized with the Yoast SEO plugin v25.7 - https:\/\/yoast.com\/wordpress\/plugins\/seo\/ -->\n<title>Grupy Producenckie - Zachodniopomorski O\u015brodek Doradztwa Rolniczego w Barzkowicach<\/title>\n<meta name=\"robots\" content=\"index, follow, max-snippet:-1, max-image-preview:large, max-video-preview:-1\" \/>\n<link rel=\"canonical\" href=\"https:\/\/zodr.pl\/zinet\/dzial-rozwoju-obszarow-wiejskich\/grupy-producenckie\/\" \/>\n<meta property=\"og:locale\" content=\"pl_PL\" \/>\n<meta property=\"og:type\" content=\"article\" \/>\n<meta property=\"og:title\" content=\"Grupy Producenckie - Zachodniopomorski O\u015brodek Doradztwa Rolniczego w Barzkowicach\" \/>\n<meta property=\"og:description\" content=\"Grupy Producenckie Najnowsze wpisy\" \/>\n<meta property=\"og:url\" content=\"https:\/\/zodr.pl\/zinet\/dzial-rozwoju-obszarow-wiejskich\/grupy-producenckie\/\" \/>\n<meta property=\"og:site_name\" content=\"Zachodniopomorski O\u015brodek Doradztwa Rolniczego w Barzkowicach\" \/>\n<meta property=\"article:publisher\" content=\"https:\/\/facebook.com\/zodr.barzkowice\/\" \/>\n<meta property=\"article:modified_time\" content=\"2023-12-19T11:54:12+00:00\" \/>\n<meta name=\"twitter:card\" content=\"summary_large_image\" \/>\n<script type=\"application\/ld+json\" class=\"yoast-schema-graph\">{\"@context\":\"https:\/\/schema.org\",\"@graph\":[{\"@type\":\"WebPage\",\"@id\":\"https:\/\/zodr.pl\/zinet\/dzial-rozwoju-obszarow-wiejskich\/grupy-producenckie\/\",\"url\":\"https:\/\/zodr.pl\/zinet\/dzial-rozwoju-obszarow-wiejskich\/grupy-producenckie\/\",\"name\":\"Grupy Producenckie - Zachodniopomorski O\u015brodek Doradztwa Rolniczego w Barzkowicach\",\"isPartOf\":{\"@id\":\"https:\/\/zodr.pl\/zinet\/#website\"},\"datePublished\":\"2023-08-28T09:57:06+00:00\",\"dateModified\":\"2023-12-19T11:54:12+00:00\",\"breadcrumb\":{\"@id\":\"https:\/\/zodr.pl\/zinet\/dzial-rozwoju-obszarow-wiejskich\/grupy-producenckie\/#breadcrumb\"},\"inLanguage\":\"pl-PL\",\"potentialAction\":[{\"@type\":\"ReadAction\",\"target\":[\"https:\/\/zodr.pl\/zinet\/dzial-rozwoju-obszarow-wiejskich\/grupy-producenckie\/\"]}]},{\"@type\":\"BreadcrumbList\",\"@id\":\"https:\/\/zodr.pl\/zinet\/dzial-rozwoju-obszarow-wiejskich\/grupy-producenckie\/#breadcrumb\",\"itemListElement\":[{\"@type\":\"ListItem\",\"position\":1,\"name\":\"Home\",\"item\":\"https:\/\/zodr.pl\/zinet\/\"},{\"@type\":\"ListItem\",\"position\":2,\"name\":\"Dzia\u0142 Rozwoju Obszar\u00f3w Wiejskich\",\"item\":\"https:\/\/zodr.pl\/zinet\/dzial-rozwoju-obszarow-wiejskich\/\"},{\"@type\":\"ListItem\",\"position\":3,\"name\":\"Grupy Producenckie\"}]},{\"@type\":\"WebSite\",\"@id\":\"https:\/\/zodr.pl\/zinet\/#website\",\"url\":\"https:\/\/zodr.pl\/zinet\/\",\"name\":\"Zachodniopomorski O\u015brodek Doradztwa Rolniczego w Barzkowicach\",\"description\":\"Nowoczesne sale na ka\u017cde wydarzenie - konferencje, szkolenia, warsztaty i uroczysto\u015bci\",\"publisher\":{\"@id\":\"https:\/\/zodr.pl\/zinet\/#organization\"},\"potentialAction\":[{\"@type\":\"SearchAction\",\"target\":{\"@type\":\"EntryPoint\",\"urlTemplate\":\"https:\/\/zodr.pl\/zinet\/?s={search_term_string}\"},\"query-input\":{\"@type\":\"PropertyValueSpecification\",\"valueRequired\":true,\"valueName\":\"search_term_string\"}}],\"inLanguage\":\"pl-PL\"},{\"@type\":\"Organization\",\"@id\":\"https:\/\/zodr.pl\/zinet\/#organization\",\"name\":\"Zachodniopomorski O\u015brodek Doradztwa Rolniczego w Barzkowicach\",\"url\":\"https:\/\/zodr.pl\/zinet\/\",\"logo\":{\"@type\":\"ImageObject\",\"inLanguage\":\"pl-PL\",\"@id\":\"https:\/\/zodr.pl\/zinet\/#\/schema\/logo\/image\/\",\"url\":\"https:\/\/zodr.pl\/zinet\/wp-content\/uploads\/2024\/07\/cropped-logo_zodr.png\",\"contentUrl\":\"https:\/\/zodr.pl\/zinet\/wp-content\/uploads\/2024\/07\/cropped-logo_zodr.png\",\"width\":125,\"height\":115,\"caption\":\"Zachodniopomorski O\u015brodek Doradztwa Rolniczego w Barzkowicach\"},\"image\":{\"@id\":\"https:\/\/zodr.pl\/zinet\/#\/schema\/logo\/image\/\"},\"sameAs\":[\"https:\/\/facebook.com\/zodr.barzkowice\/\"]}]}<\/script>\n<!-- \/ Yoast SEO plugin. -->","yoast_head_json":{"title":"Grupy Producenckie - Zachodniopomorski O\u015brodek Doradztwa Rolniczego w Barzkowicach","robots":{"index":"index","follow":"follow","max-snippet":"max-snippet:-1","max-image-preview":"max-image-preview:large","max-video-preview":"max-video-preview:-1"},"canonical":"https:\/\/zodr.pl\/zinet\/dzial-rozwoju-obszarow-wiejskich\/grupy-producenckie\/","og_locale":"pl_PL","og_type":"article","og_title":"Grupy Producenckie - Zachodniopomorski O\u015brodek Doradztwa Rolniczego w Barzkowicach","og_description":"Grupy Producenckie Najnowsze wpisy","og_url":"https:\/\/zodr.pl\/zinet\/dzial-rozwoju-obszarow-wiejskich\/grupy-producenckie\/","og_site_name":"Zachodniopomorski O\u015brodek Doradztwa Rolniczego w Barzkowicach","article_publisher":"https:\/\/facebook.com\/zodr.barzkowice\/","article_modified_time":"2023-12-19T11:54:12+00:00","twitter_card":"summary_large_image","schema":{"@context":"https:\/\/schema.org","@graph":[{"@type":"WebPage","@id":"https:\/\/zodr.pl\/zinet\/dzial-rozwoju-obszarow-wiejskich\/grupy-producenckie\/","url":"https:\/\/zodr.pl\/zinet\/dzial-rozwoju-obszarow-wiejskich\/grupy-producenckie\/","name":"Grupy Producenckie - Zachodniopomorski O\u015brodek Doradztwa Rolniczego w Barzkowicach","isPartOf":{"@id":"https:\/\/zodr.pl\/zinet\/#website"},"datePublished":"2023-08-28T09:57:06+00:00","dateModified":"2023-12-19T11:54:12+00:00","breadcrumb":{"@id":"https:\/\/zodr.pl\/zinet\/dzial-rozwoju-obszarow-wiejskich\/grupy-producenckie\/#breadcrumb"},"inLanguage":"pl-PL","potentialAction":[{"@type":"ReadAction","target":["https:\/\/zodr.pl\/zinet\/dzial-rozwoju-obszarow-wiejskich\/grupy-producenckie\/"]}]},{"@type":"BreadcrumbList","@id":"https:\/\/zodr.pl\/zinet\/dzial-rozwoju-obszarow-wiejskich\/grupy-producenckie\/#breadcrumb","itemListElement":[{"@type":"ListItem","position":1,"name":"Home","item":"https:\/\/zodr.pl\/zinet\/"},{"@type":"ListItem","position":2,"name":"Dzia\u0142 Rozwoju Obszar\u00f3w Wiejskich","item":"https:\/\/zodr.pl\/zinet\/dzial-rozwoju-obszarow-wiejskich\/"},{"@type":"ListItem","position":3,"name":"Grupy Producenckie"}]},{"@type":"WebSite","@id":"https:\/\/zodr.pl\/zinet\/#website","url":"https:\/\/zodr.pl\/zinet\/","name":"Zachodniopomorski O\u015brodek Doradztwa Rolniczego w Barzkowicach","description":"Nowoczesne sale na ka\u017cde wydarzenie - konferencje, szkolenia, warsztaty i uroczysto\u015bci","publisher":{"@id":"https:\/\/zodr.pl\/zinet\/#organization"},"potentialAction":[{"@type":"SearchAction","target":{"@type":"EntryPoint","urlTemplate":"https:\/\/zodr.pl\/zinet\/?s={search_term_string}"},"query-input":{"@type":"PropertyValueSpecification","valueRequired":true,"valueName":"search_term_string"}}],"inLanguage":"pl-PL"},{"@type":"Organization","@id":"https:\/\/zodr.pl\/zinet\/#organization","name":"Zachodniopomorski O\u015brodek Doradztwa Rolniczego w Barzkowicach","url":"https:\/\/zodr.pl\/zinet\/","logo":{"@type":"ImageObject","inLanguage":"pl-PL","@id":"https:\/\/zodr.pl\/zinet\/#\/schema\/logo\/image\/","url":"https:\/\/zodr.pl\/zinet\/wp-content\/uploads\/2024\/07\/cropped-logo_zodr.png","contentUrl":"https:\/\/zodr.pl\/zinet\/wp-content\/uploads\/2024\/07\/cropped-logo_zodr.png","width":125,"height":115,"caption":"Zachodniopomorski O\u015brodek Doradztwa Rolniczego w Barzkowicach"},"image":{"@id":"https:\/\/zodr.pl\/zinet\/#\/schema\/logo\/image\/"},"sameAs":["https:\/\/facebook.com\/zodr.barzkowice\/"]}]}},"uagb_featured_image_src":{"full":false,"thumbnail":false,"medium":false,"medium_large":false,"large":false,"1536x1536":false,"2048x2048":false},"uagb_author_info":{"display_name":"r.ruducha","author_link":"https:\/\/zodr.pl\/zinet\/author\/r-ruducha\/"},"uagb_comment_info":0,"uagb_excerpt":"Grupy Producenckie Najnowsze wpisy","_links":{"self":[{"href":"https:\/\/zodr.pl\/zinet\/wp-json\/wp\/v2\/pages\/1892","targetHints":{"allow":["GET"]}}],"collection":[{"href":"https:\/\/zodr.pl\/zinet\/wp-json\/wp\/v2\/pages"}],"about":[{"href":"https:\/\/zodr.pl\/zinet\/wp-json\/wp\/v2\/types\/page"}],"author":[{"embeddable":true,"href":"https:\/\/zodr.pl\/zinet\/wp-json\/wp\/v2\/users\/23"}],"replies":[{"embeddable":true,"href":"https:\/\/zodr.pl\/zinet\/wp-json\/wp\/v2\/comments?post=1892"}],"version-history":[{"count":5,"href":"https:\/\/zodr.pl\/zinet\/wp-json\/wp\/v2\/pages\/1892\/revisions"}],"predecessor-version":[{"id":5684,"href":"https:\/\/zodr.pl\/zinet\/wp-json\/wp\/v2\/pages\/1892\/revisions\/5684"}],"up":[{"embeddable":true,"href":"https:\/\/zodr.pl\/zinet\/wp-json\/wp\/v2\/pages\/975"}],"wp:attachment":[{"href":"https:\/\/zodr.pl\/zinet\/wp-json\/wp\/v2\/media?parent=1892"}],"curies":[{"name":"wp","href":"https:\/\/api.w.org\/{rel}","templated":true}]}}