{"id":2794,"date":"2023-10-02T10:59:30","date_gmt":"2023-10-02T08:59:30","guid":{"rendered":"https:\/\/serwer2367797.home.pl\/01072023\/wordpress\/?page_id=2794"},"modified":"2025-07-09T15:07:18","modified_gmt":"2025-07-09T13:07:18","slug":"szkolenia-zodr","status":"publish","type":"page","link":"https:\/\/zodr.pl\/zinet\/szkolenia-zodr\/","title":{"rendered":"Szkolenia ZODR"},"content":{"rendered":"\n<div class=\"wp-block-uagb-container uagb-block-cefbe585 alignfull uagb-is-root-container\"><div class=\"uagb-container-inner-blocks-wrap\"><\/div><\/div>\n\n\n\n<div class=\"wp-block-group is-layout-constrained wp-block-group-is-layout-constrained\">\n<link rel=\"stylesheet\" href=\"https:\/\/cdn.jsdelivr.net\/npm\/bootstrap@4.6.0\/dist\/css\/bootstrap.min.css\"\n    integrity=\"sha384-B0vP5xmATw1+K9KRQjQERJvTumQW0nPEzvF6L\/Z6nronJ3oUOFUFpCjEUQouq2+l\" crossorigin=\"anonymous\">\n<script src=\"https:\/\/code.jquery.com\/jquery-3.5.1.slim.min.js\"\n    integrity=\"sha384-DfXdz2htPH0lsSSs5nCTpuj\/zy4C+OGpamoFVy38MVBnE+IbbVYUew+OrCXaRkfj\"\n    crossorigin=\"anonymous\"><\/script>\n<script src=\"https:\/\/cdn.jsdelivr.net\/npm\/popper.js@1.16.1\/dist\/umd\/popper.min.js\"\n    integrity=\"sha384-9\/reFTGAW83EW2RDu2S0VKaIzap3H66lZH81PoYlFhbGU+6BZp6G7niu735Sk7lN\"\n    crossorigin=\"anonymous\"><\/script>\n<script src=\"https:\/\/cdn.jsdelivr.net\/npm\/bootstrap@4.6.0\/dist\/js\/bootstrap.min.js\"\n    integrity=\"sha384-+YQ4JLhjyBLPDQt\/\/I+STsc9iw4uQqACwlvpslubQzn4u2UU2UFM80nGisd026JF\"\n    crossorigin=\"anonymous\"><\/script>\n\n\n<!-- okno modal dla szczeg\u00f3\u0142\u00f3w szkolenia -->\n<div class=\"modal fade\" id=\"trainging-details-modal\" tabindex=\"-1\" aria-labelledby=\"training-details-modal-title\"\n    aria-hidden=\"true\">\n    <div class=\"modal-dialog modal-lg\">\n        <div class=\"modal-content\">\n            <div class=\"modal-header\">\n                <h5 class=\"modal-title\" id=\"training-details-modal-title\">Szczeg\u00f3\u0142y szkolenia<\/h5>\n                <button type=\"button\" class=\"close\" data-dismiss=\"modal\" aria-label=\"Close\">\n                    <span aria-hidden=\"true\">&times;<\/span>\n                <\/button>\n            <\/div>\n            <div class=\"modal-body\">\n                <div class=\"row\" id=\"modal-body\"><\/div>\n                <div class=\"row\">\n                    <div class=\"col-12\">\n                        <!-- tabela dla programu szkolenia (je\u017celi wyst\u0119puje) -->\n                        <table class=\"table table-hover\" id=\"training-programme-table\" style=\"display: none;\">\n                            <thead>\n                                <tr>\n                                    <th>Punkt w programie<\/th>\n                                    <th>Prowadz\u0105cy<\/th>\n                                    <th>Temat<\/th>\n                                    <th>Od<\/th>\n                                    <th>Do<\/th>\n                                <\/tr>\n                            <\/thead>\n                            <tbody id=\"training-programme-body\"><\/tbody>\n                        <\/table>\n                    <\/div>\n                <\/div>\n            <\/div>\n            <div class=\"modal-footer\">\n                <button type=\"button\" class=\"btn btn-success\" data-dismiss=\"modal\">OK<\/button>\n            <\/div>\n        <\/div>\n    <\/div>\n<\/div>\n\n<!-- kontener listy szkole\u0144 -->\n<div class=\"container-fluid mt-3\">\n    <div class=\"row\">\n        <div class=\"col-12 mb-3\">\n            <div class=\"card\">\n                <div class=\"card-header\">\n                    Filtruj szkolenia\n                <\/div>\n                <div class=\"card-body\">\n                    <div class=\"row\">\n                        <div class=\"col-5\">\n                            <label for=\"training-type\">Typ szkolenia<\/label>\n                            <select name=\"training-type\" id=\"training-type\" class=\"form-control\"><\/select>\n                        <\/div>\n                        <div class=\"col-5\">\n                            <label for=\"county\">Powiat<\/label>\n                            <select name=\"county\" id=\"county\" class=\"form-control\"><\/select>\n                        <\/div>\n                        <div class=\"col-2\">\n                            <label for=\"filter-bnt\">&nbsp;<\/label>\n                            <button id=\"filter-btn\" class=\"btn btn-primary btn-block\"\n                                onclick=\"showFilteredTrainings($('#training-type').val(), $('#county').val())\">Filtruj<\/button>\n                        <\/div>\n                    <\/div>\n                <\/div>\n            <\/div>\n        <\/div>\n\n        <div class=\"col-12\">\n            <table class=\"table\">\n                <thead>\n                    <tr>\n                        <th>termin<\/th>\n                        <th width=\"90%\">temat<\/th>\n                        <th width=\"105%\">miejsce<\/th>\n                        <th>organizator<\/th>\n                        <th>powiat<\/th>\n                        <th>rodzaj szkolenia<\/th>\n                        <th>opcje<\/th>\n                    <\/tr>\n                <\/thead>\n                <tbody id=\"training-list\">\n                    <!-- tutaj przychodz\u0105 dane z pliku szkolenia.js -->\n                <\/tbody>\n            <\/table>\n        <\/div>\n    <\/div>\n<\/div>\n\n<!-- include pliku szkole\u0144 - listowanie -->\n<script type=\"text\/javascript\">\n    \/\/ zmieni\u0107 app_token dla swojego O\u015brodka - tutaj zosta\u0142 u\u017cyty przyk\u0142adowy z WODR\n    const token = 'h5h87fUj';\n    const url = 'https:\/\/eodr.pl\/mobi\/';\n\n    \/\/ funkcja przetwarzajaca dane szczegolow szkolenia\n    $('#trainging-details-modal').on('shown.bs.modal', function (e) {\n        var request = new XMLHttpRequest();\n        var id = e.relatedTarget.dataset.id;\n\n        request.open('GET', url + 'szkolenia_api.php?app_token=' + token + '&operacja=szczegoly_szkolenia&id=' + id, true);\n\n        request.onload = function () {\n            var data = JSON.parse(this.response);\n            $('#modal-body').html(\"\");\n            $('#modal-body').append(createBootstrapReaonlyInput(8, 'Temat szkolenia', data.data.szkolenie[0].temat));\n            $('#modal-body').append(createBootstrapReaonlyInput(4, 'Forma szkolenia', data.data.szkolenie[0].forma_nazwa));\n\n            $('#modal-body').append(createBootstrapReaonlyInput(4, 'Termin', data.data.szkolenie[0].termin));\n            $('#modal-body').append(createBootstrapReaonlyInput(4, 'Godzina rozpocz\u0119cia', data.data.szkolenie[0].godz_rozp));\n            $('#modal-body').append(createBootstrapReaonlyInput(4, 'Czas trwania', data.data.szkolenie[0].czas_trwania));\n\n            $('#modal-body').append(createBootstrapReaonlyInput(4, 'Organizator', data.data.szkolenie[0].imie_nazwisko));\n            $('#modal-body').append(createBootstrapReaonlyInput(3, 'Telefon', data.data.szkolenie[0].numer_1));\n            $('#modal-body').append(createBootstrapReaonlyInput(5, 'E-mail', data.data.szkolenie[0].email));\n\n            $('#modal-body').append(createBootstrapReaonlyInput(4, 'Powiat', data.data.szkolenie[0].powiat));\n            $('#modal-body').append(createBootstrapReaonlyInput(8, 'Dok\u0142adny adres', data.data.szkolenie[0].adres));\n\n            if (data.data.szkolenie[0].room_url != 0 && data.data.szkolenie[0].room_url != \"\") {\n                $('#modal-body').append(createBootstrapReaonlyInput(12, 'Adres internetowy', data.data.szkolenie[0].room_url));\n                $('#modal-body').append('<div class=\"col-12 text-right\"><br><a class=\"btn btn-success\" href=\"' + data.data.szkolenie[0].room_url + '\">Przejd\u017a do spotkania internetowego<\/a><\/div>');\n            }\n\n            $('#modal-body').append('<br><br>');\n\n            if (data.data.program) {\n                $('#modal-body').append('<br><br><div class=\"col-12\">PROGRAM SZKOLENIA<\/div>');\n\n                $('#training-programme-body').html(\"\");\n                $('#training-programme-table').show();\n                data.data.program.forEach(e => {\n                    $('#training-programme-body').append('<tr>\\\n                <td>'+ e.punkt_programu + '<\/td> \\\n                <td>'+ e.imie_nazwisko + '<\/td> \\\n                <td>'+ e.program_temat + '<\/td> \\\n                <td>'+ e.program_godzina_od + '<\/td> \\\n                <td>'+ e.program_godzina_do + '<\/td> \\\n                <\/tr>');\n                });\n            } else $('#training-programme-table').hide();\n        }\n        request.send();\n    });\n\n\n    \/\/ funkcja tworz\u0105ca element szczegolow szkolenia\n    function createBootstrapReaonlyInput(col, title, value) {\n        return '<div class=\"col-' + col + '\"><small>' + title + '<\/small><input class=\"form-control\" readonly value=\"' + value + '\"\/><\/div>';\n    }\n\n    function getTrainingTypes() {\n        var request = new XMLHttpRequest();\n\n        request.open('GET', url + 'szkolenia_api.php?app_token=' + token + '&operacja=typy_szkolen', true);\n\n        request.onload = function () {\n            var data = JSON.parse(this.response);\n            $('#training-type').append('<option value=\"\">-<\/option>');\n            data.data.forEach(e => {\n                $('#training-type').append('<option value=\"' + e.id + '\">' + e.forma_nazwa + '<\/option>');\n            });\n        }\n        request.send();\n    }\n\n    function getCounties() {\n        var request = new XMLHttpRequest();\n\n        request.open('GET', url + 'teryt_api.php?app_token=' + token + '&operacja=powiaty', true);\n\n        request.onload = function () {\n            var data = JSON.parse(this.response);\n            $('#county').append('<option value=\"\">-<\/option>');\n            data.data.forEach(e => {\n                $('#county').append('<option value=\"' + e.id + '\">' + e.skrot + ' \/ ' + e.nazwa + '<\/option>');\n            });\n        }\n        request.send();\n    }\n\n    \/\/ filtrowanie szkole\u0144 onclick\n    function showFilteredTrainings(type, county) {\n        var request = new XMLHttpRequest();\n        var training_list = document.getElementById(\"training-list\");\n\n        if (type != null) request.open('GET', url + 'szkolenia_api.php?app_token=' + token + '&operacja=szkolenia&typ=' + type, true);\n        if (county != null) request.open('GET', url + 'szkolenia_api.php?app_token=' + token + '&operacja=szkolenia&powiat=' + county, true);\n        if (type != null && county != null) request.open('GET', url + 'szkolenia_api.php?app_token=' + token + '&operacja=szkolenia&powiat=' + county + '&typ=' + type, true);\n        else { showAllTrainings(); return; }\n\n        if (type != null || county != null) training_list.innerHTML = \"\";\n\n        request.onload = function () {\n            var data = JSON.parse(this.response);\n            if (!data.data) training_list.innerHTML += '<tr><td colspan=\"7\">Brak wynik\u00f3w<\/td><\/tr>';\n            else {\n                data.data.forEach(e => {\n                    training_list.innerHTML += '<tr><td>' + e.termin + '<br>Rozpocz\u0119cie:' + e.godz_rozp + '<br>Czas trwania: ' + e.czas_trwania + '<\/td> \\\n                <td>'+ e.temat + '<\/td> \\\n                <td>'+ e.adres + '<\/td> \\\n                <td>'+ e.imie_nazwisko + '<\/td> \\\n                <td>'+ e.powiat + '<\/td> \\\n                <td>'+ e.forma_nazwa + '<\/td> \\\n                <td><button class=\"btn btn-primary btn-block\" data-toggle=\"modal\" data-id=\"'+ e.id + '\" data-target=\"#trainging-details-modal\">Poka\u017c szczeg\u00f3\u0142y<\/button><\/td><\/tr>';\n                });\n            }\n        }\n        request.send();\n    }\n\n    function showAllTrainings() {\n        var request = new XMLHttpRequest();\n        var training_list = document.getElementById(\"training-list\");\n\n        request.open('GET', url + 'szkolenia_api.php?app_token=' + token + '&operacja=szkolenia', true);\n\n        request.onload = function () {\n            var data = JSON.parse(this.response);\n            if (!data.data) training_list.innerHTML += '<tr><td colspan=\"7\">Brak wynik\u00f3w<\/td><\/tr>';\n            else {\n                data.data.forEach(e => {\n                    training_list.innerHTML += '<tr><td>' + e.termin + '<br>Rozpocz\u0119cie: ' + e.godz_rozp + '<br>Czas trwania: ' + e.czas_trwania + '<\/td> \\\n                <td>'+ e.temat + '<\/td> \\\n                <td>'+ e.adres + '<\/td> \\\n                <td>'+ e.imie_nazwisko + '<\/td> \\\n                <td>'+ e.powiat + '<\/td> \\\n                <td>'+ e.forma_nazwa + '<\/td> \\\n                <td><button class=\"btn btn-primary btn-block\" data-toggle=\"modal\" data-id=\"'+ e.id + '\" data-target=\"#trainging-details-modal\">Poka\u017c szczeg\u00f3\u0142y<\/button><\/td><\/tr>';\n                });\n            }\n        }\n        request.send();\n    }\n\n    window.onload = function () {\n        getTrainingTypes();\n        getCounties();\n\n        \/\/ poka\u017c wszystkie szkolenia\n        showAllTrainings();\n    }\n<\/script>\n<\/div>\n","protected":false},"excerpt":{"rendered":"<p>Szczeg\u00f3\u0142y szkolenia &times; Punkt w programie Prowadz\u0105cy Temat Od Do OK Filtruj szkolenia Typ szkolenia Powiat &nbsp; Filtruj termin temat miejsce organizator powiat rodzaj szkolenia opcje<\/p>\n","protected":false},"author":23,"featured_media":0,"parent":0,"menu_order":0,"comment_status":"closed","ping_status":"closed","template":"","meta":{"_eb_attr":"","_uag_custom_page_level_css":"","site-sidebar-layout":"default","site-content-layout":"","ast-site-content-layout":"default","site-content-style":"default","site-sidebar-style":"default","ast-global-header-display":"","ast-banner-title-visibility":"","ast-main-header-display":"","ast-hfb-above-header-display":"","ast-hfb-below-header-display":"","ast-hfb-mobile-header-display":"","site-post-title":"","ast-breadcrumbs-content":"","ast-featured-img":"","footer-sml-layout":"","theme-transparent-header-meta":"","adv-header-id-meta":"","stick-header-meta":"","header-above-stick-meta":"","header-main-stick-meta":"","header-below-stick-meta":"","astra-migrate-meta-layouts":"set","_mc_calendar":[],"footnotes":""},"class_list":["post-2794","page","type-page","status-publish","hentry"],"yoast_head":"<!-- This site is optimized with the Yoast SEO plugin v25.7 - https:\/\/yoast.com\/wordpress\/plugins\/seo\/ -->\n<title>Szkolenia ZODR - Zachodniopomorski O\u015brodek Doradztwa Rolniczego w Barzkowicach<\/title>\n<meta name=\"robots\" content=\"index, follow, max-snippet:-1, max-image-preview:large, max-video-preview:-1\" \/>\n<link rel=\"canonical\" href=\"https:\/\/zodr.pl\/zinet\/szkolenia-zodr\/\" \/>\n<meta property=\"og:locale\" content=\"pl_PL\" \/>\n<meta property=\"og:type\" content=\"article\" \/>\n<meta property=\"og:title\" content=\"Szkolenia ZODR - Zachodniopomorski O\u015brodek Doradztwa Rolniczego w Barzkowicach\" \/>\n<meta property=\"og:description\" content=\"Szczeg\u00f3\u0142y szkolenia &times; Punkt w programie Prowadz\u0105cy Temat Od Do OK Filtruj szkolenia Typ szkolenia Powiat &nbsp; Filtruj termin temat miejsce organizator powiat rodzaj szkolenia opcje\" \/>\n<meta property=\"og:url\" content=\"https:\/\/zodr.pl\/zinet\/szkolenia-zodr\/\" \/>\n<meta property=\"og:site_name\" content=\"Zachodniopomorski O\u015brodek Doradztwa Rolniczego w Barzkowicach\" \/>\n<meta property=\"article:publisher\" content=\"https:\/\/facebook.com\/zodr.barzkowice\/\" \/>\n<meta property=\"article:modified_time\" content=\"2025-07-09T13:07:18+00:00\" \/>\n<meta name=\"twitter:card\" content=\"summary_large_image\" \/>\n<script type=\"application\/ld+json\" class=\"yoast-schema-graph\">{\"@context\":\"https:\/\/schema.org\",\"@graph\":[{\"@type\":\"WebPage\",\"@id\":\"https:\/\/zodr.pl\/zinet\/szkolenia-zodr\/\",\"url\":\"https:\/\/zodr.pl\/zinet\/szkolenia-zodr\/\",\"name\":\"Szkolenia ZODR - Zachodniopomorski O\u015brodek Doradztwa Rolniczego w Barzkowicach\",\"isPartOf\":{\"@id\":\"https:\/\/zodr.pl\/zinet\/#website\"},\"datePublished\":\"2023-10-02T08:59:30+00:00\",\"dateModified\":\"2025-07-09T13:07:18+00:00\",\"breadcrumb\":{\"@id\":\"https:\/\/zodr.pl\/zinet\/szkolenia-zodr\/#breadcrumb\"},\"inLanguage\":\"pl-PL\",\"potentialAction\":[{\"@type\":\"ReadAction\",\"target\":[\"https:\/\/zodr.pl\/zinet\/szkolenia-zodr\/\"]}]},{\"@type\":\"BreadcrumbList\",\"@id\":\"https:\/\/zodr.pl\/zinet\/szkolenia-zodr\/#breadcrumb\",\"itemListElement\":[{\"@type\":\"ListItem\",\"position\":1,\"name\":\"Home\",\"item\":\"https:\/\/zodr.pl\/zinet\/\"},{\"@type\":\"ListItem\",\"position\":2,\"name\":\"Szkolenia ZODR\"}]},{\"@type\":\"WebSite\",\"@id\":\"https:\/\/zodr.pl\/zinet\/#website\",\"url\":\"https:\/\/zodr.pl\/zinet\/\",\"name\":\"Zachodniopomorski O\u015brodek Doradztwa Rolniczego w Barzkowicach\",\"description\":\"Nowoczesne sale na ka\u017cde wydarzenie - konferencje, szkolenia, warsztaty i uroczysto\u015bci\",\"publisher\":{\"@id\":\"https:\/\/zodr.pl\/zinet\/#organization\"},\"potentialAction\":[{\"@type\":\"SearchAction\",\"target\":{\"@type\":\"EntryPoint\",\"urlTemplate\":\"https:\/\/zodr.pl\/zinet\/?s={search_term_string}\"},\"query-input\":{\"@type\":\"PropertyValueSpecification\",\"valueRequired\":true,\"valueName\":\"search_term_string\"}}],\"inLanguage\":\"pl-PL\"},{\"@type\":\"Organization\",\"@id\":\"https:\/\/zodr.pl\/zinet\/#organization\",\"name\":\"Zachodniopomorski O\u015brodek Doradztwa Rolniczego w Barzkowicach\",\"url\":\"https:\/\/zodr.pl\/zinet\/\",\"logo\":{\"@type\":\"ImageObject\",\"inLanguage\":\"pl-PL\",\"@id\":\"https:\/\/zodr.pl\/zinet\/#\/schema\/logo\/image\/\",\"url\":\"https:\/\/zodr.pl\/zinet\/wp-content\/uploads\/2024\/07\/cropped-logo_zodr.png\",\"contentUrl\":\"https:\/\/zodr.pl\/zinet\/wp-content\/uploads\/2024\/07\/cropped-logo_zodr.png\",\"width\":125,\"height\":115,\"caption\":\"Zachodniopomorski O\u015brodek Doradztwa Rolniczego w Barzkowicach\"},\"image\":{\"@id\":\"https:\/\/zodr.pl\/zinet\/#\/schema\/logo\/image\/\"},\"sameAs\":[\"https:\/\/facebook.com\/zodr.barzkowice\/\"]}]}<\/script>\n<!-- \/ Yoast SEO plugin. -->","yoast_head_json":{"title":"Szkolenia ZODR - Zachodniopomorski O\u015brodek Doradztwa Rolniczego w Barzkowicach","robots":{"index":"index","follow":"follow","max-snippet":"max-snippet:-1","max-image-preview":"max-image-preview:large","max-video-preview":"max-video-preview:-1"},"canonical":"https:\/\/zodr.pl\/zinet\/szkolenia-zodr\/","og_locale":"pl_PL","og_type":"article","og_title":"Szkolenia ZODR - Zachodniopomorski O\u015brodek Doradztwa Rolniczego w Barzkowicach","og_description":"Szczeg\u00f3\u0142y szkolenia &times; Punkt w programie Prowadz\u0105cy Temat Od Do OK Filtruj szkolenia Typ szkolenia Powiat &nbsp; Filtruj termin temat miejsce organizator powiat rodzaj szkolenia opcje","og_url":"https:\/\/zodr.pl\/zinet\/szkolenia-zodr\/","og_site_name":"Zachodniopomorski O\u015brodek Doradztwa Rolniczego w Barzkowicach","article_publisher":"https:\/\/facebook.com\/zodr.barzkowice\/","article_modified_time":"2025-07-09T13:07:18+00:00","twitter_card":"summary_large_image","schema":{"@context":"https:\/\/schema.org","@graph":[{"@type":"WebPage","@id":"https:\/\/zodr.pl\/zinet\/szkolenia-zodr\/","url":"https:\/\/zodr.pl\/zinet\/szkolenia-zodr\/","name":"Szkolenia ZODR - Zachodniopomorski O\u015brodek Doradztwa Rolniczego w Barzkowicach","isPartOf":{"@id":"https:\/\/zodr.pl\/zinet\/#website"},"datePublished":"2023-10-02T08:59:30+00:00","dateModified":"2025-07-09T13:07:18+00:00","breadcrumb":{"@id":"https:\/\/zodr.pl\/zinet\/szkolenia-zodr\/#breadcrumb"},"inLanguage":"pl-PL","potentialAction":[{"@type":"ReadAction","target":["https:\/\/zodr.pl\/zinet\/szkolenia-zodr\/"]}]},{"@type":"BreadcrumbList","@id":"https:\/\/zodr.pl\/zinet\/szkolenia-zodr\/#breadcrumb","itemListElement":[{"@type":"ListItem","position":1,"name":"Home","item":"https:\/\/zodr.pl\/zinet\/"},{"@type":"ListItem","position":2,"name":"Szkolenia ZODR"}]},{"@type":"WebSite","@id":"https:\/\/zodr.pl\/zinet\/#website","url":"https:\/\/zodr.pl\/zinet\/","name":"Zachodniopomorski O\u015brodek Doradztwa Rolniczego w Barzkowicach","description":"Nowoczesne sale na ka\u017cde wydarzenie - konferencje, szkolenia, warsztaty i uroczysto\u015bci","publisher":{"@id":"https:\/\/zodr.pl\/zinet\/#organization"},"potentialAction":[{"@type":"SearchAction","target":{"@type":"EntryPoint","urlTemplate":"https:\/\/zodr.pl\/zinet\/?s={search_term_string}"},"query-input":{"@type":"PropertyValueSpecification","valueRequired":true,"valueName":"search_term_string"}}],"inLanguage":"pl-PL"},{"@type":"Organization","@id":"https:\/\/zodr.pl\/zinet\/#organization","name":"Zachodniopomorski O\u015brodek Doradztwa Rolniczego w Barzkowicach","url":"https:\/\/zodr.pl\/zinet\/","logo":{"@type":"ImageObject","inLanguage":"pl-PL","@id":"https:\/\/zodr.pl\/zinet\/#\/schema\/logo\/image\/","url":"https:\/\/zodr.pl\/zinet\/wp-content\/uploads\/2024\/07\/cropped-logo_zodr.png","contentUrl":"https:\/\/zodr.pl\/zinet\/wp-content\/uploads\/2024\/07\/cropped-logo_zodr.png","width":125,"height":115,"caption":"Zachodniopomorski O\u015brodek Doradztwa Rolniczego w Barzkowicach"},"image":{"@id":"https:\/\/zodr.pl\/zinet\/#\/schema\/logo\/image\/"},"sameAs":["https:\/\/facebook.com\/zodr.barzkowice\/"]}]}},"uagb_featured_image_src":{"full":false,"thumbnail":false,"medium":false,"medium_large":false,"large":false,"1536x1536":false,"2048x2048":false},"uagb_author_info":{"display_name":"r.ruducha","author_link":"https:\/\/zodr.pl\/zinet\/author\/r-ruducha\/"},"uagb_comment_info":0,"uagb_excerpt":"Szczeg\u00f3\u0142y szkolenia &times; Punkt w programie Prowadz\u0105cy Temat Od Do OK Filtruj szkolenia Typ szkolenia Powiat &nbsp; Filtruj termin temat miejsce organizator powiat rodzaj szkolenia opcje","_links":{"self":[{"href":"https:\/\/zodr.pl\/zinet\/wp-json\/wp\/v2\/pages\/2794","targetHints":{"allow":["GET"]}}],"collection":[{"href":"https:\/\/zodr.pl\/zinet\/wp-json\/wp\/v2\/pages"}],"about":[{"href":"https:\/\/zodr.pl\/zinet\/wp-json\/wp\/v2\/types\/page"}],"author":[{"embeddable":true,"href":"https:\/\/zodr.pl\/zinet\/wp-json\/wp\/v2\/users\/23"}],"replies":[{"embeddable":true,"href":"https:\/\/zodr.pl\/zinet\/wp-json\/wp\/v2\/comments?post=2794"}],"version-history":[{"count":61,"href":"https:\/\/zodr.pl\/zinet\/wp-json\/wp\/v2\/pages\/2794\/revisions"}],"predecessor-version":[{"id":19300,"href":"https:\/\/zodr.pl\/zinet\/wp-json\/wp\/v2\/pages\/2794\/revisions\/19300"}],"wp:attachment":[{"href":"https:\/\/zodr.pl\/zinet\/wp-json\/wp\/v2\/media?parent=2794"}],"curies":[{"name":"wp","href":"https:\/\/api.w.org\/{rel}","templated":true}]}}