{"id":2913,"date":"2023-10-02T17:40:38","date_gmt":"2023-10-02T15:40:38","guid":{"rendered":"https:\/\/serwer2367797.home.pl\/01072023\/wordpress\/?page_id=2913"},"modified":"2023-10-17T12:30:08","modified_gmt":"2023-10-17T10:30:08","slug":"odnawialne-zrodla-energii","status":"publish","type":"page","link":"https:\/\/zodr.pl\/zinet\/odnawialne-zrodla-energii\/","title":{"rendered":"Odnawialne \u017ar\u00f3d\u0142a energii"},"content":{"rendered":"\n<div class=\"wp-block-uagb-container uagb-block-74a2df39 alignfull uagb-is-root-container\"><div class=\"uagb-container-inner-blocks-wrap\">\n<div class=\"wp-block-uagb-advanced-heading uagb-block-9af4942e\"><h1 class=\"uagb-heading-text\">Odnawialne \u017ar\u00f3d\u0142a energii<\/h1><\/div>\n<\/div><\/div>\n\n\n\n<div class=\"wp-block-uagb-container uagb-block-f950a69a alignfull uagb-is-root-container\"><div class=\"uagb-container-inner-blocks-wrap\">\n<div class=\"wp-block-uagb-container uagb-block-70b9da37 alignfull uagb-is-root-container\"><div class=\"uagb-container-inner-blocks-wrap\">\n<div class=\"wp-block-uagb-container uagb-block-41d18b2c\">\n<div class=\"wp-block-columns is-layout-flex wp-container-core-columns-is-layout-28f84493 wp-block-columns-is-layout-flex\">\n<div class=\"wp-block-column is-layout-flow wp-block-column-is-layout-flow\">\n<div class=\"wp-block-uagb-container _zoom uagb-block-244d0f32\">\n<div class=\"wp-block-cover alignfull is-light\"><span aria-hidden=\"true\" class=\"wp-block-cover__background has-background-dim\"><\/span><img loading=\"lazy\" decoding=\"async\" width=\"1280\" height=\"840\" class=\"wp-block-cover__image-background wp-image-4142\" alt=\"\" src=\"https:\/\/zodr.pl\/zinet\/wp-content\/uploads\/2023\/10\/photovoltaic-system-2742304_1280.jpg\" data-object-fit=\"cover\" srcset=\"https:\/\/zodr.pl\/zinet\/wp-content\/uploads\/2023\/10\/photovoltaic-system-2742304_1280.jpg 1280w, https:\/\/zodr.pl\/zinet\/wp-content\/uploads\/2023\/10\/photovoltaic-system-2742304_1280-300x197.jpg 300w, https:\/\/zodr.pl\/zinet\/wp-content\/uploads\/2023\/10\/photovoltaic-system-2742304_1280-1024x672.jpg 1024w, https:\/\/zodr.pl\/zinet\/wp-content\/uploads\/2023\/10\/photovoltaic-system-2742304_1280-768x504.jpg 768w\" sizes=\"auto, (max-width: 1280px) 100vw, 1280px\" \/><div class=\"wp-block-cover__inner-container is-layout-constrained wp-block-cover-is-layout-constrained\">\n<p class=\"has-text-align-center has-large-font-size\">Fotowoltaika<\/p>\n<\/div><\/div>\n<a class=\"spectra-container-link-overlay\" rel=\"noopener\" href=\"https:\/\/zodr.pl\/zinet\/dzial-eos\/fotowoltaika\/\"> <\/a><\/div>\n<\/div>\n\n\n\n<div class=\"wp-block-column is-layout-flow wp-block-column-is-layout-flow\">\n<div class=\"wp-block-uagb-container _zoom uagb-block-f44e32b4\">\n<div class=\"wp-block-cover alignfull is-light\"><span aria-hidden=\"true\" class=\"wp-block-cover__background has-background-dim\"><\/span><img loading=\"lazy\" decoding=\"async\" width=\"1280\" height=\"683\" class=\"wp-block-cover__image-background wp-image-4144\" alt=\"\" src=\"https:\/\/zodr.pl\/zinet\/wp-content\/uploads\/2023\/10\/biogas-2919235_1280.jpg\" data-object-fit=\"cover\" srcset=\"https:\/\/zodr.pl\/zinet\/wp-content\/uploads\/2023\/10\/biogas-2919235_1280.jpg 1280w, https:\/\/zodr.pl\/zinet\/wp-content\/uploads\/2023\/10\/biogas-2919235_1280-300x160.jpg 300w, https:\/\/zodr.pl\/zinet\/wp-content\/uploads\/2023\/10\/biogas-2919235_1280-1024x546.jpg 1024w, https:\/\/zodr.pl\/zinet\/wp-content\/uploads\/2023\/10\/biogas-2919235_1280-768x410.jpg 768w\" sizes=\"auto, (max-width: 1280px) 100vw, 1280px\" \/><div class=\"wp-block-cover__inner-container is-layout-flow wp-block-cover-is-layout-flow\">\n<p class=\"has-text-align-center has-large-font-size\" style=\"line-height:1.9\">Biogazownie<\/p>\n<\/div><\/div>\n<a class=\"spectra-container-link-overlay\" rel=\"noopener\" href=\"https:\/\/zodr.pl\/zinet\/dzial-eos\/biogazownie\/\"> <\/a><\/div>\n<\/div>\n\n\n\n<div class=\"wp-block-column is-layout-flow wp-block-column-is-layout-flow\">\n<div class=\"wp-block-uagb-container _zoom uagb-block-3d220e97\">\n<div class=\"wp-block-cover alignfull is-light\"><span aria-hidden=\"true\" class=\"wp-block-cover__background has-background-dim\"><\/span><img loading=\"lazy\" decoding=\"async\" width=\"1280\" height=\"960\" class=\"wp-block-cover__image-background wp-image-4145\" alt=\"\" src=\"https:\/\/zodr.pl\/zinet\/wp-content\/uploads\/2023\/10\/dam-2492809_1280.jpg\" data-object-fit=\"cover\" srcset=\"https:\/\/zodr.pl\/zinet\/wp-content\/uploads\/2023\/10\/dam-2492809_1280.jpg 1280w, https:\/\/zodr.pl\/zinet\/wp-content\/uploads\/2023\/10\/dam-2492809_1280-300x225.jpg 300w, https:\/\/zodr.pl\/zinet\/wp-content\/uploads\/2023\/10\/dam-2492809_1280-1024x768.jpg 1024w, https:\/\/zodr.pl\/zinet\/wp-content\/uploads\/2023\/10\/dam-2492809_1280-768x576.jpg 768w\" sizes=\"auto, (max-width: 1280px) 100vw, 1280px\" \/><div class=\"wp-block-cover__inner-container is-layout-flow wp-block-cover-is-layout-flow\">\n<p class=\"has-text-align-center has-large-font-size\" style=\"line-height:1.9\">Turbiny wodne<\/p>\n<\/div><\/div>\n<a class=\"spectra-container-link-overlay\" rel=\"noopener\" href=\"https:\/\/zodr.pl\/zinet\/dzial-eos\/turbiny-wodne\/\"> <\/a><\/div>\n<\/div>\n<\/div>\n<\/div>\n<\/div><\/div>\n\n\n\n<div style=\"height:43px\" aria-hidden=\"true\" class=\"wp-block-spacer\"><\/div>\n\n\n\n<div class=\"wp-block-uagb-advanced-heading uagb-block-cbc20b2a\"><h2 class=\"uagb-heading-text\"><strong>Broszury<\/strong><\/h2><div class=\"uagb-separator\"><\/div><\/div>\n\n\n\n<figure class=\"wp-block-image size-large is-resized _zoom\"><a href=\"https:\/\/zodr.pl\/zinet\/wp-content\/uploads\/2023\/09\/odnawialne-zrodla.pdf\"><img loading=\"lazy\" decoding=\"async\" width=\"704\" height=\"1024\" src=\"https:\/\/zodr.pl\/zinet\/wp-content\/uploads\/2023\/09\/fotowoltaika-2-704x1024.jpg\" alt=\"\" class=\"wp-image-2640\" style=\"object-fit:cover;width:200px;height:280px\" srcset=\"https:\/\/zodr.pl\/zinet\/wp-content\/uploads\/2023\/09\/fotowoltaika-2-704x1024.jpg 704w, https:\/\/zodr.pl\/zinet\/wp-content\/uploads\/2023\/09\/fotowoltaika-2-206x300.jpg 206w, https:\/\/zodr.pl\/zinet\/wp-content\/uploads\/2023\/09\/fotowoltaika-2-768x1118.jpg 768w, https:\/\/zodr.pl\/zinet\/wp-content\/uploads\/2023\/09\/fotowoltaika-2-1055x1536.jpg 1055w, https:\/\/zodr.pl\/zinet\/wp-content\/uploads\/2023\/09\/fotowoltaika-2-1407x2048.jpg 1407w, https:\/\/zodr.pl\/zinet\/wp-content\/uploads\/2023\/09\/fotowoltaika-2.jpg 1631w\" sizes=\"auto, (max-width: 704px) 100vw, 704px\" \/><\/a><\/figure>\n<\/div><\/div>\n","protected":false},"excerpt":{"rendered":"<p>Odnawialne \u017ar\u00f3d\u0142a energii Broszury<\/p>\n","protected":false},"author":23,"featured_media":0,"parent":0,"menu_order":0,"comment_status":"closed","ping_status":"closed","template":"","meta":{"_eb_attr":"","_uag_custom_page_level_css":"","site-sidebar-layout":"default","site-content-layout":"","ast-site-content-layout":"full-width-container","site-content-style":"default","site-sidebar-style":"default","ast-global-header-display":"","ast-banner-title-visibility":"disabled","ast-main-header-display":"","ast-hfb-above-header-display":"","ast-hfb-below-header-display":"","ast-hfb-mobile-header-display":"","site-post-title":"","ast-breadcrumbs-content":"","ast-featured-img":"","footer-sml-layout":"","theme-transparent-header-meta":"","adv-header-id-meta":"","stick-header-meta":"","header-above-stick-meta":"","header-main-stick-meta":"","header-below-stick-meta":"","astra-migrate-meta-layouts":"set","_mc_calendar":[],"footnotes":""},"class_list":["post-2913","page","type-page","status-publish","hentry"],"yoast_head":"<!-- This site is optimized with the Yoast SEO plugin v25.7 - https:\/\/yoast.com\/wordpress\/plugins\/seo\/ -->\n<title>Odnawialne \u017ar\u00f3d\u0142a energii - Zachodniopomorski O\u015brodek Doradztwa Rolniczego w Barzkowicach<\/title>\n<meta name=\"robots\" content=\"index, follow, max-snippet:-1, max-image-preview:large, max-video-preview:-1\" \/>\n<link rel=\"canonical\" href=\"https:\/\/zodr.pl\/zinet\/odnawialne-zrodla-energii\/\" \/>\n<meta property=\"og:locale\" content=\"pl_PL\" \/>\n<meta property=\"og:type\" content=\"article\" \/>\n<meta property=\"og:title\" content=\"Odnawialne \u017ar\u00f3d\u0142a energii - Zachodniopomorski O\u015brodek Doradztwa Rolniczego w Barzkowicach\" \/>\n<meta property=\"og:description\" content=\"Odnawialne \u017ar\u00f3d\u0142a energii Broszury\" \/>\n<meta property=\"og:url\" content=\"https:\/\/zodr.pl\/zinet\/odnawialne-zrodla-energii\/\" \/>\n<meta property=\"og:site_name\" content=\"Zachodniopomorski O\u015brodek Doradztwa Rolniczego w Barzkowicach\" \/>\n<meta property=\"article:publisher\" content=\"https:\/\/facebook.com\/zodr.barzkowice\/\" \/>\n<meta property=\"article:modified_time\" content=\"2023-10-17T10:30:08+00:00\" \/>\n<meta property=\"og:image\" content=\"https:\/\/zodr.pl\/zinet\/wp-content\/uploads\/2023\/10\/photovoltaic-system-2742304_1280.jpg\" \/>\n\t<meta property=\"og:image:width\" content=\"1280\" \/>\n\t<meta property=\"og:image:height\" content=\"840\" \/>\n\t<meta property=\"og:image:type\" content=\"image\/jpeg\" \/>\n<meta name=\"twitter:card\" content=\"summary_large_image\" \/>\n<script type=\"application\/ld+json\" class=\"yoast-schema-graph\">{\"@context\":\"https:\/\/schema.org\",\"@graph\":[{\"@type\":\"WebPage\",\"@id\":\"https:\/\/zodr.pl\/zinet\/odnawialne-zrodla-energii\/\",\"url\":\"https:\/\/zodr.pl\/zinet\/odnawialne-zrodla-energii\/\",\"name\":\"Odnawialne \u017ar\u00f3d\u0142a energii - Zachodniopomorski O\u015brodek Doradztwa Rolniczego w Barzkowicach\",\"isPartOf\":{\"@id\":\"https:\/\/zodr.pl\/zinet\/#website\"},\"primaryImageOfPage\":{\"@id\":\"https:\/\/zodr.pl\/zinet\/odnawialne-zrodla-energii\/#primaryimage\"},\"image\":{\"@id\":\"https:\/\/zodr.pl\/zinet\/odnawialne-zrodla-energii\/#primaryimage\"},\"thumbnailUrl\":\"https:\/\/zodr.pl\/zinet\/wp-content\/uploads\/2023\/10\/photovoltaic-system-2742304_1280.jpg\",\"datePublished\":\"2023-10-02T15:40:38+00:00\",\"dateModified\":\"2023-10-17T10:30:08+00:00\",\"breadcrumb\":{\"@id\":\"https:\/\/zodr.pl\/zinet\/odnawialne-zrodla-energii\/#breadcrumb\"},\"inLanguage\":\"pl-PL\",\"potentialAction\":[{\"@type\":\"ReadAction\",\"target\":[\"https:\/\/zodr.pl\/zinet\/odnawialne-zrodla-energii\/\"]}]},{\"@type\":\"ImageObject\",\"inLanguage\":\"pl-PL\",\"@id\":\"https:\/\/zodr.pl\/zinet\/odnawialne-zrodla-energii\/#primaryimage\",\"url\":\"https:\/\/zodr.pl\/zinet\/wp-content\/uploads\/2023\/10\/photovoltaic-system-2742304_1280.jpg\",\"contentUrl\":\"https:\/\/zodr.pl\/zinet\/wp-content\/uploads\/2023\/10\/photovoltaic-system-2742304_1280.jpg\",\"width\":1280,\"height\":840},{\"@type\":\"BreadcrumbList\",\"@id\":\"https:\/\/zodr.pl\/zinet\/odnawialne-zrodla-energii\/#breadcrumb\",\"itemListElement\":[{\"@type\":\"ListItem\",\"position\":1,\"name\":\"Home\",\"item\":\"https:\/\/zodr.pl\/zinet\/\"},{\"@type\":\"ListItem\",\"position\":2,\"name\":\"Odnawialne \u017ar\u00f3d\u0142a energii\"}]},{\"@type\":\"WebSite\",\"@id\":\"https:\/\/zodr.pl\/zinet\/#website\",\"url\":\"https:\/\/zodr.pl\/zinet\/\",\"name\":\"Zachodniopomorski O\u015brodek Doradztwa Rolniczego w Barzkowicach\",\"description\":\"Nowoczesne sale na ka\u017cde wydarzenie - konferencje, szkolenia, warsztaty i uroczysto\u015bci\",\"publisher\":{\"@id\":\"https:\/\/zodr.pl\/zinet\/#organization\"},\"potentialAction\":[{\"@type\":\"SearchAction\",\"target\":{\"@type\":\"EntryPoint\",\"urlTemplate\":\"https:\/\/zodr.pl\/zinet\/?s={search_term_string}\"},\"query-input\":{\"@type\":\"PropertyValueSpecification\",\"valueRequired\":true,\"valueName\":\"search_term_string\"}}],\"inLanguage\":\"pl-PL\"},{\"@type\":\"Organization\",\"@id\":\"https:\/\/zodr.pl\/zinet\/#organization\",\"name\":\"Zachodniopomorski O\u015brodek Doradztwa Rolniczego w Barzkowicach\",\"url\":\"https:\/\/zodr.pl\/zinet\/\",\"logo\":{\"@type\":\"ImageObject\",\"inLanguage\":\"pl-PL\",\"@id\":\"https:\/\/zodr.pl\/zinet\/#\/schema\/logo\/image\/\",\"url\":\"https:\/\/zodr.pl\/zinet\/wp-content\/uploads\/2024\/07\/cropped-logo_zodr.png\",\"contentUrl\":\"https:\/\/zodr.pl\/zinet\/wp-content\/uploads\/2024\/07\/cropped-logo_zodr.png\",\"width\":125,\"height\":115,\"caption\":\"Zachodniopomorski O\u015brodek Doradztwa Rolniczego w Barzkowicach\"},\"image\":{\"@id\":\"https:\/\/zodr.pl\/zinet\/#\/schema\/logo\/image\/\"},\"sameAs\":[\"https:\/\/facebook.com\/zodr.barzkowice\/\"]}]}<\/script>\n<!-- \/ Yoast SEO plugin. -->","yoast_head_json":{"title":"Odnawialne \u017ar\u00f3d\u0142a energii - Zachodniopomorski O\u015brodek Doradztwa Rolniczego w Barzkowicach","robots":{"index":"index","follow":"follow","max-snippet":"max-snippet:-1","max-image-preview":"max-image-preview:large","max-video-preview":"max-video-preview:-1"},"canonical":"https:\/\/zodr.pl\/zinet\/odnawialne-zrodla-energii\/","og_locale":"pl_PL","og_type":"article","og_title":"Odnawialne \u017ar\u00f3d\u0142a energii - Zachodniopomorski O\u015brodek Doradztwa Rolniczego w Barzkowicach","og_description":"Odnawialne \u017ar\u00f3d\u0142a energii Broszury","og_url":"https:\/\/zodr.pl\/zinet\/odnawialne-zrodla-energii\/","og_site_name":"Zachodniopomorski O\u015brodek Doradztwa Rolniczego w Barzkowicach","article_publisher":"https:\/\/facebook.com\/zodr.barzkowice\/","article_modified_time":"2023-10-17T10:30:08+00:00","og_image":[{"width":1280,"height":840,"url":"https:\/\/zodr.pl\/zinet\/wp-content\/uploads\/2023\/10\/photovoltaic-system-2742304_1280.jpg","type":"image\/jpeg"}],"twitter_card":"summary_large_image","schema":{"@context":"https:\/\/schema.org","@graph":[{"@type":"WebPage","@id":"https:\/\/zodr.pl\/zinet\/odnawialne-zrodla-energii\/","url":"https:\/\/zodr.pl\/zinet\/odnawialne-zrodla-energii\/","name":"Odnawialne \u017ar\u00f3d\u0142a energii - Zachodniopomorski O\u015brodek Doradztwa Rolniczego w Barzkowicach","isPartOf":{"@id":"https:\/\/zodr.pl\/zinet\/#website"},"primaryImageOfPage":{"@id":"https:\/\/zodr.pl\/zinet\/odnawialne-zrodla-energii\/#primaryimage"},"image":{"@id":"https:\/\/zodr.pl\/zinet\/odnawialne-zrodla-energii\/#primaryimage"},"thumbnailUrl":"https:\/\/zodr.pl\/zinet\/wp-content\/uploads\/2023\/10\/photovoltaic-system-2742304_1280.jpg","datePublished":"2023-10-02T15:40:38+00:00","dateModified":"2023-10-17T10:30:08+00:00","breadcrumb":{"@id":"https:\/\/zodr.pl\/zinet\/odnawialne-zrodla-energii\/#breadcrumb"},"inLanguage":"pl-PL","potentialAction":[{"@type":"ReadAction","target":["https:\/\/zodr.pl\/zinet\/odnawialne-zrodla-energii\/"]}]},{"@type":"ImageObject","inLanguage":"pl-PL","@id":"https:\/\/zodr.pl\/zinet\/odnawialne-zrodla-energii\/#primaryimage","url":"https:\/\/zodr.pl\/zinet\/wp-content\/uploads\/2023\/10\/photovoltaic-system-2742304_1280.jpg","contentUrl":"https:\/\/zodr.pl\/zinet\/wp-content\/uploads\/2023\/10\/photovoltaic-system-2742304_1280.jpg","width":1280,"height":840},{"@type":"BreadcrumbList","@id":"https:\/\/zodr.pl\/zinet\/odnawialne-zrodla-energii\/#breadcrumb","itemListElement":[{"@type":"ListItem","position":1,"name":"Home","item":"https:\/\/zodr.pl\/zinet\/"},{"@type":"ListItem","position":2,"name":"Odnawialne \u017ar\u00f3d\u0142a energii"}]},{"@type":"WebSite","@id":"https:\/\/zodr.pl\/zinet\/#website","url":"https:\/\/zodr.pl\/zinet\/","name":"Zachodniopomorski O\u015brodek Doradztwa Rolniczego w Barzkowicach","description":"Nowoczesne sale na ka\u017cde wydarzenie - konferencje, szkolenia, warsztaty i uroczysto\u015bci","publisher":{"@id":"https:\/\/zodr.pl\/zinet\/#organization"},"potentialAction":[{"@type":"SearchAction","target":{"@type":"EntryPoint","urlTemplate":"https:\/\/zodr.pl\/zinet\/?s={search_term_string}"},"query-input":{"@type":"PropertyValueSpecification","valueRequired":true,"valueName":"search_term_string"}}],"inLanguage":"pl-PL"},{"@type":"Organization","@id":"https:\/\/zodr.pl\/zinet\/#organization","name":"Zachodniopomorski O\u015brodek Doradztwa Rolniczego w Barzkowicach","url":"https:\/\/zodr.pl\/zinet\/","logo":{"@type":"ImageObject","inLanguage":"pl-PL","@id":"https:\/\/zodr.pl\/zinet\/#\/schema\/logo\/image\/","url":"https:\/\/zodr.pl\/zinet\/wp-content\/uploads\/2024\/07\/cropped-logo_zodr.png","contentUrl":"https:\/\/zodr.pl\/zinet\/wp-content\/uploads\/2024\/07\/cropped-logo_zodr.png","width":125,"height":115,"caption":"Zachodniopomorski O\u015brodek Doradztwa Rolniczego w Barzkowicach"},"image":{"@id":"https:\/\/zodr.pl\/zinet\/#\/schema\/logo\/image\/"},"sameAs":["https:\/\/facebook.com\/zodr.barzkowice\/"]}]}},"uagb_featured_image_src":{"full":false,"thumbnail":false,"medium":false,"medium_large":false,"large":false,"1536x1536":false,"2048x2048":false},"uagb_author_info":{"display_name":"r.ruducha","author_link":"https:\/\/zodr.pl\/zinet\/author\/r-ruducha\/"},"uagb_comment_info":0,"uagb_excerpt":"Odnawialne \u017ar\u00f3d\u0142a energii Broszury","_links":{"self":[{"href":"https:\/\/zodr.pl\/zinet\/wp-json\/wp\/v2\/pages\/2913","targetHints":{"allow":["GET"]}}],"collection":[{"href":"https:\/\/zodr.pl\/zinet\/wp-json\/wp\/v2\/pages"}],"about":[{"href":"https:\/\/zodr.pl\/zinet\/wp-json\/wp\/v2\/types\/page"}],"author":[{"embeddable":true,"href":"https:\/\/zodr.pl\/zinet\/wp-json\/wp\/v2\/users\/23"}],"replies":[{"embeddable":true,"href":"https:\/\/zodr.pl\/zinet\/wp-json\/wp\/v2\/comments?post=2913"}],"version-history":[{"count":9,"href":"https:\/\/zodr.pl\/zinet\/wp-json\/wp\/v2\/pages\/2913\/revisions"}],"predecessor-version":[{"id":4146,"href":"https:\/\/zodr.pl\/zinet\/wp-json\/wp\/v2\/pages\/2913\/revisions\/4146"}],"wp:attachment":[{"href":"https:\/\/zodr.pl\/zinet\/wp-json\/wp\/v2\/media?parent=2913"}],"curies":[{"name":"wp","href":"https:\/\/api.w.org\/{rel}","templated":true}]}}