{"id":2917,"date":"2023-10-02T17:42:25","date_gmt":"2023-10-02T15:42:25","guid":{"rendered":"https:\/\/serwer2367797.home.pl\/01072023\/wordpress\/?page_id=2917"},"modified":"2026-01-29T08:57:46","modified_gmt":"2026-01-29T07:57:46","slug":"barzkowicki-osrodek-edukacji-ekologicznej","status":"publish","type":"page","link":"https:\/\/zodr.pl\/zinet\/barzkowicki-osrodek-edukacji-ekologicznej\/","title":{"rendered":"Barzkowicki O\u015brodek Edukacji Ekologicznej"},"content":{"rendered":"\n<div class=\"wp-block-uagb-container uagb-block-74a2df39 alignfull uagb-is-root-container\"><div class=\"uagb-container-inner-blocks-wrap\">\n<div class=\"wp-block-uagb-advanced-heading uagb-block-9af4942e\"><h1 class=\"uagb-heading-text\">Barzkowicki O\u015brodek Edukacji<br> <br>Ekologicznej<\/h1><\/div>\n<\/div><\/div>\n\n\n\n<div class=\"wp-block-uagb-container uagb-block-dc3ab53e alignfull uagb-is-root-container\"><div class=\"uagb-container-inner-blocks-wrap\">\n<p><\/p>\n\n\n\n<p><strong>&nbsp;&nbsp;&nbsp;&nbsp;&nbsp; Barzkowicki O\u015brodek Edukacji Ekologicznej (BOEE)<\/strong> przy Zachodniopomorskim O\u015brodku Doradztwa Rolniczego w Barzkowicach prowadzi dzia\u0142alno\u015b\u0107 edukacyjn\u0105 w zakresie upowszechniania i popularyzacji wiedzy z zakresu ekologii i ochrony \u015brodowiska w rolnictwie i na obszarach wiejskich.<\/p>\n\n\n\n<p>&nbsp;&nbsp;&nbsp;&nbsp;&nbsp;&nbsp;&nbsp;&nbsp; Zaj\u0119cia realizujemy w oparciu o istniej\u0105ce na terenie Zachodniopomorskiego O\u015brodka Doradztwa Rolniczego obiekty edukacyjne \u2013 oczyszczalnia \u015bciek\u00f3w \u201eOgrody Odnowy\u201d, Biosurowcowy Ogr\u00f3d Dydaktyczny oraz \u015bcie\u017cka edukacyjna \u201eW przyja\u017ani z pszczo\u0142ami\u201d. Za ich po\u015brednictwem chcemy zwr\u00f3ci\u0107 uwag\u0119 na odnawialne zasoby przyrody, znaczenie wykorzystania biosurowc\u00f3w w ochronie \u015brodowiska oraz na naturalne si\u0142y drzemi\u0105ce&nbsp;w przyrodzie \u2013 jej naturalne \u015brodowisko do samooczyszczania. Cel ten chcemy zrealizowa\u0107 poprzez propagowanie metod, technologii na\u015bladuj\u0105cych przyrod\u0119, w kt\u00f3rej wszystkie procesy powi\u0105zane s\u0105 ze sob\u0105.<\/p>\n<\/div><\/div>\n\n\n\n<div class=\"wp-block-uagb-container uagb-block-f950a69a alignfull uagb-is-root-container\"><div class=\"uagb-container-inner-blocks-wrap\">\n<div class=\"wp-block-uagb-container uagb-block-70b9da37 alignfull uagb-is-root-container\"><div class=\"uagb-container-inner-blocks-wrap\">\n<div class=\"wp-block-uagb-container uagb-block-41d18b2c\">\n<div class=\"wp-block-columns is-layout-flex wp-container-core-columns-is-layout-28f84493 wp-block-columns-is-layout-flex\">\n<div class=\"wp-block-column is-layout-flow wp-block-column-is-layout-flow\">\n<div class=\"wp-block-uagb-container _zoom uagb-block-244d0f32\">\n<div class=\"wp-block-cover alignfull is-light\"><img loading=\"lazy\" decoding=\"async\" width=\"1984\" height=\"1488\" class=\"wp-block-cover__image-background wp-image-4009\" alt=\"\" src=\"https:\/\/zodr.pl\/zinet\/wp-content\/uploads\/2023\/10\/WIDOK-NA-LIPOWA-ALEJE-2.jpg\" data-object-fit=\"cover\" srcset=\"https:\/\/zodr.pl\/zinet\/wp-content\/uploads\/2023\/10\/WIDOK-NA-LIPOWA-ALEJE-2.jpg 1984w, https:\/\/zodr.pl\/zinet\/wp-content\/uploads\/2023\/10\/WIDOK-NA-LIPOWA-ALEJE-2-300x225.jpg 300w, https:\/\/zodr.pl\/zinet\/wp-content\/uploads\/2023\/10\/WIDOK-NA-LIPOWA-ALEJE-2-1024x768.jpg 1024w, https:\/\/zodr.pl\/zinet\/wp-content\/uploads\/2023\/10\/WIDOK-NA-LIPOWA-ALEJE-2-768x576.jpg 768w, https:\/\/zodr.pl\/zinet\/wp-content\/uploads\/2023\/10\/WIDOK-NA-LIPOWA-ALEJE-2-1536x1152.jpg 1536w\" sizes=\"auto, (max-width: 1984px) 100vw, 1984px\" \/><span aria-hidden=\"true\" class=\"wp-block-cover__background has-background-dim\"><\/span><div class=\"wp-block-cover__inner-container is-layout-constrained wp-block-cover-is-layout-constrained\">\n<p class=\"has-text-align-center has-large-font-size\">Obiekty <\/p>\n\n\n\n<p class=\"has-text-align-center has-large-font-size\">Dydaktyczne<\/p>\n<\/div><\/div>\n<a class=\"spectra-container-link-overlay\" rel=\"noopener\" href=\"https:\/\/zodr.pl\/zinet\/dzial-eos\/obiekty-dydaktyczne\/\"> <\/a><\/div>\n<\/div>\n\n\n\n<div class=\"wp-block-column is-layout-flow wp-block-column-is-layout-flow\">\n<div class=\"wp-block-uagb-container _zoom uagb-block-f44e32b4\">\n<div class=\"wp-block-cover alignfull is-light\"><img loading=\"lazy\" decoding=\"async\" width=\"1280\" height=\"853\" class=\"wp-block-cover__image-background wp-image-4001\" alt=\"tree, butterfly, globe-5725540.jpg\" src=\"https:\/\/zodr.pl\/zinet\/wp-content\/uploads\/2023\/10\/tree-butterfly-globe-5725540.jpg\" data-object-fit=\"cover\" srcset=\"https:\/\/zodr.pl\/zinet\/wp-content\/uploads\/2023\/10\/tree-butterfly-globe-5725540.jpg 1280w, https:\/\/zodr.pl\/zinet\/wp-content\/uploads\/2023\/10\/tree-butterfly-globe-5725540-300x200.jpg 300w, https:\/\/zodr.pl\/zinet\/wp-content\/uploads\/2023\/10\/tree-butterfly-globe-5725540-1024x682.jpg 1024w, https:\/\/zodr.pl\/zinet\/wp-content\/uploads\/2023\/10\/tree-butterfly-globe-5725540-768x512.jpg 768w\" sizes=\"auto, (max-width: 1280px) 100vw, 1280px\" \/><span aria-hidden=\"true\" class=\"wp-block-cover__background has-background-dim\"><\/span><div class=\"wp-block-cover__inner-container is-layout-flow wp-block-cover-is-layout-flow\">\n<p class=\"has-text-align-center has-large-font-size\" style=\"line-height:1.9\">Konkurs Wiedzy Ekologicznej<\/p>\n<\/div><\/div>\n<a class=\"spectra-container-link-overlay\" rel=\"noopener\" href=\"https:\/\/zodr.pl\/zinet\/dzial-eos\/konkurs-wiedzy-ekologicznej\/\"> <\/a><\/div>\n<\/div>\n\n\n\n<div class=\"wp-block-column is-layout-flow wp-block-column-is-layout-flow\">\n<div class=\"wp-block-uagb-container _zoom uagb-block-3d220e97\">\n<div class=\"wp-block-cover alignfull\"><img loading=\"lazy\" decoding=\"async\" width=\"640\" height=\"387\" class=\"wp-block-cover__image-background wp-image-4049\" alt=\"\" src=\"https:\/\/zodr.pl\/zinet\/wp-content\/uploads\/2023\/10\/renewable-3337989_640.jpg\" style=\"object-position:66% 67%\" data-object-fit=\"cover\" data-object-position=\"66% 67%\" srcset=\"https:\/\/zodr.pl\/zinet\/wp-content\/uploads\/2023\/10\/renewable-3337989_640.jpg 640w, https:\/\/zodr.pl\/zinet\/wp-content\/uploads\/2023\/10\/renewable-3337989_640-300x181.jpg 300w\" sizes=\"auto, (max-width: 640px) 100vw, 640px\" \/><span aria-hidden=\"true\" class=\"wp-block-cover__background has-background-dim\"><\/span><div class=\"wp-block-cover__inner-container is-layout-constrained wp-block-cover-is-layout-constrained\">\n<p class=\"has-text-align-center has-large-font-size\" style=\"line-height:1.9\">Ekologiczne ABC: rolnictwo i zasoby przyrody<\/p>\n<\/div><\/div>\n<a class=\"spectra-container-link-overlay\" rel=\"noopener\" href=\"https:\/\/zodr.pl\/zinet\/dzial-eos\/zasoby-przyrody\/\"> <\/a><\/div>\n<\/div>\n<\/div>\n<\/div>\n\n\n\n<div class=\"wp-block-uagb-container uagb-block-92b5a306\">\n<div class=\"wp-block-columns is-layout-flex wp-container-core-columns-is-layout-28f84493 wp-block-columns-is-layout-flex\">\n<div class=\"wp-block-column is-layout-flow wp-block-column-is-layout-flow\">\n<div class=\"wp-block-uagb-container _zoom uagb-block-ce9905aa\"><a class=\"spectra-container-link-overlay\" rel=\"noopener\" href=\"https:\/\/zodr.pl\/zinet\/dzial-eos\/abc-rolnictwa\/\"> <\/a><\/div>\n<\/div>\n<\/div>\n<\/div>\n<\/div><\/div>\n<\/div><\/div>\n","protected":false},"excerpt":{"rendered":"<p>Barzkowicki O\u015brodek Edukacji Ekologicznej &nbsp;&nbsp;&nbsp;&nbsp;&nbsp; Barzkowicki O\u015brodek Edukacji Ekologicznej (BOEE) przy Zachodniopomorskim O\u015brodku Doradztwa Rolniczego w Barzkowicach prowadzi dzia\u0142alno\u015b\u0107 edukacyjn\u0105 w zakresie upowszechniania i popularyzacji wiedzy z zakresu ekologii i ochrony \u015brodowiska w rolnictwie i na obszarach wiejskich. &nbsp;&nbsp;&nbsp;&nbsp;&nbsp;&nbsp;&nbsp;&nbsp; Zaj\u0119cia realizujemy w oparciu o istniej\u0105ce na terenie Zachodniopomorskiego O\u015brodka Doradztwa Rolniczego obiekty edukacyjne \u2013 oczyszczalnia &hellip;<\/p>\n<p class=\"read-more\"> <a class=\"\" href=\"https:\/\/zodr.pl\/zinet\/barzkowicki-osrodek-edukacji-ekologicznej\/\"> <span class=\"screen-reader-text\">Barzkowicki O\u015brodek Edukacji Ekologicznej<\/span> Czytaj wi\u0119cej &raquo;<\/a><\/p>\n","protected":false},"author":27,"featured_media":0,"parent":0,"menu_order":0,"comment_status":"closed","ping_status":"closed","template":"","meta":{"_eb_attr":"","_uag_custom_page_level_css":"","site-sidebar-layout":"default","site-content-layout":"","ast-site-content-layout":"full-width-container","site-content-style":"default","site-sidebar-style":"default","ast-global-header-display":"","ast-banner-title-visibility":"disabled","ast-main-header-display":"","ast-hfb-above-header-display":"","ast-hfb-below-header-display":"","ast-hfb-mobile-header-display":"","site-post-title":"","ast-breadcrumbs-content":"","ast-featured-img":"","footer-sml-layout":"","theme-transparent-header-meta":"","adv-header-id-meta":"","stick-header-meta":"","header-above-stick-meta":"","header-main-stick-meta":"","header-below-stick-meta":"","astra-migrate-meta-layouts":"set","_mc_calendar":[],"footnotes":""},"class_list":["post-2917","page","type-page","status-publish","hentry"],"yoast_head":"<!-- This site is optimized with the Yoast SEO plugin v25.7 - https:\/\/yoast.com\/wordpress\/plugins\/seo\/ -->\n<title>Barzkowicki O\u015brodek Edukacji Ekologicznej - Zachodniopomorski O\u015brodek Doradztwa Rolniczego w Barzkowicach<\/title>\n<meta name=\"robots\" content=\"index, follow, max-snippet:-1, max-image-preview:large, max-video-preview:-1\" \/>\n<link rel=\"canonical\" href=\"https:\/\/zodr.pl\/zinet\/barzkowicki-osrodek-edukacji-ekologicznej\/\" \/>\n<meta property=\"og:locale\" content=\"pl_PL\" \/>\n<meta property=\"og:type\" content=\"article\" \/>\n<meta property=\"og:title\" content=\"Barzkowicki O\u015brodek Edukacji Ekologicznej - Zachodniopomorski O\u015brodek Doradztwa Rolniczego w Barzkowicach\" \/>\n<meta property=\"og:description\" content=\"Barzkowicki O\u015brodek Edukacji Ekologicznej &nbsp;&nbsp;&nbsp;&nbsp;&nbsp; Barzkowicki O\u015brodek Edukacji Ekologicznej (BOEE) przy Zachodniopomorskim O\u015brodku Doradztwa Rolniczego w Barzkowicach prowadzi dzia\u0142alno\u015b\u0107 edukacyjn\u0105 w zakresie upowszechniania i popularyzacji wiedzy z zakresu ekologii i ochrony \u015brodowiska w rolnictwie i na obszarach wiejskich. &nbsp;&nbsp;&nbsp;&nbsp;&nbsp;&nbsp;&nbsp;&nbsp; Zaj\u0119cia realizujemy w oparciu o istniej\u0105ce na terenie Zachodniopomorskiego O\u015brodka Doradztwa Rolniczego obiekty edukacyjne \u2013 oczyszczalnia &hellip; Barzkowicki O\u015brodek Edukacji Ekologicznej Czytaj wi\u0119cej &raquo;\" \/>\n<meta property=\"og:url\" content=\"https:\/\/zodr.pl\/zinet\/barzkowicki-osrodek-edukacji-ekologicznej\/\" \/>\n<meta property=\"og:site_name\" content=\"Zachodniopomorski O\u015brodek Doradztwa Rolniczego w Barzkowicach\" \/>\n<meta property=\"article:publisher\" content=\"https:\/\/facebook.com\/zodr.barzkowice\/\" \/>\n<meta property=\"article:modified_time\" content=\"2026-01-29T07:57:46+00:00\" \/>\n<meta property=\"og:image\" content=\"https:\/\/zodr.pl\/zinet\/wp-content\/uploads\/2023\/10\/WIDOK-NA-LIPOWA-ALEJE-2.jpg\" \/>\n\t<meta property=\"og:image:width\" content=\"1984\" \/>\n\t<meta property=\"og:image:height\" content=\"1488\" \/>\n\t<meta property=\"og:image:type\" content=\"image\/jpeg\" \/>\n<meta name=\"twitter:card\" content=\"summary_large_image\" \/>\n<meta name=\"twitter:label1\" content=\"Est. reading time\" \/>\n\t<meta name=\"twitter:data1\" content=\"2 minuty\" \/>\n<script type=\"application\/ld+json\" class=\"yoast-schema-graph\">{\"@context\":\"https:\/\/schema.org\",\"@graph\":[{\"@type\":\"WebPage\",\"@id\":\"https:\/\/zodr.pl\/zinet\/barzkowicki-osrodek-edukacji-ekologicznej\/\",\"url\":\"https:\/\/zodr.pl\/zinet\/barzkowicki-osrodek-edukacji-ekologicznej\/\",\"name\":\"Barzkowicki O\u015brodek Edukacji Ekologicznej - Zachodniopomorski O\u015brodek Doradztwa Rolniczego w Barzkowicach\",\"isPartOf\":{\"@id\":\"https:\/\/zodr.pl\/zinet\/#website\"},\"primaryImageOfPage\":{\"@id\":\"https:\/\/zodr.pl\/zinet\/barzkowicki-osrodek-edukacji-ekologicznej\/#primaryimage\"},\"image\":{\"@id\":\"https:\/\/zodr.pl\/zinet\/barzkowicki-osrodek-edukacji-ekologicznej\/#primaryimage\"},\"thumbnailUrl\":\"https:\/\/zodr.pl\/zinet\/wp-content\/uploads\/2023\/10\/WIDOK-NA-LIPOWA-ALEJE-2.jpg\",\"datePublished\":\"2023-10-02T15:42:25+00:00\",\"dateModified\":\"2026-01-29T07:57:46+00:00\",\"breadcrumb\":{\"@id\":\"https:\/\/zodr.pl\/zinet\/barzkowicki-osrodek-edukacji-ekologicznej\/#breadcrumb\"},\"inLanguage\":\"pl-PL\",\"potentialAction\":[{\"@type\":\"ReadAction\",\"target\":[\"https:\/\/zodr.pl\/zinet\/barzkowicki-osrodek-edukacji-ekologicznej\/\"]}]},{\"@type\":\"ImageObject\",\"inLanguage\":\"pl-PL\",\"@id\":\"https:\/\/zodr.pl\/zinet\/barzkowicki-osrodek-edukacji-ekologicznej\/#primaryimage\",\"url\":\"https:\/\/zodr.pl\/zinet\/wp-content\/uploads\/2023\/10\/WIDOK-NA-LIPOWA-ALEJE-2.jpg\",\"contentUrl\":\"https:\/\/zodr.pl\/zinet\/wp-content\/uploads\/2023\/10\/WIDOK-NA-LIPOWA-ALEJE-2.jpg\",\"width\":1984,\"height\":1488,\"caption\":\"OLYMPUS DIGITAL CAMERA\"},{\"@type\":\"BreadcrumbList\",\"@id\":\"https:\/\/zodr.pl\/zinet\/barzkowicki-osrodek-edukacji-ekologicznej\/#breadcrumb\",\"itemListElement\":[{\"@type\":\"ListItem\",\"position\":1,\"name\":\"Home\",\"item\":\"https:\/\/zodr.pl\/zinet\/\"},{\"@type\":\"ListItem\",\"position\":2,\"name\":\"Barzkowicki O\u015brodek Edukacji Ekologicznej\"}]},{\"@type\":\"WebSite\",\"@id\":\"https:\/\/zodr.pl\/zinet\/#website\",\"url\":\"https:\/\/zodr.pl\/zinet\/\",\"name\":\"Zachodniopomorski O\u015brodek Doradztwa Rolniczego w Barzkowicach\",\"description\":\"Nowoczesne sale na ka\u017cde wydarzenie - konferencje, szkolenia, warsztaty i uroczysto\u015bci\",\"publisher\":{\"@id\":\"https:\/\/zodr.pl\/zinet\/#organization\"},\"potentialAction\":[{\"@type\":\"SearchAction\",\"target\":{\"@type\":\"EntryPoint\",\"urlTemplate\":\"https:\/\/zodr.pl\/zinet\/?s={search_term_string}\"},\"query-input\":{\"@type\":\"PropertyValueSpecification\",\"valueRequired\":true,\"valueName\":\"search_term_string\"}}],\"inLanguage\":\"pl-PL\"},{\"@type\":\"Organization\",\"@id\":\"https:\/\/zodr.pl\/zinet\/#organization\",\"name\":\"Zachodniopomorski O\u015brodek Doradztwa Rolniczego w Barzkowicach\",\"url\":\"https:\/\/zodr.pl\/zinet\/\",\"logo\":{\"@type\":\"ImageObject\",\"inLanguage\":\"pl-PL\",\"@id\":\"https:\/\/zodr.pl\/zinet\/#\/schema\/logo\/image\/\",\"url\":\"https:\/\/zodr.pl\/zinet\/wp-content\/uploads\/2024\/07\/cropped-logo_zodr.png\",\"contentUrl\":\"https:\/\/zodr.pl\/zinet\/wp-content\/uploads\/2024\/07\/cropped-logo_zodr.png\",\"width\":125,\"height\":115,\"caption\":\"Zachodniopomorski O\u015brodek Doradztwa Rolniczego w Barzkowicach\"},\"image\":{\"@id\":\"https:\/\/zodr.pl\/zinet\/#\/schema\/logo\/image\/\"},\"sameAs\":[\"https:\/\/facebook.com\/zodr.barzkowice\/\"]}]}<\/script>\n<!-- \/ Yoast SEO plugin. -->","yoast_head_json":{"title":"Barzkowicki O\u015brodek Edukacji Ekologicznej - Zachodniopomorski O\u015brodek Doradztwa Rolniczego w Barzkowicach","robots":{"index":"index","follow":"follow","max-snippet":"max-snippet:-1","max-image-preview":"max-image-preview:large","max-video-preview":"max-video-preview:-1"},"canonical":"https:\/\/zodr.pl\/zinet\/barzkowicki-osrodek-edukacji-ekologicznej\/","og_locale":"pl_PL","og_type":"article","og_title":"Barzkowicki O\u015brodek Edukacji Ekologicznej - Zachodniopomorski O\u015brodek Doradztwa Rolniczego w Barzkowicach","og_description":"Barzkowicki O\u015brodek Edukacji Ekologicznej &nbsp;&nbsp;&nbsp;&nbsp;&nbsp; Barzkowicki O\u015brodek Edukacji Ekologicznej (BOEE) przy Zachodniopomorskim O\u015brodku Doradztwa Rolniczego w Barzkowicach prowadzi dzia\u0142alno\u015b\u0107 edukacyjn\u0105 w zakresie upowszechniania i popularyzacji wiedzy z zakresu ekologii i ochrony \u015brodowiska w rolnictwie i na obszarach wiejskich. &nbsp;&nbsp;&nbsp;&nbsp;&nbsp;&nbsp;&nbsp;&nbsp; Zaj\u0119cia realizujemy w oparciu o istniej\u0105ce na terenie Zachodniopomorskiego O\u015brodka Doradztwa Rolniczego obiekty edukacyjne \u2013 oczyszczalnia &hellip; Barzkowicki O\u015brodek Edukacji Ekologicznej Czytaj wi\u0119cej &raquo;","og_url":"https:\/\/zodr.pl\/zinet\/barzkowicki-osrodek-edukacji-ekologicznej\/","og_site_name":"Zachodniopomorski O\u015brodek Doradztwa Rolniczego w Barzkowicach","article_publisher":"https:\/\/facebook.com\/zodr.barzkowice\/","article_modified_time":"2026-01-29T07:57:46+00:00","og_image":[{"width":1984,"height":1488,"url":"https:\/\/zodr.pl\/zinet\/wp-content\/uploads\/2023\/10\/WIDOK-NA-LIPOWA-ALEJE-2.jpg","type":"image\/jpeg"}],"twitter_card":"summary_large_image","twitter_misc":{"Est. reading time":"2 minuty"},"schema":{"@context":"https:\/\/schema.org","@graph":[{"@type":"WebPage","@id":"https:\/\/zodr.pl\/zinet\/barzkowicki-osrodek-edukacji-ekologicznej\/","url":"https:\/\/zodr.pl\/zinet\/barzkowicki-osrodek-edukacji-ekologicznej\/","name":"Barzkowicki O\u015brodek Edukacji Ekologicznej - Zachodniopomorski O\u015brodek Doradztwa Rolniczego w Barzkowicach","isPartOf":{"@id":"https:\/\/zodr.pl\/zinet\/#website"},"primaryImageOfPage":{"@id":"https:\/\/zodr.pl\/zinet\/barzkowicki-osrodek-edukacji-ekologicznej\/#primaryimage"},"image":{"@id":"https:\/\/zodr.pl\/zinet\/barzkowicki-osrodek-edukacji-ekologicznej\/#primaryimage"},"thumbnailUrl":"https:\/\/zodr.pl\/zinet\/wp-content\/uploads\/2023\/10\/WIDOK-NA-LIPOWA-ALEJE-2.jpg","datePublished":"2023-10-02T15:42:25+00:00","dateModified":"2026-01-29T07:57:46+00:00","breadcrumb":{"@id":"https:\/\/zodr.pl\/zinet\/barzkowicki-osrodek-edukacji-ekologicznej\/#breadcrumb"},"inLanguage":"pl-PL","potentialAction":[{"@type":"ReadAction","target":["https:\/\/zodr.pl\/zinet\/barzkowicki-osrodek-edukacji-ekologicznej\/"]}]},{"@type":"ImageObject","inLanguage":"pl-PL","@id":"https:\/\/zodr.pl\/zinet\/barzkowicki-osrodek-edukacji-ekologicznej\/#primaryimage","url":"https:\/\/zodr.pl\/zinet\/wp-content\/uploads\/2023\/10\/WIDOK-NA-LIPOWA-ALEJE-2.jpg","contentUrl":"https:\/\/zodr.pl\/zinet\/wp-content\/uploads\/2023\/10\/WIDOK-NA-LIPOWA-ALEJE-2.jpg","width":1984,"height":1488,"caption":"OLYMPUS DIGITAL CAMERA"},{"@type":"BreadcrumbList","@id":"https:\/\/zodr.pl\/zinet\/barzkowicki-osrodek-edukacji-ekologicznej\/#breadcrumb","itemListElement":[{"@type":"ListItem","position":1,"name":"Home","item":"https:\/\/zodr.pl\/zinet\/"},{"@type":"ListItem","position":2,"name":"Barzkowicki O\u015brodek Edukacji Ekologicznej"}]},{"@type":"WebSite","@id":"https:\/\/zodr.pl\/zinet\/#website","url":"https:\/\/zodr.pl\/zinet\/","name":"Zachodniopomorski O\u015brodek Doradztwa Rolniczego w Barzkowicach","description":"Nowoczesne sale na ka\u017cde wydarzenie - konferencje, szkolenia, warsztaty i uroczysto\u015bci","publisher":{"@id":"https:\/\/zodr.pl\/zinet\/#organization"},"potentialAction":[{"@type":"SearchAction","target":{"@type":"EntryPoint","urlTemplate":"https:\/\/zodr.pl\/zinet\/?s={search_term_string}"},"query-input":{"@type":"PropertyValueSpecification","valueRequired":true,"valueName":"search_term_string"}}],"inLanguage":"pl-PL"},{"@type":"Organization","@id":"https:\/\/zodr.pl\/zinet\/#organization","name":"Zachodniopomorski O\u015brodek Doradztwa Rolniczego w Barzkowicach","url":"https:\/\/zodr.pl\/zinet\/","logo":{"@type":"ImageObject","inLanguage":"pl-PL","@id":"https:\/\/zodr.pl\/zinet\/#\/schema\/logo\/image\/","url":"https:\/\/zodr.pl\/zinet\/wp-content\/uploads\/2024\/07\/cropped-logo_zodr.png","contentUrl":"https:\/\/zodr.pl\/zinet\/wp-content\/uploads\/2024\/07\/cropped-logo_zodr.png","width":125,"height":115,"caption":"Zachodniopomorski O\u015brodek Doradztwa Rolniczego w Barzkowicach"},"image":{"@id":"https:\/\/zodr.pl\/zinet\/#\/schema\/logo\/image\/"},"sameAs":["https:\/\/facebook.com\/zodr.barzkowice\/"]}]}},"uagb_featured_image_src":{"full":false,"thumbnail":false,"medium":false,"medium_large":false,"large":false,"1536x1536":false,"2048x2048":false},"uagb_author_info":{"display_name":"Weronika Rybij","author_link":"https:\/\/zodr.pl\/zinet\/author\/w-rybij\/"},"uagb_comment_info":0,"uagb_excerpt":"Barzkowicki O\u015brodek Edukacji Ekologicznej &nbsp;&nbsp;&nbsp;&nbsp;&nbsp; Barzkowicki O\u015brodek Edukacji Ekologicznej (BOEE) przy Zachodniopomorskim O\u015brodku Doradztwa Rolniczego w Barzkowicach prowadzi dzia\u0142alno\u015b\u0107 edukacyjn\u0105 w zakresie upowszechniania i popularyzacji wiedzy z zakresu ekologii i ochrony \u015brodowiska w rolnictwie i na obszarach wiejskich. &nbsp;&nbsp;&nbsp;&nbsp;&nbsp;&nbsp;&nbsp;&nbsp; Zaj\u0119cia realizujemy w oparciu o istniej\u0105ce na terenie Zachodniopomorskiego O\u015brodka Doradztwa Rolniczego obiekty edukacyjne \u2013 oczyszczalnia&hellip;","_links":{"self":[{"href":"https:\/\/zodr.pl\/zinet\/wp-json\/wp\/v2\/pages\/2917","targetHints":{"allow":["GET"]}}],"collection":[{"href":"https:\/\/zodr.pl\/zinet\/wp-json\/wp\/v2\/pages"}],"about":[{"href":"https:\/\/zodr.pl\/zinet\/wp-json\/wp\/v2\/types\/page"}],"author":[{"embeddable":true,"href":"https:\/\/zodr.pl\/zinet\/wp-json\/wp\/v2\/users\/27"}],"replies":[{"embeddable":true,"href":"https:\/\/zodr.pl\/zinet\/wp-json\/wp\/v2\/comments?post=2917"}],"version-history":[{"count":25,"href":"https:\/\/zodr.pl\/zinet\/wp-json\/wp\/v2\/pages\/2917\/revisions"}],"predecessor-version":[{"id":23935,"href":"https:\/\/zodr.pl\/zinet\/wp-json\/wp\/v2\/pages\/2917\/revisions\/23935"}],"wp:attachment":[{"href":"https:\/\/zodr.pl\/zinet\/wp-json\/wp\/v2\/media?parent=2917"}],"curies":[{"name":"wp","href":"https:\/\/api.w.org\/{rel}","templated":true}]}}