{"id":3241,"date":"2023-10-10T08:24:16","date_gmt":"2023-10-10T06:24:16","guid":{"rendered":"https:\/\/zodr.pl\/zinet\/?page_id=3241"},"modified":"2026-01-19T09:24:23","modified_gmt":"2026-01-19T08:24:23","slug":"sir-2-2","status":"publish","type":"page","link":"https:\/\/zodr.pl\/zinet\/sir-2-2\/","title":{"rendered":"SIR"},"content":{"rendered":"\n<div class=\"wp-block-uagb-container uagb-block-588f406e alignwide uagb-is-root-container\">\n<figure class=\"wp-block-image aligncenter size-large is-resized\"><img loading=\"lazy\" decoding=\"async\" width=\"517\" height=\"210\" src=\"https:\/\/zodr.pl\/zinet\/wp-content\/uploads\/2023\/10\/SIR-logo.png\" alt=\"\" class=\"wp-image-4290\" style=\"aspect-ratio:2.461904761904762;width:517px;height:auto\" srcset=\"https:\/\/zodr.pl\/zinet\/wp-content\/uploads\/2023\/10\/SIR-logo.png 517w, https:\/\/zodr.pl\/zinet\/wp-content\/uploads\/2023\/10\/SIR-logo-300x122.png 300w\" sizes=\"auto, (max-width: 517px) 100vw, 517px\" \/><\/figure>\n\n\n\n<p><\/p>\n\n\n\n<p class=\"has-text-align-center has-medium-font-size\"><mark style=\"background-color:rgba(0, 0, 0, 0)\" class=\"has-inline-color has-ast-global-color-0-color\"><strong>SIR<\/strong> &#8211; <strong>Sie\u0107 na rzecz innowacji w rolnictwie i na obszarach wiejskich <\/strong><\/mark><\/p>\n\n\n\n<p class=\"has-text-align-center\">Sie\u0107 na rzecz innowacji w rolnictwie i na obszarach wiejskich funkcjonuje w ramach Krajowej Sieci Rozwoju Obszar\u00f3w Wiejskich i ma charakter otwarty.<\/p>\n\n\n\n<p class=\"has-text-align-center\">Uczestnikami Sieci mog\u0105 by\u0107 wszystkie podmioty zaanga\u017cowane w rozw\u00f3j rolnictwa i obszar\u00f3w wiejskich.<\/p>\n\n\n\n<p class=\"has-text-align-center\">Funkcjonowanie SIR zapewniaj\u0105 publiczne jednostki doradztwa rolniczego: <strong>Centrum Doradztwa Rolniczego w Brwinowie (CDR) jako koordynator Sieci<\/strong> <\/p>\n\n\n\n<p class=\"has-text-align-center\">oraz <strong>16 Wojew\u00f3dzkich O\u015brodk\u00f3w Doradztwa Rolniczego<\/strong> (WODR) jako jednostki realizuj\u0105ce zadania Sieci w poszczeg\u00f3lnych wojew\u00f3dztwach.<\/p>\n\n\n\n<p class=\"has-text-align-center has-medium-font-size\"><strong><mark style=\"background-color:rgba(0, 0, 0, 0)\" class=\"has-inline-color has-ast-global-color-0-color\">Cel g\u0142\u00f3wny SIR:<\/mark><\/strong><\/p>\n\n\n\n<p class=\"has-text-align-center\"><br>Wspieranie innowacji w rolnictwie, produkcji \u017cywno\u015bci, le\u015bnictwie i na obszarach wiejskich.<\/p>\n\n\n\n<p class=\"has-text-align-center has-medium-font-size\"><strong><mark style=\"background-color:rgba(0, 0, 0, 0)\" class=\"has-inline-color has-ast-global-color-0-color\">Cele szczeg\u00f3\u0142owe SIR:<\/mark><\/strong><\/p>\n\n\n\n<ol start=\"1\" style=\"list-style-type:1\" class=\"wp-block-list\">\n<li>U\u0142atwianie tworzenia oraz funkcjonowania sieci kontakt\u00f3w pomi\u0119dzy rolnikami, podmiotami doradczymi, jednostkami naukowymi, przedsi\u0119biorcami sektora rolno-spo\u017cywczego oraz pozosta\u0142ymi podmiotami wspieraj\u0105cymi wdra\u017canie innowacji w rolnictwie i na obszarach wiejskich.<\/li>\n\n\n\n<li>U\u0142atwianie wymiany wiedzy fachowej oraz dobrych praktyk w zakresie innowacji w rolnictwie i na obszarach wiejskich.<\/li>\n\n\n\n<li>Pomoc w tworzeniu grup operacyjnych na rzecz innowacji oraz pomoc w opracowaniu projekt\u00f3w przez grupy operacyjne i partnerstwa na rzecz innowacji.<\/li>\n<\/ol>\n\n\n\n<p class=\"has-text-align-center has-medium-font-size\"><strong><mark style=\"background-color:rgba(0, 0, 0, 0)\" class=\"has-inline-color has-ast-global-color-0-color\">Zadania Zachodniopomorskiego O\u015brodka Doradztwa Rolniczego&nbsp;w ramach SIR:<\/mark><\/strong><\/p>\n\n\n\n<ol class=\"wp-block-list\">\n<li>wyszukiwanie i aktywizowanie partner\u00f3w KSOW do wsp\u00f3\u0142pracy w zakresie wdra\u017cania operacji innowacyjnych w rolnictwie, produkcji \u017cywno\u015bci, le\u015bnictwie i na obszarach wiejskich w wojew\u00f3dztwie;<\/li>\n\n\n\n<li>identyfikacja potrzeb i problem\u00f3w zwi\u0105zanych z funkcjonowaniem SIR w wojew\u00f3dztwie oraz przekazywanie ich CDR i jednostkom regionalnym;<\/li>\n\n\n\n<li>u\u0142atwianie partnerom KSOW tworzenia sieci kontakt\u00f3w w ramach SIR w wojew\u00f3dztwie;<\/li>\n\n\n\n<li>wsp\u00f3\u0142praca z CDR, w szczeg\u00f3lno\u015bci przy prowadzeniu baz danych, w zakresie dotycz\u0105cym wojew\u00f3dztwa, zbieraniu propozycji dzia\u0142a\u0144 i operacji oraz opracowaniu informacji i sprawozda\u0144.<\/li>\n\n\n\n<li>gromadzenie i rozpowszechnianie wynik\u00f3w bada\u0144 naukowych i prac rozwojowych, a tak\u017ce informacji na temat wdra\u017cania nowych rozwi\u0105za\u0144 oraz dobrych praktyk w zakresie innowacji w wojew\u00f3dztwie;<\/li>\n\n\n\n<li>informowanie o mo\u017cliwo\u015bci wsp\u00f3\u0142pracy w ramach operacji w ramach SIR w wojew\u00f3dztwie;<\/li>\n\n\n\n<li> uczestnictwo w wojew\u00f3dzkich grupach roboczych i grupach tematycznych,<\/li>\n\n\n\n<li>przygotowanie, we wsp\u00f3\u0142pracy z brokerami i partnerami KSOW dzia\u0142aj\u0105cymi w ramach SIR, propozycji dzia\u0142a\u0144 do planu dzia\u0142ania i operacji do dwuletnich plan\u00f3w operacyjnych w zakresie dotycz\u0105cym SIR w wojew\u00f3dztwie oraz przekazywanie ich CDR;<\/li>\n\n\n\n<li>realizacja planu dzia\u0142ania w wojew\u00f3dztwie w zakresie dotycz\u0105cym SIR na podstawie dwuletnich plan\u00f3w operacyjnych;<\/li>\n\n\n\n<li>podnoszenie wiedzy i umiej\u0119tno\u015bci partner\u00f3w KSOW i dzia\u0142aj\u0105cych w ramach SIR w wojew\u00f3dztwie, w zakresie przygotowania i realizacji operacji wykorzystuj\u0105cych wyniki bada\u0144 naukowych i prac rozwojowych;<\/li>\n\n\n\n<li>zapewnienie \u015bwiadczenia us\u0142ug przez broker\u00f3w w ramach WODR w wojew\u00f3dztwie;<\/li>\n\n\n\n<li>zapewnienie udzia\u0142u doradc\u00f3w w grupach operacyjnych Europejskiego Partnerstwa Innowacyjnego oraz sta\u0142a wsp\u00f3\u0142praca z tymi grupami.<\/li>\n<\/ol>\n\n\n\n<div class=\"inherit-container-width wp-block-group is-layout-constrained wp-block-group-is-layout-constrained\">\n<div class=\"wp-block-columns is-layout-flex wp-container-core-columns-is-layout-28f84493 wp-block-columns-is-layout-flex\">\n<div class=\"wp-block-column is-layout-flow wp-block-column-is-layout-flow\" style=\"flex-basis:100%\">\n<div class=\"wp-block-columns is-layout-flex wp-container-core-columns-is-layout-28f84493 wp-block-columns-is-layout-flex\">\n<div class=\"wp-block-column is-layout-flow wp-block-column-is-layout-flow\" style=\"flex-basis:100%\">\n<figure class=\"wp-block-gallery has-nested-images columns-default is-cropped wp-block-gallery-1 is-layout-flex wp-block-gallery-is-layout-flex\">\n<figure class=\"wp-block-image size-large\"><img loading=\"lazy\" decoding=\"async\" width=\"1024\" height=\"126\" data-id=\"9365\" src=\"https:\/\/zodr.pl\/zinet\/wp-content\/uploads\/2024\/04\/loga_sir_bez-1.png\" alt=\"\" class=\"wp-image-9365\" srcset=\"https:\/\/zodr.pl\/zinet\/wp-content\/uploads\/2024\/04\/loga_sir_bez-1.png 1024w, https:\/\/zodr.pl\/zinet\/wp-content\/uploads\/2024\/04\/loga_sir_bez-1-300x37.png 300w, https:\/\/zodr.pl\/zinet\/wp-content\/uploads\/2024\/04\/loga_sir_bez-1-768x95.png 768w\" sizes=\"auto, (max-width: 1024px) 100vw, 1024px\" \/><\/figure>\n<\/figure>\n<\/div>\n<\/div>\n<\/div>\n<\/div>\n<\/div>\n<\/div>\n\n\n\n<div class=\"wp-block-uagb-separator uagb-block-3f3c13c7\"><div class=\"wp-block-uagb-separator__inner\" style=\"--my-background-image:\"><\/div><\/div>\n\n\n\n<p><\/p>\n\n\n\n<figure class=\"wp-block-image aligncenter size-full is-resized\"><img loading=\"lazy\" decoding=\"async\" width=\"546\" height=\"231\" src=\"https:\/\/zodr.pl\/zinet\/wp-content\/uploads\/2025\/01\/image-1.png\" alt=\"\" class=\"wp-image-14434\" style=\"width:650px;height:auto\" srcset=\"https:\/\/zodr.pl\/zinet\/wp-content\/uploads\/2025\/01\/image-1.png 546w, https:\/\/zodr.pl\/zinet\/wp-content\/uploads\/2025\/01\/image-1-300x127.png 300w\" sizes=\"auto, (max-width: 546px) 100vw, 546px\" \/><\/figure>\n\n\n\n<div class=\"wp-block-uagb-container uagb-block-70b9da37 alignfull uagb-is-root-container\"><div class=\"uagb-container-inner-blocks-wrap\">\n<div class=\"wp-block-uagb-container uagb-block-41d18b2c\">\n<div class=\"wp-block-columns is-layout-flex wp-container-core-columns-is-layout-28f84493 wp-block-columns-is-layout-flex\">\n<div class=\"wp-block-column is-layout-flow wp-block-column-is-layout-flow\">\n<div class=\"wp-block-uagb-container _zoom uagb-block-244d0f32\">\n<div class=\"wp-block-cover alignfull is-light\"><img loading=\"lazy\" decoding=\"async\" width=\"427\" height=\"640\" class=\"wp-block-cover__image-background wp-image-3065\" alt=\"\" src=\"https:\/\/zodr.pl\/zinet\/wp-content\/uploads\/2023\/10\/time-and-attendance-5049294_640.jpg\" data-object-fit=\"cover\" srcset=\"https:\/\/zodr.pl\/zinet\/wp-content\/uploads\/2023\/10\/time-and-attendance-5049294_640.jpg 427w, https:\/\/zodr.pl\/zinet\/wp-content\/uploads\/2023\/10\/time-and-attendance-5049294_640-200x300.jpg 200w\" sizes=\"auto, (max-width: 427px) 100vw, 427px\" \/><span aria-hidden=\"true\" class=\"wp-block-cover__background has-background-dim\"><\/span><div class=\"wp-block-cover__inner-container is-layout-constrained wp-block-cover-is-layout-constrained\">\n<p class=\"has-text-align-center has-large-font-size\" style=\"line-height:1.9\"><strong>Pomoc techniczna<\/strong><\/p>\n\n\n\n<p class=\"has-text-align-center has-large-font-size\" style=\"line-height:1.9\"><strong>PT PROW 2014-2020<\/strong> <\/p>\n<\/div><\/div>\n<a class=\"spectra-container-link-overlay\" rel=\"noopener\" href=\"https:\/\/zodr.pl\/zinet\/projekty-sir\/\"> <\/a><\/div>\n<\/div>\n\n\n\n<div class=\"wp-block-column is-layout-flow wp-block-column-is-layout-flow\">\n<div class=\"wp-block-uagb-container _zoom uagb-block-f44e32b4\">\n<div class=\"wp-block-cover alignfull is-light\"><img loading=\"lazy\" decoding=\"async\" width=\"474\" height=\"315\" class=\"wp-block-cover__image-background wp-image-4174\" alt=\"\" src=\"https:\/\/zodr.pl\/zinet\/wp-content\/uploads\/2023\/10\/OIP.png\" data-object-fit=\"cover\" srcset=\"https:\/\/zodr.pl\/zinet\/wp-content\/uploads\/2023\/10\/OIP.png 474w, https:\/\/zodr.pl\/zinet\/wp-content\/uploads\/2023\/10\/OIP-300x199.png 300w\" sizes=\"auto, (max-width: 474px) 100vw, 474px\" \/><span aria-hidden=\"true\" class=\"wp-block-cover__background has-background-dim\"><\/span><div class=\"wp-block-cover__inner-container is-layout-flow wp-block-cover-is-layout-flow\">\n<p class=\"has-text-align-center has-large-font-size\" style=\"line-height:1.9\"><strong>Dzia\u0142anie<br>&#8222;Wsp\u00f3\u0142praca&#8221;<\/strong><\/p>\n<\/div><\/div>\n<a class=\"spectra-container-link-overlay\" rel=\"noopener\" href=\"https:\/\/zodr.pl\/zinet\/dzialanie-wspolpraca\/\"> <\/a><\/div>\n<\/div>\n<\/div>\n<\/div>\n<\/div><\/div>\n\n\n\n<div class=\"wp-block-columns is-layout-flex wp-container-core-columns-is-layout-28f84493 wp-block-columns-is-layout-flex\">\n<div class=\"wp-block-column is-layout-flow wp-block-column-is-layout-flow\">\n<div class=\"wp-block-cover\" style=\"min-height:262px;aspect-ratio:unset;\"><img loading=\"lazy\" decoding=\"async\" width=\"1024\" height=\"682\" class=\"wp-block-cover__image-background wp-image-4379\" alt=\"book, wallpaper hd, pages-8312948.jpg\" src=\"https:\/\/zodr.pl\/zinet\/wp-content\/uploads\/2023\/10\/book-wallpaper-hd-pages-8312948-1024x682.jpg\" data-object-fit=\"cover\" srcset=\"https:\/\/zodr.pl\/zinet\/wp-content\/uploads\/2023\/10\/book-wallpaper-hd-pages-8312948-1024x682.jpg 1024w, https:\/\/zodr.pl\/zinet\/wp-content\/uploads\/2023\/10\/book-wallpaper-hd-pages-8312948-300x200.jpg 300w, https:\/\/zodr.pl\/zinet\/wp-content\/uploads\/2023\/10\/book-wallpaper-hd-pages-8312948-768x512.jpg 768w, https:\/\/zodr.pl\/zinet\/wp-content\/uploads\/2023\/10\/book-wallpaper-hd-pages-8312948.jpg 1280w\" sizes=\"auto, (max-width: 1024px) 100vw, 1024px\" \/><span aria-hidden=\"true\" class=\"wp-block-cover__background has-background-dim\"><\/span><div class=\"wp-block-cover__inner-container is-layout-flow wp-block-cover-is-layout-flow\">\n<p class=\"has-text-align-center has-large-font-size\"><a href=\"https:\/\/zodr.pl\/zinet\/projekty-sir-2\/\"><mark style=\"background-color:rgba(0, 0, 0, 0)\" class=\"has-inline-color has-ast-global-color-5-color\"><strong>Operacje zrealizowane w zakresie SIR<\/strong><\/mark><\/a><\/p>\n<\/div><\/div>\n<\/div>\n<\/div>\n\n\n\n<div class=\"wp-block-columns is-layout-flex wp-container-core-columns-is-layout-28f84493 wp-block-columns-is-layout-flex\">\n<div class=\"wp-block-column is-layout-flow wp-block-column-is-layout-flow\">\n<div class=\"wp-block-cover is-light\" style=\"min-height:265px;aspect-ratio:unset;\"><img loading=\"lazy\" decoding=\"async\" width=\"1280\" height=\"853\" class=\"wp-block-cover__image-background wp-image-6792\" alt=\"gimbal stabilizer, photography equipment, filming equipment-7224727.jpg\" src=\"https:\/\/zodr.pl\/zinet\/wp-content\/uploads\/2024\/01\/gimbal-stabilizer-photography-equipment-filming-equipment-7224727.jpg\" data-object-fit=\"cover\" srcset=\"https:\/\/zodr.pl\/zinet\/wp-content\/uploads\/2024\/01\/gimbal-stabilizer-photography-equipment-filming-equipment-7224727.jpg 1280w, https:\/\/zodr.pl\/zinet\/wp-content\/uploads\/2024\/01\/gimbal-stabilizer-photography-equipment-filming-equipment-7224727-300x200.jpg 300w, https:\/\/zodr.pl\/zinet\/wp-content\/uploads\/2024\/01\/gimbal-stabilizer-photography-equipment-filming-equipment-7224727-1024x682.jpg 1024w, https:\/\/zodr.pl\/zinet\/wp-content\/uploads\/2024\/01\/gimbal-stabilizer-photography-equipment-filming-equipment-7224727-768x512.jpg 768w\" sizes=\"auto, (max-width: 1280px) 100vw, 1280px\" \/><span aria-hidden=\"true\" class=\"wp-block-cover__background has-background-dim\"><\/span><div class=\"wp-block-cover__inner-container is-layout-flow wp-block-cover-is-layout-flow\">\n<p class=\"has-text-align-center has-large-font-size\" style=\"line-height:1.9\"><a href=\"https:\/\/zodr.pl\/zinet\/materialy-video\/\" data-type=\"link\" data-id=\"https:\/\/zodr.pl\/zinet\/materialy-video\/\"><mark style=\"background-color:rgba(0, 0, 0, 0)\" class=\"has-inline-color has-ast-global-color-5-color\"><strong>Filmy kr\u00f3tkometra\u017cowe zrealizowane w ramach SIR<\/strong><\/mark><\/a><\/p>\n<\/div><\/div>\n<\/div>\n<\/div>\n","protected":false},"excerpt":{"rendered":"<p>SIR &#8211; Sie\u0107 na rzecz innowacji w rolnictwie i na obszarach wiejskich Sie\u0107 na rzecz innowacji w rolnictwie i na obszarach wiejskich funkcjonuje w ramach Krajowej Sieci Rozwoju Obszar\u00f3w Wiejskich i ma charakter otwarty. Uczestnikami Sieci mog\u0105 by\u0107 wszystkie podmioty zaanga\u017cowane w rozw\u00f3j rolnictwa i obszar\u00f3w wiejskich. Funkcjonowanie SIR zapewniaj\u0105 publiczne jednostki doradztwa rolniczego: Centrum &hellip;<\/p>\n<p class=\"read-more\"> <a class=\"\" href=\"https:\/\/zodr.pl\/zinet\/sir-2-2\/\"> <span class=\"screen-reader-text\">SIR<\/span> Czytaj wi\u0119cej &raquo;<\/a><\/p>\n","protected":false},"author":27,"featured_media":0,"parent":0,"menu_order":0,"comment_status":"closed","ping_status":"closed","template":"","meta":{"_eb_attr":"","_uag_custom_page_level_css":"","site-sidebar-layout":"default","site-content-layout":"","ast-site-content-layout":"default","site-content-style":"default","site-sidebar-style":"default","ast-global-header-display":"","ast-banner-title-visibility":"","ast-main-header-display":"","ast-hfb-above-header-display":"","ast-hfb-below-header-display":"","ast-hfb-mobile-header-display":"","site-post-title":"","ast-breadcrumbs-content":"","ast-featured-img":"","footer-sml-layout":"","theme-transparent-header-meta":"","adv-header-id-meta":"","stick-header-meta":"","header-above-stick-meta":"","header-main-stick-meta":"","header-below-stick-meta":"","astra-migrate-meta-layouts":"set","_mc_calendar":[],"footnotes":""},"class_list":["post-3241","page","type-page","status-publish","hentry"],"yoast_head":"<!-- This site is optimized with the Yoast SEO plugin v25.7 - https:\/\/yoast.com\/wordpress\/plugins\/seo\/ -->\n<title>SIR - Zachodniopomorski O\u015brodek Doradztwa Rolniczego w Barzkowicach<\/title>\n<meta name=\"robots\" content=\"index, follow, max-snippet:-1, max-image-preview:large, max-video-preview:-1\" \/>\n<link rel=\"canonical\" href=\"https:\/\/zodr.pl\/zinet\/sir-2-2\/\" \/>\n<meta property=\"og:locale\" content=\"pl_PL\" \/>\n<meta property=\"og:type\" content=\"article\" \/>\n<meta property=\"og:title\" content=\"SIR - Zachodniopomorski O\u015brodek Doradztwa Rolniczego w Barzkowicach\" \/>\n<meta property=\"og:description\" content=\"SIR &#8211; Sie\u0107 na rzecz innowacji w rolnictwie i na obszarach wiejskich Sie\u0107 na rzecz innowacji w rolnictwie i na obszarach wiejskich funkcjonuje w ramach Krajowej Sieci Rozwoju Obszar\u00f3w Wiejskich i ma charakter otwarty. Uczestnikami Sieci mog\u0105 by\u0107 wszystkie podmioty zaanga\u017cowane w rozw\u00f3j rolnictwa i obszar\u00f3w wiejskich. Funkcjonowanie SIR zapewniaj\u0105 publiczne jednostki doradztwa rolniczego: Centrum &hellip; SIR Czytaj wi\u0119cej &raquo;\" \/>\n<meta property=\"og:url\" content=\"https:\/\/zodr.pl\/zinet\/sir-2-2\/\" \/>\n<meta property=\"og:site_name\" content=\"Zachodniopomorski O\u015brodek Doradztwa Rolniczego w Barzkowicach\" \/>\n<meta property=\"article:publisher\" content=\"https:\/\/facebook.com\/zodr.barzkowice\/\" \/>\n<meta property=\"article:modified_time\" content=\"2026-01-19T08:24:23+00:00\" \/>\n<meta property=\"og:image\" content=\"https:\/\/zodr.pl\/zinet\/wp-content\/uploads\/2023\/10\/SIR-logo.png\" \/>\n\t<meta property=\"og:image:width\" content=\"517\" \/>\n\t<meta property=\"og:image:height\" content=\"210\" \/>\n\t<meta property=\"og:image:type\" content=\"image\/png\" \/>\n<meta name=\"twitter:card\" content=\"summary_large_image\" \/>\n<meta name=\"twitter:label1\" content=\"Est. reading time\" \/>\n\t<meta name=\"twitter:data1\" content=\"4 minuty\" \/>\n<script type=\"application\/ld+json\" class=\"yoast-schema-graph\">{\"@context\":\"https:\/\/schema.org\",\"@graph\":[{\"@type\":\"WebPage\",\"@id\":\"https:\/\/zodr.pl\/zinet\/sir-2-2\/\",\"url\":\"https:\/\/zodr.pl\/zinet\/sir-2-2\/\",\"name\":\"SIR - Zachodniopomorski O\u015brodek Doradztwa Rolniczego w Barzkowicach\",\"isPartOf\":{\"@id\":\"https:\/\/zodr.pl\/zinet\/#website\"},\"primaryImageOfPage\":{\"@id\":\"https:\/\/zodr.pl\/zinet\/sir-2-2\/#primaryimage\"},\"image\":{\"@id\":\"https:\/\/zodr.pl\/zinet\/sir-2-2\/#primaryimage\"},\"thumbnailUrl\":\"https:\/\/zodr.pl\/zinet\/wp-content\/uploads\/2023\/10\/SIR-logo.png\",\"datePublished\":\"2023-10-10T06:24:16+00:00\",\"dateModified\":\"2026-01-19T08:24:23+00:00\",\"breadcrumb\":{\"@id\":\"https:\/\/zodr.pl\/zinet\/sir-2-2\/#breadcrumb\"},\"inLanguage\":\"pl-PL\",\"potentialAction\":[{\"@type\":\"ReadAction\",\"target\":[\"https:\/\/zodr.pl\/zinet\/sir-2-2\/\"]}]},{\"@type\":\"ImageObject\",\"inLanguage\":\"pl-PL\",\"@id\":\"https:\/\/zodr.pl\/zinet\/sir-2-2\/#primaryimage\",\"url\":\"https:\/\/zodr.pl\/zinet\/wp-content\/uploads\/2023\/10\/SIR-logo.png\",\"contentUrl\":\"https:\/\/zodr.pl\/zinet\/wp-content\/uploads\/2023\/10\/SIR-logo.png\",\"width\":517,\"height\":210},{\"@type\":\"BreadcrumbList\",\"@id\":\"https:\/\/zodr.pl\/zinet\/sir-2-2\/#breadcrumb\",\"itemListElement\":[{\"@type\":\"ListItem\",\"position\":1,\"name\":\"Home\",\"item\":\"https:\/\/zodr.pl\/zinet\/\"},{\"@type\":\"ListItem\",\"position\":2,\"name\":\"SIR\"}]},{\"@type\":\"WebSite\",\"@id\":\"https:\/\/zodr.pl\/zinet\/#website\",\"url\":\"https:\/\/zodr.pl\/zinet\/\",\"name\":\"Zachodniopomorski O\u015brodek Doradztwa Rolniczego w Barzkowicach\",\"description\":\"Nowoczesne sale na ka\u017cde wydarzenie - konferencje, szkolenia, warsztaty i uroczysto\u015bci\",\"publisher\":{\"@id\":\"https:\/\/zodr.pl\/zinet\/#organization\"},\"potentialAction\":[{\"@type\":\"SearchAction\",\"target\":{\"@type\":\"EntryPoint\",\"urlTemplate\":\"https:\/\/zodr.pl\/zinet\/?s={search_term_string}\"},\"query-input\":{\"@type\":\"PropertyValueSpecification\",\"valueRequired\":true,\"valueName\":\"search_term_string\"}}],\"inLanguage\":\"pl-PL\"},{\"@type\":\"Organization\",\"@id\":\"https:\/\/zodr.pl\/zinet\/#organization\",\"name\":\"Zachodniopomorski O\u015brodek Doradztwa Rolniczego w Barzkowicach\",\"url\":\"https:\/\/zodr.pl\/zinet\/\",\"logo\":{\"@type\":\"ImageObject\",\"inLanguage\":\"pl-PL\",\"@id\":\"https:\/\/zodr.pl\/zinet\/#\/schema\/logo\/image\/\",\"url\":\"https:\/\/zodr.pl\/zinet\/wp-content\/uploads\/2024\/07\/cropped-logo_zodr.png\",\"contentUrl\":\"https:\/\/zodr.pl\/zinet\/wp-content\/uploads\/2024\/07\/cropped-logo_zodr.png\",\"width\":125,\"height\":115,\"caption\":\"Zachodniopomorski O\u015brodek Doradztwa Rolniczego w Barzkowicach\"},\"image\":{\"@id\":\"https:\/\/zodr.pl\/zinet\/#\/schema\/logo\/image\/\"},\"sameAs\":[\"https:\/\/facebook.com\/zodr.barzkowice\/\"]}]}<\/script>\n<!-- \/ Yoast SEO plugin. -->","yoast_head_json":{"title":"SIR - Zachodniopomorski O\u015brodek Doradztwa Rolniczego w Barzkowicach","robots":{"index":"index","follow":"follow","max-snippet":"max-snippet:-1","max-image-preview":"max-image-preview:large","max-video-preview":"max-video-preview:-1"},"canonical":"https:\/\/zodr.pl\/zinet\/sir-2-2\/","og_locale":"pl_PL","og_type":"article","og_title":"SIR - Zachodniopomorski O\u015brodek Doradztwa Rolniczego w Barzkowicach","og_description":"SIR &#8211; Sie\u0107 na rzecz innowacji w rolnictwie i na obszarach wiejskich Sie\u0107 na rzecz innowacji w rolnictwie i na obszarach wiejskich funkcjonuje w ramach Krajowej Sieci Rozwoju Obszar\u00f3w Wiejskich i ma charakter otwarty. Uczestnikami Sieci mog\u0105 by\u0107 wszystkie podmioty zaanga\u017cowane w rozw\u00f3j rolnictwa i obszar\u00f3w wiejskich. Funkcjonowanie SIR zapewniaj\u0105 publiczne jednostki doradztwa rolniczego: Centrum &hellip; SIR Czytaj wi\u0119cej &raquo;","og_url":"https:\/\/zodr.pl\/zinet\/sir-2-2\/","og_site_name":"Zachodniopomorski O\u015brodek Doradztwa Rolniczego w Barzkowicach","article_publisher":"https:\/\/facebook.com\/zodr.barzkowice\/","article_modified_time":"2026-01-19T08:24:23+00:00","og_image":[{"width":517,"height":210,"url":"https:\/\/zodr.pl\/zinet\/wp-content\/uploads\/2023\/10\/SIR-logo.png","type":"image\/png"}],"twitter_card":"summary_large_image","twitter_misc":{"Est. reading time":"4 minuty"},"schema":{"@context":"https:\/\/schema.org","@graph":[{"@type":"WebPage","@id":"https:\/\/zodr.pl\/zinet\/sir-2-2\/","url":"https:\/\/zodr.pl\/zinet\/sir-2-2\/","name":"SIR - Zachodniopomorski O\u015brodek Doradztwa Rolniczego w Barzkowicach","isPartOf":{"@id":"https:\/\/zodr.pl\/zinet\/#website"},"primaryImageOfPage":{"@id":"https:\/\/zodr.pl\/zinet\/sir-2-2\/#primaryimage"},"image":{"@id":"https:\/\/zodr.pl\/zinet\/sir-2-2\/#primaryimage"},"thumbnailUrl":"https:\/\/zodr.pl\/zinet\/wp-content\/uploads\/2023\/10\/SIR-logo.png","datePublished":"2023-10-10T06:24:16+00:00","dateModified":"2026-01-19T08:24:23+00:00","breadcrumb":{"@id":"https:\/\/zodr.pl\/zinet\/sir-2-2\/#breadcrumb"},"inLanguage":"pl-PL","potentialAction":[{"@type":"ReadAction","target":["https:\/\/zodr.pl\/zinet\/sir-2-2\/"]}]},{"@type":"ImageObject","inLanguage":"pl-PL","@id":"https:\/\/zodr.pl\/zinet\/sir-2-2\/#primaryimage","url":"https:\/\/zodr.pl\/zinet\/wp-content\/uploads\/2023\/10\/SIR-logo.png","contentUrl":"https:\/\/zodr.pl\/zinet\/wp-content\/uploads\/2023\/10\/SIR-logo.png","width":517,"height":210},{"@type":"BreadcrumbList","@id":"https:\/\/zodr.pl\/zinet\/sir-2-2\/#breadcrumb","itemListElement":[{"@type":"ListItem","position":1,"name":"Home","item":"https:\/\/zodr.pl\/zinet\/"},{"@type":"ListItem","position":2,"name":"SIR"}]},{"@type":"WebSite","@id":"https:\/\/zodr.pl\/zinet\/#website","url":"https:\/\/zodr.pl\/zinet\/","name":"Zachodniopomorski O\u015brodek Doradztwa Rolniczego w Barzkowicach","description":"Nowoczesne sale na ka\u017cde wydarzenie - konferencje, szkolenia, warsztaty i uroczysto\u015bci","publisher":{"@id":"https:\/\/zodr.pl\/zinet\/#organization"},"potentialAction":[{"@type":"SearchAction","target":{"@type":"EntryPoint","urlTemplate":"https:\/\/zodr.pl\/zinet\/?s={search_term_string}"},"query-input":{"@type":"PropertyValueSpecification","valueRequired":true,"valueName":"search_term_string"}}],"inLanguage":"pl-PL"},{"@type":"Organization","@id":"https:\/\/zodr.pl\/zinet\/#organization","name":"Zachodniopomorski O\u015brodek Doradztwa Rolniczego w Barzkowicach","url":"https:\/\/zodr.pl\/zinet\/","logo":{"@type":"ImageObject","inLanguage":"pl-PL","@id":"https:\/\/zodr.pl\/zinet\/#\/schema\/logo\/image\/","url":"https:\/\/zodr.pl\/zinet\/wp-content\/uploads\/2024\/07\/cropped-logo_zodr.png","contentUrl":"https:\/\/zodr.pl\/zinet\/wp-content\/uploads\/2024\/07\/cropped-logo_zodr.png","width":125,"height":115,"caption":"Zachodniopomorski O\u015brodek Doradztwa Rolniczego w Barzkowicach"},"image":{"@id":"https:\/\/zodr.pl\/zinet\/#\/schema\/logo\/image\/"},"sameAs":["https:\/\/facebook.com\/zodr.barzkowice\/"]}]}},"uagb_featured_image_src":{"full":false,"thumbnail":false,"medium":false,"medium_large":false,"large":false,"1536x1536":false,"2048x2048":false},"uagb_author_info":{"display_name":"Weronika Rybij","author_link":"https:\/\/zodr.pl\/zinet\/author\/w-rybij\/"},"uagb_comment_info":0,"uagb_excerpt":"SIR &#8211; Sie\u0107 na rzecz innowacji w rolnictwie i na obszarach wiejskich Sie\u0107 na rzecz innowacji w rolnictwie i na obszarach wiejskich funkcjonuje w ramach Krajowej Sieci Rozwoju Obszar\u00f3w Wiejskich i ma charakter otwarty. Uczestnikami Sieci mog\u0105 by\u0107 wszystkie podmioty zaanga\u017cowane w rozw\u00f3j rolnictwa i obszar\u00f3w wiejskich. Funkcjonowanie SIR zapewniaj\u0105 publiczne jednostki doradztwa rolniczego: Centrum&hellip;","_links":{"self":[{"href":"https:\/\/zodr.pl\/zinet\/wp-json\/wp\/v2\/pages\/3241","targetHints":{"allow":["GET"]}}],"collection":[{"href":"https:\/\/zodr.pl\/zinet\/wp-json\/wp\/v2\/pages"}],"about":[{"href":"https:\/\/zodr.pl\/zinet\/wp-json\/wp\/v2\/types\/page"}],"author":[{"embeddable":true,"href":"https:\/\/zodr.pl\/zinet\/wp-json\/wp\/v2\/users\/27"}],"replies":[{"embeddable":true,"href":"https:\/\/zodr.pl\/zinet\/wp-json\/wp\/v2\/comments?post=3241"}],"version-history":[{"count":12,"href":"https:\/\/zodr.pl\/zinet\/wp-json\/wp\/v2\/pages\/3241\/revisions"}],"predecessor-version":[{"id":23711,"href":"https:\/\/zodr.pl\/zinet\/wp-json\/wp\/v2\/pages\/3241\/revisions\/23711"}],"wp:attachment":[{"href":"https:\/\/zodr.pl\/zinet\/wp-json\/wp\/v2\/media?parent=3241"}],"curies":[{"name":"wp","href":"https:\/\/api.w.org\/{rel}","templated":true}]}}