{"id":3934,"date":"2023-10-13T11:53:50","date_gmt":"2023-10-13T09:53:50","guid":{"rendered":"https:\/\/zodr.pl\/zinet\/?page_id=3934"},"modified":"2025-01-22T08:07:16","modified_gmt":"2025-01-22T07:07:16","slug":"biosurowcowy-ogrod-dydaktyczny","status":"publish","type":"page","link":"https:\/\/zodr.pl\/zinet\/dzial-eos\/biosurowcowy-ogrod-dydaktyczny\/","title":{"rendered":"Biosurowcowy Ogr\u00f3d Dydaktyczny"},"content":{"rendered":"\n<div class=\"wp-block-uagb-container uagb-block-74a2df39 alignfull uagb-is-root-container\"><div class=\"uagb-container-inner-blocks-wrap\">\n<div class=\"wp-block-uagb-advanced-heading uagb-block-9af4942e\"><h1 class=\"uagb-heading-text\">Biosurowcowy Ogr\u00f3d Dydaktyczny<\/h1><\/div>\n<\/div><\/div>\n\n\n\n<div class=\"wp-block-uagb-container uagb-block-f950a69a alignfull uagb-is-root-container\"><div class=\"uagb-container-inner-blocks-wrap\">\n<div class=\"wp-block-uagb-advanced-heading uagb-block-cbc20b2a\"><h2 class=\"uagb-heading-text\"><strong>Broszury<\/strong><\/h2><div class=\"uagb-separator\"><\/div><\/div>\n\n\n\n<figure class=\"wp-block-image size-full is-resized _zoom\"><a href=\"https:\/\/zodr.pl\/zinet\/wp-content\/uploads\/2023\/10\/biosurowcowy.pdf\" target=\"_blank\" rel=\"noreferrer noopener\"><img loading=\"lazy\" decoding=\"async\" width=\"641\" height=\"907\" src=\"https:\/\/zodr.pl\/zinet\/wp-content\/uploads\/2023\/10\/biosurowcowy_ogrod_okladka.png\" alt=\"\" class=\"wp-image-4131\" style=\"object-fit:cover;width:200px;height:280px\" srcset=\"https:\/\/zodr.pl\/zinet\/wp-content\/uploads\/2023\/10\/biosurowcowy_ogrod_okladka.png 641w, https:\/\/zodr.pl\/zinet\/wp-content\/uploads\/2023\/10\/biosurowcowy_ogrod_okladka-212x300.png 212w\" sizes=\"auto, (max-width: 641px) 100vw, 641px\" \/><\/a><\/figure>\n\n\n\n<p><strong>&nbsp;&nbsp;&nbsp;&nbsp;&nbsp;&nbsp;&nbsp;&nbsp;&nbsp; Biosurowcowy Ogr\u00f3d Dydaktyczny<\/strong> powsta\u0142 w ramach mi\u0119dzynarodowego projektu pilota\u017cowego Leonardo da Vinci z udzia\u0142em 14 partner\u00f3w            z 6&nbsp; kraj\u00f3w europejskich, w tym Grecji, Bu\u0142garii, W\u0119gier, Niemiec, Austrii i Polski. Ogr\u00f3d pokazuje przegl\u0105d klasyfikacji surowc\u00f3w odnawialnych wed\u0142ug linii produkcyjnych, przyk\u0142ady asortymentu ro\u015blinnego z mo\u017cliwo\u015bciami ich przemys\u0142owego wykorzystania. S\u0105 to dobrze nam znane ro\u015bliny uprawne jak i dziko rosn\u0105ce. W ogrodzie znajduje si\u0119 86 gatunk\u00f3w ro\u015blin dostosowanych do warunk\u00f3w klimatycznych naszego regionu. Ro\u015bliny te podzielone s\u0105 na grupy wed\u0142ug zawarto\u015bci w nich specyficznych sk\u0142adnik\u00f3w znajduj\u0105cych zastosowanie w przemy\u015ble \u2013 energetycznym, budownictwie, meblarstwie, w\u0142\u00f3kiennictwie, lakiernictwie, farbiarstwie, farmaceutyce i&nbsp; innych ga\u0142\u0119ziach.<\/p>\n\n\n\n<p>Uwzgl\u0119dniono osiem grup ro\u015blin:<\/p>\n\n\n\n<ul class=\"wp-block-list\">\n<li>Cukrowe,<\/li>\n\n\n\n<li>Skrobiowe,<\/li>\n\n\n\n<li>Bia\u0142kowe,<\/li>\n\n\n\n<li>Oleiste,<\/li>\n\n\n\n<li>W\u0142\u00f3kniste,<\/li>\n\n\n\n<li>Ro\u015bliny o szczeg\u00f3lnych substancjach: leczniczych, przyprawowych, barwnikowych, garbnikowych i woskowych,<\/li>\n\n\n\n<li>Energetyczne,<\/li>\n\n\n\n<li>Ro\u015bliny dla pozyskania r\u00f3\u017cnych gatunk\u00f3w drewna.<\/li>\n<\/ul>\n\n\n\t\t\t\t\t<div\n\t\t\t\t\t\tclass=\"wp-block-uagb-image-gallery uagb-block-c63aa2cf     \"\n\t\t\t\t\t\tstyle=\"\"\n\t\t\t\t\t>\n\t\t\t\t\t\t\t\t\t\t\t<div class=\"spectra-image-gallery spectra-image-gallery__layout--grid spectra-image-gallery__layout--grid-col-3 spectra-image-gallery__layout--grid-col-tab-3 spectra-image-gallery__layout--grid-col-mob-2\">\n\t\t\t\t\t\t\t\t\t\t\t<div class='spectra-image-gallery__media-wrapper' data-spectra-gallery-image-id='14483' tabindex=\"0\">\n\t\t\t\t\t\t\t<div class=\"spectra-image-gallery__media spectra-image-gallery__media--grid\">\n\t\t\t\t<picture>\n\t\t\t\t\t<source media=\"(min-width: 1024px)\" srcset=\"https:\/\/zodr.pl\/zinet\/wp-content\/uploads\/2025\/01\/20191002_113225-768x1024.jpg\">\n\t\t\t\t\t<source media=\"(min-width: 768px)\" srcset=\"https:\/\/zodr.pl\/zinet\/wp-content\/uploads\/2025\/01\/20191002_113225-768x1024.jpg\">\n\t\t\t\t\t<img decoding=\"async\" class=\"spectra-image-gallery__media-thumbnail spectra-image-gallery__media-thumbnail--grid\" src=\"https:\/\/zodr.pl\/zinet\/wp-content\/uploads\/2025\/01\/20191002_113225-225x300.jpg\" alt=\"\" loading=\"lazy\" \/>\n\t\t\t\t<\/picture>\n\t\t\t\t<div class=\"spectra-image-gallery__media-thumbnail-blurrer\"><\/div>\n\t\t\t\t\t\t\t\t\t\t\t<div class=\"spectra-image-gallery__media-thumbnail-caption-wrapper spectra-image-gallery__media-thumbnail-caption-wrapper--overlay\">\n\t\t\t\t\t\t\t\t\t\t\t<div class=\"spectra-image-gallery__media-thumbnail-caption spectra-image-gallery__media-thumbnail-caption--overlay\">\n\t\t\t\t\tNo Caption\t\t\t\t<\/div>\n\t\t\t\t\t\t\t\t\t\t<\/div>\n\t\t\t\t\t\t\t\t\t<\/div>\n\t\t\t\t\t\t<\/div>\n\t\t\t\t\t\t<div class='spectra-image-gallery__media-wrapper' data-spectra-gallery-image-id='14484' tabindex=\"0\">\n\t\t\t\t\t\t\t<div class=\"spectra-image-gallery__media spectra-image-gallery__media--grid\">\n\t\t\t\t<picture>\n\t\t\t\t\t<source media=\"(min-width: 1024px)\" srcset=\"https:\/\/zodr.pl\/zinet\/wp-content\/uploads\/2025\/01\/20191008_115200-1024x768.jpg\">\n\t\t\t\t\t<source media=\"(min-width: 768px)\" srcset=\"https:\/\/zodr.pl\/zinet\/wp-content\/uploads\/2025\/01\/20191008_115200-1024x768.jpg\">\n\t\t\t\t\t<img decoding=\"async\" class=\"spectra-image-gallery__media-thumbnail spectra-image-gallery__media-thumbnail--grid\" src=\"https:\/\/zodr.pl\/zinet\/wp-content\/uploads\/2025\/01\/20191008_115200-300x225.jpg\" alt=\"\" loading=\"lazy\" \/>\n\t\t\t\t<\/picture>\n\t\t\t\t<div class=\"spectra-image-gallery__media-thumbnail-blurrer\"><\/div>\n\t\t\t\t\t\t\t\t\t\t\t<div class=\"spectra-image-gallery__media-thumbnail-caption-wrapper spectra-image-gallery__media-thumbnail-caption-wrapper--overlay\">\n\t\t\t\t\t\t\t\t\t\t\t<div class=\"spectra-image-gallery__media-thumbnail-caption spectra-image-gallery__media-thumbnail-caption--overlay\">\n\t\t\t\t\tNo Caption\t\t\t\t<\/div>\n\t\t\t\t\t\t\t\t\t\t<\/div>\n\t\t\t\t\t\t\t\t\t<\/div>\n\t\t\t\t\t\t<\/div>\n\t\t\t\t\t\t<div class='spectra-image-gallery__media-wrapper' data-spectra-gallery-image-id='14485' tabindex=\"0\">\n\t\t\t\t\t\t\t<div class=\"spectra-image-gallery__media spectra-image-gallery__media--grid\">\n\t\t\t\t<picture>\n\t\t\t\t\t<source media=\"(min-width: 1024px)\" srcset=\"https:\/\/zodr.pl\/zinet\/wp-content\/uploads\/2025\/01\/20191008_115335-768x1024.jpg\">\n\t\t\t\t\t<source media=\"(min-width: 768px)\" srcset=\"https:\/\/zodr.pl\/zinet\/wp-content\/uploads\/2025\/01\/20191008_115335-768x1024.jpg\">\n\t\t\t\t\t<img decoding=\"async\" class=\"spectra-image-gallery__media-thumbnail spectra-image-gallery__media-thumbnail--grid\" src=\"https:\/\/zodr.pl\/zinet\/wp-content\/uploads\/2025\/01\/20191008_115335-225x300.jpg\" alt=\"\" loading=\"lazy\" \/>\n\t\t\t\t<\/picture>\n\t\t\t\t<div class=\"spectra-image-gallery__media-thumbnail-blurrer\"><\/div>\n\t\t\t\t\t\t\t\t\t\t\t<div class=\"spectra-image-gallery__media-thumbnail-caption-wrapper spectra-image-gallery__media-thumbnail-caption-wrapper--overlay\">\n\t\t\t\t\t\t\t\t\t\t\t<div class=\"spectra-image-gallery__media-thumbnail-caption spectra-image-gallery__media-thumbnail-caption--overlay\">\n\t\t\t\t\tBR\t\t\t\t<\/div>\n\t\t\t\t\t\t\t\t\t\t<\/div>\n\t\t\t\t\t\t\t\t\t<\/div>\n\t\t\t\t\t\t<\/div>\n\t\t\t\t\t\t<div class='spectra-image-gallery__media-wrapper' data-spectra-gallery-image-id='14486' tabindex=\"0\">\n\t\t\t\t\t\t\t<div class=\"spectra-image-gallery__media spectra-image-gallery__media--grid\">\n\t\t\t\t<picture>\n\t\t\t\t\t<source media=\"(min-width: 1024px)\" srcset=\"https:\/\/zodr.pl\/zinet\/wp-content\/uploads\/2025\/01\/20191009_104053-1024x768.jpg\">\n\t\t\t\t\t<source media=\"(min-width: 768px)\" srcset=\"https:\/\/zodr.pl\/zinet\/wp-content\/uploads\/2025\/01\/20191009_104053-1024x768.jpg\">\n\t\t\t\t\t<img decoding=\"async\" class=\"spectra-image-gallery__media-thumbnail spectra-image-gallery__media-thumbnail--grid\" src=\"https:\/\/zodr.pl\/zinet\/wp-content\/uploads\/2025\/01\/20191009_104053-300x225.jpg\" alt=\"\" loading=\"lazy\" \/>\n\t\t\t\t<\/picture>\n\t\t\t\t<div class=\"spectra-image-gallery__media-thumbnail-blurrer\"><\/div>\n\t\t\t\t\t\t\t\t\t\t\t<div class=\"spectra-image-gallery__media-thumbnail-caption-wrapper spectra-image-gallery__media-thumbnail-caption-wrapper--overlay\">\n\t\t\t\t\t\t\t\t\t\t\t<div class=\"spectra-image-gallery__media-thumbnail-caption spectra-image-gallery__media-thumbnail-caption--overlay\">\n\t\t\t\t\tNo Caption\t\t\t\t<\/div>\n\t\t\t\t\t\t\t\t\t\t<\/div>\n\t\t\t\t\t\t\t\t\t<\/div>\n\t\t\t\t\t\t<\/div>\n\t\t\t\t\t\t<div class='spectra-image-gallery__media-wrapper' data-spectra-gallery-image-id='14487' tabindex=\"0\">\n\t\t\t\t\t\t\t<div class=\"spectra-image-gallery__media spectra-image-gallery__media--grid\">\n\t\t\t\t<picture>\n\t\t\t\t\t<source media=\"(min-width: 1024px)\" srcset=\"https:\/\/zodr.pl\/zinet\/wp-content\/uploads\/2025\/01\/20191009_104120-1024x768.jpg\">\n\t\t\t\t\t<source media=\"(min-width: 768px)\" srcset=\"https:\/\/zodr.pl\/zinet\/wp-content\/uploads\/2025\/01\/20191009_104120-1024x768.jpg\">\n\t\t\t\t\t<img decoding=\"async\" class=\"spectra-image-gallery__media-thumbnail spectra-image-gallery__media-thumbnail--grid\" src=\"https:\/\/zodr.pl\/zinet\/wp-content\/uploads\/2025\/01\/20191009_104120-300x225.jpg\" alt=\"\" loading=\"lazy\" \/>\n\t\t\t\t<\/picture>\n\t\t\t\t<div class=\"spectra-image-gallery__media-thumbnail-blurrer\"><\/div>\n\t\t\t\t\t\t\t\t\t\t\t<div class=\"spectra-image-gallery__media-thumbnail-caption-wrapper spectra-image-gallery__media-thumbnail-caption-wrapper--overlay\">\n\t\t\t\t\t\t\t\t\t\t\t<div class=\"spectra-image-gallery__media-thumbnail-caption spectra-image-gallery__media-thumbnail-caption--overlay\">\n\t\t\t\t\tNo Caption\t\t\t\t<\/div>\n\t\t\t\t\t\t\t\t\t\t<\/div>\n\t\t\t\t\t\t\t\t\t<\/div>\n\t\t\t\t\t\t<\/div>\n\t\t\t\t\t\t\t\t\t\t<\/div>\n\t\t\t\t\t\t\t\t\t\t\t\t\t\t\t\t\t\t<\/div>\n\t\t\t\t\t\t\t\t\t\n\n\n<p class=\"has-text-align-right\">Agnieszka Kleszcz<\/p>\n<\/div><\/div>\n","protected":false},"excerpt":{"rendered":"<p>Biosurowcowy Ogr\u00f3d Dydaktyczny Broszury &nbsp;&nbsp;&nbsp;&nbsp;&nbsp;&nbsp;&nbsp;&nbsp;&nbsp; Biosurowcowy Ogr\u00f3d Dydaktyczny powsta\u0142 w ramach mi\u0119dzynarodowego projektu pilota\u017cowego Leonardo da Vinci z udzia\u0142em 14 partner\u00f3w z 6&nbsp; kraj\u00f3w europejskich, w tym Grecji, Bu\u0142garii, W\u0119gier, Niemiec, Austrii i Polski. Ogr\u00f3d pokazuje przegl\u0105d klasyfikacji surowc\u00f3w odnawialnych wed\u0142ug linii produkcyjnych, przyk\u0142ady asortymentu ro\u015blinnego z mo\u017cliwo\u015bciami ich przemys\u0142owego wykorzystania. S\u0105 to dobrze nam &hellip;<\/p>\n<p class=\"read-more\"> <a class=\"\" href=\"https:\/\/zodr.pl\/zinet\/dzial-eos\/biosurowcowy-ogrod-dydaktyczny\/\"> <span class=\"screen-reader-text\">Biosurowcowy Ogr\u00f3d Dydaktyczny<\/span> Czytaj wi\u0119cej &raquo;<\/a><\/p>\n","protected":false},"author":23,"featured_media":0,"parent":2585,"menu_order":0,"comment_status":"closed","ping_status":"closed","template":"","meta":{"_eb_attr":"","_uag_custom_page_level_css":"","site-sidebar-layout":"default","site-content-layout":"","ast-site-content-layout":"full-width-container","site-content-style":"default","site-sidebar-style":"default","ast-global-header-display":"","ast-banner-title-visibility":"disabled","ast-main-header-display":"","ast-hfb-above-header-display":"","ast-hfb-below-header-display":"","ast-hfb-mobile-header-display":"","site-post-title":"","ast-breadcrumbs-content":"","ast-featured-img":"","footer-sml-layout":"","theme-transparent-header-meta":"","adv-header-id-meta":"","stick-header-meta":"","header-above-stick-meta":"","header-main-stick-meta":"","header-below-stick-meta":"","astra-migrate-meta-layouts":"set","_mc_calendar":[],"footnotes":""},"class_list":["post-3934","page","type-page","status-publish","hentry"],"yoast_head":"<!-- This site is optimized with the Yoast SEO plugin v25.7 - https:\/\/yoast.com\/wordpress\/plugins\/seo\/ -->\n<title>Biosurowcowy Ogr\u00f3d Dydaktyczny - Zachodniopomorski O\u015brodek Doradztwa Rolniczego w Barzkowicach<\/title>\n<meta name=\"robots\" content=\"index, follow, max-snippet:-1, max-image-preview:large, max-video-preview:-1\" \/>\n<link rel=\"canonical\" href=\"https:\/\/zodr.pl\/zinet\/dzial-eos\/biosurowcowy-ogrod-dydaktyczny\/\" \/>\n<meta property=\"og:locale\" content=\"pl_PL\" \/>\n<meta property=\"og:type\" content=\"article\" \/>\n<meta property=\"og:title\" content=\"Biosurowcowy Ogr\u00f3d Dydaktyczny - Zachodniopomorski O\u015brodek Doradztwa Rolniczego w Barzkowicach\" \/>\n<meta property=\"og:description\" content=\"Biosurowcowy Ogr\u00f3d Dydaktyczny Broszury &nbsp;&nbsp;&nbsp;&nbsp;&nbsp;&nbsp;&nbsp;&nbsp;&nbsp; Biosurowcowy Ogr\u00f3d Dydaktyczny powsta\u0142 w ramach mi\u0119dzynarodowego projektu pilota\u017cowego Leonardo da Vinci z udzia\u0142em 14 partner\u00f3w z 6&nbsp; kraj\u00f3w europejskich, w tym Grecji, Bu\u0142garii, W\u0119gier, Niemiec, Austrii i Polski. Ogr\u00f3d pokazuje przegl\u0105d klasyfikacji surowc\u00f3w odnawialnych wed\u0142ug linii produkcyjnych, przyk\u0142ady asortymentu ro\u015blinnego z mo\u017cliwo\u015bciami ich przemys\u0142owego wykorzystania. S\u0105 to dobrze nam &hellip; Biosurowcowy Ogr\u00f3d Dydaktyczny Czytaj wi\u0119cej &raquo;\" \/>\n<meta property=\"og:url\" content=\"https:\/\/zodr.pl\/zinet\/dzial-eos\/biosurowcowy-ogrod-dydaktyczny\/\" \/>\n<meta property=\"og:site_name\" content=\"Zachodniopomorski O\u015brodek Doradztwa Rolniczego w Barzkowicach\" \/>\n<meta property=\"article:publisher\" content=\"https:\/\/facebook.com\/zodr.barzkowice\/\" \/>\n<meta property=\"article:modified_time\" content=\"2025-01-22T07:07:16+00:00\" \/>\n<meta property=\"og:image\" content=\"https:\/\/zodr.pl\/zinet\/wp-content\/uploads\/2023\/10\/biosurowcowy_ogrod_okladka.png\" \/>\n\t<meta property=\"og:image:width\" content=\"641\" \/>\n\t<meta property=\"og:image:height\" content=\"907\" \/>\n\t<meta property=\"og:image:type\" content=\"image\/png\" \/>\n<meta name=\"twitter:card\" content=\"summary_large_image\" \/>\n<meta name=\"twitter:label1\" content=\"Est. reading time\" \/>\n\t<meta name=\"twitter:data1\" content=\"1 minuta\" \/>\n<script type=\"application\/ld+json\" class=\"yoast-schema-graph\">{\"@context\":\"https:\/\/schema.org\",\"@graph\":[{\"@type\":\"WebPage\",\"@id\":\"https:\/\/zodr.pl\/zinet\/dzial-eos\/biosurowcowy-ogrod-dydaktyczny\/\",\"url\":\"https:\/\/zodr.pl\/zinet\/dzial-eos\/biosurowcowy-ogrod-dydaktyczny\/\",\"name\":\"Biosurowcowy Ogr\u00f3d Dydaktyczny - Zachodniopomorski O\u015brodek Doradztwa Rolniczego w Barzkowicach\",\"isPartOf\":{\"@id\":\"https:\/\/zodr.pl\/zinet\/#website\"},\"primaryImageOfPage\":{\"@id\":\"https:\/\/zodr.pl\/zinet\/dzial-eos\/biosurowcowy-ogrod-dydaktyczny\/#primaryimage\"},\"image\":{\"@id\":\"https:\/\/zodr.pl\/zinet\/dzial-eos\/biosurowcowy-ogrod-dydaktyczny\/#primaryimage\"},\"thumbnailUrl\":\"https:\/\/zodr.pl\/zinet\/wp-content\/uploads\/2023\/10\/biosurowcowy_ogrod_okladka.png\",\"datePublished\":\"2023-10-13T09:53:50+00:00\",\"dateModified\":\"2025-01-22T07:07:16+00:00\",\"breadcrumb\":{\"@id\":\"https:\/\/zodr.pl\/zinet\/dzial-eos\/biosurowcowy-ogrod-dydaktyczny\/#breadcrumb\"},\"inLanguage\":\"pl-PL\",\"potentialAction\":[{\"@type\":\"ReadAction\",\"target\":[\"https:\/\/zodr.pl\/zinet\/dzial-eos\/biosurowcowy-ogrod-dydaktyczny\/\"]}]},{\"@type\":\"ImageObject\",\"inLanguage\":\"pl-PL\",\"@id\":\"https:\/\/zodr.pl\/zinet\/dzial-eos\/biosurowcowy-ogrod-dydaktyczny\/#primaryimage\",\"url\":\"https:\/\/zodr.pl\/zinet\/wp-content\/uploads\/2023\/10\/biosurowcowy_ogrod_okladka.png\",\"contentUrl\":\"https:\/\/zodr.pl\/zinet\/wp-content\/uploads\/2023\/10\/biosurowcowy_ogrod_okladka.png\",\"width\":641,\"height\":907},{\"@type\":\"BreadcrumbList\",\"@id\":\"https:\/\/zodr.pl\/zinet\/dzial-eos\/biosurowcowy-ogrod-dydaktyczny\/#breadcrumb\",\"itemListElement\":[{\"@type\":\"ListItem\",\"position\":1,\"name\":\"Home\",\"item\":\"https:\/\/zodr.pl\/zinet\/\"},{\"@type\":\"ListItem\",\"position\":2,\"name\":\"Dzia\u0142 EO\u015a\",\"item\":\"https:\/\/zodr.pl\/zinet\/dzial-eos\/\"},{\"@type\":\"ListItem\",\"position\":3,\"name\":\"Biosurowcowy Ogr\u00f3d Dydaktyczny\"}]},{\"@type\":\"WebSite\",\"@id\":\"https:\/\/zodr.pl\/zinet\/#website\",\"url\":\"https:\/\/zodr.pl\/zinet\/\",\"name\":\"Zachodniopomorski O\u015brodek Doradztwa Rolniczego w Barzkowicach\",\"description\":\"Nowoczesne sale na ka\u017cde wydarzenie - konferencje, szkolenia, warsztaty i uroczysto\u015bci\",\"publisher\":{\"@id\":\"https:\/\/zodr.pl\/zinet\/#organization\"},\"potentialAction\":[{\"@type\":\"SearchAction\",\"target\":{\"@type\":\"EntryPoint\",\"urlTemplate\":\"https:\/\/zodr.pl\/zinet\/?s={search_term_string}\"},\"query-input\":{\"@type\":\"PropertyValueSpecification\",\"valueRequired\":true,\"valueName\":\"search_term_string\"}}],\"inLanguage\":\"pl-PL\"},{\"@type\":\"Organization\",\"@id\":\"https:\/\/zodr.pl\/zinet\/#organization\",\"name\":\"Zachodniopomorski O\u015brodek Doradztwa Rolniczego w Barzkowicach\",\"url\":\"https:\/\/zodr.pl\/zinet\/\",\"logo\":{\"@type\":\"ImageObject\",\"inLanguage\":\"pl-PL\",\"@id\":\"https:\/\/zodr.pl\/zinet\/#\/schema\/logo\/image\/\",\"url\":\"https:\/\/zodr.pl\/zinet\/wp-content\/uploads\/2024\/07\/cropped-logo_zodr.png\",\"contentUrl\":\"https:\/\/zodr.pl\/zinet\/wp-content\/uploads\/2024\/07\/cropped-logo_zodr.png\",\"width\":125,\"height\":115,\"caption\":\"Zachodniopomorski O\u015brodek Doradztwa Rolniczego w Barzkowicach\"},\"image\":{\"@id\":\"https:\/\/zodr.pl\/zinet\/#\/schema\/logo\/image\/\"},\"sameAs\":[\"https:\/\/facebook.com\/zodr.barzkowice\/\"]}]}<\/script>\n<!-- \/ Yoast SEO plugin. -->","yoast_head_json":{"title":"Biosurowcowy Ogr\u00f3d Dydaktyczny - Zachodniopomorski O\u015brodek Doradztwa Rolniczego w Barzkowicach","robots":{"index":"index","follow":"follow","max-snippet":"max-snippet:-1","max-image-preview":"max-image-preview:large","max-video-preview":"max-video-preview:-1"},"canonical":"https:\/\/zodr.pl\/zinet\/dzial-eos\/biosurowcowy-ogrod-dydaktyczny\/","og_locale":"pl_PL","og_type":"article","og_title":"Biosurowcowy Ogr\u00f3d Dydaktyczny - Zachodniopomorski O\u015brodek Doradztwa Rolniczego w Barzkowicach","og_description":"Biosurowcowy Ogr\u00f3d Dydaktyczny Broszury &nbsp;&nbsp;&nbsp;&nbsp;&nbsp;&nbsp;&nbsp;&nbsp;&nbsp; Biosurowcowy Ogr\u00f3d Dydaktyczny powsta\u0142 w ramach mi\u0119dzynarodowego projektu pilota\u017cowego Leonardo da Vinci z udzia\u0142em 14 partner\u00f3w z 6&nbsp; kraj\u00f3w europejskich, w tym Grecji, Bu\u0142garii, W\u0119gier, Niemiec, Austrii i Polski. Ogr\u00f3d pokazuje przegl\u0105d klasyfikacji surowc\u00f3w odnawialnych wed\u0142ug linii produkcyjnych, przyk\u0142ady asortymentu ro\u015blinnego z mo\u017cliwo\u015bciami ich przemys\u0142owego wykorzystania. S\u0105 to dobrze nam &hellip; Biosurowcowy Ogr\u00f3d Dydaktyczny Czytaj wi\u0119cej &raquo;","og_url":"https:\/\/zodr.pl\/zinet\/dzial-eos\/biosurowcowy-ogrod-dydaktyczny\/","og_site_name":"Zachodniopomorski O\u015brodek Doradztwa Rolniczego w Barzkowicach","article_publisher":"https:\/\/facebook.com\/zodr.barzkowice\/","article_modified_time":"2025-01-22T07:07:16+00:00","og_image":[{"width":641,"height":907,"url":"https:\/\/zodr.pl\/zinet\/wp-content\/uploads\/2023\/10\/biosurowcowy_ogrod_okladka.png","type":"image\/png"}],"twitter_card":"summary_large_image","twitter_misc":{"Est. reading time":"1 minuta"},"schema":{"@context":"https:\/\/schema.org","@graph":[{"@type":"WebPage","@id":"https:\/\/zodr.pl\/zinet\/dzial-eos\/biosurowcowy-ogrod-dydaktyczny\/","url":"https:\/\/zodr.pl\/zinet\/dzial-eos\/biosurowcowy-ogrod-dydaktyczny\/","name":"Biosurowcowy Ogr\u00f3d Dydaktyczny - Zachodniopomorski O\u015brodek Doradztwa Rolniczego w Barzkowicach","isPartOf":{"@id":"https:\/\/zodr.pl\/zinet\/#website"},"primaryImageOfPage":{"@id":"https:\/\/zodr.pl\/zinet\/dzial-eos\/biosurowcowy-ogrod-dydaktyczny\/#primaryimage"},"image":{"@id":"https:\/\/zodr.pl\/zinet\/dzial-eos\/biosurowcowy-ogrod-dydaktyczny\/#primaryimage"},"thumbnailUrl":"https:\/\/zodr.pl\/zinet\/wp-content\/uploads\/2023\/10\/biosurowcowy_ogrod_okladka.png","datePublished":"2023-10-13T09:53:50+00:00","dateModified":"2025-01-22T07:07:16+00:00","breadcrumb":{"@id":"https:\/\/zodr.pl\/zinet\/dzial-eos\/biosurowcowy-ogrod-dydaktyczny\/#breadcrumb"},"inLanguage":"pl-PL","potentialAction":[{"@type":"ReadAction","target":["https:\/\/zodr.pl\/zinet\/dzial-eos\/biosurowcowy-ogrod-dydaktyczny\/"]}]},{"@type":"ImageObject","inLanguage":"pl-PL","@id":"https:\/\/zodr.pl\/zinet\/dzial-eos\/biosurowcowy-ogrod-dydaktyczny\/#primaryimage","url":"https:\/\/zodr.pl\/zinet\/wp-content\/uploads\/2023\/10\/biosurowcowy_ogrod_okladka.png","contentUrl":"https:\/\/zodr.pl\/zinet\/wp-content\/uploads\/2023\/10\/biosurowcowy_ogrod_okladka.png","width":641,"height":907},{"@type":"BreadcrumbList","@id":"https:\/\/zodr.pl\/zinet\/dzial-eos\/biosurowcowy-ogrod-dydaktyczny\/#breadcrumb","itemListElement":[{"@type":"ListItem","position":1,"name":"Home","item":"https:\/\/zodr.pl\/zinet\/"},{"@type":"ListItem","position":2,"name":"Dzia\u0142 EO\u015a","item":"https:\/\/zodr.pl\/zinet\/dzial-eos\/"},{"@type":"ListItem","position":3,"name":"Biosurowcowy Ogr\u00f3d Dydaktyczny"}]},{"@type":"WebSite","@id":"https:\/\/zodr.pl\/zinet\/#website","url":"https:\/\/zodr.pl\/zinet\/","name":"Zachodniopomorski O\u015brodek Doradztwa Rolniczego w Barzkowicach","description":"Nowoczesne sale na ka\u017cde wydarzenie - konferencje, szkolenia, warsztaty i uroczysto\u015bci","publisher":{"@id":"https:\/\/zodr.pl\/zinet\/#organization"},"potentialAction":[{"@type":"SearchAction","target":{"@type":"EntryPoint","urlTemplate":"https:\/\/zodr.pl\/zinet\/?s={search_term_string}"},"query-input":{"@type":"PropertyValueSpecification","valueRequired":true,"valueName":"search_term_string"}}],"inLanguage":"pl-PL"},{"@type":"Organization","@id":"https:\/\/zodr.pl\/zinet\/#organization","name":"Zachodniopomorski O\u015brodek Doradztwa Rolniczego w Barzkowicach","url":"https:\/\/zodr.pl\/zinet\/","logo":{"@type":"ImageObject","inLanguage":"pl-PL","@id":"https:\/\/zodr.pl\/zinet\/#\/schema\/logo\/image\/","url":"https:\/\/zodr.pl\/zinet\/wp-content\/uploads\/2024\/07\/cropped-logo_zodr.png","contentUrl":"https:\/\/zodr.pl\/zinet\/wp-content\/uploads\/2024\/07\/cropped-logo_zodr.png","width":125,"height":115,"caption":"Zachodniopomorski O\u015brodek Doradztwa Rolniczego w Barzkowicach"},"image":{"@id":"https:\/\/zodr.pl\/zinet\/#\/schema\/logo\/image\/"},"sameAs":["https:\/\/facebook.com\/zodr.barzkowice\/"]}]}},"uagb_featured_image_src":{"full":false,"thumbnail":false,"medium":false,"medium_large":false,"large":false,"1536x1536":false,"2048x2048":false},"uagb_author_info":{"display_name":"r.ruducha","author_link":"https:\/\/zodr.pl\/zinet\/author\/r-ruducha\/"},"uagb_comment_info":0,"uagb_excerpt":"Biosurowcowy Ogr\u00f3d Dydaktyczny Broszury &nbsp;&nbsp;&nbsp;&nbsp;&nbsp;&nbsp;&nbsp;&nbsp;&nbsp; Biosurowcowy Ogr\u00f3d Dydaktyczny powsta\u0142 w ramach mi\u0119dzynarodowego projektu pilota\u017cowego Leonardo da Vinci z udzia\u0142em 14 partner\u00f3w z 6&nbsp; kraj\u00f3w europejskich, w tym Grecji, Bu\u0142garii, W\u0119gier, Niemiec, Austrii i Polski. Ogr\u00f3d pokazuje przegl\u0105d klasyfikacji surowc\u00f3w odnawialnych wed\u0142ug linii produkcyjnych, przyk\u0142ady asortymentu ro\u015blinnego z mo\u017cliwo\u015bciami ich przemys\u0142owego wykorzystania. S\u0105 to dobrze nam&hellip;","_links":{"self":[{"href":"https:\/\/zodr.pl\/zinet\/wp-json\/wp\/v2\/pages\/3934","targetHints":{"allow":["GET"]}}],"collection":[{"href":"https:\/\/zodr.pl\/zinet\/wp-json\/wp\/v2\/pages"}],"about":[{"href":"https:\/\/zodr.pl\/zinet\/wp-json\/wp\/v2\/types\/page"}],"author":[{"embeddable":true,"href":"https:\/\/zodr.pl\/zinet\/wp-json\/wp\/v2\/users\/23"}],"replies":[{"embeddable":true,"href":"https:\/\/zodr.pl\/zinet\/wp-json\/wp\/v2\/comments?post=3934"}],"version-history":[{"count":9,"href":"https:\/\/zodr.pl\/zinet\/wp-json\/wp\/v2\/pages\/3934\/revisions"}],"predecessor-version":[{"id":14488,"href":"https:\/\/zodr.pl\/zinet\/wp-json\/wp\/v2\/pages\/3934\/revisions\/14488"}],"up":[{"embeddable":true,"href":"https:\/\/zodr.pl\/zinet\/wp-json\/wp\/v2\/pages\/2585"}],"wp:attachment":[{"href":"https:\/\/zodr.pl\/zinet\/wp-json\/wp\/v2\/media?parent=3934"}],"curies":[{"name":"wp","href":"https:\/\/api.w.org\/{rel}","templated":true}]}}