{"id":4748,"date":"2023-11-20T09:48:26","date_gmt":"2023-11-20T08:48:26","guid":{"rendered":"https:\/\/zodr.pl\/zinet\/?page_id=4748"},"modified":"2023-11-24T14:28:14","modified_gmt":"2023-11-24T13:28:14","slug":"panel-zespolu","status":"publish","type":"page","link":"https:\/\/zodr.pl\/zinet\/panel-zespolu\/","title":{"rendered":"Panel zespo\u0142u"},"content":{"rendered":"\n<div class=\"wp-block-uagb-container _naglowek uagb-block-74a2df39 alignfull uagb-is-root-container\"><div class=\"uagb-container-inner-blocks-wrap\">\n<div class=\"wp-block-uagb-advanced-heading uagb-block-9af4942e\"><h1 class=\"uagb-heading-text\"><strong>Panel Zespo\u0142u<\/strong><\/h1><\/div>\n<\/div><\/div>\n\n\n\n<div class=\"wp-block-uagb-container uagb-block-0aafd756 alignfull uagb-is-root-container\"><div class=\"uagb-container-inner-blocks-wrap\">\n<div class=\"wp-block-uagb-container uagb-block-6e16c9ff\">\n<div class=\"wp-block-columns is-layout-flex wp-container-core-columns-is-layout-28f84493 wp-block-columns-is-layout-flex\">\n<div class=\"wp-block-column is-layout-flow wp-block-column-is-layout-flow\">\n<div class=\"wp-block-uagb-container _zoom uagb-block-ac5ceb79\">\n<div class=\"wp-block-cover\"><span aria-hidden=\"true\" class=\"wp-block-cover__background has-background-dim\"><\/span><img loading=\"lazy\" decoding=\"async\" width=\"612\" height=\"257\" class=\"wp-block-cover__image-background wp-image-4436\" alt=\"\" src=\"https:\/\/zodr.pl\/zinet\/wp-content\/uploads\/2023\/10\/istockphoto-595328682-612x612-1.jpg\" style=\"object-position:33% 57%\" data-object-fit=\"cover\" data-object-position=\"33% 57%\" srcset=\"https:\/\/zodr.pl\/zinet\/wp-content\/uploads\/2023\/10\/istockphoto-595328682-612x612-1.jpg 612w, https:\/\/zodr.pl\/zinet\/wp-content\/uploads\/2023\/10\/istockphoto-595328682-612x612-1-300x126.jpg 300w\" sizes=\"auto, (max-width: 612px) 100vw, 612px\" \/><div class=\"wp-block-cover__inner-container is-layout-constrained wp-block-cover-is-layout-constrained\">\n<p class=\"has-text-align-center has-large-font-size\" style=\"line-height:1.9\">Harmonogram Spotka\u0144<\/p>\n<\/div><\/div>\n<a class=\"spectra-container-link-overlay\" rel=\"noopener\" href=\"https:\/\/zodr.pl\/zinet\/harmonogram-spotkan\/\"> <\/a><\/div>\n<\/div>\n\n\n\n<div class=\"wp-block-column is-layout-flow wp-block-column-is-layout-flow\">\n<div class=\"wp-block-uagb-container _zoom uagb-block-392cab91\">\n<div class=\"wp-block-cover\"><span aria-hidden=\"true\" class=\"wp-block-cover__background has-background-dim\"><\/span><img loading=\"lazy\" decoding=\"async\" width=\"1280\" height=\"852\" class=\"wp-block-cover__image-background wp-image-1755\" alt=\"back to school, paper, colored paper-1559010.jpg\" src=\"https:\/\/zodr.pl\/zinet\/wp-content\/uploads\/2023\/08\/back-to-school-paper-colored-paper-1559010.jpg\" data-object-fit=\"cover\" srcset=\"https:\/\/zodr.pl\/zinet\/wp-content\/uploads\/2023\/08\/back-to-school-paper-colored-paper-1559010.jpg 1280w, https:\/\/zodr.pl\/zinet\/wp-content\/uploads\/2023\/08\/back-to-school-paper-colored-paper-1559010-300x200.jpg 300w, https:\/\/zodr.pl\/zinet\/wp-content\/uploads\/2023\/08\/back-to-school-paper-colored-paper-1559010-1024x682.jpg 1024w, https:\/\/zodr.pl\/zinet\/wp-content\/uploads\/2023\/08\/back-to-school-paper-colored-paper-1559010-768x511.jpg 768w\" sizes=\"auto, (max-width: 1280px) 100vw, 1280px\" \/><div class=\"wp-block-cover__inner-container is-layout-constrained wp-block-cover-is-layout-constrained\">\n<p class=\"has-text-align-center has-large-font-size\" style=\"line-height:1.9\">Dokumenty<\/p>\n<\/div><\/div>\n<a class=\"spectra-container-link-overlay\" rel=\"noopener\" href=\"https:\/\/zodr.pl\/zinet\/dokumenty\/\"> <\/a><\/div>\n<\/div>\n\n\n\n<div class=\"wp-block-column is-layout-flow wp-block-column-is-layout-flow\">\n<div class=\"wp-block-uagb-container _zoom uagb-block-c623aeeb\">\n<div class=\"wp-block-cover is-light\"><span aria-hidden=\"true\" class=\"wp-block-cover__background has-background-dim\"><\/span><img loading=\"lazy\" decoding=\"async\" width=\"546\" height=\"600\" class=\"wp-block-cover__image-background wp-image-4822\" alt=\"\" src=\"https:\/\/zodr.pl\/zinet\/wp-content\/uploads\/2023\/11\/mapa_gminy_eregion.png\" data-object-fit=\"cover\" srcset=\"https:\/\/zodr.pl\/zinet\/wp-content\/uploads\/2023\/11\/mapa_gminy_eregion.png 546w, https:\/\/zodr.pl\/zinet\/wp-content\/uploads\/2023\/11\/mapa_gminy_eregion-273x300.png 273w\" sizes=\"auto, (max-width: 546px) 100vw, 546px\" \/><div class=\"wp-block-cover__inner-container is-layout-constrained wp-block-cover-is-layout-constrained\">\n<p class=\"has-text-align-center has-large-font-size\" style=\"line-height:1.9\">Powiaty<\/p>\n<\/div><\/div>\n<a class=\"spectra-container-link-overlay\" rel=\"noopener\" href=\"https:\/\/zodr.pl\/zinet\/powiaty-lpw\/\"> <\/a><\/div>\n<\/div>\n<\/div>\n<\/div>\n<\/div><\/div>\n","protected":false},"excerpt":{"rendered":"<p>Panel Zespo\u0142u<\/p>\n","protected":false},"author":23,"featured_media":0,"parent":0,"menu_order":0,"comment_status":"closed","ping_status":"closed","template":"","meta":{"_eb_attr":"","_uag_custom_page_level_css":"","site-sidebar-layout":"default","site-content-layout":"","ast-site-content-layout":"default","site-content-style":"default","site-sidebar-style":"default","ast-global-header-display":"","ast-banner-title-visibility":"","ast-main-header-display":"","ast-hfb-above-header-display":"","ast-hfb-below-header-display":"","ast-hfb-mobile-header-display":"","site-post-title":"","ast-breadcrumbs-content":"","ast-featured-img":"","footer-sml-layout":"","theme-transparent-header-meta":"","adv-header-id-meta":"","stick-header-meta":"","header-above-stick-meta":"","header-main-stick-meta":"","header-below-stick-meta":"","astra-migrate-meta-layouts":"set","_mc_calendar":[],"footnotes":""},"class_list":["post-4748","page","type-page","status-publish","hentry"],"yoast_head":"<!-- This site is optimized with the Yoast SEO plugin v25.7 - https:\/\/yoast.com\/wordpress\/plugins\/seo\/ -->\n<title>Panel zespo\u0142u - Zachodniopomorski O\u015brodek Doradztwa Rolniczego w Barzkowicach<\/title>\n<meta name=\"robots\" content=\"index, follow, max-snippet:-1, max-image-preview:large, max-video-preview:-1\" \/>\n<link rel=\"canonical\" href=\"https:\/\/zodr.pl\/zinet\/panel-zespolu\/\" \/>\n<meta property=\"og:locale\" content=\"pl_PL\" \/>\n<meta property=\"og:type\" content=\"article\" \/>\n<meta property=\"og:title\" content=\"Panel zespo\u0142u - Zachodniopomorski O\u015brodek Doradztwa Rolniczego w Barzkowicach\" \/>\n<meta property=\"og:description\" content=\"Panel Zespo\u0142u\" \/>\n<meta property=\"og:url\" content=\"https:\/\/zodr.pl\/zinet\/panel-zespolu\/\" \/>\n<meta property=\"og:site_name\" content=\"Zachodniopomorski O\u015brodek Doradztwa Rolniczego w Barzkowicach\" \/>\n<meta property=\"article:publisher\" content=\"https:\/\/facebook.com\/zodr.barzkowice\/\" \/>\n<meta property=\"article:modified_time\" content=\"2023-11-24T13:28:14+00:00\" \/>\n<meta property=\"og:image\" content=\"https:\/\/zodr.pl\/zinet\/wp-content\/uploads\/2023\/10\/istockphoto-595328682-612x612-1.jpg\" \/>\n\t<meta property=\"og:image:width\" content=\"612\" \/>\n\t<meta property=\"og:image:height\" content=\"257\" \/>\n\t<meta property=\"og:image:type\" content=\"image\/jpeg\" \/>\n<meta name=\"twitter:card\" content=\"summary_large_image\" \/>\n<script type=\"application\/ld+json\" class=\"yoast-schema-graph\">{\"@context\":\"https:\/\/schema.org\",\"@graph\":[{\"@type\":\"WebPage\",\"@id\":\"https:\/\/zodr.pl\/zinet\/panel-zespolu\/\",\"url\":\"https:\/\/zodr.pl\/zinet\/panel-zespolu\/\",\"name\":\"Panel zespo\u0142u - Zachodniopomorski O\u015brodek Doradztwa Rolniczego w Barzkowicach\",\"isPartOf\":{\"@id\":\"https:\/\/zodr.pl\/zinet\/#website\"},\"primaryImageOfPage\":{\"@id\":\"https:\/\/zodr.pl\/zinet\/panel-zespolu\/#primaryimage\"},\"image\":{\"@id\":\"https:\/\/zodr.pl\/zinet\/panel-zespolu\/#primaryimage\"},\"thumbnailUrl\":\"https:\/\/zodr.pl\/zinet\/wp-content\/uploads\/2023\/10\/istockphoto-595328682-612x612-1.jpg\",\"datePublished\":\"2023-11-20T08:48:26+00:00\",\"dateModified\":\"2023-11-24T13:28:14+00:00\",\"breadcrumb\":{\"@id\":\"https:\/\/zodr.pl\/zinet\/panel-zespolu\/#breadcrumb\"},\"inLanguage\":\"pl-PL\",\"potentialAction\":[{\"@type\":\"ReadAction\",\"target\":[\"https:\/\/zodr.pl\/zinet\/panel-zespolu\/\"]}]},{\"@type\":\"ImageObject\",\"inLanguage\":\"pl-PL\",\"@id\":\"https:\/\/zodr.pl\/zinet\/panel-zespolu\/#primaryimage\",\"url\":\"https:\/\/zodr.pl\/zinet\/wp-content\/uploads\/2023\/10\/istockphoto-595328682-612x612-1.jpg\",\"contentUrl\":\"https:\/\/zodr.pl\/zinet\/wp-content\/uploads\/2023\/10\/istockphoto-595328682-612x612-1.jpg\",\"width\":612,\"height\":257},{\"@type\":\"BreadcrumbList\",\"@id\":\"https:\/\/zodr.pl\/zinet\/panel-zespolu\/#breadcrumb\",\"itemListElement\":[{\"@type\":\"ListItem\",\"position\":1,\"name\":\"Home\",\"item\":\"https:\/\/zodr.pl\/zinet\/\"},{\"@type\":\"ListItem\",\"position\":2,\"name\":\"Panel zespo\u0142u\"}]},{\"@type\":\"WebSite\",\"@id\":\"https:\/\/zodr.pl\/zinet\/#website\",\"url\":\"https:\/\/zodr.pl\/zinet\/\",\"name\":\"Zachodniopomorski O\u015brodek Doradztwa Rolniczego w Barzkowicach\",\"description\":\"Nowoczesne sale na ka\u017cde wydarzenie - konferencje, szkolenia, warsztaty i uroczysto\u015bci\",\"publisher\":{\"@id\":\"https:\/\/zodr.pl\/zinet\/#organization\"},\"potentialAction\":[{\"@type\":\"SearchAction\",\"target\":{\"@type\":\"EntryPoint\",\"urlTemplate\":\"https:\/\/zodr.pl\/zinet\/?s={search_term_string}\"},\"query-input\":{\"@type\":\"PropertyValueSpecification\",\"valueRequired\":true,\"valueName\":\"search_term_string\"}}],\"inLanguage\":\"pl-PL\"},{\"@type\":\"Organization\",\"@id\":\"https:\/\/zodr.pl\/zinet\/#organization\",\"name\":\"Zachodniopomorski O\u015brodek Doradztwa Rolniczego w Barzkowicach\",\"url\":\"https:\/\/zodr.pl\/zinet\/\",\"logo\":{\"@type\":\"ImageObject\",\"inLanguage\":\"pl-PL\",\"@id\":\"https:\/\/zodr.pl\/zinet\/#\/schema\/logo\/image\/\",\"url\":\"https:\/\/zodr.pl\/zinet\/wp-content\/uploads\/2024\/07\/cropped-logo_zodr.png\",\"contentUrl\":\"https:\/\/zodr.pl\/zinet\/wp-content\/uploads\/2024\/07\/cropped-logo_zodr.png\",\"width\":125,\"height\":115,\"caption\":\"Zachodniopomorski O\u015brodek Doradztwa Rolniczego w Barzkowicach\"},\"image\":{\"@id\":\"https:\/\/zodr.pl\/zinet\/#\/schema\/logo\/image\/\"},\"sameAs\":[\"https:\/\/facebook.com\/zodr.barzkowice\/\"]}]}<\/script>\n<!-- \/ Yoast SEO plugin. -->","yoast_head_json":{"title":"Panel zespo\u0142u - Zachodniopomorski O\u015brodek Doradztwa Rolniczego w Barzkowicach","robots":{"index":"index","follow":"follow","max-snippet":"max-snippet:-1","max-image-preview":"max-image-preview:large","max-video-preview":"max-video-preview:-1"},"canonical":"https:\/\/zodr.pl\/zinet\/panel-zespolu\/","og_locale":"pl_PL","og_type":"article","og_title":"Panel zespo\u0142u - Zachodniopomorski O\u015brodek Doradztwa Rolniczego w Barzkowicach","og_description":"Panel Zespo\u0142u","og_url":"https:\/\/zodr.pl\/zinet\/panel-zespolu\/","og_site_name":"Zachodniopomorski O\u015brodek Doradztwa Rolniczego w Barzkowicach","article_publisher":"https:\/\/facebook.com\/zodr.barzkowice\/","article_modified_time":"2023-11-24T13:28:14+00:00","og_image":[{"width":612,"height":257,"url":"https:\/\/zodr.pl\/zinet\/wp-content\/uploads\/2023\/10\/istockphoto-595328682-612x612-1.jpg","type":"image\/jpeg"}],"twitter_card":"summary_large_image","schema":{"@context":"https:\/\/schema.org","@graph":[{"@type":"WebPage","@id":"https:\/\/zodr.pl\/zinet\/panel-zespolu\/","url":"https:\/\/zodr.pl\/zinet\/panel-zespolu\/","name":"Panel zespo\u0142u - Zachodniopomorski O\u015brodek Doradztwa Rolniczego w Barzkowicach","isPartOf":{"@id":"https:\/\/zodr.pl\/zinet\/#website"},"primaryImageOfPage":{"@id":"https:\/\/zodr.pl\/zinet\/panel-zespolu\/#primaryimage"},"image":{"@id":"https:\/\/zodr.pl\/zinet\/panel-zespolu\/#primaryimage"},"thumbnailUrl":"https:\/\/zodr.pl\/zinet\/wp-content\/uploads\/2023\/10\/istockphoto-595328682-612x612-1.jpg","datePublished":"2023-11-20T08:48:26+00:00","dateModified":"2023-11-24T13:28:14+00:00","breadcrumb":{"@id":"https:\/\/zodr.pl\/zinet\/panel-zespolu\/#breadcrumb"},"inLanguage":"pl-PL","potentialAction":[{"@type":"ReadAction","target":["https:\/\/zodr.pl\/zinet\/panel-zespolu\/"]}]},{"@type":"ImageObject","inLanguage":"pl-PL","@id":"https:\/\/zodr.pl\/zinet\/panel-zespolu\/#primaryimage","url":"https:\/\/zodr.pl\/zinet\/wp-content\/uploads\/2023\/10\/istockphoto-595328682-612x612-1.jpg","contentUrl":"https:\/\/zodr.pl\/zinet\/wp-content\/uploads\/2023\/10\/istockphoto-595328682-612x612-1.jpg","width":612,"height":257},{"@type":"BreadcrumbList","@id":"https:\/\/zodr.pl\/zinet\/panel-zespolu\/#breadcrumb","itemListElement":[{"@type":"ListItem","position":1,"name":"Home","item":"https:\/\/zodr.pl\/zinet\/"},{"@type":"ListItem","position":2,"name":"Panel zespo\u0142u"}]},{"@type":"WebSite","@id":"https:\/\/zodr.pl\/zinet\/#website","url":"https:\/\/zodr.pl\/zinet\/","name":"Zachodniopomorski O\u015brodek Doradztwa Rolniczego w Barzkowicach","description":"Nowoczesne sale na ka\u017cde wydarzenie - konferencje, szkolenia, warsztaty i uroczysto\u015bci","publisher":{"@id":"https:\/\/zodr.pl\/zinet\/#organization"},"potentialAction":[{"@type":"SearchAction","target":{"@type":"EntryPoint","urlTemplate":"https:\/\/zodr.pl\/zinet\/?s={search_term_string}"},"query-input":{"@type":"PropertyValueSpecification","valueRequired":true,"valueName":"search_term_string"}}],"inLanguage":"pl-PL"},{"@type":"Organization","@id":"https:\/\/zodr.pl\/zinet\/#organization","name":"Zachodniopomorski O\u015brodek Doradztwa Rolniczego w Barzkowicach","url":"https:\/\/zodr.pl\/zinet\/","logo":{"@type":"ImageObject","inLanguage":"pl-PL","@id":"https:\/\/zodr.pl\/zinet\/#\/schema\/logo\/image\/","url":"https:\/\/zodr.pl\/zinet\/wp-content\/uploads\/2024\/07\/cropped-logo_zodr.png","contentUrl":"https:\/\/zodr.pl\/zinet\/wp-content\/uploads\/2024\/07\/cropped-logo_zodr.png","width":125,"height":115,"caption":"Zachodniopomorski O\u015brodek Doradztwa Rolniczego w Barzkowicach"},"image":{"@id":"https:\/\/zodr.pl\/zinet\/#\/schema\/logo\/image\/"},"sameAs":["https:\/\/facebook.com\/zodr.barzkowice\/"]}]}},"uagb_featured_image_src":{"full":false,"thumbnail":false,"medium":false,"medium_large":false,"large":false,"1536x1536":false,"2048x2048":false},"uagb_author_info":{"display_name":"r.ruducha","author_link":"https:\/\/zodr.pl\/zinet\/author\/r-ruducha\/"},"uagb_comment_info":0,"uagb_excerpt":"Panel Zespo\u0142u","_links":{"self":[{"href":"https:\/\/zodr.pl\/zinet\/wp-json\/wp\/v2\/pages\/4748","targetHints":{"allow":["GET"]}}],"collection":[{"href":"https:\/\/zodr.pl\/zinet\/wp-json\/wp\/v2\/pages"}],"about":[{"href":"https:\/\/zodr.pl\/zinet\/wp-json\/wp\/v2\/types\/page"}],"author":[{"embeddable":true,"href":"https:\/\/zodr.pl\/zinet\/wp-json\/wp\/v2\/users\/23"}],"replies":[{"embeddable":true,"href":"https:\/\/zodr.pl\/zinet\/wp-json\/wp\/v2\/comments?post=4748"}],"version-history":[{"count":6,"href":"https:\/\/zodr.pl\/zinet\/wp-json\/wp\/v2\/pages\/4748\/revisions"}],"predecessor-version":[{"id":4829,"href":"https:\/\/zodr.pl\/zinet\/wp-json\/wp\/v2\/pages\/4748\/revisions\/4829"}],"wp:attachment":[{"href":"https:\/\/zodr.pl\/zinet\/wp-json\/wp\/v2\/media?parent=4748"}],"curies":[{"name":"wp","href":"https:\/\/api.w.org\/{rel}","templated":true}]}}