{"id":4757,"date":"2023-11-20T09:56:20","date_gmt":"2023-11-20T08:56:20","guid":{"rendered":"https:\/\/zodr.pl\/zinet\/?page_id=4757"},"modified":"2026-03-19T08:39:50","modified_gmt":"2026-03-19T07:39:50","slug":"harmonogram-spotkan","status":"publish","type":"page","link":"https:\/\/zodr.pl\/zinet\/harmonogram-spotkan\/","title":{"rendered":"Harmonogram spotka\u0144"},"content":{"rendered":"\n<div class=\"wp-block-uagb-container _naglowek uagb-block-74a2df39 alignfull uagb-is-root-container\"><div class=\"uagb-container-inner-blocks-wrap\">\n<div class=\"wp-block-uagb-advanced-heading uagb-block-9af4942e\"><h1 class=\"uagb-heading-text\"><strong>Harmonogram Spotka\u0144<\/strong><\/h1><\/div>\n<\/div><\/div>\n\n\n\n<div style=\"height:100px\" aria-hidden=\"true\" class=\"wp-block-spacer\"><\/div>\n\n\n\n<p class=\"has-text-align-center\"><a><strong>HARMONOGRAM SPOTKA\u0143 LPW 2025 WOJEW\u00d3DZTWO ZACHODNIOPOMORSKIE<\/strong><\/a><\/p>\n\n\n\n<figure class=\"wp-block-table\"><table><tbody><tr><td class=\"has-text-align-center\" data-align=\"center\"><a><strong>Lp.<\/strong><\/a><\/td><td><strong>Imi\u0119 i nazwisko<\/strong><\/td><td><strong>Data spotkania<\/strong><\/td><td><strong>Adres spotkania<\/strong><\/td><td><strong>Telefon<\/strong><\/td><td><strong>Kontakt e-mail<\/strong><\/td><td><strong>Powiat<\/strong><\/td><\/tr><tr><td class=\"has-text-align-center\" data-align=\"center\"><strong>1.<\/strong><\/td><td>Monika Orzeszko<br><br><br><br><br><\/td><td>02.02.2026 r.<br>godz. 10.00<\/td><td>Urz\u0105d Miejski w Drawnie Ko\u015bcielna 3, 73-220 Drawno<\/td><td>95 765 27 93<br>510 945 544<\/td><td>choszczno.pzdr@zodr.pl<br>m.orzeszko@zodr.pl<\/td><td>choszcze\u0144ski<\/td><\/tr><tr><td class=\"has-text-align-center\" data-align=\"center\"><strong>2.<\/strong><\/td><td>Beata \u0141ukaszewska-Nowicka<br><br><br><br><br><\/td><td>10.02.2026 r. godz. 11.00<\/td><td>Starostwo Powiatowe w Kamieniu Pom. ul. Woli\u0144ska 7B, 72-400 Kamie\u0144 Pom.<\/td><td>91 382 34 98<br>453 670 741<\/td><td>kamien.pzdr@zodr.pl<br>m.palka@zodr.pl<\/td><td>kamie\u0144ski<\/td><\/tr><tr><td class=\"has-text-align-center\" data-align=\"center\"><strong>3.<\/strong><\/td><td>Marek Mac<br><br><br><br><br><\/td><td>20.02.2026 r. godz. 10.00<\/td><td>PZDR w Goleniowie z\/s w Nowogardzie<br>ul. Wojska Polskiego 67, 72-200 Nowogard<\/td><td>91 392 71 75<br>510 945 517<\/td><td>goleniow.pzdr@zodr.pl<br>m.mac@zodr.pl<\/td><td>goleniowski<\/td><\/tr><tr><td class=\"has-text-align-center\" data-align=\"center\"><strong>4.<\/strong><\/td><td>Krzysztof Marchlewski<br><br><br><br><br><\/td><td>27.02.2026 r. godz. 10.00<\/td><td>Urz\u0105d Gminy Wa\u0142cz<br>D\u0105browskiego 8, 78-600 Wa\u0142cz<\/td><td>67 258 97 30 510 945 624<\/td><td>walcz.pzdr@zodr.pl<br>k.marchlewski@zodr.pl<\/td><td>wa\u0142ecki<\/td><\/tr><tr><td class=\"has-text-align-center\" data-align=\"center\"><strong>5.<\/strong><\/td><td>Aleksandra Abbas<\/td><td>04.03.2026 r. godz. 10.00<\/td><td>Stacja Oceny Odmian w Bia\u0142ogardzie<br>ul. Kisielice Du\u017ce 28, 78-200 Bia\u0142ogard<\/td><td>94 312 04 10<br>453 670 755<\/td><td>bialogard.pzdr@zodr.pl<br>a.abbas@zodr.pl<\/td><td>bia\u0142ogardzki<\/td><\/tr><tr><td class=\"has-text-align-center\" data-align=\"center\"><strong>6.<\/strong><\/td><td>Katarzyna Fortuniak<br><br><br><br><br><\/td><td>10.03.2026 r. godz. 12.00<\/td><td>Starostwo Powiatowe<br>Skarbowa 1, 73-110 Stargard<\/td><td>91 573 46 03<br>453 670 771<\/td><td>stargard.pzdr@zodr.pl<br>k.fortuniak@zodr.pl<\/td><td>stargardzki<\/td><\/tr><tr><td class=\"has-text-align-center\" data-align=\"center\"><strong>7.<\/strong><\/td><td>Marlena Caspari<br><br><br><br><br><\/td><td>12.03.2026 r. godz. 12.00<\/td><td>PZDR w S\u0142awnie zs. w Dar\u0142owie, ul. Tynieckiego 2, 76-150 Dar\u0142owo<\/td><td>94 314 00 00<br>453 670 776<\/td><td>slawno.pzdr@zodr.pl<br>m.caspari@zodr.pl<\/td><td>s\u0142awie\u0144ski<\/td><\/tr><tr><td class=\"has-text-align-center\" data-align=\"center\"><strong>8.<\/strong><\/td><td>Andrzej Grabusi\u0144ski<\/td><td>13.03.2026 r. godz. 10.00<\/td><td>PZDR w Szczecinku ul. Witolda Pileckiego 8-9, 78-400 Szczecinek<\/td><td>94 374 00 54<br>453 670 775<\/td><td>szczecinek.pzdr@zodr.pl<br>a.grabusinski@zodr.pl<\/td><td>szczecinecki<\/td><\/tr><tr><td class=\"has-text-align-center\" data-align=\"center\"><strong>9.<\/strong><\/td><td>Iwona Wiercioch<br><br><br><br><br><\/td><td>ZMIANA TERMINU<\/td><td>Starostwo Powiatowe w Drawsku Pom.<br>Plac Elizy Orzeszkowej 3, 78-500 Drawsko Pom.<\/td><td>94 363 22 64 453 670 757<\/td><td>drawsko.pzdr@zodr.pl<br>i.wiercioch@zodr.pl<\/td><td>drawski<\/td><\/tr><tr><td class=\"has-text-align-center\" data-align=\"center\"><strong>10.<\/strong><\/td><td>Rafa\u0142 Bi\u0144czyk<br><br><br><br><br><\/td><td>17.03.2026 r. godz. 11.00<\/td><td>Urz\u0105d Gminy B\u0119dzino<br>B\u0119dzino 19, 76-037 B\u0119dzino<\/td><td>94 342 79 29<br>511 691 358<\/td><td>koszalin.pzdr@zodr.pl<br>r.binczyk@zodr.pl<\/td><td>koszali\u0144ski<\/td><\/tr><tr><td class=\"has-text-align-center\" data-align=\"center\"><strong>11.<\/strong><\/td><td>Justyna Popardowska<br><br><br><br><br><\/td><td>01.04.2026 r. godz. 9.00<\/td><td>\u015awietlica Wiejska w Moczy\u0142ach, 72-001 Ko\u0142baskowo<\/td><td>91 484 51 55<br>510 945 497<\/td><td>szczecin.pzdr@zodr.pl<br>j.popardowska@zodr.pl<\/td><td>policki<\/td><\/tr><tr><td class=\"has-text-align-center\" data-align=\"center\"><strong>12.<\/strong><\/td><td>Pawe\u0142 Mac<br><br><br><br><br><br><\/td><td>19.03.2026 r.<br>godz. 10.00<\/td><td>Starostwo Powiatowe w \u0141obzie<br>ul. Konopnickiej 41, 73-150 \u0141obez<\/td><td>91 397 09 21<br>510 945 614<\/td><td>lobez.pzdr@zodr.pl<br>p.mac@zodr.pl<\/td><td>\u0142obeski<\/td><\/tr><tr><td class=\"has-text-align-center\" data-align=\"center\">13.<\/td><td>Pawe\u0142 Podraska<\/td><td>20.03.2026 r. godz. 13.00<\/td><td>Pyrzyckie Przedsi\u0119biorstwo Komunalne Sp. z o.o.<br>Tadeusza Ko\u015bciuszki 26, 74-200 Pyrzyce<\/td><td>91 570 48 75<br>510 945 575<\/td><td>pyrzyce.pzdr@zodr.pl<br>p.podraska@zodr.pl<\/td><td>pyrzycki<\/td><\/tr><tr><td class=\"has-text-align-center\" data-align=\"center\"><strong>14.<\/strong><\/td><td>Aneta G\u0105sior<br><br><br><br><br><\/td><td>20.03.2026 r.<br>godz.10.00<\/td><td>PZDR w My\u015bliborzu ul. Spokojna 13, 74-300 My\u015blib\u00f3rz<\/td><td>95 747 93 51<br>453 670 787<\/td><td>mysliborz.pzdr@zodr.pl<br>a.gasior@zodr.pl<\/td><td>my\u015bliborski<\/td><\/tr><tr><td class=\"has-text-align-center\" data-align=\"center\"><strong>15.<\/strong><\/td><td>Lidia Bo\u015b<br><br><br><br><br><\/td><td>24.03.2026 r. godz. 10.00<\/td><td>Urz\u0105d Gminy w Brojcach ul. D\u0142uga 48, 72-304 Brojce<\/td><td>91 384 71 52<br>510 945 536<\/td><td>gryfice.pzdr@zodr.pl<br>l.bos@zodr.pl<\/td><td>gryficki<\/td><\/tr><tr><td class=\"has-text-align-center\" data-align=\"center\"><a><strong>16.<\/strong><\/a><\/td><td>Kamil Obodzi\u0144ski<br><br><br><br><br><\/td><td>26.03.2026 r. godz. 10.00<\/td><td>GOK S\u0142awoborze,<br>ul. Kolejowa 8, 78-314 S\u0142awoborze<\/td><td>94 365 35 57<br>510 945 585<\/td><td>swidwin.pzdr@zodr.pl<br>k.obodzinski@zodr.pl<\/td><td>\u015bwidwi\u0144ski<\/td><\/tr><tr><td class=\"has-text-align-center\" data-align=\"center\"><strong>17.<\/strong><\/td><td>Krzysztof Miko\u0142ajczak<br><br><br><br><br><\/td><td>26.03.2026 r. godz. 10.00<\/td><td>Gminny O\u015brodek Kultury w Dygowie<br>ul. Kolejowa 10D, 78-113 Dygowo<\/td><td>94 352 40 30<br>510 945 623<\/td><td>kolobrzeg.pzdr@zodr.pl<br>k.mikolajczak@zodr.pl<\/td><td>ko\u0142obrzeski<\/td><\/tr><tr><td class=\"has-text-align-center\" data-align=\"center\"><strong>18.<\/strong><\/td><td>Przemys\u0142aw Solski<br><br><br><br><br><\/td><td>10.04.2026 r. godz. 10.00<\/td><td>Urz\u0105d Miejski w Mieszkowicach, ul. Fryderyka Chopina 1, 74-505 Mieszkowice<\/td><td>91 416 80 62<br>453 670 744<\/td><td>gryfino.pzdr@zodr.pl<br>p.solski@zodr.pl<\/td><td>gryfi\u0144ski<\/td><\/tr><tr><td class=\"has-text-align-center\" data-align=\"center\" colspan=\"7\">*<em>Organizator zastrzega sobie prawo do zmian w harmonogramie\u00a0\u00a0\u00a0\u00a0\u00a0\u00a0\u00a0\u00a0\u00a0\u00a0\u00a0\u00a0\u00a0\u00a0\u00a0\u00a0\u00a0\u00a0 <\/em><br><em>Aktualne na dzie\u0144 18.03.2026 r.<\/em> \u00a0<\/td><\/tr><\/tbody><\/table><figcaption class=\"wp-element-caption\"><em>                                                  Koordynator LPW w wojew\u00f3dztwie zachodniopomorskim: Izabela \u015awigo\u0144, i.swigon@zodr.pl, 91 479 40 62<\/em><\/figcaption><\/figure>\n\n\n\n<p><\/p>\n","protected":false},"excerpt":{"rendered":"<p>Harmonogram Spotka\u0144 HARMONOGRAM SPOTKA\u0143 LPW 2025 WOJEW\u00d3DZTWO ZACHODNIOPOMORSKIE Lp. Imi\u0119 i nazwisko Data spotkania Adres spotkania Telefon Kontakt e-mail Powiat 1. Monika Orzeszko 02.02.2026 r.godz. 10.00 Urz\u0105d Miejski w Drawnie Ko\u015bcielna 3, 73-220 Drawno 95 765 27 93510 945 544 choszczno.pzdr@zodr.plm.orzeszko@zodr.pl choszcze\u0144ski 2. Beata \u0141ukaszewska-Nowicka 10.02.2026 r. godz. 11.00 Starostwo Powiatowe w Kamieniu Pom. ul. &hellip;<\/p>\n<p class=\"read-more\"> <a class=\"\" href=\"https:\/\/zodr.pl\/zinet\/harmonogram-spotkan\/\"> <span class=\"screen-reader-text\">Harmonogram spotka\u0144<\/span> Czytaj wi\u0119cej &raquo;<\/a><\/p>\n","protected":false},"author":23,"featured_media":0,"parent":0,"menu_order":0,"comment_status":"closed","ping_status":"closed","template":"","meta":{"_eb_attr":"","_uag_custom_page_level_css":"","site-sidebar-layout":"default","site-content-layout":"","ast-site-content-layout":"default","site-content-style":"default","site-sidebar-style":"default","ast-global-header-display":"","ast-banner-title-visibility":"","ast-main-header-display":"","ast-hfb-above-header-display":"","ast-hfb-below-header-display":"","ast-hfb-mobile-header-display":"","site-post-title":"","ast-breadcrumbs-content":"","ast-featured-img":"","footer-sml-layout":"","theme-transparent-header-meta":"","adv-header-id-meta":"","stick-header-meta":"","header-above-stick-meta":"","header-main-stick-meta":"","header-below-stick-meta":"","astra-migrate-meta-layouts":"set","_mc_calendar":[],"footnotes":""},"class_list":["post-4757","page","type-page","status-publish","hentry"],"yoast_head":"<!-- This site is optimized with the Yoast SEO plugin v25.7 - https:\/\/yoast.com\/wordpress\/plugins\/seo\/ -->\n<title>Harmonogram spotka\u0144 - Zachodniopomorski O\u015brodek Doradztwa Rolniczego w Barzkowicach<\/title>\n<meta name=\"robots\" content=\"index, follow, max-snippet:-1, max-image-preview:large, max-video-preview:-1\" \/>\n<link rel=\"canonical\" href=\"https:\/\/zodr.pl\/zinet\/harmonogram-spotkan\/\" \/>\n<meta property=\"og:locale\" content=\"pl_PL\" \/>\n<meta property=\"og:type\" content=\"article\" \/>\n<meta property=\"og:title\" content=\"Harmonogram spotka\u0144 - Zachodniopomorski O\u015brodek Doradztwa Rolniczego w Barzkowicach\" \/>\n<meta property=\"og:description\" content=\"Harmonogram Spotka\u0144 HARMONOGRAM SPOTKA\u0143 LPW 2025 WOJEW\u00d3DZTWO ZACHODNIOPOMORSKIE Lp. Imi\u0119 i nazwisko Data spotkania Adres spotkania Telefon Kontakt e-mail Powiat 1. Monika Orzeszko 02.02.2026 r.godz. 10.00 Urz\u0105d Miejski w Drawnie Ko\u015bcielna 3, 73-220 Drawno 95 765 27 93510 945 544 choszczno.pzdr@zodr.plm.orzeszko@zodr.pl choszcze\u0144ski 2. Beata \u0141ukaszewska-Nowicka 10.02.2026 r. godz. 11.00 Starostwo Powiatowe w Kamieniu Pom. ul. &hellip; Harmonogram spotka\u0144 Czytaj wi\u0119cej &raquo;\" \/>\n<meta property=\"og:url\" content=\"https:\/\/zodr.pl\/zinet\/harmonogram-spotkan\/\" \/>\n<meta property=\"og:site_name\" content=\"Zachodniopomorski O\u015brodek Doradztwa Rolniczego w Barzkowicach\" \/>\n<meta property=\"article:publisher\" content=\"https:\/\/facebook.com\/zodr.barzkowice\/\" \/>\n<meta property=\"article:modified_time\" content=\"2026-03-19T07:39:50+00:00\" \/>\n<meta name=\"twitter:card\" content=\"summary_large_image\" \/>\n<meta name=\"twitter:label1\" content=\"Est. reading time\" \/>\n\t<meta name=\"twitter:data1\" content=\"4 minuty\" \/>\n<script type=\"application\/ld+json\" class=\"yoast-schema-graph\">{\"@context\":\"https:\/\/schema.org\",\"@graph\":[{\"@type\":\"WebPage\",\"@id\":\"https:\/\/zodr.pl\/zinet\/harmonogram-spotkan\/\",\"url\":\"https:\/\/zodr.pl\/zinet\/harmonogram-spotkan\/\",\"name\":\"Harmonogram spotka\u0144 - Zachodniopomorski O\u015brodek Doradztwa Rolniczego w Barzkowicach\",\"isPartOf\":{\"@id\":\"https:\/\/zodr.pl\/zinet\/#website\"},\"datePublished\":\"2023-11-20T08:56:20+00:00\",\"dateModified\":\"2026-03-19T07:39:50+00:00\",\"breadcrumb\":{\"@id\":\"https:\/\/zodr.pl\/zinet\/harmonogram-spotkan\/#breadcrumb\"},\"inLanguage\":\"pl-PL\",\"potentialAction\":[{\"@type\":\"ReadAction\",\"target\":[\"https:\/\/zodr.pl\/zinet\/harmonogram-spotkan\/\"]}]},{\"@type\":\"BreadcrumbList\",\"@id\":\"https:\/\/zodr.pl\/zinet\/harmonogram-spotkan\/#breadcrumb\",\"itemListElement\":[{\"@type\":\"ListItem\",\"position\":1,\"name\":\"Home\",\"item\":\"https:\/\/zodr.pl\/zinet\/\"},{\"@type\":\"ListItem\",\"position\":2,\"name\":\"Harmonogram spotka\u0144\"}]},{\"@type\":\"WebSite\",\"@id\":\"https:\/\/zodr.pl\/zinet\/#website\",\"url\":\"https:\/\/zodr.pl\/zinet\/\",\"name\":\"Zachodniopomorski O\u015brodek Doradztwa Rolniczego w Barzkowicach\",\"description\":\"Nowoczesne sale na ka\u017cde wydarzenie - konferencje, szkolenia, warsztaty i uroczysto\u015bci\",\"publisher\":{\"@id\":\"https:\/\/zodr.pl\/zinet\/#organization\"},\"potentialAction\":[{\"@type\":\"SearchAction\",\"target\":{\"@type\":\"EntryPoint\",\"urlTemplate\":\"https:\/\/zodr.pl\/zinet\/?s={search_term_string}\"},\"query-input\":{\"@type\":\"PropertyValueSpecification\",\"valueRequired\":true,\"valueName\":\"search_term_string\"}}],\"inLanguage\":\"pl-PL\"},{\"@type\":\"Organization\",\"@id\":\"https:\/\/zodr.pl\/zinet\/#organization\",\"name\":\"Zachodniopomorski O\u015brodek Doradztwa Rolniczego w Barzkowicach\",\"url\":\"https:\/\/zodr.pl\/zinet\/\",\"logo\":{\"@type\":\"ImageObject\",\"inLanguage\":\"pl-PL\",\"@id\":\"https:\/\/zodr.pl\/zinet\/#\/schema\/logo\/image\/\",\"url\":\"https:\/\/zodr.pl\/zinet\/wp-content\/uploads\/2024\/07\/cropped-logo_zodr.png\",\"contentUrl\":\"https:\/\/zodr.pl\/zinet\/wp-content\/uploads\/2024\/07\/cropped-logo_zodr.png\",\"width\":125,\"height\":115,\"caption\":\"Zachodniopomorski O\u015brodek Doradztwa Rolniczego w Barzkowicach\"},\"image\":{\"@id\":\"https:\/\/zodr.pl\/zinet\/#\/schema\/logo\/image\/\"},\"sameAs\":[\"https:\/\/facebook.com\/zodr.barzkowice\/\"]}]}<\/script>\n<!-- \/ Yoast SEO plugin. -->","yoast_head_json":{"title":"Harmonogram spotka\u0144 - Zachodniopomorski O\u015brodek Doradztwa Rolniczego w Barzkowicach","robots":{"index":"index","follow":"follow","max-snippet":"max-snippet:-1","max-image-preview":"max-image-preview:large","max-video-preview":"max-video-preview:-1"},"canonical":"https:\/\/zodr.pl\/zinet\/harmonogram-spotkan\/","og_locale":"pl_PL","og_type":"article","og_title":"Harmonogram spotka\u0144 - Zachodniopomorski O\u015brodek Doradztwa Rolniczego w Barzkowicach","og_description":"Harmonogram Spotka\u0144 HARMONOGRAM SPOTKA\u0143 LPW 2025 WOJEW\u00d3DZTWO ZACHODNIOPOMORSKIE Lp. Imi\u0119 i nazwisko Data spotkania Adres spotkania Telefon Kontakt e-mail Powiat 1. Monika Orzeszko 02.02.2026 r.godz. 10.00 Urz\u0105d Miejski w Drawnie Ko\u015bcielna 3, 73-220 Drawno 95 765 27 93510 945 544 choszczno.pzdr@zodr.plm.orzeszko@zodr.pl choszcze\u0144ski 2. Beata \u0141ukaszewska-Nowicka 10.02.2026 r. godz. 11.00 Starostwo Powiatowe w Kamieniu Pom. ul. &hellip; Harmonogram spotka\u0144 Czytaj wi\u0119cej &raquo;","og_url":"https:\/\/zodr.pl\/zinet\/harmonogram-spotkan\/","og_site_name":"Zachodniopomorski O\u015brodek Doradztwa Rolniczego w Barzkowicach","article_publisher":"https:\/\/facebook.com\/zodr.barzkowice\/","article_modified_time":"2026-03-19T07:39:50+00:00","twitter_card":"summary_large_image","twitter_misc":{"Est. reading time":"4 minuty"},"schema":{"@context":"https:\/\/schema.org","@graph":[{"@type":"WebPage","@id":"https:\/\/zodr.pl\/zinet\/harmonogram-spotkan\/","url":"https:\/\/zodr.pl\/zinet\/harmonogram-spotkan\/","name":"Harmonogram spotka\u0144 - Zachodniopomorski O\u015brodek Doradztwa Rolniczego w Barzkowicach","isPartOf":{"@id":"https:\/\/zodr.pl\/zinet\/#website"},"datePublished":"2023-11-20T08:56:20+00:00","dateModified":"2026-03-19T07:39:50+00:00","breadcrumb":{"@id":"https:\/\/zodr.pl\/zinet\/harmonogram-spotkan\/#breadcrumb"},"inLanguage":"pl-PL","potentialAction":[{"@type":"ReadAction","target":["https:\/\/zodr.pl\/zinet\/harmonogram-spotkan\/"]}]},{"@type":"BreadcrumbList","@id":"https:\/\/zodr.pl\/zinet\/harmonogram-spotkan\/#breadcrumb","itemListElement":[{"@type":"ListItem","position":1,"name":"Home","item":"https:\/\/zodr.pl\/zinet\/"},{"@type":"ListItem","position":2,"name":"Harmonogram spotka\u0144"}]},{"@type":"WebSite","@id":"https:\/\/zodr.pl\/zinet\/#website","url":"https:\/\/zodr.pl\/zinet\/","name":"Zachodniopomorski O\u015brodek Doradztwa Rolniczego w Barzkowicach","description":"Nowoczesne sale na ka\u017cde wydarzenie - konferencje, szkolenia, warsztaty i uroczysto\u015bci","publisher":{"@id":"https:\/\/zodr.pl\/zinet\/#organization"},"potentialAction":[{"@type":"SearchAction","target":{"@type":"EntryPoint","urlTemplate":"https:\/\/zodr.pl\/zinet\/?s={search_term_string}"},"query-input":{"@type":"PropertyValueSpecification","valueRequired":true,"valueName":"search_term_string"}}],"inLanguage":"pl-PL"},{"@type":"Organization","@id":"https:\/\/zodr.pl\/zinet\/#organization","name":"Zachodniopomorski O\u015brodek Doradztwa Rolniczego w Barzkowicach","url":"https:\/\/zodr.pl\/zinet\/","logo":{"@type":"ImageObject","inLanguage":"pl-PL","@id":"https:\/\/zodr.pl\/zinet\/#\/schema\/logo\/image\/","url":"https:\/\/zodr.pl\/zinet\/wp-content\/uploads\/2024\/07\/cropped-logo_zodr.png","contentUrl":"https:\/\/zodr.pl\/zinet\/wp-content\/uploads\/2024\/07\/cropped-logo_zodr.png","width":125,"height":115,"caption":"Zachodniopomorski O\u015brodek Doradztwa Rolniczego w Barzkowicach"},"image":{"@id":"https:\/\/zodr.pl\/zinet\/#\/schema\/logo\/image\/"},"sameAs":["https:\/\/facebook.com\/zodr.barzkowice\/"]}]}},"uagb_featured_image_src":{"full":false,"thumbnail":false,"medium":false,"medium_large":false,"large":false,"1536x1536":false,"2048x2048":false},"uagb_author_info":{"display_name":"r.ruducha","author_link":"https:\/\/zodr.pl\/zinet\/author\/r-ruducha\/"},"uagb_comment_info":0,"uagb_excerpt":"Harmonogram Spotka\u0144 HARMONOGRAM SPOTKA\u0143 LPW 2025 WOJEW\u00d3DZTWO ZACHODNIOPOMORSKIE Lp. Imi\u0119 i nazwisko Data spotkania Adres spotkania Telefon Kontakt e-mail Powiat 1. Monika Orzeszko 02.02.2026 r.godz. 10.00 Urz\u0105d Miejski w Drawnie Ko\u015bcielna 3, 73-220 Drawno 95 765 27 93510 945 544 choszczno.pzdr@zodr.plm.orzeszko@zodr.pl choszcze\u0144ski 2. Beata \u0141ukaszewska-Nowicka 10.02.2026 r. godz. 11.00 Starostwo Powiatowe w Kamieniu Pom. ul.&hellip;","_links":{"self":[{"href":"https:\/\/zodr.pl\/zinet\/wp-json\/wp\/v2\/pages\/4757","targetHints":{"allow":["GET"]}}],"collection":[{"href":"https:\/\/zodr.pl\/zinet\/wp-json\/wp\/v2\/pages"}],"about":[{"href":"https:\/\/zodr.pl\/zinet\/wp-json\/wp\/v2\/types\/page"}],"author":[{"embeddable":true,"href":"https:\/\/zodr.pl\/zinet\/wp-json\/wp\/v2\/users\/23"}],"replies":[{"embeddable":true,"href":"https:\/\/zodr.pl\/zinet\/wp-json\/wp\/v2\/comments?post=4757"}],"version-history":[{"count":32,"href":"https:\/\/zodr.pl\/zinet\/wp-json\/wp\/v2\/pages\/4757\/revisions"}],"predecessor-version":[{"id":25374,"href":"https:\/\/zodr.pl\/zinet\/wp-json\/wp\/v2\/pages\/4757\/revisions\/25374"}],"wp:attachment":[{"href":"https:\/\/zodr.pl\/zinet\/wp-json\/wp\/v2\/media?parent=4757"}],"curies":[{"name":"wp","href":"https:\/\/api.w.org\/{rel}","templated":true}]}}