{"id":4760,"date":"2023-11-20T09:57:58","date_gmt":"2023-11-20T08:57:58","guid":{"rendered":"https:\/\/zodr.pl\/zinet\/?page_id=4760"},"modified":"2025-06-26T07:38:26","modified_gmt":"2025-06-26T05:38:26","slug":"lista-doradcow","status":"publish","type":"page","link":"https:\/\/zodr.pl\/zinet\/lista-doradcow\/","title":{"rendered":"Lista doradc\u00f3w"},"content":{"rendered":"\n<div class=\"wp-block-uagb-container _naglowek uagb-block-74a2df39 alignfull uagb-is-root-container\"><div class=\"uagb-container-inner-blocks-wrap\">\n<div class=\"wp-block-uagb-advanced-heading uagb-block-9af4942e\"><h1 class=\"uagb-heading-text\"><strong>Lista Doradc\u00f3w<\/strong><\/h1><\/div>\n<\/div><\/div>\n\n\n\n<div style=\"height:58px\" aria-hidden=\"true\" class=\"wp-block-spacer\"><\/div>\n\n\n\n<p class=\"has-text-align-center\"><strong><mark style=\"background-color:rgba(0, 0, 0, 0)\" class=\"has-inline-color has-ast-global-color-0-color\">Lista doradc\u00f3w ds. wody (LPW)<\/mark><\/strong><\/p>\n\n\n\n<figure class=\"wp-block-table\"><table><tbody><tr><td><strong>Lp.<\/strong><\/td><td><strong>Imi\u0119 i nazwisko<\/strong><\/td><td><strong>Kierownik<\/strong><\/td><td><strong>Adres<\/strong><\/td><td><strong>Telefon<\/strong>                                            <\/td><td><strong>Kontakt e-mail<\/strong><\/td><td><strong>PZDR<\/strong><\/td><td><strong>powiat<\/strong><\/td><\/tr><tr><td><strong>1.<\/strong><\/td><td>Aleksandra Abbas<\/td><td>Marta Borkowska<\/td><td>ul. Kisielice Du\u017ce 28 <br>78 &#8211; 200 Bia\u0142ogard<\/td><td>94 312 04 10453&nbsp;670 755<\/td><td><a href=\"mailto:bialogard.pzdr@zodr.pl\">bialogard.pzdr@zodr.pl<\/a>; <a href=\"mailto:a.abbas@zodr.pl\">a.abbas@zodr.pL<\/a>;<\/td><td>Bia\u0142ogard<\/td><td>bia\u0142ogardzki<\/td><\/tr><tr><td><strong>2.<\/strong><\/td><td>Monika Orzeszko<\/td><td>Adrianna Czarnik-P\u00f3\u0142torak<\/td><td>ul. Grunwaldzka 36 <br>73 &#8211; 200 Choszczno<\/td><td>95 765 27 93<br>510&nbsp;945 544<\/td><td><a href=\"mailto:choszczno.pzdr@zodr.pl\">choszczno.pzdr@zodr.pl<\/a>; <a href=\"mailto:p.wolniak@zodr.pl\">m.orzeszko@zodr.pl<\/a>; &nbsp;<\/td><td>Choszczno<\/td><td>choszcze\u0144ski<\/td><\/tr><tr><td><strong>3.<\/strong><\/td><td>Iwona Wiercioch<\/td><td>Agnieszka Przeorska<\/td><td>ul. Gdy\u0144ska 4<br>78 &#8211; 500 Drawsko Pomorskie<\/td><td>94 363 22 64<br>453 670 757<\/td><td><a href=\"mailto:drawsko.pzdr@zodr.pl\">drawsko.pzdr@zodr.pl<\/a>; <a href=\"mailto:i.wiercioch@zodr.pl\">i.wiercioch@zodr.pl<\/a>;<\/td><td>Drawsko Pomorskie<\/td><td>drawski<\/td><\/tr><tr><td><strong>4.<\/strong><\/td><td>Marek Mac<\/td><td>Katarzyna Makol\u0105gwa<\/td><td>ul. Wojska Polskiego 67 <br>72 &#8211; 200 Nowogard<\/td><td>91 392 71 75<br>510 945 517<\/td><td><a href=\"mailto:goleniow.pzdr@zodr.pl\">goleniow.pzdr@zodr.pl<\/a>; <a href=\"mailto:m.mac@zodr.pl\">m.mac@zodr.pl<\/a>;<\/td><td>Goleni\u00f3w<\/td><td>goleniowski<\/td><\/tr><tr><td><strong>5.<\/strong><\/td><td>Lidia Bo\u015b<\/td><td>Tomasz Antonyk<\/td><td>ul. Wojska Polskiego 57\/5 72 &#8211; 300 Gryfice<\/td><td>91 384 71 52<br>510&nbsp;945 536<\/td><td><a href=\"mailto:gryfice.pzdr@zodr.pl\">gryfice.pzdr@zodr.pl<\/a>; <a href=\"mailto:l.bos@zodr.pl\">t.antonyk@zodr.pl<\/a>;<\/td><td>Gryfice<\/td><td>gryficki<\/td><\/tr><tr><td><strong>6.<\/strong><\/td><td>Przemys\u0142aw Solski<\/td><td>Urszula Karwan<\/td><td><a>ul. Targowa 19<\/a><br>74 &#8211; 110 Banie<\/td><td>91 416 80 62<br>453 670 744<\/td><td><a href=\"mailto:gryfino.pzdr@zodr.pl\">gryfino.pzdr@zodr.pl<\/a>; <a href=\"mailto:p.solski@zodr.pl\">p.solski@zodr.pl<\/a>;<\/td><td>Gryfino<\/td><td>gryfi\u0144ski<\/td><\/tr><tr><td><strong>7.<\/strong><\/td><td>Beata \u0141ukaszewska-Nowicka<\/td><td>Adrianna Tomczyk<\/td><td>ul. Mieszka I 6a<br>72-400 Kamie\u0144 Pomorski<\/td><td>91 382 34 98<br>453 670 779<\/td><td><a href=\"mailto:kamien.pzdr@zodr.pl\">kamien.pzdr@zodr.pl<\/a>; <a href=\"mailto:m.palka@zodr.pl\">b.lukaszewska@zodr.pl<\/a>;<\/td><td>Kamie\u0144 Pomorski<\/td><td>kamie\u0144ski<\/td><\/tr><tr><td><strong>8.<\/strong><\/td><td>Krzysztof Miko\u0142ajczak<\/td><td>Anna Borcz<\/td><td>ul. 6 Dywizji Piechoty 60 78 &#8211; 100 Ko\u0142obrzeg<\/td><td>94 352 40 30<br>510&nbsp;945 623<\/td><td><a href=\"mailto:kolobrzeg.pzdr@zodr.pl\">kolobrzeg.pzdr@zodr.pl<\/a>; <a href=\"mailto:k.mikolajczaki@zodr.pl\">k.mikolajczaki@zodr.pl<\/a>;<\/td><td>Ko\u0142obrzeg<\/td><td>ko\u0142obrzeski<\/td><\/tr><tr><td><strong>9.<\/strong><\/td><td>Rafa\u0142 Bi\u0144czyk<strong><\/strong><\/td><td>Rafa\u0142 Bi\u0144czyk<\/td><td>ul. Przemys\u0142owa 8 <br>75-216 Koszalin<\/td><td>94 342 79 29 511 691 358<\/td><td><a href=\"mailto:koszalin.pzdr@zodr.pl\">koszalin.pzdr@zodr.pl<\/a>; <a href=\"mailto:r.binczyk@zodr.pl\">r.binczyk@zodr.pl<\/a>;<\/td><td>Koszalin<\/td><td>koszali\u0144ski<\/td><\/tr><tr><td><strong>10.<\/strong><\/td><td>Pawe\u0142 Mac<\/td><td>Marta Olejnik<\/td><td>ul. Sikorskiego 6<br>73-150 \u0141obez<\/td><td>91 397 09 21<br>510&nbsp;945 614<\/td><td><a href=\"mailto:lobez.pzdr@zodr.pl\">lobez.pzdr@zodr.pl<\/a>; <br>p.mac@zodr.pl<\/td><td>\u0141obez<\/td><td>\u0142obeski<\/td><\/tr><tr><td><strong>11.<\/strong><\/td><td>Aneta G\u0105sior<\/td><td>Beata Burtniak<\/td><td>ul. Spokojna 13 <br>74 &#8211; 300 My\u015blib\u00f3rz<\/td><td>95 747 93 51<br>453&nbsp;670 787<\/td><td><a href=\"mailto:mysliborz.pzdr@zodr.pl\">mysliborz.pzdr@zodr.pl<\/a>; <a href=\"mailto:a.gasior@zodr.pl\">a.gasior@zodr.pl<\/a><\/td><td>My\u015blib\u00f3rz<\/td><td>my\u015bliborski<\/td><\/tr><tr><td><strong>12.<\/strong><\/td><td>Pawe\u0142 Podraska<\/td><td>Ireneusz Gajewski<\/td><td>ul. Ko\u015bciuszki 26<br>74 &#8211; 200 Pyrzyce<\/td><td>91 570 48 75<br>510 945 575<\/td><td><a href=\"mailto:pyrzyce.pzdr@zodr.pl\">pyrzyce.pzdr@zodr.pl<\/a>; <a href=\"mailto:i.gajewski@zodr.pl\">p.podraska@zodr.pl<\/a>;<\/td><td>Pyrzyce<\/td><td>pyrzycki<\/td><\/tr><tr><td><strong>13.<\/strong><\/td><td>Marlena Caspari<\/td><td>Joanna Surgiel<\/td><td>ul. Tynieckiego 2 <br>76 &#8211; 150 Dar\u0142owo<\/td><td>94 314 00 00<br>453&nbsp;670 776<\/td><td><a href=\"mailto:slawno.pzdr@zodr.pl\">slawno.pzdr@zodr.pl<\/a>; <a href=\"mailto:m.caspari@zodr.pl\">m.caspari@zodr.pl<\/a>;<\/td><td>S\u0142awno<\/td><td>s\u0142awie\u0144ski<\/td><\/tr><tr><td><strong>14.<\/strong><\/td><td>Katarzyna Fortuniak<\/td><td>Bogdan Jaroszek<\/td><td>Barzkowice 2 <br>73 &#8211; 134 Barzkowice<\/td><td>91 573 46 03<br>453 670 771<\/td><td><a href=\"mailto:stargard.pzdr@zodr.pl\">stargard.pzdr@zodr.pl<\/a>; k.<a href=\"k.biskup@zodr.pl\" data-type=\"link\" data-id=\"k.biskup@zodr.pl\">fortuniak@zodr.pl<\/a><\/td><td>Stargard<\/td><td>stargardzki<\/td><\/tr><tr><td><strong>15.<\/strong><\/td><td>Justyna Popardowska<\/td><td>Dorota Tolko<\/td><td>ul. Smola\u0144ska 4<br>70 &#8211; 026 Szczecin<\/td><td>91 484 51 55<br>510 945 497<\/td><td><a href=\"mailto:szczecin.pzdr@zodr.pl\">szczecin.pzdr@zodr.pl<\/a>; <a href=\"mailto:j.popardowska@zodr.pl\">j.popardowska@zodr.pl<\/a>;<\/td><td>Szczecin<\/td><td>policki<\/td><\/tr><tr><td><strong>16.<\/strong><\/td><td>Andrzej Grabusi\u0144ski<\/td><td>Andrzej Grabusi\u0144ski<\/td><td>ul. Witolda Pileckiego 8-9 <br>78 &#8211; 400 Szczecinek<\/td><td>94 374 00 54<br>453&nbsp;670 775<\/td><td><a href=\"mailto:szczecinek.pzdr@zodr.pl\">szczecinek.pzdr@zodr.pl<\/a>; <a href=\"mailto:a.grabusinski@zodr.pl\">a.grabusinski@zodr.pl<\/a><\/td><td>Szczecinek<\/td><td>szczecinecki<\/td><\/tr><tr><td><strong>17.<\/strong><\/td><td>Kamil Obodzi\u0144ski<\/td><td>Helena Lech<\/td><td>ul. Ko\u0142obrzeska 43 <br>78 &#8211; 300 \u015awidwin<\/td><td>94 365 35 57<br>510 945 585<\/td><td><a href=\"mailto:swidwin.pzdr@zodr.pl\">swidwin.pzdr@zodr.pl<\/a>; <a href=\"mailto:k.obodzinski@zodr.pl\">k.obodzinski@zodr.pl<\/a>;<\/td><td>\u015awidwin<\/td><td>\u015bwidwi\u0144ski<\/td><\/tr><tr><td><strong>18.<\/strong><\/td><td>Krzysztof Marchlewski<\/td><td>Piotr Hermanowicz<\/td><td>ul. Chopina 53 <br>78 &#8211; 600 Wa\u0142cz<\/td><td>67 258 97 30 510 945 624<\/td><td><a href=\"mailto:walcz.pzdr@zodr.pl\">walcz.pzdr@zodr.pl<\/a>; <a href=\"mailto:p.hermanowicz@zodr.pl\">k.marchlewski@zodr.pl<\/a>;<\/td><td>Wa\u0142cz<\/td><td>wa\u0142ecki<\/td><\/tr><\/tbody><\/table><\/figure>\n\n\n\n<p>Aktualizacja 26.06.2025 r.<\/p>\n","protected":false},"excerpt":{"rendered":"<p>Lista Doradc\u00f3w Lista doradc\u00f3w ds. wody (LPW) Lp. Imi\u0119 i nazwisko Kierownik Adres Telefon Kontakt e-mail PZDR powiat 1. Aleksandra Abbas Marta Borkowska ul. Kisielice Du\u017ce 28 78 &#8211; 200 Bia\u0142ogard 94 312 04 10453&nbsp;670 755 bialogard.pzdr@zodr.pl; a.abbas@zodr.pL; Bia\u0142ogard bia\u0142ogardzki 2. Monika Orzeszko Adrianna Czarnik-P\u00f3\u0142torak ul. Grunwaldzka 36 73 &#8211; 200 Choszczno 95 765 27 &hellip;<\/p>\n<p class=\"read-more\"> <a class=\"\" href=\"https:\/\/zodr.pl\/zinet\/lista-doradcow\/\"> <span class=\"screen-reader-text\">Lista doradc\u00f3w<\/span> Czytaj wi\u0119cej &raquo;<\/a><\/p>\n","protected":false},"author":27,"featured_media":0,"parent":0,"menu_order":0,"comment_status":"closed","ping_status":"closed","template":"","meta":{"_eb_attr":"","_uag_custom_page_level_css":"","site-sidebar-layout":"default","site-content-layout":"","ast-site-content-layout":"default","site-content-style":"default","site-sidebar-style":"default","ast-global-header-display":"","ast-banner-title-visibility":"","ast-main-header-display":"","ast-hfb-above-header-display":"","ast-hfb-below-header-display":"","ast-hfb-mobile-header-display":"","site-post-title":"","ast-breadcrumbs-content":"","ast-featured-img":"","footer-sml-layout":"","theme-transparent-header-meta":"","adv-header-id-meta":"","stick-header-meta":"","header-above-stick-meta":"","header-main-stick-meta":"","header-below-stick-meta":"","astra-migrate-meta-layouts":"set","_mc_calendar":[],"footnotes":""},"class_list":["post-4760","page","type-page","status-publish","hentry"],"yoast_head":"<!-- This site is optimized with the Yoast SEO plugin v25.7 - https:\/\/yoast.com\/wordpress\/plugins\/seo\/ -->\n<title>Lista doradc\u00f3w - Zachodniopomorski O\u015brodek Doradztwa Rolniczego w Barzkowicach<\/title>\n<meta name=\"robots\" content=\"index, follow, max-snippet:-1, max-image-preview:large, max-video-preview:-1\" \/>\n<link rel=\"canonical\" href=\"https:\/\/zodr.pl\/zinet\/lista-doradcow\/\" \/>\n<meta property=\"og:locale\" content=\"pl_PL\" \/>\n<meta property=\"og:type\" content=\"article\" \/>\n<meta property=\"og:title\" content=\"Lista doradc\u00f3w - Zachodniopomorski O\u015brodek Doradztwa Rolniczego w Barzkowicach\" \/>\n<meta property=\"og:description\" content=\"Lista Doradc\u00f3w Lista doradc\u00f3w ds. wody (LPW) Lp. Imi\u0119 i nazwisko Kierownik Adres Telefon Kontakt e-mail PZDR powiat 1. Aleksandra Abbas Marta Borkowska ul. Kisielice Du\u017ce 28 78 &#8211; 200 Bia\u0142ogard 94 312 04 10453&nbsp;670 755 bialogard.pzdr@zodr.pl; a.abbas@zodr.pL; Bia\u0142ogard bia\u0142ogardzki 2. Monika Orzeszko Adrianna Czarnik-P\u00f3\u0142torak ul. Grunwaldzka 36 73 &#8211; 200 Choszczno 95 765 27 &hellip; Lista doradc\u00f3w Czytaj wi\u0119cej &raquo;\" \/>\n<meta property=\"og:url\" content=\"https:\/\/zodr.pl\/zinet\/lista-doradcow\/\" \/>\n<meta property=\"og:site_name\" content=\"Zachodniopomorski O\u015brodek Doradztwa Rolniczego w Barzkowicach\" \/>\n<meta property=\"article:publisher\" content=\"https:\/\/facebook.com\/zodr.barzkowice\/\" \/>\n<meta property=\"article:modified_time\" content=\"2025-06-26T05:38:26+00:00\" \/>\n<meta name=\"twitter:card\" content=\"summary_large_image\" \/>\n<meta name=\"twitter:label1\" content=\"Est. reading time\" \/>\n\t<meta name=\"twitter:data1\" content=\"2 minuty\" \/>\n<script type=\"application\/ld+json\" class=\"yoast-schema-graph\">{\"@context\":\"https:\/\/schema.org\",\"@graph\":[{\"@type\":\"WebPage\",\"@id\":\"https:\/\/zodr.pl\/zinet\/lista-doradcow\/\",\"url\":\"https:\/\/zodr.pl\/zinet\/lista-doradcow\/\",\"name\":\"Lista doradc\u00f3w - Zachodniopomorski O\u015brodek Doradztwa Rolniczego w Barzkowicach\",\"isPartOf\":{\"@id\":\"https:\/\/zodr.pl\/zinet\/#website\"},\"datePublished\":\"2023-11-20T08:57:58+00:00\",\"dateModified\":\"2025-06-26T05:38:26+00:00\",\"breadcrumb\":{\"@id\":\"https:\/\/zodr.pl\/zinet\/lista-doradcow\/#breadcrumb\"},\"inLanguage\":\"pl-PL\",\"potentialAction\":[{\"@type\":\"ReadAction\",\"target\":[\"https:\/\/zodr.pl\/zinet\/lista-doradcow\/\"]}]},{\"@type\":\"BreadcrumbList\",\"@id\":\"https:\/\/zodr.pl\/zinet\/lista-doradcow\/#breadcrumb\",\"itemListElement\":[{\"@type\":\"ListItem\",\"position\":1,\"name\":\"Home\",\"item\":\"https:\/\/zodr.pl\/zinet\/\"},{\"@type\":\"ListItem\",\"position\":2,\"name\":\"Lista doradc\u00f3w\"}]},{\"@type\":\"WebSite\",\"@id\":\"https:\/\/zodr.pl\/zinet\/#website\",\"url\":\"https:\/\/zodr.pl\/zinet\/\",\"name\":\"Zachodniopomorski O\u015brodek Doradztwa Rolniczego w Barzkowicach\",\"description\":\"Nowoczesne sale na ka\u017cde wydarzenie - konferencje, szkolenia, warsztaty i uroczysto\u015bci\",\"publisher\":{\"@id\":\"https:\/\/zodr.pl\/zinet\/#organization\"},\"potentialAction\":[{\"@type\":\"SearchAction\",\"target\":{\"@type\":\"EntryPoint\",\"urlTemplate\":\"https:\/\/zodr.pl\/zinet\/?s={search_term_string}\"},\"query-input\":{\"@type\":\"PropertyValueSpecification\",\"valueRequired\":true,\"valueName\":\"search_term_string\"}}],\"inLanguage\":\"pl-PL\"},{\"@type\":\"Organization\",\"@id\":\"https:\/\/zodr.pl\/zinet\/#organization\",\"name\":\"Zachodniopomorski O\u015brodek Doradztwa Rolniczego w Barzkowicach\",\"url\":\"https:\/\/zodr.pl\/zinet\/\",\"logo\":{\"@type\":\"ImageObject\",\"inLanguage\":\"pl-PL\",\"@id\":\"https:\/\/zodr.pl\/zinet\/#\/schema\/logo\/image\/\",\"url\":\"https:\/\/zodr.pl\/zinet\/wp-content\/uploads\/2024\/07\/cropped-logo_zodr.png\",\"contentUrl\":\"https:\/\/zodr.pl\/zinet\/wp-content\/uploads\/2024\/07\/cropped-logo_zodr.png\",\"width\":125,\"height\":115,\"caption\":\"Zachodniopomorski O\u015brodek Doradztwa Rolniczego w Barzkowicach\"},\"image\":{\"@id\":\"https:\/\/zodr.pl\/zinet\/#\/schema\/logo\/image\/\"},\"sameAs\":[\"https:\/\/facebook.com\/zodr.barzkowice\/\"]}]}<\/script>\n<!-- \/ Yoast SEO plugin. -->","yoast_head_json":{"title":"Lista doradc\u00f3w - Zachodniopomorski O\u015brodek Doradztwa Rolniczego w Barzkowicach","robots":{"index":"index","follow":"follow","max-snippet":"max-snippet:-1","max-image-preview":"max-image-preview:large","max-video-preview":"max-video-preview:-1"},"canonical":"https:\/\/zodr.pl\/zinet\/lista-doradcow\/","og_locale":"pl_PL","og_type":"article","og_title":"Lista doradc\u00f3w - Zachodniopomorski O\u015brodek Doradztwa Rolniczego w Barzkowicach","og_description":"Lista Doradc\u00f3w Lista doradc\u00f3w ds. wody (LPW) Lp. Imi\u0119 i nazwisko Kierownik Adres Telefon Kontakt e-mail PZDR powiat 1. Aleksandra Abbas Marta Borkowska ul. Kisielice Du\u017ce 28 78 &#8211; 200 Bia\u0142ogard 94 312 04 10453&nbsp;670 755 bialogard.pzdr@zodr.pl; a.abbas@zodr.pL; Bia\u0142ogard bia\u0142ogardzki 2. Monika Orzeszko Adrianna Czarnik-P\u00f3\u0142torak ul. Grunwaldzka 36 73 &#8211; 200 Choszczno 95 765 27 &hellip; Lista doradc\u00f3w Czytaj wi\u0119cej &raquo;","og_url":"https:\/\/zodr.pl\/zinet\/lista-doradcow\/","og_site_name":"Zachodniopomorski O\u015brodek Doradztwa Rolniczego w Barzkowicach","article_publisher":"https:\/\/facebook.com\/zodr.barzkowice\/","article_modified_time":"2025-06-26T05:38:26+00:00","twitter_card":"summary_large_image","twitter_misc":{"Est. reading time":"2 minuty"},"schema":{"@context":"https:\/\/schema.org","@graph":[{"@type":"WebPage","@id":"https:\/\/zodr.pl\/zinet\/lista-doradcow\/","url":"https:\/\/zodr.pl\/zinet\/lista-doradcow\/","name":"Lista doradc\u00f3w - Zachodniopomorski O\u015brodek Doradztwa Rolniczego w Barzkowicach","isPartOf":{"@id":"https:\/\/zodr.pl\/zinet\/#website"},"datePublished":"2023-11-20T08:57:58+00:00","dateModified":"2025-06-26T05:38:26+00:00","breadcrumb":{"@id":"https:\/\/zodr.pl\/zinet\/lista-doradcow\/#breadcrumb"},"inLanguage":"pl-PL","potentialAction":[{"@type":"ReadAction","target":["https:\/\/zodr.pl\/zinet\/lista-doradcow\/"]}]},{"@type":"BreadcrumbList","@id":"https:\/\/zodr.pl\/zinet\/lista-doradcow\/#breadcrumb","itemListElement":[{"@type":"ListItem","position":1,"name":"Home","item":"https:\/\/zodr.pl\/zinet\/"},{"@type":"ListItem","position":2,"name":"Lista doradc\u00f3w"}]},{"@type":"WebSite","@id":"https:\/\/zodr.pl\/zinet\/#website","url":"https:\/\/zodr.pl\/zinet\/","name":"Zachodniopomorski O\u015brodek Doradztwa Rolniczego w Barzkowicach","description":"Nowoczesne sale na ka\u017cde wydarzenie - konferencje, szkolenia, warsztaty i uroczysto\u015bci","publisher":{"@id":"https:\/\/zodr.pl\/zinet\/#organization"},"potentialAction":[{"@type":"SearchAction","target":{"@type":"EntryPoint","urlTemplate":"https:\/\/zodr.pl\/zinet\/?s={search_term_string}"},"query-input":{"@type":"PropertyValueSpecification","valueRequired":true,"valueName":"search_term_string"}}],"inLanguage":"pl-PL"},{"@type":"Organization","@id":"https:\/\/zodr.pl\/zinet\/#organization","name":"Zachodniopomorski O\u015brodek Doradztwa Rolniczego w Barzkowicach","url":"https:\/\/zodr.pl\/zinet\/","logo":{"@type":"ImageObject","inLanguage":"pl-PL","@id":"https:\/\/zodr.pl\/zinet\/#\/schema\/logo\/image\/","url":"https:\/\/zodr.pl\/zinet\/wp-content\/uploads\/2024\/07\/cropped-logo_zodr.png","contentUrl":"https:\/\/zodr.pl\/zinet\/wp-content\/uploads\/2024\/07\/cropped-logo_zodr.png","width":125,"height":115,"caption":"Zachodniopomorski O\u015brodek Doradztwa Rolniczego w Barzkowicach"},"image":{"@id":"https:\/\/zodr.pl\/zinet\/#\/schema\/logo\/image\/"},"sameAs":["https:\/\/facebook.com\/zodr.barzkowice\/"]}]}},"uagb_featured_image_src":{"full":false,"thumbnail":false,"medium":false,"medium_large":false,"large":false,"1536x1536":false,"2048x2048":false},"uagb_author_info":{"display_name":"Weronika Rybij","author_link":"https:\/\/zodr.pl\/zinet\/author\/w-rybij\/"},"uagb_comment_info":0,"uagb_excerpt":"Lista Doradc\u00f3w Lista doradc\u00f3w ds. wody (LPW) Lp. Imi\u0119 i nazwisko Kierownik Adres Telefon Kontakt e-mail PZDR powiat 1. Aleksandra Abbas Marta Borkowska ul. Kisielice Du\u017ce 28 78 &#8211; 200 Bia\u0142ogard 94 312 04 10453&nbsp;670 755 bialogard.pzdr@zodr.pl; a.abbas@zodr.pL; Bia\u0142ogard bia\u0142ogardzki 2. Monika Orzeszko Adrianna Czarnik-P\u00f3\u0142torak ul. Grunwaldzka 36 73 &#8211; 200 Choszczno 95 765 27&hellip;","_links":{"self":[{"href":"https:\/\/zodr.pl\/zinet\/wp-json\/wp\/v2\/pages\/4760","targetHints":{"allow":["GET"]}}],"collection":[{"href":"https:\/\/zodr.pl\/zinet\/wp-json\/wp\/v2\/pages"}],"about":[{"href":"https:\/\/zodr.pl\/zinet\/wp-json\/wp\/v2\/types\/page"}],"author":[{"embeddable":true,"href":"https:\/\/zodr.pl\/zinet\/wp-json\/wp\/v2\/users\/27"}],"replies":[{"embeddable":true,"href":"https:\/\/zodr.pl\/zinet\/wp-json\/wp\/v2\/comments?post=4760"}],"version-history":[{"count":35,"href":"https:\/\/zodr.pl\/zinet\/wp-json\/wp\/v2\/pages\/4760\/revisions"}],"predecessor-version":[{"id":18978,"href":"https:\/\/zodr.pl\/zinet\/wp-json\/wp\/v2\/pages\/4760\/revisions\/18978"}],"wp:attachment":[{"href":"https:\/\/zodr.pl\/zinet\/wp-json\/wp\/v2\/media?parent=4760"}],"curies":[{"name":"wp","href":"https:\/\/api.w.org\/{rel}","templated":true}]}}