{"id":6721,"date":"2024-01-23T13:18:02","date_gmt":"2024-01-23T12:18:02","guid":{"rendered":"https:\/\/zodr.pl\/zinet\/?page_id=6721"},"modified":"2025-04-11T13:11:00","modified_gmt":"2025-04-11T11:11:00","slug":"genotypowanie-pszenicy","status":"publish","type":"page","link":"https:\/\/zodr.pl\/zinet\/genotypowanie-pszenicy\/","title":{"rendered":"GENOTYPOWANIE PSZENICY"},"content":{"rendered":"\n<figure class=\"wp-block-image aligncenter size-large\"><img loading=\"lazy\" decoding=\"async\" width=\"1024\" height=\"245\" src=\"https:\/\/zodr.pl\/zinet\/wp-content\/uploads\/2024\/01\/image-7-1024x245.png\" alt=\"\" class=\"wp-image-6723\" srcset=\"https:\/\/zodr.pl\/zinet\/wp-content\/uploads\/2024\/01\/image-7-1024x245.png 1024w, https:\/\/zodr.pl\/zinet\/wp-content\/uploads\/2024\/01\/image-7-300x72.png 300w, https:\/\/zodr.pl\/zinet\/wp-content\/uploads\/2024\/01\/image-7-768x184.png 768w, https:\/\/zodr.pl\/zinet\/wp-content\/uploads\/2024\/01\/image-7.png 1170w\" sizes=\"auto, (max-width: 1024px) 100vw, 1024px\" \/><\/figure>\n\n\n\n<div class=\"wp-block-uagb-separator uagb-block-8fa2e57d\"><div class=\"wp-block-uagb-separator__inner\" style=\"--my-background-image:\"><\/div><\/div>\n\n\n\n<div class=\"inherit-container-width wp-block-group is-layout-constrained wp-block-group-is-layout-constrained\">\n<p class=\"has-text-align-center has-medium-font-size\">Zapraszamy r\u00f3wnie\u017c do odwiedzenia strony internetowej GO GENOTYPOWANIE PSZENICY pod adresem:<\/p>\n\n\n\n<p class=\"has-text-align-center has-large-font-size\"> <a rel=\"noreferrer noopener\" href=\"https:\/\/genotypowaniepszenicy.pl\/\" data-type=\"link\" data-id=\"https:\/\/genotypowaniepszenicy.pl\/\" target=\"_blank\"><strong><mark style=\"background-color:rgba(0, 0, 0, 0)\" class=\"has-inline-color has-ast-global-color-0-color\">https:\/\/genotypowaniepszenicy.pl\/<\/mark><\/strong><\/a><\/p>\n\n\n\n<div class=\"wp-block-uagb-separator uagb-block-5275d15c\"><div class=\"wp-block-uagb-separator__inner\" style=\"--my-background-image:\"><\/div><\/div>\n\n\n\n<p class=\"has-text-align-center\"><strong>Tytu\u0142 operacji:<\/strong><\/p>\n\n\n\n<p class=\"has-text-align-center\">&#8222;Opracowanie metody identyfikacji odmian pszenicy ozimej uprawianych w Polsce&#8221;<\/p>\n\n\n\n<p class=\"has-text-align-center\"><strong>Cel operacji<\/strong>:<\/p>\n\n\n\n<p class=\"has-text-align-center\">&#8222;Celem operacji jest opracowanie technologii identyfikowania odmian pszenicy ozimej z wykorzystaniem najnowszych metod pozyskiwania marker\u00f3w molekularnych. W wyniku bada\u0144 ustalone zostan\u0105 profile markerowe pozwalaj\u0105ce na odr\u00f3\u017cnianie odmian od siebie nawzajem&#8221;.<\/p>\n\n\n\n<p class=\"has-text-align-center\"><strong>Skr\u00f3cony opis operacji:<\/strong><\/p>\n\n\n\n<p class=\"has-text-align-center\">Wysoka warto\u015b\u0107 u\u017cytkowa pszenicy zwyczajnej sprawia, \u017ce ka\u017cdego roku do Krajowego Rejestru (KR) trafia od kilku do kilkunastu nowych odmian. Zg\u0142aszane do rejestracji rody hodowlane musz\u0105 spe\u0142nia\u0107 zar\u00f3wno wymagania co do odr\u0119bno\u015bci, wyr\u00f3wnania i trwa\u0142o\u015bci ale i r\u00f3wnie\u017c posiada\u0107 odpowiednio wysok\u0105 warto\u015b\u0107 gospodarcz\u0105 konieczn\u0105 by skutecznie konkurowa\u0107 na rynku. Wraz ze wzrostem liczby odmian i stale zaw\u0119\u017caj\u0105c\u0105 si\u0119 pul\u0105 genow\u0105 wykorzystywan\u0105 w tworzeniu odmian coraz trudniej jest skutecznie por\u00f3wnywa\u0107 nowo zg\u0142oszon\u0105 odmian\u0119 z innymi dost\u0119pnymi odmianami. Charakterystyka rejestrowa nowych odmian polega najcz\u0119\u015bciej na precyzyjnym opisie jej cech morfologicznych, fizjologicznych zar\u00f3wno na poziomie jako\u015bciowym jak i ilo\u015bciowym. Istotnym elementem usprawniaj\u0105cym proces analizy odr\u0119bno\u015bci nowej odmiany by\u0142oby stwierdzenie zr\u00f3\u017cnicowania na poziomie genetycznym. Takie charakterystyki wprowadzaj\u0105 zagraniczne firmy hodowlane, dzi\u0119ki czemu maj\u0105 pewno\u015b\u0107, \u017ce ich nowa odmiana jest na pewno odr\u0119bna od innych. Rolnik czy producent rolny, kupuj\u0105cy kwalifikowany materia\u0142 siewny od przedsi\u0119biorstwa specjalizuj\u0105cego si\u0119 w nasiennictwie chcia\u0142by mie\u0107 pewno\u015b\u0107, \u017ce jest to dok\u0142adnie ta odmiana, kt\u00f3r\u0105 wybra\u0142. Szczeg\u00f3lnie je\u015bli wybrana odmiana posiada specyficzne w\u0142a\u015bciwo\u015bci np. jako\u015bciowe, kt\u00f3re s\u0105 wymagane przez przedsi\u0119biorstwa przetw\u00f3rstwa rolnego. Uprawa innej, nieodpowiedniej, odmiany mog\u0142aby spowodowa\u0107 nieosi\u0105gni\u0119cie zak\u0142adanych parametr\u00f3w jako\u015bciowych, a co za tym idzie wymierne straty finansowe. Rozwi\u0105zaniem opisanych wy\u017cej problem\u00f3w b\u0119dzie opracowanie technologii tworzenia profili DNA odmian, kt\u00f3ra umo\u017cliwi ich identyfikacj\u0119 i rozr\u00f3\u017cnianie na bazie stabilnych marker\u00f3w molekularnych.<\/p>\n\n\n\n<p class=\"has-text-align-center\"><strong>Sk\u0142ad grupy operacyjnej:<\/strong><\/p>\n\n\n\n<ol class=\"wp-block-list\">\n<li>Zachodniopomorski Uniwersytet Technologiczny w Szczecinie, jednostka naukowa, Lider.<\/li>\n\n\n\n<li>Danko Hodowla Ro\u015blin Sp. z o.o., przedsi\u0119biorca.<\/li>\n\n\n\n<li>Zachodniopomorski O\u015brodek Doradztwa Rolniczego w Barzkowicach, podmiot doradczy.<\/li>\n<\/ol>\n\n\n\n<p class=\"has-text-align-center\"><strong>Bud\u017cet operacji:<\/strong><\/p>\n\n\n\n<p class=\"has-text-align-center\">Bud\u017cet ca\u0142kowity operacji:\u00a0<strong><strong>1 251 407,00\u00a0z\u0142<\/strong><\/strong><\/p>\n\n\n\n<p class=\"has-text-align-center\">Kwota pomocy:\u00a0<strong><strong>1 119 252,00\u00a0z\u0142<\/strong><\/strong><\/p>\n\n\n\n<p class=\"has-text-align-center\">1)\u00a0\u00a0\u00a0 ze \u015brodk\u00f3w EFRROW w wysoko\u015bci\u00a0<strong>712 180, 04<\/strong>\u00a0<strong>z\u0142<\/strong>, co stanowi 63,63 % przyznanej pomocy na realizacj\u0119 operacji,<\/p>\n\n\n\n<p class=\"has-text-align-center\">2)\u00a0\u00a0\u00a0 z krajowych \u015brodk\u00f3w publicznych, w wysoko\u015bci\u00a0<strong><strong>407 071,96\u00a0z\u0142<\/strong>,<\/strong>\u00a0co stanowi 36,37 % przyznanej pomocy na realizacj\u0119 operacji.<\/p>\n\n\n\n<div class=\"wp-block-uagb-separator uagb-block-cf3ab6e7\"><div class=\"wp-block-uagb-separator__inner\" style=\"--my-background-image:\"><\/div><\/div>\n\n\n\n<p class=\"has-text-align-center has-medium-font-size\"><\/p>\n\n\n\n<p class=\"has-text-align-center has-medium-font-size\"><\/p>\n<\/div>\n","protected":false},"excerpt":{"rendered":"<p>Zapraszamy r\u00f3wnie\u017c do odwiedzenia strony internetowej GO GENOTYPOWANIE PSZENICY pod adresem: https:\/\/genotypowaniepszenicy.pl\/ Tytu\u0142 operacji: &#8222;Opracowanie metody identyfikacji odmian pszenicy ozimej uprawianych w Polsce&#8221; Cel operacji: &#8222;Celem operacji jest opracowanie technologii identyfikowania odmian pszenicy ozimej z wykorzystaniem najnowszych metod pozyskiwania marker\u00f3w molekularnych. W wyniku bada\u0144 ustalone zostan\u0105 profile markerowe pozwalaj\u0105ce na odr\u00f3\u017cnianie odmian od siebie nawzajem&#8221;. &hellip;<\/p>\n<p class=\"read-more\"> <a class=\"\" href=\"https:\/\/zodr.pl\/zinet\/genotypowanie-pszenicy\/\"> <span class=\"screen-reader-text\">GENOTYPOWANIE PSZENICY<\/span> Czytaj wi\u0119cej &raquo;<\/a><\/p>\n","protected":false},"author":27,"featured_media":0,"parent":0,"menu_order":0,"comment_status":"closed","ping_status":"closed","template":"","meta":{"_eb_attr":"","_uag_custom_page_level_css":"","site-sidebar-layout":"default","site-content-layout":"","ast-site-content-layout":"default","site-content-style":"default","site-sidebar-style":"default","ast-global-header-display":"","ast-banner-title-visibility":"","ast-main-header-display":"","ast-hfb-above-header-display":"","ast-hfb-below-header-display":"","ast-hfb-mobile-header-display":"","site-post-title":"","ast-breadcrumbs-content":"","ast-featured-img":"","footer-sml-layout":"","theme-transparent-header-meta":"","adv-header-id-meta":"","stick-header-meta":"","header-above-stick-meta":"","header-main-stick-meta":"","header-below-stick-meta":"","astra-migrate-meta-layouts":"set","_mc_calendar":[],"footnotes":""},"class_list":["post-6721","page","type-page","status-publish","hentry"],"yoast_head":"<!-- This site is optimized with the Yoast SEO plugin v25.7 - https:\/\/yoast.com\/wordpress\/plugins\/seo\/ -->\n<title>GENOTYPOWANIE PSZENICY - Zachodniopomorski O\u015brodek Doradztwa Rolniczego w Barzkowicach<\/title>\n<meta name=\"robots\" content=\"index, follow, max-snippet:-1, max-image-preview:large, max-video-preview:-1\" \/>\n<link rel=\"canonical\" href=\"https:\/\/zodr.pl\/zinet\/genotypowanie-pszenicy\/\" \/>\n<meta property=\"og:locale\" content=\"pl_PL\" \/>\n<meta property=\"og:type\" content=\"article\" \/>\n<meta property=\"og:title\" content=\"GENOTYPOWANIE PSZENICY - Zachodniopomorski O\u015brodek Doradztwa Rolniczego w Barzkowicach\" \/>\n<meta property=\"og:description\" content=\"Zapraszamy r\u00f3wnie\u017c do odwiedzenia strony internetowej GO GENOTYPOWANIE PSZENICY pod adresem: https:\/\/genotypowaniepszenicy.pl\/ Tytu\u0142 operacji: &#8222;Opracowanie metody identyfikacji odmian pszenicy ozimej uprawianych w Polsce&#8221; Cel operacji: &#8222;Celem operacji jest opracowanie technologii identyfikowania odmian pszenicy ozimej z wykorzystaniem najnowszych metod pozyskiwania marker\u00f3w molekularnych. W wyniku bada\u0144 ustalone zostan\u0105 profile markerowe pozwalaj\u0105ce na odr\u00f3\u017cnianie odmian od siebie nawzajem&#8221;. &hellip; GENOTYPOWANIE PSZENICY Czytaj wi\u0119cej &raquo;\" \/>\n<meta property=\"og:url\" content=\"https:\/\/zodr.pl\/zinet\/genotypowanie-pszenicy\/\" \/>\n<meta property=\"og:site_name\" content=\"Zachodniopomorski O\u015brodek Doradztwa Rolniczego w Barzkowicach\" \/>\n<meta property=\"article:publisher\" content=\"https:\/\/facebook.com\/zodr.barzkowice\/\" \/>\n<meta property=\"article:modified_time\" content=\"2025-04-11T11:11:00+00:00\" \/>\n<meta property=\"og:image\" content=\"https:\/\/zodr.pl\/zinet\/wp-content\/uploads\/2024\/01\/image-7.png\" \/>\n\t<meta property=\"og:image:width\" content=\"1170\" \/>\n\t<meta property=\"og:image:height\" content=\"280\" \/>\n\t<meta property=\"og:image:type\" content=\"image\/png\" \/>\n<meta name=\"twitter:card\" content=\"summary_large_image\" \/>\n<meta name=\"twitter:label1\" content=\"Est. reading time\" \/>\n\t<meta name=\"twitter:data1\" content=\"2 minuty\" \/>\n<script type=\"application\/ld+json\" class=\"yoast-schema-graph\">{\"@context\":\"https:\/\/schema.org\",\"@graph\":[{\"@type\":\"WebPage\",\"@id\":\"https:\/\/zodr.pl\/zinet\/genotypowanie-pszenicy\/\",\"url\":\"https:\/\/zodr.pl\/zinet\/genotypowanie-pszenicy\/\",\"name\":\"GENOTYPOWANIE PSZENICY - Zachodniopomorski O\u015brodek Doradztwa Rolniczego w Barzkowicach\",\"isPartOf\":{\"@id\":\"https:\/\/zodr.pl\/zinet\/#website\"},\"primaryImageOfPage\":{\"@id\":\"https:\/\/zodr.pl\/zinet\/genotypowanie-pszenicy\/#primaryimage\"},\"image\":{\"@id\":\"https:\/\/zodr.pl\/zinet\/genotypowanie-pszenicy\/#primaryimage\"},\"thumbnailUrl\":\"https:\/\/zodr.pl\/zinet\/wp-content\/uploads\/2024\/01\/image-7-1024x245.png\",\"datePublished\":\"2024-01-23T12:18:02+00:00\",\"dateModified\":\"2025-04-11T11:11:00+00:00\",\"breadcrumb\":{\"@id\":\"https:\/\/zodr.pl\/zinet\/genotypowanie-pszenicy\/#breadcrumb\"},\"inLanguage\":\"pl-PL\",\"potentialAction\":[{\"@type\":\"ReadAction\",\"target\":[\"https:\/\/zodr.pl\/zinet\/genotypowanie-pszenicy\/\"]}]},{\"@type\":\"ImageObject\",\"inLanguage\":\"pl-PL\",\"@id\":\"https:\/\/zodr.pl\/zinet\/genotypowanie-pszenicy\/#primaryimage\",\"url\":\"https:\/\/zodr.pl\/zinet\/wp-content\/uploads\/2024\/01\/image-7.png\",\"contentUrl\":\"https:\/\/zodr.pl\/zinet\/wp-content\/uploads\/2024\/01\/image-7.png\",\"width\":1170,\"height\":280},{\"@type\":\"BreadcrumbList\",\"@id\":\"https:\/\/zodr.pl\/zinet\/genotypowanie-pszenicy\/#breadcrumb\",\"itemListElement\":[{\"@type\":\"ListItem\",\"position\":1,\"name\":\"Home\",\"item\":\"https:\/\/zodr.pl\/zinet\/\"},{\"@type\":\"ListItem\",\"position\":2,\"name\":\"GENOTYPOWANIE PSZENICY\"}]},{\"@type\":\"WebSite\",\"@id\":\"https:\/\/zodr.pl\/zinet\/#website\",\"url\":\"https:\/\/zodr.pl\/zinet\/\",\"name\":\"Zachodniopomorski O\u015brodek Doradztwa Rolniczego w Barzkowicach\",\"description\":\"Nowoczesne sale na ka\u017cde wydarzenie - konferencje, szkolenia, warsztaty i uroczysto\u015bci\",\"publisher\":{\"@id\":\"https:\/\/zodr.pl\/zinet\/#organization\"},\"potentialAction\":[{\"@type\":\"SearchAction\",\"target\":{\"@type\":\"EntryPoint\",\"urlTemplate\":\"https:\/\/zodr.pl\/zinet\/?s={search_term_string}\"},\"query-input\":{\"@type\":\"PropertyValueSpecification\",\"valueRequired\":true,\"valueName\":\"search_term_string\"}}],\"inLanguage\":\"pl-PL\"},{\"@type\":\"Organization\",\"@id\":\"https:\/\/zodr.pl\/zinet\/#organization\",\"name\":\"Zachodniopomorski O\u015brodek Doradztwa Rolniczego w Barzkowicach\",\"url\":\"https:\/\/zodr.pl\/zinet\/\",\"logo\":{\"@type\":\"ImageObject\",\"inLanguage\":\"pl-PL\",\"@id\":\"https:\/\/zodr.pl\/zinet\/#\/schema\/logo\/image\/\",\"url\":\"https:\/\/zodr.pl\/zinet\/wp-content\/uploads\/2024\/07\/cropped-logo_zodr.png\",\"contentUrl\":\"https:\/\/zodr.pl\/zinet\/wp-content\/uploads\/2024\/07\/cropped-logo_zodr.png\",\"width\":125,\"height\":115,\"caption\":\"Zachodniopomorski O\u015brodek Doradztwa Rolniczego w Barzkowicach\"},\"image\":{\"@id\":\"https:\/\/zodr.pl\/zinet\/#\/schema\/logo\/image\/\"},\"sameAs\":[\"https:\/\/facebook.com\/zodr.barzkowice\/\"]}]}<\/script>\n<!-- \/ Yoast SEO plugin. -->","yoast_head_json":{"title":"GENOTYPOWANIE PSZENICY - Zachodniopomorski O\u015brodek Doradztwa Rolniczego w Barzkowicach","robots":{"index":"index","follow":"follow","max-snippet":"max-snippet:-1","max-image-preview":"max-image-preview:large","max-video-preview":"max-video-preview:-1"},"canonical":"https:\/\/zodr.pl\/zinet\/genotypowanie-pszenicy\/","og_locale":"pl_PL","og_type":"article","og_title":"GENOTYPOWANIE PSZENICY - Zachodniopomorski O\u015brodek Doradztwa Rolniczego w Barzkowicach","og_description":"Zapraszamy r\u00f3wnie\u017c do odwiedzenia strony internetowej GO GENOTYPOWANIE PSZENICY pod adresem: https:\/\/genotypowaniepszenicy.pl\/ Tytu\u0142 operacji: &#8222;Opracowanie metody identyfikacji odmian pszenicy ozimej uprawianych w Polsce&#8221; Cel operacji: &#8222;Celem operacji jest opracowanie technologii identyfikowania odmian pszenicy ozimej z wykorzystaniem najnowszych metod pozyskiwania marker\u00f3w molekularnych. W wyniku bada\u0144 ustalone zostan\u0105 profile markerowe pozwalaj\u0105ce na odr\u00f3\u017cnianie odmian od siebie nawzajem&#8221;. &hellip; GENOTYPOWANIE PSZENICY Czytaj wi\u0119cej &raquo;","og_url":"https:\/\/zodr.pl\/zinet\/genotypowanie-pszenicy\/","og_site_name":"Zachodniopomorski O\u015brodek Doradztwa Rolniczego w Barzkowicach","article_publisher":"https:\/\/facebook.com\/zodr.barzkowice\/","article_modified_time":"2025-04-11T11:11:00+00:00","og_image":[{"width":1170,"height":280,"url":"https:\/\/zodr.pl\/zinet\/wp-content\/uploads\/2024\/01\/image-7.png","type":"image\/png"}],"twitter_card":"summary_large_image","twitter_misc":{"Est. reading time":"2 minuty"},"schema":{"@context":"https:\/\/schema.org","@graph":[{"@type":"WebPage","@id":"https:\/\/zodr.pl\/zinet\/genotypowanie-pszenicy\/","url":"https:\/\/zodr.pl\/zinet\/genotypowanie-pszenicy\/","name":"GENOTYPOWANIE PSZENICY - Zachodniopomorski O\u015brodek Doradztwa Rolniczego w Barzkowicach","isPartOf":{"@id":"https:\/\/zodr.pl\/zinet\/#website"},"primaryImageOfPage":{"@id":"https:\/\/zodr.pl\/zinet\/genotypowanie-pszenicy\/#primaryimage"},"image":{"@id":"https:\/\/zodr.pl\/zinet\/genotypowanie-pszenicy\/#primaryimage"},"thumbnailUrl":"https:\/\/zodr.pl\/zinet\/wp-content\/uploads\/2024\/01\/image-7-1024x245.png","datePublished":"2024-01-23T12:18:02+00:00","dateModified":"2025-04-11T11:11:00+00:00","breadcrumb":{"@id":"https:\/\/zodr.pl\/zinet\/genotypowanie-pszenicy\/#breadcrumb"},"inLanguage":"pl-PL","potentialAction":[{"@type":"ReadAction","target":["https:\/\/zodr.pl\/zinet\/genotypowanie-pszenicy\/"]}]},{"@type":"ImageObject","inLanguage":"pl-PL","@id":"https:\/\/zodr.pl\/zinet\/genotypowanie-pszenicy\/#primaryimage","url":"https:\/\/zodr.pl\/zinet\/wp-content\/uploads\/2024\/01\/image-7.png","contentUrl":"https:\/\/zodr.pl\/zinet\/wp-content\/uploads\/2024\/01\/image-7.png","width":1170,"height":280},{"@type":"BreadcrumbList","@id":"https:\/\/zodr.pl\/zinet\/genotypowanie-pszenicy\/#breadcrumb","itemListElement":[{"@type":"ListItem","position":1,"name":"Home","item":"https:\/\/zodr.pl\/zinet\/"},{"@type":"ListItem","position":2,"name":"GENOTYPOWANIE PSZENICY"}]},{"@type":"WebSite","@id":"https:\/\/zodr.pl\/zinet\/#website","url":"https:\/\/zodr.pl\/zinet\/","name":"Zachodniopomorski O\u015brodek Doradztwa Rolniczego w Barzkowicach","description":"Nowoczesne sale na ka\u017cde wydarzenie - konferencje, szkolenia, warsztaty i uroczysto\u015bci","publisher":{"@id":"https:\/\/zodr.pl\/zinet\/#organization"},"potentialAction":[{"@type":"SearchAction","target":{"@type":"EntryPoint","urlTemplate":"https:\/\/zodr.pl\/zinet\/?s={search_term_string}"},"query-input":{"@type":"PropertyValueSpecification","valueRequired":true,"valueName":"search_term_string"}}],"inLanguage":"pl-PL"},{"@type":"Organization","@id":"https:\/\/zodr.pl\/zinet\/#organization","name":"Zachodniopomorski O\u015brodek Doradztwa Rolniczego w Barzkowicach","url":"https:\/\/zodr.pl\/zinet\/","logo":{"@type":"ImageObject","inLanguage":"pl-PL","@id":"https:\/\/zodr.pl\/zinet\/#\/schema\/logo\/image\/","url":"https:\/\/zodr.pl\/zinet\/wp-content\/uploads\/2024\/07\/cropped-logo_zodr.png","contentUrl":"https:\/\/zodr.pl\/zinet\/wp-content\/uploads\/2024\/07\/cropped-logo_zodr.png","width":125,"height":115,"caption":"Zachodniopomorski O\u015brodek Doradztwa Rolniczego w Barzkowicach"},"image":{"@id":"https:\/\/zodr.pl\/zinet\/#\/schema\/logo\/image\/"},"sameAs":["https:\/\/facebook.com\/zodr.barzkowice\/"]}]}},"uagb_featured_image_src":{"full":false,"thumbnail":false,"medium":false,"medium_large":false,"large":false,"1536x1536":false,"2048x2048":false},"uagb_author_info":{"display_name":"Weronika Rybij","author_link":"https:\/\/zodr.pl\/zinet\/author\/w-rybij\/"},"uagb_comment_info":0,"uagb_excerpt":"Zapraszamy r\u00f3wnie\u017c do odwiedzenia strony internetowej GO GENOTYPOWANIE PSZENICY pod adresem: https:\/\/genotypowaniepszenicy.pl\/ Tytu\u0142 operacji: &#8222;Opracowanie metody identyfikacji odmian pszenicy ozimej uprawianych w Polsce&#8221; Cel operacji: &#8222;Celem operacji jest opracowanie technologii identyfikowania odmian pszenicy ozimej z wykorzystaniem najnowszych metod pozyskiwania marker\u00f3w molekularnych. W wyniku bada\u0144 ustalone zostan\u0105 profile markerowe pozwalaj\u0105ce na odr\u00f3\u017cnianie odmian od siebie nawzajem&#8221;.&hellip;","_links":{"self":[{"href":"https:\/\/zodr.pl\/zinet\/wp-json\/wp\/v2\/pages\/6721","targetHints":{"allow":["GET"]}}],"collection":[{"href":"https:\/\/zodr.pl\/zinet\/wp-json\/wp\/v2\/pages"}],"about":[{"href":"https:\/\/zodr.pl\/zinet\/wp-json\/wp\/v2\/types\/page"}],"author":[{"embeddable":true,"href":"https:\/\/zodr.pl\/zinet\/wp-json\/wp\/v2\/users\/27"}],"replies":[{"embeddable":true,"href":"https:\/\/zodr.pl\/zinet\/wp-json\/wp\/v2\/comments?post=6721"}],"version-history":[{"count":5,"href":"https:\/\/zodr.pl\/zinet\/wp-json\/wp\/v2\/pages\/6721\/revisions"}],"predecessor-version":[{"id":17029,"href":"https:\/\/zodr.pl\/zinet\/wp-json\/wp\/v2\/pages\/6721\/revisions\/17029"}],"wp:attachment":[{"href":"https:\/\/zodr.pl\/zinet\/wp-json\/wp\/v2\/media?parent=6721"}],"curies":[{"name":"wp","href":"https:\/\/api.w.org\/{rel}","templated":true}]}}