{"id":8225,"date":"2024-03-04T07:50:58","date_gmt":"2024-03-04T06:50:58","guid":{"rendered":"https:\/\/zodr.pl\/zinet\/?page_id=8225"},"modified":"2026-02-27T09:58:08","modified_gmt":"2026-02-27T08:58:08","slug":"szkolenia-dla-rolnikow-ps-wpr","status":"publish","type":"page","link":"https:\/\/zodr.pl\/zinet\/szkolenia-dla-rolnikow-ps-wpr\/","title":{"rendered":"Szkolenia dla Rolnik\u00f3w PS WPR"},"content":{"rendered":"\n<div class=\"wp-block-uagb-container uagb-block-1ee5f972 alignfull uagb-is-root-container\"><div class=\"uagb-container-inner-blocks-wrap\">\n<figure class=\"wp-block-image aligncenter size-full is-resized\"><img loading=\"lazy\" decoding=\"async\" width=\"1140\" height=\"586\" src=\"https:\/\/zodr.pl\/zinet\/wp-content\/uploads\/2024\/06\/zodr-plan-strategiczny-dla-wspolnej-polityki-rolnej-1.14.png\" alt=\"\" class=\"wp-image-10526\" style=\"width:1072px;height:auto\" srcset=\"https:\/\/zodr.pl\/zinet\/wp-content\/uploads\/2024\/06\/zodr-plan-strategiczny-dla-wspolnej-polityki-rolnej-1.14.png 1140w, https:\/\/zodr.pl\/zinet\/wp-content\/uploads\/2024\/06\/zodr-plan-strategiczny-dla-wspolnej-polityki-rolnej-1.14-300x154.png 300w, https:\/\/zodr.pl\/zinet\/wp-content\/uploads\/2024\/06\/zodr-plan-strategiczny-dla-wspolnej-polityki-rolnej-1.14-1024x526.png 1024w, https:\/\/zodr.pl\/zinet\/wp-content\/uploads\/2024\/06\/zodr-plan-strategiczny-dla-wspolnej-polityki-rolnej-1.14-768x395.png 768w\" sizes=\"auto, (max-width: 1140px) 100vw, 1140px\" \/><\/figure>\n<\/div><\/div>\n\n\n\n<div style=\"height:36px\" aria-hidden=\"true\" class=\"wp-block-spacer\"><\/div>\n\n\n\n<div class=\"wp-block-uagb-container uagb-block-45e2fa88 alignfull uagb-is-root-container\"><div class=\"uagb-container-inner-blocks-wrap\">\n<div class=\"wp-block-uagb-container uagb-block-edfbba6f\">\n<div data-aos= \"fade\" data-aos-duration=\"400\" data-aos-delay=\"0\" data-aos-easing=\"ease\" data-aos-once=\"true\" class=\"wp-block-uagb-info-box uagb-block-1f883608 uagb-infobox__content-wrap  uagb-infobox-icon-above-title uagb-infobox-image-valign-top\"><div class=\"uagb-ifb-content\"><div class=\"uagb-ifb-title-wrap\"><h5 class=\"uagb-ifb-title\"><strong><mark style=\"background-color:rgba(0, 0, 0, 0)\" class=\"has-inline-color has-ast-global-color-1-color\">Interwencja I.14.1 Doskonalenie zawodowe rolnik\u00f3w modu\u0142 1. Szkolenia podstawowe dla rolnik\u00f3w (I.14.1.1) w ramkach PS WPR 2023-2027<\/mark><\/strong><\/h5><\/div><div class=\"uagb-ifb-separator\"><\/div><div class=\"uagb-ifb-desc\">\n<p>Temat 6: &#8222;Zr\u00f3wnowa\u017cone <br>gospodarowanie zasobami naturalnymi, takimi jak woda, gleba, powietrze, klimat&#8221; w kontek\u015bcie wdra\u017cania interwencji PS WPR na lata 2023-2027 &#8222;Inwestycje przyczyniaj\u0105ce si\u0119 do ochrony \u015brodowiska i klimatu&#8221;<br><br><strong>SZKOLENIA 2 DNIOWE<\/strong><\/p>\n<\/div><div class=\"uagb-ifb-button-wrapper wp-block-button\"><a href=\"https:\/\/zodr.pl\/zinet\/interwencje-ps-wpr\/\" class=\"uagb-infobox-cta-link wp-block-button__link\" target=\"_self\" rel=\"noopener noreferrer\" onclick=\"return true;\"><span class=\"uagb-inline-editing\">wi\u0119cej&#8230;<\/span><\/a><\/div><\/div><\/div>\n<\/div>\n\n\n\n<div class=\"wp-block-uagb-container uagb-block-a9cc2204\">\n<div data-aos= \"fade\" data-aos-duration=\"400\" data-aos-delay=\"0\" data-aos-easing=\"ease\" data-aos-once=\"true\" class=\"wp-block-uagb-info-box uagb-block-f51cdb9f uagb-infobox__content-wrap  uagb-infobox-icon-above-title uagb-infobox-image-valign-top\"><div class=\"uagb-ifb-content\"><div class=\"uagb-ifb-title-wrap\"><h5 class=\"uagb-ifb-title\"><strong><mark style=\"background-color:rgba(0, 0, 0, 0)\" class=\"has-inline-color has-ast-global-color-1-color\">Interwencja I.14.1 Doskonalenie zawodowe rolnik\u00f3w modu\u0142 1. Szkolenia podstawowe dla rolnik\u00f3w (I.14.1.1) w ramkach PS WPR 2023-2027<\/mark><\/strong><\/h5><\/div><div class=\"uagb-ifb-separator\"><\/div><div class=\"uagb-ifb-desc\">\n<p>Temat 1:<br>Ekoschematy &#8211; wymogi i p\u0142atno\u015bci w realizacji praktyk rolniczych korzystnych dla klimatu, \u015brodowiska i dobrostanu zwierz\u0105t<\/p>\n<\/div><div class=\"uagb-ifb-button-wrapper wp-block-button\"><a href=\"https:\/\/zodr.pl\/zinet\/ekoschematy-wymogi\/\" class=\"uagb-infobox-cta-link wp-block-button__link\" target=\"_self\" rel=\"noopener noreferrer\" onclick=\"return true;\"><span class=\"uagb-inline-editing\">wi\u0119cej&#8230;<\/span><\/a><\/div><\/div><\/div>\n<\/div>\n\n\n\n<div class=\"wp-block-uagb-container uagb-block-0013fb2d\">\n<div data-aos= \"fade\" data-aos-duration=\"400\" data-aos-delay=\"0\" data-aos-easing=\"ease\" data-aos-once=\"true\" class=\"wp-block-uagb-info-box uagb-block-f44c9ecd uagb-infobox__content-wrap  uagb-infobox-icon-above-title uagb-infobox-image-valign-top\"><div class=\"uagb-ifb-content\"><div class=\"uagb-ifb-title-wrap\"><h5 class=\"uagb-ifb-title\"><mark style=\"background-color:rgba(0, 0, 0, 0)\" class=\"has-inline-color has-ast-global-color-1-color\"><strong>Modu\u0142 I.4.6 Ekoschemat<\/strong><\/mark><\/h5><\/div><div class=\"uagb-ifb-separator\"><\/div><p class=\"uagb-ifb-desc\">Modu\u0142 I.4.6 Ekoschemat &#8211; Dobrostan zwierz\u0105t<\/p><div class=\"uagb-ifb-button-wrapper wp-block-button\"><a href=\"https:\/\/edwin.gov.pl\/lwpr?voivodeship=zachodniopomorskie\" class=\"uagb-infobox-cta-link wp-block-button__link\" target=\"_self\" rel=\"noopener noreferrer\" onclick=\"return true;\"><span class=\"uagb-inline-editing\">Wi\u0119cej&#8230;<\/span><\/a><\/div><\/div><\/div>\n<\/div>\n\n\n\n<div class=\"wp-block-uagb-container uagb-block-a6fc39e0\">\n<div data-aos= \"fade\" data-aos-duration=\"400\" data-aos-delay=\"0\" data-aos-easing=\"ease\" data-aos-once=\"true\" class=\"wp-block-uagb-info-box uagb-block-1ee17475 uagb-infobox__content-wrap  uagb-infobox-icon-above-title uagb-infobox-image-valign-top\"><div class=\"uagb-ifb-content\"><div class=\"uagb-ifb-title-wrap\"><h5 class=\"uagb-ifb-title\"><mark style=\"background-color:rgba(0, 0, 0, 0)\" class=\"has-inline-color has-ast-global-color-1-color\"><strong>Szkolenia w zakresie efektywno\u015bci<\/strong><\/mark><\/h5><\/div><div class=\"uagb-ifb-separator\"><\/div><p class=\"uagb-ifb-desc\">Szkolenia w zakresie efektywno\u015bci energetycznej gospodarstwa rolnego<\/p><div class=\"uagb-ifb-button-wrapper wp-block-button\"><a href=\"https:\/\/szkoleniadlarolnika.pl\/\" class=\"uagb-infobox-cta-link wp-block-button__link\" target=\"_self\" rel=\"noopener noreferrer\" onclick=\"return true;\"><span class=\"uagb-inline-editing\">Wi\u0119cej&#8230;<\/span><\/a><\/div><\/div><\/div>\n<\/div>\n<\/div><\/div>\n","protected":false},"excerpt":{"rendered":"","protected":false},"author":23,"featured_media":0,"parent":0,"menu_order":0,"comment_status":"closed","ping_status":"closed","template":"","meta":{"_eb_attr":"","_uag_custom_page_level_css":"","site-sidebar-layout":"default","site-content-layout":"","ast-site-content-layout":"default","site-content-style":"default","site-sidebar-style":"default","ast-global-header-display":"","ast-banner-title-visibility":"","ast-main-header-display":"","ast-hfb-above-header-display":"","ast-hfb-below-header-display":"","ast-hfb-mobile-header-display":"","site-post-title":"","ast-breadcrumbs-content":"","ast-featured-img":"","footer-sml-layout":"","theme-transparent-header-meta":"","adv-header-id-meta":"","stick-header-meta":"","header-above-stick-meta":"","header-main-stick-meta":"","header-below-stick-meta":"","astra-migrate-meta-layouts":"set","_mc_calendar":[],"footnotes":""},"class_list":["post-8225","page","type-page","status-publish","hentry"],"yoast_head":"<!-- This site is optimized with the Yoast SEO plugin v25.7 - https:\/\/yoast.com\/wordpress\/plugins\/seo\/ -->\n<title>Szkolenia dla Rolnik\u00f3w PS WPR - Zachodniopomorski O\u015brodek Doradztwa Rolniczego w Barzkowicach<\/title>\n<meta name=\"robots\" content=\"index, follow, max-snippet:-1, max-image-preview:large, max-video-preview:-1\" \/>\n<link rel=\"canonical\" href=\"https:\/\/zodr.pl\/zinet\/szkolenia-dla-rolnikow-ps-wpr\/\" \/>\n<meta property=\"og:locale\" content=\"pl_PL\" \/>\n<meta property=\"og:type\" content=\"article\" \/>\n<meta property=\"og:title\" content=\"Szkolenia dla Rolnik\u00f3w PS WPR - Zachodniopomorski O\u015brodek Doradztwa Rolniczego w Barzkowicach\" \/>\n<meta property=\"og:url\" content=\"https:\/\/zodr.pl\/zinet\/szkolenia-dla-rolnikow-ps-wpr\/\" \/>\n<meta property=\"og:site_name\" content=\"Zachodniopomorski O\u015brodek Doradztwa Rolniczego w Barzkowicach\" \/>\n<meta property=\"article:publisher\" content=\"https:\/\/facebook.com\/zodr.barzkowice\/\" \/>\n<meta property=\"article:modified_time\" content=\"2026-02-27T08:58:08+00:00\" \/>\n<meta property=\"og:image\" content=\"https:\/\/zodr.pl\/zinet\/wp-content\/uploads\/2024\/06\/zodr-plan-strategiczny-dla-wspolnej-polityki-rolnej-1.14.png\" \/>\n\t<meta property=\"og:image:width\" content=\"1140\" \/>\n\t<meta property=\"og:image:height\" content=\"586\" \/>\n\t<meta property=\"og:image:type\" content=\"image\/png\" \/>\n<meta name=\"twitter:card\" content=\"summary_large_image\" \/>\n<meta name=\"twitter:label1\" content=\"Est. reading time\" \/>\n\t<meta name=\"twitter:data1\" content=\"1 minuta\" \/>\n<script type=\"application\/ld+json\" class=\"yoast-schema-graph\">{\"@context\":\"https:\/\/schema.org\",\"@graph\":[{\"@type\":\"WebPage\",\"@id\":\"https:\/\/zodr.pl\/zinet\/szkolenia-dla-rolnikow-ps-wpr\/\",\"url\":\"https:\/\/zodr.pl\/zinet\/szkolenia-dla-rolnikow-ps-wpr\/\",\"name\":\"Szkolenia dla Rolnik\u00f3w PS WPR - Zachodniopomorski O\u015brodek Doradztwa Rolniczego w Barzkowicach\",\"isPartOf\":{\"@id\":\"https:\/\/zodr.pl\/zinet\/#website\"},\"primaryImageOfPage\":{\"@id\":\"https:\/\/zodr.pl\/zinet\/szkolenia-dla-rolnikow-ps-wpr\/#primaryimage\"},\"image\":{\"@id\":\"https:\/\/zodr.pl\/zinet\/szkolenia-dla-rolnikow-ps-wpr\/#primaryimage\"},\"thumbnailUrl\":\"https:\/\/zodr.pl\/zinet\/wp-content\/uploads\/2024\/06\/zodr-plan-strategiczny-dla-wspolnej-polityki-rolnej-1.14.png\",\"datePublished\":\"2024-03-04T06:50:58+00:00\",\"dateModified\":\"2026-02-27T08:58:08+00:00\",\"breadcrumb\":{\"@id\":\"https:\/\/zodr.pl\/zinet\/szkolenia-dla-rolnikow-ps-wpr\/#breadcrumb\"},\"inLanguage\":\"pl-PL\",\"potentialAction\":[{\"@type\":\"ReadAction\",\"target\":[\"https:\/\/zodr.pl\/zinet\/szkolenia-dla-rolnikow-ps-wpr\/\"]}]},{\"@type\":\"ImageObject\",\"inLanguage\":\"pl-PL\",\"@id\":\"https:\/\/zodr.pl\/zinet\/szkolenia-dla-rolnikow-ps-wpr\/#primaryimage\",\"url\":\"https:\/\/zodr.pl\/zinet\/wp-content\/uploads\/2024\/06\/zodr-plan-strategiczny-dla-wspolnej-polityki-rolnej-1.14.png\",\"contentUrl\":\"https:\/\/zodr.pl\/zinet\/wp-content\/uploads\/2024\/06\/zodr-plan-strategiczny-dla-wspolnej-polityki-rolnej-1.14.png\",\"width\":1140,\"height\":586},{\"@type\":\"BreadcrumbList\",\"@id\":\"https:\/\/zodr.pl\/zinet\/szkolenia-dla-rolnikow-ps-wpr\/#breadcrumb\",\"itemListElement\":[{\"@type\":\"ListItem\",\"position\":1,\"name\":\"Home\",\"item\":\"https:\/\/zodr.pl\/zinet\/\"},{\"@type\":\"ListItem\",\"position\":2,\"name\":\"Szkolenia dla Rolnik\u00f3w PS WPR\"}]},{\"@type\":\"WebSite\",\"@id\":\"https:\/\/zodr.pl\/zinet\/#website\",\"url\":\"https:\/\/zodr.pl\/zinet\/\",\"name\":\"Zachodniopomorski O\u015brodek Doradztwa Rolniczego w Barzkowicach\",\"description\":\"Nowoczesne sale na ka\u017cde wydarzenie - konferencje, szkolenia, warsztaty i uroczysto\u015bci\",\"publisher\":{\"@id\":\"https:\/\/zodr.pl\/zinet\/#organization\"},\"potentialAction\":[{\"@type\":\"SearchAction\",\"target\":{\"@type\":\"EntryPoint\",\"urlTemplate\":\"https:\/\/zodr.pl\/zinet\/?s={search_term_string}\"},\"query-input\":{\"@type\":\"PropertyValueSpecification\",\"valueRequired\":true,\"valueName\":\"search_term_string\"}}],\"inLanguage\":\"pl-PL\"},{\"@type\":\"Organization\",\"@id\":\"https:\/\/zodr.pl\/zinet\/#organization\",\"name\":\"Zachodniopomorski O\u015brodek Doradztwa Rolniczego w Barzkowicach\",\"url\":\"https:\/\/zodr.pl\/zinet\/\",\"logo\":{\"@type\":\"ImageObject\",\"inLanguage\":\"pl-PL\",\"@id\":\"https:\/\/zodr.pl\/zinet\/#\/schema\/logo\/image\/\",\"url\":\"https:\/\/zodr.pl\/zinet\/wp-content\/uploads\/2024\/07\/cropped-logo_zodr.png\",\"contentUrl\":\"https:\/\/zodr.pl\/zinet\/wp-content\/uploads\/2024\/07\/cropped-logo_zodr.png\",\"width\":125,\"height\":115,\"caption\":\"Zachodniopomorski O\u015brodek Doradztwa Rolniczego w Barzkowicach\"},\"image\":{\"@id\":\"https:\/\/zodr.pl\/zinet\/#\/schema\/logo\/image\/\"},\"sameAs\":[\"https:\/\/facebook.com\/zodr.barzkowice\/\"]}]}<\/script>\n<!-- \/ Yoast SEO plugin. -->","yoast_head_json":{"title":"Szkolenia dla Rolnik\u00f3w PS WPR - Zachodniopomorski O\u015brodek Doradztwa Rolniczego w Barzkowicach","robots":{"index":"index","follow":"follow","max-snippet":"max-snippet:-1","max-image-preview":"max-image-preview:large","max-video-preview":"max-video-preview:-1"},"canonical":"https:\/\/zodr.pl\/zinet\/szkolenia-dla-rolnikow-ps-wpr\/","og_locale":"pl_PL","og_type":"article","og_title":"Szkolenia dla Rolnik\u00f3w PS WPR - Zachodniopomorski O\u015brodek Doradztwa Rolniczego w Barzkowicach","og_url":"https:\/\/zodr.pl\/zinet\/szkolenia-dla-rolnikow-ps-wpr\/","og_site_name":"Zachodniopomorski O\u015brodek Doradztwa Rolniczego w Barzkowicach","article_publisher":"https:\/\/facebook.com\/zodr.barzkowice\/","article_modified_time":"2026-02-27T08:58:08+00:00","og_image":[{"width":1140,"height":586,"url":"https:\/\/zodr.pl\/zinet\/wp-content\/uploads\/2024\/06\/zodr-plan-strategiczny-dla-wspolnej-polityki-rolnej-1.14.png","type":"image\/png"}],"twitter_card":"summary_large_image","twitter_misc":{"Est. reading time":"1 minuta"},"schema":{"@context":"https:\/\/schema.org","@graph":[{"@type":"WebPage","@id":"https:\/\/zodr.pl\/zinet\/szkolenia-dla-rolnikow-ps-wpr\/","url":"https:\/\/zodr.pl\/zinet\/szkolenia-dla-rolnikow-ps-wpr\/","name":"Szkolenia dla Rolnik\u00f3w PS WPR - Zachodniopomorski O\u015brodek Doradztwa Rolniczego w Barzkowicach","isPartOf":{"@id":"https:\/\/zodr.pl\/zinet\/#website"},"primaryImageOfPage":{"@id":"https:\/\/zodr.pl\/zinet\/szkolenia-dla-rolnikow-ps-wpr\/#primaryimage"},"image":{"@id":"https:\/\/zodr.pl\/zinet\/szkolenia-dla-rolnikow-ps-wpr\/#primaryimage"},"thumbnailUrl":"https:\/\/zodr.pl\/zinet\/wp-content\/uploads\/2024\/06\/zodr-plan-strategiczny-dla-wspolnej-polityki-rolnej-1.14.png","datePublished":"2024-03-04T06:50:58+00:00","dateModified":"2026-02-27T08:58:08+00:00","breadcrumb":{"@id":"https:\/\/zodr.pl\/zinet\/szkolenia-dla-rolnikow-ps-wpr\/#breadcrumb"},"inLanguage":"pl-PL","potentialAction":[{"@type":"ReadAction","target":["https:\/\/zodr.pl\/zinet\/szkolenia-dla-rolnikow-ps-wpr\/"]}]},{"@type":"ImageObject","inLanguage":"pl-PL","@id":"https:\/\/zodr.pl\/zinet\/szkolenia-dla-rolnikow-ps-wpr\/#primaryimage","url":"https:\/\/zodr.pl\/zinet\/wp-content\/uploads\/2024\/06\/zodr-plan-strategiczny-dla-wspolnej-polityki-rolnej-1.14.png","contentUrl":"https:\/\/zodr.pl\/zinet\/wp-content\/uploads\/2024\/06\/zodr-plan-strategiczny-dla-wspolnej-polityki-rolnej-1.14.png","width":1140,"height":586},{"@type":"BreadcrumbList","@id":"https:\/\/zodr.pl\/zinet\/szkolenia-dla-rolnikow-ps-wpr\/#breadcrumb","itemListElement":[{"@type":"ListItem","position":1,"name":"Home","item":"https:\/\/zodr.pl\/zinet\/"},{"@type":"ListItem","position":2,"name":"Szkolenia dla Rolnik\u00f3w PS WPR"}]},{"@type":"WebSite","@id":"https:\/\/zodr.pl\/zinet\/#website","url":"https:\/\/zodr.pl\/zinet\/","name":"Zachodniopomorski O\u015brodek Doradztwa Rolniczego w Barzkowicach","description":"Nowoczesne sale na ka\u017cde wydarzenie - konferencje, szkolenia, warsztaty i uroczysto\u015bci","publisher":{"@id":"https:\/\/zodr.pl\/zinet\/#organization"},"potentialAction":[{"@type":"SearchAction","target":{"@type":"EntryPoint","urlTemplate":"https:\/\/zodr.pl\/zinet\/?s={search_term_string}"},"query-input":{"@type":"PropertyValueSpecification","valueRequired":true,"valueName":"search_term_string"}}],"inLanguage":"pl-PL"},{"@type":"Organization","@id":"https:\/\/zodr.pl\/zinet\/#organization","name":"Zachodniopomorski O\u015brodek Doradztwa Rolniczego w Barzkowicach","url":"https:\/\/zodr.pl\/zinet\/","logo":{"@type":"ImageObject","inLanguage":"pl-PL","@id":"https:\/\/zodr.pl\/zinet\/#\/schema\/logo\/image\/","url":"https:\/\/zodr.pl\/zinet\/wp-content\/uploads\/2024\/07\/cropped-logo_zodr.png","contentUrl":"https:\/\/zodr.pl\/zinet\/wp-content\/uploads\/2024\/07\/cropped-logo_zodr.png","width":125,"height":115,"caption":"Zachodniopomorski O\u015brodek Doradztwa Rolniczego w Barzkowicach"},"image":{"@id":"https:\/\/zodr.pl\/zinet\/#\/schema\/logo\/image\/"},"sameAs":["https:\/\/facebook.com\/zodr.barzkowice\/"]}]}},"uagb_featured_image_src":{"full":false,"thumbnail":false,"medium":false,"medium_large":false,"large":false,"1536x1536":false,"2048x2048":false},"uagb_author_info":{"display_name":"r.ruducha","author_link":"https:\/\/zodr.pl\/zinet\/author\/r-ruducha\/"},"uagb_comment_info":0,"uagb_excerpt":null,"_links":{"self":[{"href":"https:\/\/zodr.pl\/zinet\/wp-json\/wp\/v2\/pages\/8225","targetHints":{"allow":["GET"]}}],"collection":[{"href":"https:\/\/zodr.pl\/zinet\/wp-json\/wp\/v2\/pages"}],"about":[{"href":"https:\/\/zodr.pl\/zinet\/wp-json\/wp\/v2\/types\/page"}],"author":[{"embeddable":true,"href":"https:\/\/zodr.pl\/zinet\/wp-json\/wp\/v2\/users\/23"}],"replies":[{"embeddable":true,"href":"https:\/\/zodr.pl\/zinet\/wp-json\/wp\/v2\/comments?post=8225"}],"version-history":[{"count":22,"href":"https:\/\/zodr.pl\/zinet\/wp-json\/wp\/v2\/pages\/8225\/revisions"}],"predecessor-version":[{"id":24944,"href":"https:\/\/zodr.pl\/zinet\/wp-json\/wp\/v2\/pages\/8225\/revisions\/24944"}],"wp:attachment":[{"href":"https:\/\/zodr.pl\/zinet\/wp-json\/wp\/v2\/media?parent=8225"}],"curies":[{"name":"wp","href":"https:\/\/api.w.org\/{rel}","templated":true}]}}